{"id":1923,"date":"2016-06-24T09:52:01","date_gmt":"2016-06-24T09:52:01","guid":{"rendered":"https:\/\/stage.zamilsteel.com.vn\/vi\/services\/logistics\/"},"modified":"2021-10-18T11:47:30","modified_gmt":"2021-10-18T04:47:30","slug":"kho-van","status":"publish","type":"page","link":"https:\/\/zamilsteel.com.vn\/vi\/dich-vu\/kho-van\/","title":{"rendered":"Kho V\u1eadn"},"content":{"rendered":"<p>[vc_row][vc_column][vc_row_inner][vc_column_inner width=&#8221;1\/2&#8243;][vc_single_image image=&#8221;1513&#8243; img_size=&#8221;full&#8221;][\/vc_column_inner][vc_column_inner width=&#8221;1\/2&#8243;][vc_single_image image=&#8221;1515&#8243; img_size=&#8221;full&#8221;][\/vc_column_inner][\/vc_row_inner][vc_column_text]<\/p>\n<p style=\"text-align: justify;\">S\u1ea3n ph\u1ea9m nh\u00e0 th\u00e9p ti\u1ec1n ch\u1ebf v\u00e0 k\u1ebft c\u1ea5u th\u00e9p c\u1ee7a Zamil Steel Vi\u1ec7t Nam \u0111\u01b0\u1ee3c v\u1eadn chuy\u1ec3n theo hai ph\u01b0\u01a1ng th\u1ee9c: <a href=\"https:\/\/zamilsteel.com.vn\/vi\/dich-vu\/kho-van\/\" target=\"_blank\" rel=\"noopener\">V\u1eadn chuy\u1ec3n<\/a> b\u1eb1ng \u0111\u01b0\u1eddng b\u1ed9 v\u00e0\/ho\u1eb7c \u0111\u01b0\u1eddng th\u1ee7y.<\/p>\n<ul style=\"text-align: justify;\">\n<li>V\u1eadn chuy\u1ec3n b\u1eb1ng \u0111\u01b0\u1eddng b\u1ed9 \u0111\u01b0\u1ee3c l\u1ef1a ch\u1ecdn khi giao s\u1ea3n ph\u1ea9m \u0111\u1ebfn c\u00e1c \u0111\u1ecba \u0111i\u1ec3m t\u1ea1i Vi\u1ec7t Nam ho\u1eb7c c\u00e1c n\u01b0\u1edbc c\u00f3 th\u1ec3 v\u1eadn chuy\u1ec3n\u00a0l\u01b0u th\u00f4ng b\u1eb1ng xe t\u1ea3i<\/li>\n<li>V\u1eadn chuy\u1ec3n b\u1eb1ng \u0111\u01b0\u1eddng th\u1ee7y \u0111\u01b0\u1ee3c l\u1ef1a ch\u1ecdn khi giao h\u00e0ng \u0111\u1ebfn c\u00e1c n\u01b0\u1edbc v\u00e0 v\u00f9ng l\u00e3nh th\u1ed5 ngo\u00e0i Vi\u1ec7t Nam, c\u00e1c c\u1ea5u ki\u1ec7n nh\u00e0 th\u00e9p ti\u1ec1n ch\u1ebf v\u00e0 k\u1ebft c\u1ea5u th\u00e9p \u0111\u01b0\u1ee3c v\u1eadn chuy\u1ec3n trong container 40 feet. V\u1edbi s\u1ef1 thu\u1eadn ti\u1ec7n c\u1ee7a giao th\u00f4ng \u0111\u01b0\u1eddng th\u1ee7y, c\u00e1c c\u1ea5u ki\u1ec7n nh\u00e0 th\u00e9p ti\u1ec1n ch\u1ebf v\u00e0 k\u1ebft c\u1ea5u th\u00e9p c\u1ee7a Zamil Steel \u00a0Vi\u1ec7t Nam c\u00f3 th\u1ec3 v\u1eadn chuy\u1ec3n \u0111\u1ebfn \u0111\u01b0\u1ee3c h\u1ea7u h\u1ebft c\u00e1c n\u01b0\u1edbc tr\u00ean to\u00e0n th\u1ebf gi\u1edbi.<\/li>\n<\/ul>\n<p style=\"text-align: justify;\">Ch\u00fang t\u00f4i am hi\u1ec3u c\u00e1ch th\u1ee9c c\u00e1c l\u00f4 h\u00e0ng c\u1ea5u ki\u1ec7n nh\u00e0 th\u00e9p ti\u1ec1n ch\u1ebf, k\u1ebft c\u1ea5u th\u00e9p v\u00e0 ph\u1ee5 ki\u1ec7n \u0111\u01b0\u1ee3c v\u1eadn chuy\u1ec3n t\u1edbi c\u00e1c c\u1ea3ng bi\u1ec3n qu\u1ed1c t\u1ebf c\u00f9ng kh\u1ea3 n\u0103ng h\u1ecfng h\u00f3c trong qu\u00e1 tr\u00ecnh v\u1eadn chuy\u1ec3n, v\u00e0 lu\u00f4n t\u00ecm c\u00e1ch gi\u1ea3m thi\u1ec3u t\u1ed5n th\u1ea5t cho kh\u00e1ch h\u00e0ng<\/p>\n<p style=\"text-align: justify;\">C\u00e1c quy tr\u00ecnh \u00a0x\u1ebfp v\u00e0 d\u1ee1 h\u00e0ng \u0111\u1ebfn v\u00e0 \u0111i t\u1eeb c\u00e1c container \u00a0\u0111\u01b0\u1ee3c x\u1eed l\u00fd m\u1ed9t c\u00e1ch \u0111\u01a1n gi\u1ea3n, nhanh ch\u00f3ng, ti\u1ebft ki\u1ec7m chi ph\u00ed v\u00e0 h\u1ea1n ch\u1ebf t\u1ed1i thi\u1ec3u h\u1ecfng h\u00f3c nh\u1edd kinh nghi\u1ec7m c\u1ee7a <a href=\"https:\/\/zamilsteel.com.vn\/\">Zamil Steel<\/a> trong vi\u1ec7c qu\u1ea3n l\u00fd kho v\u1eadn.<\/p>\n<p>[\/vc_column_text][\/vc_column][\/vc_row]<\/p>\n","protected":false},"excerpt":{"rendered":"<p>[vc_row][vc_column][vc_row_inner][vc_column_inner width=&#8221;1\/2&#8243;][vc_single_image image=&#8221;1513&#8243; img_size=&#8221;full&#8221;][\/vc_column_inner][vc_column_inner width=&#8221;1\/2&#8243;][vc_single_image image=&#8221;1515&#8243; img_size=&#8221;full&#8221;][\/vc_column_inner][\/vc_row_inner][vc_column_text] S\u1ea3n ph\u1ea9m nh\u00e0 th\u00e9p ti\u1ec1n ch\u1ebf v\u00e0 k\u1ebft c\u1ea5u th\u00e9p c\u1ee7a Zamil Steel Vi\u1ec7t Nam \u0111\u01b0\u1ee3c v\u1eadn chuy\u1ec3n theo hai ph\u01b0\u01a1ng th\u1ee9c: V\u1eadn chuy\u1ec3n b\u1eb1ng \u0111\u01b0\u1eddng b\u1ed9 v\u00e0\/ho\u1eb7c \u0111\u01b0\u1eddng th\u1ee7y. V\u1eadn chuy\u1ec3n b\u1eb1ng&#8230;<\/p>\n","protected":false},"author":1,"featured_media":0,"parent":1903,"menu_order":0,"comment_status":"closed","ping_status":"closed","template":"","meta":{"footnotes":""},"yst_prominent_words":[808,280,508,809,511,790,791],"class_list":["post-1923","page","type-page","status-publish","hentry"],"_links":{"self":[{"href":"https:\/\/zamilsteel.com.vn\/vi\/wp-json\/wp\/v2\/pages\/1923","targetHints":{"allow":["GET"]}}],"collection":[{"href":"https:\/\/zamilsteel.com.vn\/vi\/wp-json\/wp\/v2\/pages"}],"about":[{"href":"https:\/\/zamilsteel.com.vn\/vi\/wp-json\/wp\/v2\/types\/page"}],"author":[{"embeddable":true,"href":"https:\/\/zamilsteel.com.vn\/vi\/wp-json\/wp\/v2\/users\/1"}],"replies":[{"embeddable":true,"href":"https:\/\/zamilsteel.com.vn\/vi\/wp-json\/wp\/v2\/comments?post=1923"}],"version-history":[{"count":0,"href":"https:\/\/zamilsteel.com.vn\/vi\/wp-json\/wp\/v2\/pages\/1923\/revisions"}],"up":[{"embeddable":true,"href":"https:\/\/zamilsteel.com.vn\/vi\/wp-json\/wp\/v2\/pages\/1903"}],"wp:attachment":[{"href":"https:\/\/zamilsteel.com.vn\/vi\/wp-json\/wp\/v2\/media?parent=1923"}],"wp:term":[{"taxonomy":"yst_prominent_words","embeddable":true,"href":"https:\/\/zamilsteel.com.vn\/vi\/wp-json\/wp\/v2\/yst_prominent_words?post=1923"}],"curies":[{"name":"wp","href":"https:\/\/api.w.org\/{rel}","templated":true}]}}