{"id":1921,"date":"2016-06-24T08:55:38","date_gmt":"2016-06-24T08:55:38","guid":{"rendered":"https:\/\/stage.zamilsteel.com.vn\/vi\/terms-of-use\/"},"modified":"2018-10-24T04:30:07","modified_gmt":"2018-10-24T04:30:07","slug":"dieu-khoan-su-dung","status":"publish","type":"page","link":"https:\/\/zamilsteel.com.vn\/vi\/dieu-khoan-su-dung\/","title":{"rendered":"\u0110i\u1ec1u Kho\u1ea3n S\u1eed D\u1ee5ng"},"content":{"rendered":"<p>[vc_row][vc_column][vc_custom_heading text=&#8221;\u0110i\u1ec1u Kho\u1ea3n S\u1eed D\u1ee5ng&#8221; el_class=&#8221;my-custom-title&#8221;][vc_empty_space][vc_column_text]<\/p>\n<h2 style=\"text-align: justify;\"><strong>Ch\u00e0o m\u1eebng qu\u00fd v\u1ecb \u0111\u1ebfn v\u1edbi website c\u1ee7a C\u00f4ng ty TNHH Nh\u00e0 th\u00e9p ti\u1ec1n ch\u1ebf Zamil Vi\u1ec7t Nam<\/strong><\/h2>\n<p style=\"text-align: justify;\">Trang Web n\u00e0y thu\u1ed9c quy\u1ec1n s\u1edf h\u1eefu c\u1ee7a C\u00f4ng ty TNHH Nh\u00e0 th\u00e9p ti\u1ec1n ch\u1ebf Zamil Vi\u1ec7t Nam\u201d (\u201cTrang web\u201d).<\/p>\n<p style=\"text-align: justify;\">Xin vui l\u00f2ng xem l\u1ea1i \u0111i\u1ec1u kho\u1ea3n s\u1eed d\u1ee5ng.<\/p>\n<p style=\"text-align: justify;\">B\u1eb1ng vi\u1ec7c truy c\u1eadp ho\u1eb7c s\u1eed d\u1ee5ng trang web n\u00e0y, qu\u00fd v\u1ecb \u0111\u1ed3ng \u00fd l\u00e0m theo v\u00e0 b\u1ecb r\u00e0ng bu\u1ed9c v\u1ec1 m\u1eb7t ph\u00e1p l\u00fd b\u1edfi c\u00e1c \u0110i\u1ec1u kho\u1ea3n s\u1eed d\u1ee5ng sau:<\/p>\n<ul>\n<li style=\"text-align: justify;\">Trang web n\u00e0y ch\u1ee9a th\u00f4ng tin, d\u1eef li\u1ec7u, logo, bi\u1ec3u t\u01b0\u1ee3ng, h\u00ecnh \u1ea3nh, \u1ea3nh v\u00e0 c\u00e1c y\u1ebfu t\u1ed1 v\u00e0 c\u00e1c t\u00e0i li\u1ec7u kh\u00e1c (g\u1ecdi chung l\u00e0 \u201cT\u00e0i li\u1ec7u\u201d) thu\u1ed9c s\u1edf h\u1eefu v\u00e0 l\u00e0 nh\u1eefng t\u00e1c ph\u1ea9m c\u00f3 b\u1ea3n quy\u1ec1n c\u1ee7a Zamil Steel ho\u1eb7c c\u00e1c nh\u00e0 cung c\u1ea5p b\u00ean th\u1ee9 ba c\u1ee7a c\u00f4ng ty. Zamil Steel c\u0169ng c\u00f3 quy\u1ec1n trong vi\u1ec7c l\u1ef1a ch\u1ecdn v\u00e0 s\u1eafp x\u1ebfp c\u00e1c t\u00e0i li\u1ec7u n\u00e0y. Ngo\u1ea1i tr\u1eeb nh\u01b0 \u0111\u00e3 n\u00eau trong t\u00e0i li\u1ec7u n\u00e0y, qu\u00fd v\u1ecb c\u00f3 th\u1ec3 kh\u00f4ng \u0111\u01b0\u1ee3c s\u1eed d\u1ee5ng, sao ch\u00e9p, t\u00e1i t\u1ea1o, ch\u1ec9nh s\u1eeda, t\u1ea1o ra nh\u1eefng t\u1eeb ph\u00e1t sinh t\u1eeb, ph\u00e2n ph\u1ed1i, t\u00e1i xu\u1ea5t b\u1ea3n, t\u1ea3i v\u1ec1, hi\u1ec3n th\u1ecb, g\u1eedi ho\u1eb7c chuy\u1ec3n d\u01b0\u1edbi m\u1ecdi h\u00ecnh th\u1ee9c ho\u1eb7c b\u1eb1ng b\u1ea5t k\u1ef3 ph\u01b0\u01a1ng ti\u1ec7n n\u00e0o, bao g\u1ed3m \u0111i\u1ec7n t\u1eed, c\u01a1 h\u1ecdc, sao ch\u00e9p, ghi \u00e2m ho\u1eb7c kh\u00e1c, \u0111\u1ed1i v\u1edbi b\u1ea5t k\u1ef3 T\u00e0i li\u1ec7u n\u00e0o m\u00e0 kh\u00f4ng c\u00f3 s\u1ef1 cho ph\u00e9p tr\u01b0\u1edbc b\u1eb1ng v\u0103n b\u1ea3n c\u1ee7a Zamil Steel. B\u1ea5t k\u1ef3 vi\u1ec7c s\u1eed d\u1ee5ng tr\u00e1i ph\u00e9p \u0111\u1ed1i v\u1edbi b\u1ea5t k\u1ef3 T\u00e0i li\u1ec7u n\u00e0o tr\u00ean trang web n\u00e0y c\u00f3 th\u1ec3 vi ph\u1ea1m lu\u1eadt v\u00e0 c\u00e1c quy \u0111\u1ecbnh v\u1ec1 b\u1ea3n quy\u1ec1n, nh\u00e3n hi\u1ec7u, b\u1ea3o m\u1eadt, c\u00f4ng khai ho\u1eb7c th\u00f4ng tin li\u00ean l\u1ea1c.<\/li>\n<li style=\"text-align: justify;\">Zamil Steel cho ph\u00e9p qu\u00fd v\u1ecb sao ch\u00e9p, in v\u00e0 t\u1ea3i t\u00e0i li\u1ec7u tr\u00ean trang Web n\u00e0y m\u1ed9t c\u00e1ch th\u01b0\u1eddng xuy\u00ean v\u00e0 kh\u00f4ng th\u01b0\u1eddng xuy\u00ean, v\u1edbi \u0111i\u1ec1u ki\u1ec7n: (1) t\u1ea5t c\u1ea3 c\u00e1c quy\u1ec1n t\u00e1c gi\u1ea3 v\u00e0 quy\u1ec1n s\u1edf h\u1eefu kh\u00e1c ph\u1ea3i \u0111\u01b0\u1ee3c ghi trong t\u00e0i li\u1ec7u; (2) vi\u1ec7c s\u1eed d\u1ee5ng c\u00e1c t\u00e0i li\u1ec7u tr\u00ean ch\u1ec9 ph\u1ee5 v\u1ee5 duy nh\u1ea5t cho m\u1ee5c \u0111\u00edch c\u00e1 nh\u00e2n, phi th\u01b0\u01a1ng m\u1ea1i v\u00e0 cung c\u1ea5p th\u00f4ng tin v\u00e0 s\u1ebd kh\u00f4ng \u0111\u01b0\u1ee3c sao ch\u00e9p ho\u1eb7c \u0111\u0103ng tr\u00ean b\u1ea5t k\u1ef3 m\u00e1y t\u00ednh n\u00e0o c\u00f3 n\u1ed1i m\u1ea1ng, ph\u00e1t tr\u00ean b\u1ea5t k\u00ec ph\u01b0\u01a1ng ti\u1ec7n n\u00e0o ho\u1eb7c s\u1eed d\u1ee5ng cho m\u1ee5c \u0111\u00edch th\u01b0\u01a1ng m\u1ea1i; v\u00e0 (3) t\u00e0i li\u1ec7u kh\u00f4ng \u0111\u01b0\u1ee3c s\u1eeda \u0111\u1ed5i d\u01b0\u1edbi b\u1ea5t k\u1ef3 h\u00ecnh th\u1ee9c n\u00e0o.<\/li>\n<li style=\"text-align: justify;\">Trang web n\u00e0y ch\u1ee9a c\u00e1c li\u00ean k\u1ebft \u0111\u1ebfn c\u00e1c trang web ki\u1ec3m so\u00e1t b\u1edfi c\u00e1c b\u00ean kh\u00e1c ngo\u00e0i Zamil Steel. Zamil Steel kh\u00f4ng x\u00e1c nh\u1eadn v\u00e0 c\u0169ng kh\u00f4ng ch\u1ecbu tr\u00e1ch nhi\u1ec7m v\u1ec1 n\u1ed9i dung ho\u1eb7c vi\u1ec7c s\u1eed d\u1ee5ng c\u00e1c trang web c\u1ee7a b\u00ean th\u1ee9 ba. Zamil Steel cung c\u1ea5p c\u00e1c li\u00ean k\u1ebft n\u00e0y \u0111\u1ebfn qu\u00fd v\u1ecb ch\u1ec9 nh\u01b0 m\u1ed9t s\u1ef1 thu\u1eadn ti\u1ec7n.<\/li>\n<li style=\"text-align: justify;\">C\u00e1c th\u01b0\u01a1ng hi\u1ec7u, logo, nh\u00e3n hi\u1ec7u d\u1ecbch v\u1ee5 (\u201cNh\u00e3n hi\u1ec7u\u201d) \u0111\u01b0\u1ee3c hi\u1ec3n th\u1ecb tr\u00ean trang web n\u00e0y l\u00e0 t\u00e0i s\u1ea3n c\u1ee7a Zamil Steel. C\u00e1c t\u00ean s\u1ea3n ph\u1ea9m, t\u00ean c\u00f4ng ty, nh\u00e3n hi\u1ec7u, logo v\u00e0 bi\u1ec3u t\u01b0\u1ee3ng kh\u00e1c c\u00f3 th\u1ec3 l\u00e0 th\u01b0\u01a1ng hi\u1ec7u c\u1ee7a c\u00e1c nh\u00e0 cung c\u1ea5p b\u00ean th\u1ee9 ba c\u1ee7a Zamil Steel ho\u1eb7c c\u00e1c b\u00ean th\u1ee9 ba kh\u00e1c. Qu\u00fd v\u1ecb kh\u00f4ng \u0111\u01b0\u1ee3c ph\u00e9p s\u1eed d\u1ee5ng c\u00e1c Nh\u00e3n hi\u1ec7u n\u00e0y m\u00e0 kh\u00f4ng c\u00f3 s\u1ef1 \u0111\u1ed3ng \u00fd b\u1eb1ng v\u0103n b\u1ea3n c\u1ee7a Zamil Steel ho\u1eb7c b\u00ean th\u1ee9 ba c\u00f3 th\u1ec3 s\u1edf h\u1eefu c\u00e1c Nh\u00e3n hi\u1ec7u \u0111\u00f3.<\/li>\n<li style=\"text-align: justify;\">Nh\u01b0 m\u1ed9t \u0111i\u1ec1u ki\u1ec7n s\u1eed d\u1ee5ng trang web n\u00e0y, qu\u00fd v\u1ecb s\u1ebd kh\u00f4ng s\u1eed d\u1ee5ng trang cho b\u1ea5t c\u1ee9 m\u1ee5c \u0111\u00edch tr\u00e1i ph\u00e1p lu\u1eadt n\u00e0o ho\u1eb7c b\u1ecb c\u1ea5m b\u1edfi nh\u1eefng \u0111i\u1ec1u kho\u1ea3n, \u0111i\u1ec1u ki\u1ec7n, v\u00e0 th\u00f4ng b\u00e1o. Qu\u00fd v\u1ecb kh\u00f4ng \u0111\u01b0\u1ee3c s\u1eed d\u1ee5ng trang web n\u00e0y d\u01b0\u1edbi b\u1ea5t k\u1ef3 h\u00ecnh th\u1ee9c n\u00e0o c\u00f3 th\u1ec3 g\u00e2y t\u1ed5n h\u1ea1i, qu\u00e1 t\u1ea3i, ho\u1eb7c l\u00e0m h\u1ecfng b\u1ea5t k\u1ef3 m\u00e1y ch\u1ee7 n\u00e0o c\u1ee7a Zamil Steel, ho\u1eb7c c\u00e1c m\u1ea1ng k\u1ebft n\u1ed1i v\u1edbi b\u1ea5t k\u1ef3 m\u00e1y ch\u1ee7 n\u00e0o c\u1ee7a Zamil Steel, ho\u1eb7c g\u00e2y tr\u1edf ng\u1ea1i \u0111\u1ebfn vi\u1ec7c s\u1eed d\u1ee5ng c\u1ee7a nh\u1eefng ng\u01b0\u1eddi kh\u00e1c \u0111\u1ed1i v\u1edbi trang web n\u00e0y. Qu\u00fd v\u1ecb kh\u00f4ng \u0111\u01b0\u1ee3c t\u00ecm c\u00e1ch truy c\u1eadp tr\u00e1i ph\u00e9p v\u00e0o c\u00e1c d\u1ecbch v\u1ee5, t\u00e0i li\u1ec7u, c\u00e1c t\u00e0i kho\u1ea3n kh\u00e1c, c\u00e1c h\u1ec7 th\u1ed1ng m\u00e1y t\u00ednh ho\u1eb7c m\u1ea1ng k\u1ebft n\u1ed1i v\u1edbi b\u1ea5t k\u1ef3 m\u00e1y ch\u1ee7 n\u00e0o c\u1ee7a Zamil Steel ho\u1eb7c v\u00e0o trang web n\u00e0y, b\u1eb1ng c\u00e1ch hack, khai th\u00e1c m\u1eadt kh\u1ea9u ho\u1eb7c b\u1ea5t k\u1ef3 ph\u01b0\u01a1ng ti\u1ec7n n\u00e0o kh\u00e1c. Qu\u00fd v\u1ecb kh\u00f4ng \u0111\u01b0\u1ee3c l\u1ea5y ho\u1eb7c t\u00ecm c\u00e1ch l\u1ea5y b\u1ea5t c\u1ee9 t\u00e0i li\u1ec7u ho\u1eb7c th\u00f4ng tin n\u00e0o b\u1eb1ng b\u1ea5t k\u1ef3 c\u00e1ch th\u1ee9c n\u00e0o kh\u00f4ng \u0111\u01b0\u1ee3c ch\u1ee7 \u0111\u00edch cung c\u1ea5p th\u00f4ng qua trang web n\u00e0y. Qu\u00fd v\u1ecb \u0111\u1ed3ng \u00fd r\u1eb1ng Zamil Steel c\u00f3 th\u1ec3 b\u1ecb t\u1ed5n h\u1ea1i kh\u00f4ng th\u1ec3 kh\u1eafc ph\u1ee5c b\u1edfi vi\u1ec7c s\u1eed d\u1ee5ng trang web n\u00e0y ho\u1eb7c c\u00e1c c\u01a1 s\u1edf li\u00ean quan \u0111\u1ebfn vi\u1ec7c truy\u1ec1n t\u1ea3i c\u00e1c b\u00e0i \u0111\u0103ng trong nh\u00f3m th\u00f4ng tin l\u00e0 spam ho\u1eb7c e-mail t\u1ef1 \u0111\u1ed9ng b\u1edfi qu\u00fd v\u1ecb ho\u1eb7c nh\u1eefng ng\u01b0\u1eddi kh\u00e1c vi ph\u1ea1m \u0110i\u1ec1u kho\u1ea3n s\u1eed d\u1ee5ng, v\u00e0 r\u1eb1ng Zamil Steel \u0111\u01b0\u1ee3c ph\u00e9p th\u1ef1c hi\u1ec7n bi\u1ec7n ph\u00e1p ng\u0103n ch\u1eb7n \u0111\u1ed1i v\u1edbi b\u1ea5t k\u1ef3 i\u1ec7c truy\u1ec1n n\u00e0o nh\u01b0 tr\u00ean (ngo\u00e0i t\u1ea5t c\u1ea3 c\u00e1c bi\u1ec7n ph\u00e1p kh\u00e1c c\u00f3 s\u1eb5n theo ph\u00e1p lu\u1eadt ho\u1eb7c theo s\u1edf h\u1eefu).<\/li>\n<li style=\"text-align: justify;\">Zamil Steel c\u00f3 quy\u1ec1n ch\u1eb7n, l\u1ecdc ho\u1eb7c x\u00f3a e-mail t\u1ef1 \u0111\u1ed9ng. Qu\u00fd v\u1ecb kh\u00f4ng \u0111\u01b0\u1ee3c s\u1eed d\u1ee5ng trang web \u0111\u1ec3 thu th\u1eadp th\u00f4ng tin c\u00e1 nh\u00e2n v\u1ec1 ng\u01b0\u1eddi d\u00f9ng ho\u1eb7c truy\u1ec1n qua ho\u1eb7c \u0111\u0103ng tr\u00ean trang web b\u1ea5t k\u1ef3 t\u00e0i li\u1ec7u n\u00e0o b\u1ea5t h\u1ee3p ph\u00e1p, c\u00f3 t\u00ednh ch\u1ea5t \u0111e d\u1ecda, l\u1ea1m d\u1ee5ng, qu\u1ea5y r\u1ed1i, ph\u1ec9 b\u00e1ng, khi\u1ebfm nh\u00e3, dung t\u1ee5c, khi\u00eau d\u00e2m, th\u00f4 t\u1ee5c, h\u1eadn th\u00f9 ho\u1eb7c ph\u00e2n bi\u1ec7t ch\u1ee7ng t\u1ed9c, d\u00e2n t\u1ed9c ho\u1eb7c ch\u1ed1ng \u0111\u1ed1i thu\u1ed9c b\u1ea5t k\u1ef3 lo\u1ea1i n\u00e0o, bao g\u1ed3m b\u1ea5t k\u1ef3 t\u00e0i li\u1ec7u n\u00e0o khuy\u1ebfn kh\u00edch h\u00e0nh vi s\u1ebd c\u1ea5u th\u00e0nh t\u1ed9i h\u00ecnh s\u1ef1, l\u00e0m ph\u00e1t sinh tr\u00e1ch nhi\u1ec7m d\u00e2n s\u1ef1 ho\u1eb7c vi ph\u1ea1m ph\u00e1p lu\u1eadt.<\/li>\n<\/ul>\n<p><strong>MI\u1ec4N TR\u1eea TR\u00c1CH NHI\u1ec6M<\/strong><\/p>\n<p style=\"text-align: justify;\">TRANG WEB V\u00c0 T\u00c0I LI\u1ec6U N\u00c0Y \u0110\u01af\u1ee2C CUNG C\u1ea4P \u201cNGUY\u00caN B\u1ea2N\u201d V\u00c0 VI\u1ec6C S\u1eec D\u1ee4NG TRANG WEB V\u00c0 T\u00c0I LI\u1ec6U N\u00c0Y THU\u1ed8C R\u1ee6I RO C\u1ee6A QU\u00dd V\u1eca. ZAMIL STEEL KH\u00d4NG C\u00d3 CAM K\u1ebeT HO\u1eb6C B\u1ea2O \u0110\u1ea2M N\u00c0O N\u00c0O, R\u00d5 R\u00c0NG HO\u1eb6C NG\u1ee4 \u00dd, V\u1ec0 TRANG WEB N\u00c0Y, HO\u1ea0T \u0110\u1ed8NG C\u1ee6A TRANG WEB, C\u00c1C T\u00c0I LI\u1ec6U HO\u1eb6C K\u1ebeT QU\u1ea2 C\u00d3 TH\u1ec2 THU \u0110\u01af\u1ee2C T\u1eea VI\u1ec6C S\u1eec D\u1ee4NG TRANG WEB N\u00c0Y HO\u1eb6C VI\u1ec6C S\u1eec D\u1ee4NG TRANG WEB S\u1ebc KH\u00d4NG B\u1eca GI\u00c1N \u0110O\u1ea0N HO\u1eb6C L\u1ed6I. ZAMIL STEEL DO T\u1eea CH\u1ed0I, \u1ede M\u1ee8C \u0110\u1ed8 CAO NH\u1ea4T THEO PH\u00c1P LU\u1eacT HI\u1ec6N H\u00c0NH, T\u1ea4T C\u1ea2 CAM K\u1ebeT, B\u1ea2O \u0110\u1ea2M, B\u1ea2O L\u00c3NH R\u00d5 R\u00c0NG HO\u1eb6C NG\u1ee4 \u00dd N\u00c0O, BAO G\u1ed2M NH\u01afNG KH\u00d4NG GI\u1edaI H\u1ea0N B\u1edeI B\u1ea2O \u0110\u1ea2M T\u00cdNH TH\u01af\u01a0NG M\u1ea0I, T\u00cdNH PH\u00d9 H\u1ee2P CHO M\u1ed8T M\u1ee4C \u0110\u00cdCH C\u1ee4 TH\u1ec2 V\u00c0 KH\u00d4NG VI PH\u1ea0M.<\/p>\n<p style=\"text-align: justify;\">ZAMIL STEEL CAM K\u1ebeT HO\u1eb6C \u0110\u1ea2M B\u1ea2O R\u1eb0NG GI\u00c1, S\u1ea2N PH\u1ea8M V\u00c0 C\u00c1C TH\u00d4NG TIN KH\u00c1C TRUY C\u1eacP tr\u00ean HO\u1eb6C QUA TRANG WEB N\u00c0Y L\u00c0 CH\u00cdNH X\u00c1C, \u0110\u1ea6Y \u0110\u1ee6 HO\u1eb6C HI\u1ec6N DANG \u0110\u01af\u1ee2C \u00c1P D\u1ee4NG, V\u00c0 T\u1ea4T C\u1ea2 TH\u00d4NG TIN, BAO G\u1ed2M GI\u00c1 V\u00c0 S\u1ef0 S\u1eb4N C\u00d3, C\u00d3 TH\u1ec2 THAY \u0110\u1ed4I M\u00c0 KH\u00d4NG B\u00c1O TR\u01af\u1edaC CHO NG\u01af\u1edcI D\u00d9NG V\u00c0 KH\u00d4NG C\u1eacP NH\u1eacT TH\u00d4NG TIN tr\u00ean TRANG WEB N\u00c0Y.<\/p>\n<p style=\"text-align: justify;\">TRANG WEB N\u00c0Y C\u00d3 TH\u1ec2 C\u00d3 S\u1ef0 THI\u1ebeU CH\u00cdNH X\u00c1C V\u1ec0 K\u1ef8 THU\u1eacT HO\u1eb6C KH\u00c1C, HO\u1eb6C L\u1ed6I \u0110\u00c1NH M\u00c1Y. NH\u1eeeNG THAY \u0110\u1ed4I S\u1ebc \u0110\u01af\u1ee2C \u0110\u1ecaNH K\u1ef2 TH\u00caM V\u00c0O NH\u1eeeNG TH\u00d4NG TIN TRONG T\u00c0I LI\u1ec6U N\u00c0Y; NH\u1eeeNG THAY \u0110\u1ed4I N\u00c0Y S\u1ebc \u0110\u01af\u1ee2C C\u1eacP NH\u1eacT TRONG \u1ea4N B\u1ea2N M\u1edaI C\u1ee6A TRANG WEB. ZAMIL STEEL C\u00d3 TH\u1ec2 C\u1ea2I THI\u1ec6N V\u00c0 \/ HO\u1eb6C THAY \u0110\u1ed4I B\u1ea4T C\u1ee8 L\u00daC N\u00c0O.<\/p>\n<p style=\"text-align: justify;\">TRANG WEB V\u00c0 T\u00c0I LI\u1ec6U N\u00c0Y \u0110\u01af\u1ee2C CUNG C\u1ea4P TR\u00caN TO\u00c0N TH\u1ebe GI\u1edaI V\u00c0 C\u00d3 TH\u1ec2 C\u00d3 N\u1ed8I DUNG THAM KH\u1ea2O HO\u1eb6C THAM KH\u1ea2O CH\u00c9O V\u1edaI C\u00c1C S\u1ea2N PH\u1ea8M, CH\u01af\u01a0NG TR\u00ccNH V\u00c0 D\u1ecaCH V\u1ee4 C\u1ee6A ZAMIL STEEL CH\u01afA \u0110\u01af\u1ee2C C\u00d4NG B\u1ed0 HO\u1eb6C CUNG C\u1ea4P \u1ede QU\u1ed0C GIA C\u1ee6A QU\u00dd V\u1eca. T\u00c0I LI\u1ec6U THAM KH\u1ea2O \u0110\u00d3 KH\u00d4NG C\u00d3 NGH\u0128A R\u1eb0NG ZAMIL STEEL C\u00d3 \u00dd \u0110\u1ecaNH C\u00d4NG B\u1ed0 S\u1ea2N PH\u1ea8M, CH\u01af\u01a0NG TR\u00ccNH HO\u1eb6C D\u1ecaCH V\u1ee4 \u0110\u00d3 T\u1ea0I N\u01af\u1edaC C\u1ee6A B\u1ea0N. THAM KH\u1ea2O \u00dd KI\u1ebeN C\u1ee6A NH\u00c0 X\u00c2Y D\u1ef0NG \u0110\u01af\u1ee2C CH\u1ee8NG NH\u1eacN C\u1ee6A ZAMIL STEEL T\u1ea0I \u0110\u1ecaA PH\u01af\u01a0NG \u0110\u1ec2 BI\u1ebeT TH\u00d4NG TIN V\u1ec0 C\u00c1C S\u1ea2N PH\u1ea8M, CH\u01af\u01a0NG TR\u00ccNH V\u00c0 D\u1ecaCH V\u1ee4 C\u00d3 TH\u1ec2 \u0110\u01af\u1ee2C CUNG C\u1ea4P CHO QU\u00dd V\u1eca.<\/p>\n<p>[\/vc_column_text][\/vc_column][\/vc_row]<\/p>\n","protected":false},"excerpt":{"rendered":"<p>[vc_row][vc_column][vc_custom_heading text=&#8221;\u0110i\u1ec1u Kho\u1ea3n S\u1eed D\u1ee5ng&#8221; el_class=&#8221;my-custom-title&#8221;][vc_empty_space][vc_column_text] Ch\u00e0o m\u1eebng qu\u00fd v\u1ecb \u0111\u1ebfn v\u1edbi website c\u1ee7a C\u00f4ng ty TNHH Nh\u00e0 th\u00e9p ti\u1ec1n ch\u1ebf Zamil Vi\u1ec7t Nam Trang Web n\u00e0y thu\u1ed9c quy\u1ec1n s\u1edf h\u1eefu c\u1ee7a C\u00f4ng ty TNHH Nh\u00e0 th\u00e9p ti\u1ec1n ch\u1ebf Zamil&#8230;<\/p>\n","protected":false},"author":1,"featured_media":0,"parent":0,"menu_order":0,"comment_status":"closed","ping_status":"closed","template":"","meta":{"footnotes":""},"yst_prominent_words":[7379,312,7377,401,7375,7376,873,526,525,7378,3818],"class_list":["post-1921","page","type-page","status-publish","hentry"],"_links":{"self":[{"href":"https:\/\/zamilsteel.com.vn\/vi\/wp-json\/wp\/v2\/pages\/1921","targetHints":{"allow":["GET"]}}],"collection":[{"href":"https:\/\/zamilsteel.com.vn\/vi\/wp-json\/wp\/v2\/pages"}],"about":[{"href":"https:\/\/zamilsteel.com.vn\/vi\/wp-json\/wp\/v2\/types\/page"}],"author":[{"embeddable":true,"href":"https:\/\/zamilsteel.com.vn\/vi\/wp-json\/wp\/v2\/users\/1"}],"replies":[{"embeddable":true,"href":"https:\/\/zamilsteel.com.vn\/vi\/wp-json\/wp\/v2\/comments?post=1921"}],"version-history":[{"count":0,"href":"https:\/\/zamilsteel.com.vn\/vi\/wp-json\/wp\/v2\/pages\/1921\/revisions"}],"wp:attachment":[{"href":"https:\/\/zamilsteel.com.vn\/vi\/wp-json\/wp\/v2\/media?parent=1921"}],"wp:term":[{"taxonomy":"yst_prominent_words","embeddable":true,"href":"https:\/\/zamilsteel.com.vn\/vi\/wp-json\/wp\/v2\/yst_prominent_words?post=1921"}],"curies":[{"name":"wp","href":"https:\/\/api.w.org\/{rel}","templated":true}]}}