{"id":1917,"date":"2016-06-23T03:33:19","date_gmt":"2016-06-23T03:33:19","guid":{"rendered":"https:\/\/stage.zamilsteel.com.vn\/vi\/the-steel-building-guide\/"},"modified":"2021-10-18T11:40:07","modified_gmt":"2021-10-18T04:40:07","slug":"khai-quat-ve-nha-thep","status":"publish","type":"page","link":"https:\/\/zamilsteel.com.vn\/vi\/khai-quat-ve-nha-thep\/","title":{"rendered":"Kh\u00e1i Qu\u00e1t V\u1ec1 Nh\u00e0 Th\u00e9p"},"content":{"rendered":"<p>[vc_row][vc_column][vc_custom_heading text=&#8221;Kh\u00e1i qu\u00e1t v\u1ec1 nh\u00e0 th\u00e9p&#8221; el_class=&#8221;my-custom-title&#8221;][vc_empty_space][\/vc_column][\/vc_row][vc_row el_class=&#8221;page-detail&#8221;][vc_column][vc_column_text]<\/p>\n<div id=\"attachment_4286\" style=\"width: 310px\" class=\"wp-caption alignright\"><img loading=\"lazy\" decoding=\"async\" aria-describedby=\"caption-attachment-4286\" class=\"wp-image-4286 size-medium\" title=\"nh\u00e0 th\u00e9p ti\u1ec1n ch\u1ebf Zamil\" src=\"https:\/\/zamilsteel.com.vn\/wp-content\/uploads\/2016\/06\/The-Steel-Building-Guide-Banner-300x200.jpg\" alt=\"nh\u00e0 th\u00e9p ti\u1ec1n ch\u1ebf Zamil\" width=\"300\" height=\"200\" \/><p id=\"caption-attachment-4286\" class=\"wp-caption-text\">Khung nh\u00e0 th\u00e9p ti\u1ec1n ch\u1ebf<\/p><\/div>\n<p style=\"text-align: justify;\">Nh\u1eefng \u1ee9ng d\u1ee5ng \u0111\u1ea7u ti\u00ean c\u1ee7a nh\u00e0 th\u00e9p \u0111\u01b0\u1ee3c ghi nh\u1eadn v\u00e0o cu\u1ed1i th\u1ebf k\u1ec9 th\u1ee9 19, khi c\u00e1c nh\u00e0 x\u00e2y d\u1ef1ng h\u00e0ng \u0111\u1ea7u t\u1ea1i Chicago, Paris v\u00e0 London \u0111ang t\u00ecm ki\u1ebfm gi\u1ea3i ph\u00e1p cho v\u1ea5n \u0111\u1ec1 n\u1ee9t v\u1ee1 nghi\u00eam tr\u1ecdng c\u1ee7a c\u00e1c c\u00f4ng tr\u00ecnh x\u00e2y b\u1eb1ng g\u1ea1ch, \u0111\u00e1 v\u00e0 \u0111\u1ea5t nung tr\u00ean kh\u1eafp V\u01b0\u01a1ng qu\u1ed1c Anh, ch\u00e2u \u00c2u v\u00e0 B\u1eafc M\u1ef9. K\u1ec3 t\u1eeb \u0111\u00f3, <strong><a title=\"kh\u00e1i ni\u1ec7m nh\u00e0 th\u00e9p\" href=\"https:\/\/zamilsteel.com.vn\/vi\/khai-quat-ve-nha-thep\/\" target=\"_blank\" rel=\"noopener\"><em>nh\u00e0 th\u00e9p<\/em><\/a><\/strong> \u0111\u01b0\u1ee3c coi l\u00e0 m\u1ed9t gi\u1ea3i ph\u00e1p thay th\u1ebf tuy\u1ec7t v\u1eddi cho c\u00e1c ph\u01b0\u01a1ng th\u1ee9c x\u00e2y d\u1ef1ng truy\u1ec1n th\u1ed1ng, v\u1ed1n ng\u00e0y c\u00e0ng tr\u1edf n\u00ean t\u1ed1n k\u00e9m v\u00e0 g\u00e2y gi\u00e1n \u0111o\u1ea1n.<\/p>\n<p style=\"text-align: justify;\">\u0110\u1ea7u th\u1ebf k\u1ec9 20, th\u1ebf gi\u1edbi ch\u1ee9ng ki\u1ebfn s\u1ef1 ph\u00e1t tri\u1ec3n m\u1ea1nh m\u1ebd c\u1ee7a ng\u00e0nh c\u00f4ng nghi\u1ec7p luy\u1ec7n kim; m\u1ed9t l\u01b0\u1ee3ng th\u00e9p phong ph\u00fa \u0111\u01b0\u1ee3c cung c\u1ea5p ra th\u1ecb tr\u01b0\u1eddng \u0111\u00e3 d\u1eabn \u0111\u1ebfn s\u1ef1 ph\u1ed5 bi\u1ebfn c\u1ee7a nh\u00e0 th\u00e9p, \u0111\u1eb7c bi\u1ec7t l\u00e0 sau Th\u1ebf chi\u1ebfn th\u1ee9 hai. Nh\u1edd t\u00ednh linh ho\u1ea1t v\u00e0 ti\u1ebft ki\u1ec7m chi ph\u00ed, nh\u00e0 th\u00e9p ng\u00e0y c\u00e0ng \u0111\u01b0\u1ee3c \u1ee9ng d\u1ee5ng r\u1ed9ng r\u00e3i tr\u00ean to\u00e0n th\u1ebf gi\u1edbi v\u00e0 tr\u1edf th\u00e0nh xu h\u01b0\u1edbng x\u00e2y d\u1ef1ng t\u1eeb gi\u1eefa th\u1ebf k\u1ec9 20.<\/p>\n<p style=\"text-align: justify;\"><strong>Kh\u00e1i ni\u1ec7m \u201cNh\u00e0 th\u00e9p ti\u1ec1n ch\u1ebf\u201d<\/strong> \u0111\u01b0\u1ee3c gi\u1edbi thi\u1ec7u l\u1ea7n \u0111\u1ea7u ti\u00ean v\u00e0o nh\u1eefng n\u0103m 1960, khi c\u00e1c nh\u00e0 s\u1ea3n xu\u1ea5t c\u00f3 \u00fd t\u01b0\u1edfng s\u1ea3n xu\u1ea5t tr\u01b0\u1edbc t\u1ea5t c\u1ea3 c\u00e1c b\u1ed9 ph\u1eadn bao g\u1ed3m m\u00e1i, s\u00e0n, khung t\u01b0\u1eddng, gi\u1eb1ng, v.v. C\u00e1c nh\u00e0 x\u00e2y d\u1ef1ng ch\u1ec9 c\u1ea7n l\u1eafp gh\u00e9p c\u00e1c b\u1ed9 ph\u1eadn n\u00e0y v\u1edbi nhau \u0111\u1ec3 t\u1ea1o n\u00ean khung nh\u00e0, \u0111\u1ed3ng th\u1eddi , c\u00e1c ch\u01b0\u01a1ng tr\u00ecnh m\u00e1y t\u00ednh \u0111\u1ea7u ti\u00ean d\u00e0nh cho vi\u1ec7c thi\u1ebft k\u1ebf nh\u00e0 th\u00e9p c\u0169ng \u0111\u01b0\u1ee3c x\u00e2y d\u1ef1ng v\u00e0o nh\u1eefng n\u0103m 1960, cho ph\u00e9p nh\u00e0 th\u00e9p \u0111\u01b0\u1ee3c s\u1ea3n xu\u1ea5t v\u1edbi r\u1ea5t nhi\u1ec1u thi\u1ebft k\u1ebf, t\u00ednh n\u0103ng, h\u00ecnh d\u00e1ng v\u00e0 k\u00edch th\u01b0\u1edbc v\u00e0 \u0111i\u1ec1u quan tr\u1ecdng nh\u1ea5t, \u0111\u00f3 l\u00e0 an to\u00e0n h\u01a1n v\u00e0 l\u1eafp d\u1ef1ng nhanh h\u01a1n.<\/p>\n<p><strong><em><span style=\"text-decoration: underline; color: #3366ff;\">V\u1eady <a style=\"color: #3366ff;\" href=\"https:\/\/zamilsteel.com.vn\/vi\/khai-quat-ve-nha-thep\/\">Nh\u00e0 th\u00e9p ti\u1ec1n ch\u1ebf l\u00e0 g\u00ec<\/a> ?<\/span><\/em><\/strong><\/p>\n<blockquote><p><b>Nh\u00e0 th\u00e9p ti\u1ec1n ch\u1ebf<\/b>\u00a0l\u00e0 lo\u1ea1i\u00a0nh\u00e0\u00a0l\u00e0m b\u1eb1ng c\u00e1c c\u1ea5u ki\u1ec7n b\u1eb1ng\u00a0<a title=\"Th\u00e9p\" href=\"https:\/\/vi.wikipedia.org\/wiki\/Th%C3%A9p\">th\u00e9p<\/a>\u00a0v\u00e0 \u0111\u01b0\u1ee3c\u00a0ch\u1ebf t\u1ea1o\u00a0v\u00e0 l\u1eafp \u0111\u1eb7t theo b\u1ea3n v\u1ebd ki\u1ebfn tr\u00fac v\u00e0 k\u1ef9 thu\u1eadt \u0111\u00e3 ch\u1ec9 \u0111\u1ecbnh s\u1eb5n. Qu\u00e1 tr\u00ecnh l\u00e0m ra s\u1ea3n ph\u1ea9m ho\u00e0n ch\u1ec9nh (c\u00f3 k\u1ebft h\u1ee3p c\u00e1c b\u01b0\u1edbc ki\u1ec3m tra v\u00e0 qu\u1ea3n l\u00fd ch\u1ea5t l\u01b0\u1ee3ng) \u0111\u01b0\u1ee3c tr\u1ea3i qua 3 giai \u0111o\u1ea1n ch\u00ednh:\u00a0<a title=\"Thi\u1ebft k\u1ebf\" href=\"https:\/\/zamilsteel.com.vn\/vi\/dich-vu\/thiet-ke\/\">Thi\u1ebft k\u1ebf<\/a>, gia c\u00f4ng c\u1ea5u ki\u1ec7n v\u00e0 l\u1eafp d\u1ef1ng t\u1ea1i\u00a0c\u00f4ng tr\u00ecnh. To\u00e0n b\u1ed9\u00a0<a title=\"K\u1ebft c\u1ea5u th\u00e9p\" href=\"https:\/\/zamilsteel.com.vn\/vi\/portfolio\/thep-ket-cau-ss\/\">k\u1ebft c\u1ea5u th\u00e9p<\/a>\u00a0c\u00f3 th\u1ec3 s\u1ea3n xu\u1ea5t \u0111\u1ed3ng b\u1ed9 s\u1eb5n r\u1ed3i \u0111\u01b0a ra c\u00f4ng tr\u01b0\u1eddng <a href=\"https:\/\/zamilsteel.com.vn\/vi\/dich-vu\/lap-dat-bao-duong\/\" target=\"_blank\" rel=\"noopener\">l\u1eafp d\u1ef1ng<\/a> trong th\u1eddi gian kh\u00e1 ng\u1eafn. <em>(Theo wikipedia)<\/em><\/p><\/blockquote>\n<p>Nh\u1eefng c\u00f4ng tr\u00ecnh ki\u1ebfn tr\u00fac th\u01b0\u1eddng s\u1eed d\u1ee5ng lo\u1ea1i nh\u00e0 n\u00e0y g\u1ed3m:\u00a0<em><strong>nh\u00e0 x\u01b0\u1edfng, nh\u00e0 kho, nh\u00e0 tr\u01b0ng b\u00e0y,\u00a0si\u00eau th\u1ecb, c\u00f4ng tr\u00ecnh th\u01b0\u01a1ng m\u1ea1i, nh\u00e0 cao t\u1ea7ng,&#8230;<\/strong><\/em><\/p>\n<p style=\"text-align: justify;\">Ng\u00e0y nay, <a title=\"nh\u00e0 thep la gi\" href=\"https:\/\/zamilsteel.com.vn\/vi\/khai-quat-ve-nha-thep\/\" target=\"_blank\" rel=\"noopener\">nh\u00e0 th\u00e9p<\/a> l\u00e0 m\u1ed9t trong nh\u1eefng gi\u1ea3i ph\u00e1p linh ho\u1ea1t nh\u1ea5t trong ng\u00e0nh x\u00e2y d\u1ef1ng hi\u1ec7n \u0111\u1ea1i nh\u1edd nh\u1eefng <strong>l\u1ee3i \u00edch \u01b0u vi\u1ec7t <\/strong>m\u00e0 gi\u1ea3i ph\u00e1p n\u00e0y \u0111em l\u1ea1i nh\u01b0:<\/p>\n<ul>\n<li style=\"text-align: justify;\">\u0110\u01b0\u1ee3c <a href=\"https:\/\/zamilsteel.com.vn\/vi\/dich-vu\/san-xuat\/\">s\u1ea3n xu\u1ea5t<\/a>, <a href=\"https:\/\/zamilsteel.com.vn\/vi\/dich-vu\/thiet-ke\/\">thi\u1ebft k\u1ebf<\/a> v\u00e0 x\u00e2y d\u1ef1ng nhanh h\u01a1n so v\u1edbi nh\u00e0 truy\u1ec1n th\u1ed1ng<\/li>\n<li style=\"text-align: justify;\">Ch\u1ed1ng ch\u1ecbu \u0111\u01b0\u1ee3c tr\u01b0\u1edbc s\u1ef1 bi\u1ebfn \u0111\u1ed5i c\u1ee7a kh\u00ed h\u1eadu v\u00e0 thi\u00ean tai<\/li>\n<li style=\"text-align: justify;\">Nh\u1eb9 v\u00e0 c\u00f3 \u0111\u1ed9 b\u1ec1n cao, c\u00f3 th\u1ec3 d\u1ec5 d\u00e0ng k\u1ebft h\u1ee3p c\u00f9ng c\u00e1c v\u1eadt li\u1ec7u x\u00e2y d\u1ef1ng kh\u00e1c<\/li>\n<li style=\"text-align: justify;\">Linh ho\u1ea1t trong thi\u1ebft k\u1ebf v\u00e0 \u1ee9ng d\u1ee5ng<\/li>\n<li style=\"text-align: justify;\">Ti\u1ebft ki\u1ec7m chi ph\u00ed<\/li>\n<li style=\"text-align: justify;\">Th\u00e2n thi\u1ec7n v\u1edbi m\u00f4i tr\u01b0\u1eddng v\u00e0 c\u00f3 th\u1ec3 t\u00e1i s\u1eed d\u1ee5ng<\/li>\n<\/ul>\n<p>[\/vc_column_text][vc_empty_space][vc_tta_tabs][vc_tta_section title=&#8221;\u1ee8ng d\u1ee5ng&#8221; tab_id=&#8221;1467966273512-1afd4e3b-32d7&#8243;][vc_column_text]<\/p>\n<p style=\"text-align: justify;\">C\u00f9ng v\u1edbi s\u1ef1 ph\u00e1t tri\u1ec3n c\u1ee7a ng\u00e0nh x\u00e2y d\u1ef1ng hi\u1ec7n \u0111\u1ea1i v\u00e0 s\u1ef1 \u0111\u1ed5i m\u1edbi c\u1ee7a ng\u00e0nh th\u00e9p, c\u00e1c \u1ee9ng d\u1ee5ng c\u1ee7a nh\u00e0 th\u00e9p \u0111\u00e3 \u0111\u01b0\u1ee3c li\u00ean t\u1ee5c m\u1edf r\u1ed9ng trong nh\u1eefng n\u0103m qua.<\/p>\n<p style=\"text-align: justify;\">Ng\u00e0y nay, nh\u1edd s\u1ef1 tr\u1ee3 gi\u00fap c\u1ee7a c\u00e1c ph\u1ea7n m\u1ec1m thi\u1ebft k\u1ebf, c\u00e1c k\u1ef9 s\u01b0 c\u00f3 th\u1ec3 t\u1ea1o ra c\u00e1c c\u00f4ng tr\u00ecnh nh\u00e0 th\u00e9p ph\u00f9 h\u1ee3p v\u1edbi r\u1ea5t nhi\u1ec1u \u1ee9ng d\u1ee5ng<\/p>\n<p style=\"text-align: justify;\">Ba lo\u1ea1i nh\u00e0 th\u00e9p ph\u1ed5 bi\u1ebfn nh\u1ea5t bao g\u1ed3m: Nh\u00e0 th\u00e9p v\u00f2m, nh\u00e0 th\u00e9p v\u00e1ch th\u1eb3ng v\u00e0 nh\u00e0 th\u00e9p m\u1ed9t nh\u1ecbp<\/p>\n<ul style=\"text-align: justify;\">\n<li><strong><a href=\"https:\/\/zamilsteel.com.vn\/vi\/khai-quat-ve-nha-thep\/\">Nh\u00e0 th\u00e9p<\/a> v\u00f2m:<\/strong> th\u01b0\u1eddng \u0111\u01b0\u1ee3c \u1ee9ng d\u1ee5ng ch\u1ee7 y\u1ebfu trong ng\u00e0nh n\u00f4ng nghi\u1ec7p \u0111\u1ec3 x\u00e2y nh\u00e0 kho b\u1ea3o qu\u1ea3n v\u00e0 d\u1ef1 tr\u1eef n\u00f4ng s\u1ea3n. Thu\u1eadt ng\u1eef \u201cv\u00f2m\u201d th\u1ec3 hi\u1ec7n h\u00ecnh d\u1ea1ng m\u00e1i c\u1ee7a c\u00f4ng tr\u00ecnh. K\u1ebft c\u1ea5u c\u1ee7a d\u1ea1ng nh\u00e0 n\u00e0y th\u01b0\u1eddng r\u1ea5t kh\u1ecfe v\u00e0 b\u1ec1n<\/li>\n<li><strong><a href=\"https:\/\/zamilsteel.com.vn\/vi\/khai-quat-ve-nha-thep\/\">Nh\u00e0 th\u00e9p<\/a> v\u00e1ch th\u1eb3ng:<\/strong> kh\u00f4ng kh\u1ecfe b\u1eb1ng Nh\u00e0 th\u00e9p v\u00f2m, nh\u01b0ng c\u00f3 kh\u00f4ng gian b\u00ean trong r\u1ed9ng r\u00e3i v\u00e0 ti\u1ec7n d\u1ee5ng h\u01a1n. D\u1ea1ng nh\u00e0 n\u00e0y c\u0169ng r\u1ea5t d\u1ec5 h\u00f2a h\u1ee3p v\u1edbi ki\u1ebfn tr\u00fac xung quanh, do \u0111\u00f3 \u0111\u00e2y l\u00e0 s\u1ea3n ph\u1ea9m l\u00fd t\u01b0\u1edfng \u0111\u1ec3 s\u1eed d\u1ee5ng cho c\u00e1c m\u1ee5c \u0111\u00edch th\u01b0\u01a1ng m\u1ea1i, c\u00f4ng nghi\u1ec7p v\u00e0 m\u1ed9t s\u1ed1 m\u1ee5c \u0111\u00edch s\u1eed d\u1ee5ng kh\u00f4ng gian kh\u00e1c.<\/li>\n<li><strong><a href=\"https:\/\/zamilsteel.com.vn\/vi\/khai-quat-ve-nha-thep\/\">Nh\u00e0 th\u00e9p<\/a> m\u1ed9t nh\u1ecbp:<\/strong> s\u1eed d\u1ee5ng d\u1ea7m \u0111\u1ee1 l\u1edbn thay cho c\u1ed9t ch\u1ed1ng b\u00ean trong. Lo\u1ea1i nh\u00e0 th\u00e9p n\u00e0y gi\u00fap t\u1ea1o kh\u00f4ng gian n\u1ed9i th\u1ea5t r\u1ed9ng, tho\u00e1ng m\u00e1t, \u0111\u1ed3ng th\u1eddi c\u00f3 th\u1ec3 d\u1ec5 d\u00e0ng s\u1eafp x\u1ebfp s\u00e0n nh\u00e0 theo \u00fd mu\u1ed1n Nh\u00e0 th\u00e9p m\u1ed9t nh\u1ecbp l\u00e0 l\u1ef1a ch\u1ecdn tuy\u1ec7t v\u1eddi cho c\u00e1c c\u00f4ng tr\u00ecnh nh\u00e0 m\u00e1y, nh\u00e0 x\u01b0\u1edfng, nh\u00e0 b\u1ea3o qu\u1ea3n v\u00e0 nh\u00e0 ch\u1ee9a m\u00e1y bay.<\/li>\n<\/ul>\n<p style=\"text-align: justify;\">Xem \u1ee9ng d\u1ee5ng c\u00e1c s\u1ea3n ph\u1ea9m nh\u00e0 th\u00e9p c\u1ee7a ZAMIL STEEL <a href=\"https:\/\/zamilsteel.com.vn\/vi\/san-pham\/\"><strong><u>t\u1ea1i \u0111\u00e2y<\/u><\/strong><\/a><\/p>\n<p>[\/vc_column_text][\/vc_tta_section][vc_tta_section title=&#8221;Gi\u00e1 c\u1ea3?&#8221; tab_id=&#8221;1467966273610-b5aa1d28-86c6&#8243;][vc_column_text]<\/p>\n<p style=\"text-align: justify;\"><strong>GI\u00c1 C\u1ee6A M\u1ed8T C\u00d4NG TR\u00ccNH <em><a title=\"Nh\u00e0 th\u00e9p ti\u1ec1n ch\u1ebf\" href=\"https:\/\/zamilsteel.com.vn\/vi\/khai-quat-ve-nha-thep\/\" target=\"_blank\" rel=\"noopener\">NH\u00c0 TH\u00c9P<\/a><\/em> L\u00c0 BAO NHI\u00caU? <\/strong><\/p>\n<p style=\"text-align: justify;\">Gi\u00e1 c\u1ee7a m\u1ed9t c\u00f4ng tr\u00ecnh nh\u00e0 th\u00e9p \u0111\u01b0\u1ee3c c\u1ea5u th\u00e0nh b\u1edfi nhi\u1ec1u y\u1ebfu t\u1ed1.<\/p>\n<p style=\"text-align: justify;\">Ngo\u00e0i gi\u00e1 c\u1ea3 c\u1ee7a v\u1eadt li\u1ec7u x\u00e2y d\u1ef1ng, gi\u00e1 c\u1ee7a m\u1ed9t c\u00f4ng tr\u00ecnh nh\u00e0 th\u00e9p c\u00f2n ph\u1ee5 thu\u1ed9c v\u00e0o k\u00edch th\u01b0\u1edbc, thi\u1ebft k\u1ebf, c\u00e1c v\u1eadt li\u1ec7u c\u00f3 s\u1eb5n, c\u00e1c y\u1ebfu t\u1ed1 kh\u00e1c nh\u01b0 th\u1eddi gian giao h\u00e0ng, \u0111\u1ecba \u0111i\u1ec3m v\u1eadn chuy\u1ec3n, v.v.<\/p>\n<p style=\"text-align: justify;\">V\u1ec1 c\u01a1 b\u1ea3n, gi\u00e1 c\u1ee7a c\u00f4ng tr\u00ecnh s\u1ebd ph\u1ee5 thu\u1ed9c v\u00e0o c\u00e1c y\u1ebfu t\u1ed1 sau:<\/p>\n<ul style=\"text-align: justify;\">\n<li><strong>C\u00e1c y\u1ebfu t\u1ed1 ch\u00ednh<\/strong>\n<ul>\n<li>K\u00edch th\u01b0\u1edbc c\u1ee7a kh\u00f4ng gian x\u00e2y d\u1ef1ng (D\u00e0i x R\u1ed9ng) v\u00e0 \u0111\u1ecba \u0111i\u1ec3m x\u00e2y d\u1ef1ng<\/li>\n<li>Chi\u1ec1u cao: bao nhi\u00eau t\u1ea7ng (nh\u00e0 cao t\u1ea7ng th\u01b0\u1eddng c\u00f3 chi ph\u00ed cao h\u01a1n so v\u1edbi th\u1ea5p t\u1ea7ng)<\/li>\n<li>C\u00e1c ti\u00eau chu\u1ea9n k\u1ef9 thu\u1eadt trong thi\u1ebft k\u1ebf? (V\u00ed d\u1ee5: ti\u00eau chu\u1ea9n thi\u1ebft k\u1ebf, t\u1ea3i tr\u1ecdng thi\u1ebft k\u1ebf, v.v.)<\/li>\n<li>Ph\u01b0\u01a1ng ph\u00e1p l\u1eafp d\u1ef1ng: b\u1ea1n t\u1ef1 l\u1eafp d\u1ef1ng hay thu\u00ea nh\u00e0 th\u1ea7u l\u1eafp?<\/li>\n<li>Th\u1eddi gian giao h\u00e0ng: b\u1ea1n c\u00f3 mu\u1ed1n \u0111\u01b0\u1ee3c giao h\u00e0ng nhanh kh\u00f4ng?<\/li>\n<\/ul>\n<\/li>\n<li><strong>C\u00e1c y\u1ebfu t\u1ed1 kh\u00e1c <\/strong>\n<ul>\n<li>V\u1eadt li\u1ec7u b\u1ea1n ch\u1ecdn (V\u00ed d\u1ee5: c\u01b0\u1eddng \u0111\u1ed9 th\u00e9p)<\/li>\n<li>\u0110i\u1ec1u ki\u1ec7n c\u00f4ng tr\u01b0\u1eddng (b\u1ec1 m\u1eb7t d\u1ed1c c\u00f3 th\u1ec3 c\u1ea7n \u0111\u1ebfn nhi\u1ec1u gi\u1edd c\u00f4ng h\u01a1n)<\/li>\n<li>Th\u1eddi ti\u1ebft (V\u00ed d\u1ee5: m\u01b0a l\u1edbn, gi\u00f3 l\u1edbn, tuy\u1ebft ho\u1eb7c n\u1eafng g\u1eaft c\u00f3 th\u1ec3 c\u00f3 \u1ea3nh h\u01b0\u1edfng \u0111\u1ebfn th\u1eddi gian l\u1eafp d\u1ef1ng)<\/li>\n<li>\u0110\u1ed9 ph\u1ee9c t\u1ea1p c\u1ee7a k\u1ebft c\u1ea5u (k\u1ebft c\u1ea5u c\u00e0ng ph\u1ee9c t\u1ea1p c\u00e0ng c\u1ea7n nhi\u1ec1u th\u1eddi gian, v\u1eadt li\u1ec7u v\u00e0 c\u00f4ng s\u1ee9c)<\/li>\n<li>Chi\u1ec1u r\u1ed9ng nh\u00e0<\/li>\n<\/ul>\n<\/li>\n<\/ul>\n<p style=\"text-align: justify;\">Khi b\u1ea1n \u0111\u00e3 s\u1eb5n s\u00e0ng xem x\u00e9t t\u1ea5t c\u1ea3 c\u00e1c v\u1ea5n \u0111\u1ec1 tr\u00ean, <a href=\"https:\/\/zamilsteel.com.vn\/requestquotation\/\"><strong><u>h\u00e3y li\u00ean h\u1ec7 v\u1edbi ch\u00fang t\u00f4i <\/u><\/strong><\/a>\u00a0\u0111\u1ec3 \u0111\u01b0\u1ee3c b\u00e1o gi\u00e1 ngay.<\/p>\n<p>[\/vc_column_text][\/vc_tta_section][vc_tta_section title=&#8221;\u0110\u1ed9 an to\u00e0n?&#8221; tab_id=&#8221;1467966520727-c39192ec-b629&#8243;][vc_column_text]<\/p>\n<p style=\"text-align: justify;\"><em><strong><a href=\"https:\/\/zamilsteel.com.vn\/vi\/khai-quat-ve-nha-thep\/\" target=\"_blank\" rel=\"noopener\">Nh\u00e0 th\u00e9p<\/a><\/strong><\/em> c\u00f3 an to\u00e0n kh\u00f4ng?<\/p>\n<p style=\"text-align: justify;\">C\u00e2u tr\u1ea3 l\u1eddi l\u00e0 C\u00d3.<\/p>\n<p style=\"text-align: justify;\">Th\u00e9p l\u00e0 v\u1eadt li\u1ec7u x\u00e2y d\u1ef1ng \u0111\u01b0\u1ee3c \u1ee9ng d\u1ee5ng r\u1ed9ng r\u00e3i nh\u1edd c\u00f3 \u0111\u1ed9 b\u1ec1n, c\u1ee9ng v\u00e0 \u0111\u00e0n h\u1ed3i.<\/p>\n<ul style=\"text-align: justify;\">\n<li><strong>Ch\u1ed1ng ch\u1ecbu \u0111\u01b0\u1ee3c thi\u00ean tai <\/strong><\/li>\n<\/ul>\n<p style=\"text-align: justify;\">\u1ede m\u1ed9t s\u1ed1 khu v\u1ef1c, thi\u00ean tai nh\u01b0 \u0111\u1ed9ng \u0111\u1ea5t, l\u1ed1c xo\u00e1y ho\u1eb7c b\u00e3o c\u00f3 th\u1ec3 x\u1ea3y ra b\u1ea5t c\u1ee9 l\u00fac n\u00e0o. Vi\u1ec7c s\u1eed d\u1ee5ng k\u1ebft c\u1ea5u b\u00ea t\u00f4ng c\u1ea7n b\u1ea3o d\u01b0\u1ee1ng th\u01b0\u1eddng xuy\u00ean v\u00e0 c\u00f3 th\u1ec3 g\u00e2y ra r\u1ea5t nhi\u1ec1u thi\u1ec7t\u00a0 h\u1ea1i khi b\u1ecb h\u1ecfng ho\u1eb7c \u0111\u1ed5 s\u1ee5p. Trong c\u00e1c tr\u01b0\u1eddng h\u1ee3p \u0111\u00f3, nh\u00e0 th\u00e9p \u0111em l\u1ea1i s\u1ef1 linh ho\u1ea1t h\u01a1n.<\/p>\n<ul style=\"text-align: justify;\">\n<li><strong>\u00cdt ph\u1ea3i di\u1ec7t c\u00f4n tr\u00f9ng h\u01a1n <\/strong><\/li>\n<\/ul>\n<p style=\"text-align: justify;\">Do m\u1ed1i, m\u1ecdt v\u00e0 c\u00f4n tr\u00f9ng kh\u00f4ng th\u1ec3 s\u1ed1ng trong k\u1ebft c\u1ea5u th\u00e9p.<\/p>\n<ul style=\"text-align: justify;\">\n<li><strong>Th\u00e9p l\u00e0 S\u1ea2N PH\u1ea8M XANH <\/strong><\/li>\n<\/ul>\n<p style=\"text-align: justify;\">Trong khi b\u00ea t\u00f4ng v\u00e0 g\u1ed7 kh\u00f4ng th\u1ec3 t\u00e1i s\u1eed d\u1ee5ng, th\u00ec nh\u00e0 th\u00e9p c\u00f3 th\u1ec3 l\u1eafp d\u1ef1ng l\u1ea1i, di chuy\u1ec3n t\u1edbi n\u01a1i kh\u00e1c ho\u1eb7c t\u00e1i ch\u1ebf nhi\u1ec1u l\u1ea7n.\u00a0 C\u00e1c b\u1ed9 ph\u1eadn c\u00f3 th\u1ec3 \u0111\u01b0\u1ee3c di chuy\u1ec3n t\u1eeb n\u01a1i n\u00e0y \u0111\u1ebfn n\u01a1i kh\u00e1c m\u1ed9t c\u00e1ch \u0111\u01a1n gi\u1ea3n, v\u1edbi nhi\u1ec1u l\u1ef1a ch\u1ecdn m\u1edf r\u1ed9ng c\u00f4ng tr\u00ecnh khi c\u1ea7n.<\/p>\n<p style=\"text-align: justify;\">SO S\u00c1NH NH\u00c0 TH\u00c9P V\u00c0 NH\u00c0 B\u00ca T\u00d4NG<\/p>\n<table class=\"table table-stripe\">\n<tbody>\n<tr>\n<td style=\"text-align: justify;\" width=\"90\"><strong>\u00a0<\/strong><\/td>\n<td style=\"text-align: center;\" width=\"153\"><span style=\"color: #006bb6;\"><strong>NH\u00c0 B\u00ca T\u00d4NG<\/strong><\/span><\/td>\n<td style=\"text-align: center;\" width=\"225\"><span style=\"color: #006bb6;\"><strong>NH\u00c0 TH\u00c9P<\/strong><\/span><\/td>\n<\/tr>\n<tr style=\"text-align: justify;\">\n<td width=\"90\"><span style=\"color: #006bb6;\"><strong>Th\u1eddi gian x\u00e2y d\u1ef1ng<\/strong><\/span><\/td>\n<td width=\"153\">\n<ul>\n<li>Th\u1eddi gian x\u00e2y d\u1ef1ng l\u00e2u h\u01a1n<\/li>\n<\/ul>\n<\/td>\n<td width=\"225\">\n<ul>\n<li>Gi\u1ea3m th\u1eddi gian x\u00e2y d\u1ef1ng v\u1edbi thi\u1ebft k\u1ebf, ch\u1ebf t\u1ea1o \u0111\u1ed3ng th\u1eddi c\u00e1c b\u1ed9 ph\u1eadn v\u00e0 \u00a0l\u1eafp d\u1ef1ng \u0111\u01b0\u1ee3c ti\u1ebfn h\u00e0nh thu\u1eadn ti\u1ec7n t\u1ea1i c\u00f4ng tr\u01b0\u1eddng<\/li>\n<\/ul>\n<\/td>\n<\/tr>\n<tr style=\"text-align: justify;\">\n<td width=\"90\"><span style=\"color: #006bb6;\"><strong>Ch\u1ea5t l\u01b0\u1ee3ng<\/strong><\/span><\/td>\n<td width=\"153\">\n<ul>\n<li>Vi\u1ec7c \u0111\u1ed5 b\u00ea t\u00f4ng t\u1ea1i c\u00f4ng tr\u01b0\u1eddng ph\u1ee5 thu\u1ed9c v\u00e0o \u0111i\u1ec1u ki\u1ec7n th\u1eddi ti\u1ebft v\u00e0 tay ngh\u1ec1 c\u1ee7a nh\u00e0 th\u1ea7u, \u0111i\u1ec1u n\u00e0y c\u00f3 th\u1ec3 \u1ea3nh h\u01b0\u1edfng \u0111\u1ebfn ch\u1ea5t l\u01b0\u1ee3ng c\u1ee7a c\u00f4ng tr\u00ecnh<\/li>\n<\/ul>\n<\/td>\n<td width=\"225\">\n<ul>\n<li>C\u00e1c c\u1ea5u ki\u1ec7n th\u00e9p \u0111\u01b0\u1ee3c ch\u1ebf t\u1ea1o \u0111\u1ed3ng lo\u1ea1t t\u1ea1i nh\u00e0 m\u00e1y, gi\u00fap qu\u1ea3n l\u00fd ch\u1ea5t l\u01b0\u1ee3ng t\u1ed1t h\u01a1n<\/li>\n<\/ul>\n<\/td>\n<\/tr>\n<tr style=\"text-align: justify;\">\n<td width=\"90\"><span style=\"color: #006bb6;\"><strong>Thi\u1ebft k\u1ebf<\/strong><\/span><\/td>\n<td width=\"153\">\n<ul>\n<li>Khi s\u1eed d\u1ee5ng ph\u01b0\u01a1ng ph\u00e1p thi\u1ebft k\u1ebf ph\u00f9 h\u1ee3p, c\u00e1c c\u00f4ng tr\u00ecnh b\u00ea t\u00f4ng th\u01b0\u1eddng c\u00f3 t\u00ednh n\u0103ng s\u1eed d\u1ee5ng kh\u00e1 linh ho\u1ea1t<\/li>\n<li>Kh\u1ed1i l\u01b0\u1ee3ng l\u1edbn<\/li>\n<\/ul>\n<\/td>\n<td width=\"225\">\n<ul>\n<li>Khung th\u00e9p k\u1ebft c\u1ea5u c\u00f3 th\u1ec3 v\u01b0\u1ee3t nh\u1ecbp l\u1edbn h\u01a1n, \u0111em l\u1ea1\u1ecb kh\u00f4ng gian kh\u00f4ng c\u00f3 c\u1ed9t v\u00e0 s\u1ef1 linh ho\u1ea1t trong vi\u1ec7c b\u1ed1 tr\u00ed kh\u00f4ng gian.<\/li>\n<li>C\u00f3 th\u1ec3 ch\u1ea1y c\u00e1c lo\u1ea1i \u0111\u01b0\u1eddng \u1ed1ng d\u1ec5 d\u00e0ng v\u00e0 thu\u1eadn ti\u1ec7n cho vi\u1ec7c ki\u1ec3m tra, b\u1ea3o d\u01b0\u1ee1ng sau n\u00e0y.<\/li>\n<li>Kh\u1ed1i l\u01b0\u1ee3ng nh\u1ecf, nh\u1eb9<\/li>\n<\/ul>\n<\/td>\n<\/tr>\n<tr style=\"text-align: justify;\">\n<td width=\"90\"><span style=\"color: #006bb6;\"><strong>Kh\u1ea3 n\u0103ng t\u00e1i s\u1eed d\u1ee5ng v\u00e0 \u0111\u1ed9 b\u1ec1n<\/strong><\/span><\/td>\n<td width=\"153\">\n<ul>\n<li>C\u00f3 th\u1ec3 t\u00e1i s\u1eed d\u1ee5ng ch\u1ee7 y\u1ebfu \u1edf d\u1ea1ng \u0111\u00e3 xu\u1ed1ng c\u1ea5p nh\u01b0 l\u00e0m v\u1eadt li\u1ec7u l\u1ea5p.<\/li>\n<li>T\u1ec9 l\u1ec7 t\u00e1i ch\u1ebf \u0111\u1ed1i v\u1edbi c\u00e1c thanh c\u1ed1t th\u00e9p s\u1eed d\u1ee5ng trong c\u00e1c khung b\u00ea t\u00f4ng c\u1ed1t th\u00e9p l\u00e0 kh\u00f4ng \u0111\u00e1ng k\u1ec3<\/li>\n<\/ul>\n<\/td>\n<td width=\"225\">\n<ul>\n<li>Th\u00e9p c\u00f3 th\u1ec3 t\u00e1i s\u1eed d\u1ee5ng \u1edf tr\u1ea1ng th\u00e1i ban \u0111\u1ea7u ho\u1eb7c g\u1ea7n nh\u01b0 ban \u0111\u1ea7u. G\u1ea7n 86% c\u00e1c ti\u1ebft di\u1ec7n th\u00e9p \u0111\u01b0\u1ee3c t\u00e1i ch\u1ebf \u0111\u1ec3 s\u1ea3n xu\u1ea5t th\u00eam c\u00e1c s\u1ea3n ph\u1ea9m th\u00e9p kh\u00e1c; 13% \u0111\u01b0\u1ee3c t\u00e1i s\u1eed d\u1ee5ng nguy\u00ean d\u1ea1ng.<\/li>\n<li>Y\u1ebfu t\u1ed1 ch\u00ednh t\u1ea1o n\u00ean \u0111\u1ed9 b\u1ec1n c\u1ee7a c\u00f4ng tr\u00ecnh th\u00e9p n\u1eb1m \u1edf thi\u1ebft k\u1ebf cho ph\u00e9p th\u00e1o l\u1eafp d\u1ec5 d\u00e0ng. C\u00e1c li\u00ean k\u1ebft bu l\u00f4ng \u0111\u01b0\u1ee3c s\u1eed d\u1ee5ng nhi\u1ec1u h\u01a1n c\u00e1c li\u00ean k\u1ebft \u00a0h\u00e0n.<\/li>\n<\/ul>\n<\/td>\n<\/tr>\n<tr style=\"text-align: justify;\">\n<td width=\"90\"><span style=\"color: #006bb6;\"><strong>\u0110\u1ed9 an to\u00e0n<\/strong><\/span><\/td>\n<td width=\"153\">\n<ul>\n<li>B\u00ea t\u00f4ng c\u1ed1t th\u00e9p c\u00f3 th\u1ec3 ch\u1ed1ng n\u1ed5 v\u00e0 t\u00e1c \u0111\u1ed9ng c\u1ee7a c\u00e1c v\u1ee5 n\u1ed5.<\/li>\n<li>C\u00f3 th\u1ec3 ch\u1ed1ng ch\u1ecbu \u0111\u01b0\u1ee3c nhi\u1ec7t \u0111\u1ed9 cao khi h\u1ecfa ho\u1ea1n trong th\u1eddi gian d\u00e0i m\u00e0 kh\u00f4ng l\u00e0m m\u1ea5t t\u00ednh \u0111\u1ed3ng nh\u1ea5t c\u1ee7a k\u1ebft c\u1ea5u.<\/li>\n<\/ul>\n<\/td>\n<td width=\"225\">\n<ul>\n<li>Nh\u00e0 th\u00e9p ch\u1ed1ng ch\u1ecbu thi\u00ean tai t\u1ed1t h\u01a1n nh\u01b0 b\u00e3o, \u0111\u1ed9ng \u0111\u1ea5t, l\u1ed1c xo\u00e1y.<\/li>\n<\/ul>\n<\/td>\n<\/tr>\n<tr>\n<td style=\"text-align: justify;\" width=\"90\"><span style=\"color: #006bb6;\"><strong>Ti\u1ebft ki\u1ec7m chi ph\u00ed<\/strong><\/span><\/td>\n<td style=\"text-align: justify;\" width=\"153\">&nbsp;<\/p>\n<ul>\n<li>Nh\u00e0 b\u00ea t\u00f4ng c\u00f3 kh\u1ed1i l\u01b0\u1ee3ng n\u1eb7ng h\u01a1n, ch\u1ec9 c\u00f3 m\u1ed9t ph\u1ea7n c\u00f3 th\u1ec3 t\u00e1i s\u1eed d\u1ee5ng \u0111\u01b0\u1ee3c; trong khi vi\u1ec7c x\u00e2y d\u1ef1ng c\u1ea7n nhi\u1ec1u nh\u00e2n l\u1ef1c v\u00e0 t\u1ed1n nhi\u1ec1u th\u1eddi gian h\u01a1n.<\/li>\n<\/ul>\n<p>&nbsp;<\/td>\n<td width=\"225\">\n<ul>\n<li style=\"text-align: justify;\">Nh\u00e0 th\u00e9p c\u00f3 kh\u1ed1i l\u01b0\u1ee3ng nh\u1eb9 h\u01a1n, c\u00f3 th\u1ec3 t\u00e1i s\u1eed d\u1ee5ng v\u00e0 t\u1ed1n \u00edt th\u1eddi gian l\u1eafp d\u1ef1ng h\u01a1n, gi\u00fap ti\u1ebft ki\u1ec7m th\u1eddi gian v\u00e0 chi ph\u00ed<\/li>\n<\/ul>\n<\/td>\n<\/tr>\n<\/tbody>\n<\/table>\n<p>[\/vc_column_text][\/vc_tta_section][\/vc_tta_tabs][\/vc_column][\/vc_row]<\/p>\n","protected":false},"excerpt":{"rendered":"<p>[vc_row][vc_column][vc_custom_heading text=&#8221;Kh\u00e1i qu\u00e1t v\u1ec1 nh\u00e0 th\u00e9p&#8221; el_class=&#8221;my-custom-title&#8221;][vc_empty_space][\/vc_column][\/vc_row][vc_row el_class=&#8221;page-detail&#8221;][vc_column][vc_column_text] Nh\u1eefng \u1ee9ng d\u1ee5ng \u0111\u1ea7u ti\u00ean c\u1ee7a nh\u00e0 th\u00e9p \u0111\u01b0\u1ee3c ghi nh\u1eadn v\u00e0o cu\u1ed1i th\u1ebf k\u1ec9 th\u1ee9 19, khi c\u00e1c nh\u00e0 x\u00e2y d\u1ef1ng h\u00e0ng \u0111\u1ea7u t\u1ea1i Chicago, Paris v\u00e0 London \u0111ang t\u00ecm ki\u1ebfm&#8230;<\/p>\n","protected":false},"author":1,"featured_media":0,"parent":0,"menu_order":0,"comment_status":"closed","ping_status":"closed","template":"","meta":{"footnotes":""},"yst_prominent_words":[541,7179,7169,7167,7176,7178,7174,7171,7172,7173,288,280,401,7170,7175,7168,833,7177,7205,643],"class_list":["post-1917","page","type-page","status-publish","hentry"],"_links":{"self":[{"href":"https:\/\/zamilsteel.com.vn\/vi\/wp-json\/wp\/v2\/pages\/1917","targetHints":{"allow":["GET"]}}],"collection":[{"href":"https:\/\/zamilsteel.com.vn\/vi\/wp-json\/wp\/v2\/pages"}],"about":[{"href":"https:\/\/zamilsteel.com.vn\/vi\/wp-json\/wp\/v2\/types\/page"}],"author":[{"embeddable":true,"href":"https:\/\/zamilsteel.com.vn\/vi\/wp-json\/wp\/v2\/users\/1"}],"replies":[{"embeddable":true,"href":"https:\/\/zamilsteel.com.vn\/vi\/wp-json\/wp\/v2\/comments?post=1917"}],"version-history":[{"count":0,"href":"https:\/\/zamilsteel.com.vn\/vi\/wp-json\/wp\/v2\/pages\/1917\/revisions"}],"wp:attachment":[{"href":"https:\/\/zamilsteel.com.vn\/vi\/wp-json\/wp\/v2\/media?parent=1917"}],"wp:term":[{"taxonomy":"yst_prominent_words","embeddable":true,"href":"https:\/\/zamilsteel.com.vn\/vi\/wp-json\/wp\/v2\/yst_prominent_words?post=1917"}],"curies":[{"name":"wp","href":"https:\/\/api.w.org\/{rel}","templated":true}]}}