{"id":1915,"date":"2016-07-12T04:34:16","date_gmt":"2016-07-12T04:34:16","guid":{"rendered":"https:\/\/stage.zamilsteel.com.vn\/vi\/site-map\/"},"modified":"2021-10-18T13:32:18","modified_gmt":"2021-10-18T06:32:18","slug":"site-map","status":"publish","type":"page","link":"https:\/\/zamilsteel.com.vn\/vi\/site-map\/","title":{"rendered":"S\u01a1 \u0111\u1ed3 website"},"content":{"rendered":"<p>[vc_row][vc_column][vc_custom_heading text=&#8221;S\u01a1 \u0111\u1ed3 website&#8221; el_class=&#8221;my-custom-title&#8221;][vc_empty_space][vc_row_inner][vc_column_inner width=&#8221;1\/3&#8243;][vc_column_text]L\u1ef0A CH\u1eccN ZAMIL STEEL<\/p>\n<ul>\n<li><a href=\"https:\/\/zamilsteel.com.vn\/about-us\/\">V\u1ec1 ch\u00fang t\u00f4i<\/a><\/li>\n<li><a href=\"https:\/\/zamilsteel.com.vn\/the-steel-building-guide\/\">Kh\u00e1i qu\u00e1t v\u1ec1 nh\u00e0 th\u00e9p<\/a>\n<ul>\n<li><a href=\"https:\/\/zamilsteel.com.vn\/the-steel-building-guide\/#1467966273512-1afd4e3b-32d7\">\u1ee8ng d\u1ee5ng<\/a><\/li>\n<li><a href=\"https:\/\/zamilsteel.com.vn\/the-steel-building-guide\/#1467966273610-b5aa1d28-86c6\">Gi\u00e1\u00a0c\u1ea3<\/a><\/li>\n<li><a href=\"https:\/\/zamilsteel.com.vn\/the-steel-building-guide\/#1467966520727-c39192ec-b629\">\u0110\u1ed9 an to\u00e0n<\/a><\/li>\n<\/ul>\n<\/li>\n<li><a href=\"https:\/\/zamilsteel.com.vn\/the-zamil-steel-standards\/\">Ti\u00eau chu\u1ea9n Zamil Steel<\/a>\n<ul>\n<li><a href=\"https:\/\/zamilsteel.com.vn\/the-zamil-steel-standards\/#1467965875422-84083357-338b\">Ch\u1ea5t l\u01b0\u1ee3ng<\/a><\/li>\n<li><a href=\"https:\/\/zamilsteel.com.vn\/the-zamil-steel-standards\/#1467965875544-63d3a564-8bf0\">Gi\u00e1 tr\u1ecb<\/a><\/li>\n<li><a href=\"https:\/\/zamilsteel.com.vn\/the-zamil-steel-standards\/#1470134105455-e224e51b-2925\">Ch\u1ee9ng nh\u1eadn &amp; gi\u1ea3i th\u01b0\u1edfng<\/a><\/li>\n<\/ul>\n<\/li>\n<\/ul>\n<p><a href=\"https:\/\/zamilsteel.com.vn\/product\/\">S\u1ea2N PH\u1ea8M<\/a><\/p>\n<ul>\n<li><a href=\"https:\/\/zamilsteel.com.vn\/portfolio\/pre-engineered-buildings\/\">Nh\u00e0 th\u00e9p ti\u1ec1n ch\u1ebf (PEB)<\/a>\n<ul>\n<li><a href=\"https:\/\/zamilsteel.com.vn\/portfolio\/pre-engineered-buildings\/#146700352372https:\/\/zamilsteel.com.vn\/vi\/portfolio\/pre-engineered-steel-buildings-pebs\/\">T\u00ednh n\u0103ng &amp; l\u1ee3i \u00edch<\/a><\/li>\n<li><a href=\"https:\/\/zamilsteel.com.vn\/portfolio\/pre-engineered-buildings\/#1467003523807-1ff5b5fe-0ae5\">\u1ee8ng d\u1ee5ng<\/a><\/li>\n<li><a href=\"https:\/\/zamilsteel.com.vn\/portfolio\/pre-engineered-buildings\/#1467003564371-091d0e5d-b54d\">Tham kh\u1ea3o<\/a><\/li>\n<\/ul>\n<\/li>\n<li><a href=\"https:\/\/zamilsteel.com.vn\/portfolio\/structural-steel-ss\/\">Th\u00e9p k\u1ebft c\u1ea5u (SS)<\/a>\n<ul>\n<li><a href=\"https:\/\/zamilsteel.com.vn\/portfolio\/structural-steel-ss\/#1467003523724-739323a5-fe45\">T\u00ednh n\u0103ng &amp; l\u1ee3i \u00edch<\/a><\/li>\n<li><a href=\"https:\/\/zamilsteel.com.vn\/portfolio\/structural-steel-ss\/#1467003523807-1ff5b5fe-0ae5\">\u1ee8ng d\u1ee5ng<\/a><\/li>\n<li><a href=\"https:\/\/zamilsteel.com.vn\/portfolio\/structural-steel-ss\/#1467003564371-091d0e5d-b54d\">Tham kh\u1ea3o<\/a><\/li>\n<\/ul>\n<\/li>\n<li><a href=\"https:\/\/zamilsteel.com.vn\/portfolio\/zamil-maxseam-roof-system\/\">H\u1ec7 th\u1ed1ng m\u00e1i MAXSEAM\u00ae<\/a>\n<ul>\n<li><a href=\"https:\/\/zamilsteel.com.vn\/portfolio\/zamil-maxseam-roof-system\/#1467003523724-739323a5-fe45\">T\u00ednh n\u0103ng &amp; l\u1ee3i \u00edch<\/a><\/li>\n<li><a href=\"https:\/\/zamilsteel.com.vn\/portfolio\/zamil-maxseam-roof-system\/#1467003523807-1ff5b5fe-0ae5\">\u1ee8ng d\u1ee5ng<\/a><\/li>\n<li><a href=\"https:\/\/zamilsteel.com.vn\/portfolio\/zamil-maxseam-roof-system\/#1467003564371-091d0e5d-b54d\">Tham kh\u1ea3o<\/a><\/li>\n<\/ul>\n<\/li>\n<li><a href=\"https:\/\/zamilsteel.com.vn\/portfolio\/building-components\/\">Ph\u1ee5 ki\u1ec7n<\/a>\n<ul>\n<li><a href=\"https:\/\/zamilsteel.com.vn\/portfolio\/building-components\/#1467003523724-739323a5-fe45\">T\u00ednh n\u0103ng &amp; l\u1ee3i \u00edch<\/a><\/li>\n<li><a href=\"https:\/\/zamilsteel.com.vn\/portfolio\/building-components\/#1467003523807-1ff5b5fe-0ae5\">\u1ee8ng d\u1ee5ng<\/a><\/li>\n<li><a href=\"https:\/\/zamilsteel.com.vn\/portfolio\/building-components\/#1467003564371-091d0e5d-b54d\">Tham kh\u1ea3o<\/a><\/li>\n<\/ul>\n<\/li>\n<\/ul>\n<p>[\/vc_column_text][\/vc_column_inner][vc_column_inner width=&#8221;1\/3&#8243;][vc_column_text]D\u1ecaCH V\u1ee4<\/p>\n<ul>\n<li><a href=\"https:\/\/zamilsteel.com.vn\/vi\/dich-vu\/thiet-ke\/\">Thi\u1ebft k\u1ebf &amp; K\u1ef9 thu\u1eadt<\/a><\/li>\n<li><a href=\"https:\/\/zamilsteel.com.vn\/vi\/dich-vu\/san-xuat\/\">S\u1ea3n xu\u1ea5t<\/a><\/li>\n<li><a href=\"https:\/\/zamilsteel.com.vn\/vi\/dich-vu\/kho-van\/\">Kho v\u1eadn<\/a><\/li>\n<li><a href=\"https:\/\/zamilsteel.com.vn\/vi\/dich-vu\/lap-dat-bao-duong\/\">L\u1eafp \u0111\u1eb7t &amp; b\u1ea3o d\u01b0\u1ee1ng<\/a><\/li>\n<\/ul>\n<p><a href=\"https:\/\/zamilsteel.com.vn\/project-gallery\/\">TH\u01af VI\u1ec6N \u1ea2NH<\/a><\/p>\n<ul>\n<li>Lo\u1ea1i c\u00f4ng tr\u00ecnh\n<ul>\n<li><a href=\"https:\/\/zamilsteel.com.vn\/project-search\/?building_types%5B%5D=96\">Nh\u00e0 th\u00e9p ti\u1ec1n ch\u1ebf (PEB)<\/a><\/li>\n<li><a href=\"https:\/\/zamilsteel.com.vn\/project-search\/?building_types%5B%5D=97\">Th\u00e9p k\u1ebft c\u1ea5u (SS)<\/a><\/li>\n<\/ul>\n<\/li>\n<li>\u1ee8ng d\u1ee5ng\n<ul>\n<li><a href=\"https:\/\/zamilsteel.com.vn\/project-search\/?building_applications%5B%5D=108\">N\u00f4ng nghi\u1ec7p<\/a><\/li>\n<li><a href=\"https:\/\/zamilsteel.com.vn\/project-search\/?building_applications%5B%5D=109\">H\u00e0ng kh\u00f4ng<\/a><\/li>\n<li><a href=\"https:\/\/zamilsteel.com.vn\/project-search\/?building_applications%5B%5D=110\">Th\u01b0\u01a1ng m\u1ea1i<\/a><\/li>\n<li><a href=\"https:\/\/zamilsteel.com.vn\/project-search\/?building_applications%5B%5D=111\">C\u00f4ng nghi\u1ec7p<\/a><\/li>\n<li><a href=\"https:\/\/zamilsteel.com.vn\/project-search\/?building_applications%5B%5D=112\">X\u00e3 h\u1ed9i<\/a><\/li>\n<\/ul>\n<\/li>\n<li>\u0110\u1ecba \u0111i\u1ec3m\n<ul>\n<li><a href=\"https:\/\/zamilsteel.com.vn\/project-search\/?project_location%5B%5D=122&#038;project_location%5B%5D=119\">Vi\u1ec7t Nam<\/a><\/li>\n<li><a href=\"https:\/\/zamilsteel.com.vn\/project-search\/?project_location%5B%5D=103\">L\u00e0o<\/a><\/li>\n<li><a href=\"https:\/\/zamilsteel.com.vn\/project-search\/?project_location%5B%5D=99\">Cambodia<\/a><\/li>\n<li><a href=\"https:\/\/zamilsteel.com.vn\/project-search\/?project_location%5B%5D=123\">Thailand<\/a><\/li>\n<li><a href=\"https:\/\/zamilsteel.com.vn\/project-search\/?project_location%5B%5D=121\">Singapore<\/a><\/li>\n<li><a href=\"https:\/\/zamilsteel.com.vn\/project-search\/?project_location%5B%5D=104\">Malaysia<\/a><\/li>\n<li><a href=\"https:\/\/zamilsteel.com.vn\/project-search\/?project_location%5B%5D=101\">Indonesia<\/a><\/li>\n<li><a href=\"https:\/\/zamilsteel.com.vn\/project-search\/?project_location%5B%5D=78\">Philipines<\/a><\/li>\n<li><a href=\"https:\/\/zamilsteel.com.vn\/project-search\/?project_location%5B%5D=126\">Myanmar<\/a><\/li>\n<li><a href=\"https:\/\/zamilsteel.com.vn\/project-search\/?project_location%5B%5D=98\">Bangladesh<\/a><\/li>\n<li><a href=\"https:\/\/zamilsteel.com.vn\/project-search\/?project_location%5B%5D=100&#038;project_location%5B%5D=102&#038;project_location%5B%5D=105&#038;project_location%5B%5D=106&#038;project_location%5B%5D=107&#038;project_location%5B%5D=124&#038;project_location%5B%5D=120\">C\u00e1c n\u01b0\u1edbc kh\u00e1c<\/a><\/li>\n<\/ul>\n<\/li>\n<\/ul>\n<p>[\/vc_column_text][\/vc_column_inner][vc_column_inner width=&#8221;1\/3&#8243;][vc_column_text]<a href=\"https:\/\/zamilsteel.com.vn\/resource-center\/\">T\u00c0I LI\u1ec6U THAM KH\u1ea2O<\/a><\/p>\n<ul>\n<li><a href=\"https:\/\/zamilsteel.com.vn\/resource-center\/brochures\/\">T\u00e0i li\u1ec7u qu\u1ea3ng c\u00e1o<\/a>\n<ul>\n<li><a href=\"https:\/\/zamilsteel.com.vn\/resource-center\/brochures\/#1476755542706-c658e9b4-e660\">Ti\u1ebfng\u00a0Vi\u1ec7t<\/a><\/li>\n<li><a href=\"https:\/\/zamilsteel.com.vn\/resource-center\/brochures\/#1476755156576-afa25f32-b826\">Ti\u1ebfng Anh<\/a><\/li>\n<li><a href=\"https:\/\/zamilsteel.com.vn\/resource-center\/brochures\/#1476755206808-4c9301f9-784c\">Ng\u00f4n ng\u1eef kh\u00e1c<\/a><\/li>\n<\/ul>\n<\/li>\n<li><a href=\"https:\/\/zamilsteel.com.vn\/resource-center\/video\/\">Videos<\/a><\/li>\n<li><a href=\"https:\/\/zamilsteel.com.vn\/vi\/category\/press-releases-vi\/\">Tin t\u1ee9c &amp; th\u00f4ng c\u00e1o b\u00e1o ch\u00ed<\/a><\/li>\n<\/ul>\n<p><a href=\"https:\/\/zamilsteel.com.vn\/requestquotation\/\">Y\u00caU C\u1ea6U B\u00c1O GI\u00c1<\/a><\/p>\n<p>TH\u00d4NG TIN CHUNG<\/p>\n<ul>\n<li><a href=\"https:\/\/zamilsteel.com.vn\/contact-us\/\">Li\u00ean l\u1ea1c<\/a><\/li>\n<li><a href=\"https:\/\/zamilsteel.com.vn\/privacy-policy\/\">Ch\u00ednh s\u00e1ch b\u1ea3o m\u1eadt<\/a><\/li>\n<li><a href=\"https:\/\/zamilsteel.com.vn\/faq\/\">FAQ<\/a><\/li>\n<li><a href=\"https:\/\/zamilsteel.com.vn\/employment\/\">Tuy\u1ec3n d\u1ee5ng<\/a><\/li>\n<li><a href=\"https:\/\/zamilsteel.com.vn\/terms-of-use\/\">\u0110i\u1ec1u kho\u1ea3n s\u1eed d\u1ee5ng<\/a><\/li>\n<li><a href=\"https:\/\/zamilsteel.com.vn\/resource-center\/\">T\u00e0i li\u1ec7u tham kh\u1ea3o<\/a><\/li>\n<li><a href=\"https:\/\/zamilsteel.com.vn\/site-map\/\">S\u01a1 \u0111\u1ed3 website<\/a><\/li>\n<\/ul>\n<p>[\/vc_column_text][\/vc_column_inner][\/vc_row_inner][\/vc_column][\/vc_row]<\/p>\n","protected":false},"excerpt":{"rendered":"<p>[vc_row][vc_column][vc_custom_heading text=&#8221;S\u01a1 \u0111\u1ed3 website&#8221; el_class=&#8221;my-custom-title&#8221;][vc_empty_space][vc_row_inner][vc_column_inner width=&#8221;1\/3&#8243;][vc_column_text]L\u1ef0A CH\u1eccN ZAMIL STEEL V\u1ec1 ch\u00fang t\u00f4i Kh\u00e1i qu\u00e1t v\u1ec1 nh\u00e0 th\u00e9p \u1ee8ng d\u1ee5ng Gi\u00e1\u00a0c\u1ea3 \u0110\u1ed9 an to\u00e0n Ti\u00eau chu\u1ea9n Zamil Steel Ch\u1ea5t l\u01b0\u1ee3ng Gi\u00e1 tr\u1ecb Ch\u1ee9ng nh\u1eadn &amp; gi\u1ea3i th\u01b0\u1edfng S\u1ea2N PH\u1ea8M Nh\u00e0 th\u00e9p&#8230;<\/p>\n","protected":false},"author":1,"featured_media":0,"parent":0,"menu_order":0,"comment_status":"closed","ping_status":"closed","template":"templates\/page-sitemap.php","meta":{"footnotes":""},"yst_prominent_words":[1037,1027,1028,1029,199,289,280,1034,203,200,202,914,1035,290,1036,1038,1030,198,197,201],"class_list":["post-1915","page","type-page","status-publish","hentry"],"_links":{"self":[{"href":"https:\/\/zamilsteel.com.vn\/vi\/wp-json\/wp\/v2\/pages\/1915","targetHints":{"allow":["GET"]}}],"collection":[{"href":"https:\/\/zamilsteel.com.vn\/vi\/wp-json\/wp\/v2\/pages"}],"about":[{"href":"https:\/\/zamilsteel.com.vn\/vi\/wp-json\/wp\/v2\/types\/page"}],"author":[{"embeddable":true,"href":"https:\/\/zamilsteel.com.vn\/vi\/wp-json\/wp\/v2\/users\/1"}],"replies":[{"embeddable":true,"href":"https:\/\/zamilsteel.com.vn\/vi\/wp-json\/wp\/v2\/comments?post=1915"}],"version-history":[{"count":0,"href":"https:\/\/zamilsteel.com.vn\/vi\/wp-json\/wp\/v2\/pages\/1915\/revisions"}],"wp:attachment":[{"href":"https:\/\/zamilsteel.com.vn\/vi\/wp-json\/wp\/v2\/media?parent=1915"}],"wp:term":[{"taxonomy":"yst_prominent_words","embeddable":true,"href":"https:\/\/zamilsteel.com.vn\/vi\/wp-json\/wp\/v2\/yst_prominent_words?post=1915"}],"curies":[{"name":"wp","href":"https:\/\/api.w.org\/{rel}","templated":true}]}}