{"id":1913,"date":"2016-06-24T09:51:14","date_gmt":"2016-06-24T09:51:14","guid":{"rendered":"https:\/\/stage.zamilsteel.com.vn\/vi\/services\/manufacturing\/"},"modified":"2025-10-31T14:41:42","modified_gmt":"2025-10-31T07:41:42","slug":"san-xuat","status":"publish","type":"page","link":"https:\/\/zamilsteel.com.vn\/vi\/dich-vu\/san-xuat\/","title":{"rendered":"S\u1ea3n Xu\u1ea5t"},"content":{"rendered":"<p>[vc_row][vc_column][vc_column_text]<strong>C\u01a0 S\u1ede V\u1eacT CH\u1ea4T V\u00c0 M\u00c1Y M\u00d3C THI\u1ebeT B\u1eca<\/strong><\/p>\n<p>Zamil Steel Buildings Vi\u1ec7t Nam (ZSV) v\u1eadn h\u00e0nh m\u00f4\u0323t nh\u00e0 m\u00e1y s\u1ea3n xu\u1ea5t t\u1ea1i\u00a0 \u0110\u00f4\u0300ng Nai, Vi\u1ec7t Nam, chuy\u00ean s\u1ea3n xu\u1ea5t Nh\u00e0 th\u00e9p ti\u1ec1n ch\u1ebf, Th\u00e9p k\u1ebft c\u1ea5u v\u00e0 c\u00e1c c\u1ea5u ki\u1ec7n kh\u00e1c.[\/vc_column_text][vc_empty_space][vc_empty_space height=&#8221;30px&#8221;][vc_column_text]<\/p>\n<p style=\"text-align: justify;\"><strong>Nh\u00e0 m\u00e1y \u0110\u1ed3ng Nai <\/strong><\/p>\n<div id=\"attachment_4345\" style=\"width: 310px\" class=\"wp-caption alignright\"><img loading=\"lazy\" decoding=\"async\" aria-describedby=\"caption-attachment-4345\" class=\"wp-image-4345 size-medium\" title=\"Nh\u00e0 th\u00e9p ti\u1ec1n ch\u1ebf Zamil Vi\u1ec7t Nam, k\u1ebft c\u1ea5u th\u00e9p Zamil\" src=\"https:\/\/zamilsteel.com.vn\/wp-content\/uploads\/2016\/06\/vlcsnap-2016-07-18-11h24m20s143_Y-300x169.jpg\" alt=\"Nh\u00e0 th\u00e9p ti\u1ec1n ch\u1ebf Zamil Vi\u1ec7t Nam \" width=\"300\" height=\"169\" srcset=\"https:\/\/zamilsteel.com.vn\/wp-content\/uploads\/2016\/06\/vlcsnap-2016-07-18-11h24m20s143_Y-300x169.jpg 300w, https:\/\/zamilsteel.com.vn\/wp-content\/uploads\/2016\/06\/vlcsnap-2016-07-18-11h24m20s143_Y-768x432.jpg 768w, https:\/\/zamilsteel.com.vn\/wp-content\/uploads\/2016\/06\/vlcsnap-2016-07-18-11h24m20s143_Y-1024x576.jpg 1024w, https:\/\/zamilsteel.com.vn\/wp-content\/uploads\/2016\/06\/vlcsnap-2016-07-18-11h24m20s143_Y-370x208.jpg 370w, https:\/\/zamilsteel.com.vn\/wp-content\/uploads\/2016\/06\/vlcsnap-2016-07-18-11h24m20s143_Y.jpg 1200w, https:\/\/zamilsteel.com.vn\/wp-content\/uploads\/2016\/06\/vlcsnap-2016-07-18-11h24m20s143_Y-360x202.jpg 360w\" sizes=\"auto, (max-width: 300px) 100vw, 300px\" \/><p id=\"caption-attachment-4345\" class=\"wp-caption-text\">Nh\u00e0 m\u00e1y \u0110\u1ed3ng Nai<\/p><\/div>\n<p style=\"text-align: justify;\">\u0110\u1ec3 \u0111\u00e1p \u1ee9ng nhu c\u1ea7u ng\u00e0y gia t\u0103ng v\u1ec1 nh\u00e0 th\u00e9p ti\u1ec1n ch\u1ebf v\u00e0 k\u1ebft c\u1ea5u th\u00e9p ch\u1ea5t l\u01b0\u1ee3ng cao t\u1ea1i khu v\u1ef1c ch\u00e2u \u00c1 Th\u00e1i B\u00ecnh D\u01b0\u01a1ng, nha\u0300 ma\u0301y cu\u0309a Zamil Steel Vi\u00ea\u0323t Nam \u0111\u01b0\u01a1\u0323c \u0111\u0103\u0323t ta\u0323i \u0110\u1ed3ng Nai, Vi\u1ec7t Nam (C\u00e1ch TP H\u1ed3 Ch\u00ed Minh 1 gi\u1edd l\u00e1i xe)<\/p>\n<p style=\"text-align: justify;\">Nh\u00e0 m\u00e1y b\u1eaft \u0111\u1ea7u ho\u1ea1t \u0111\u1ed9ng t\u1eeb n\u0103m 2008 v\u00e0 c\u00f3 c\u00f4ng su\u1ea5t s\u1ea3n xu\u1ea5t l\u00e0 102.000 m\u00e9t t\u1ea5n nh\u00e0 th\u00e9p ti\u1ec1n ch\u1ebf v\u00e0 k\u1ebft c\u1ea5u th\u00e9p m\u1ed7i n\u0103m. Ngo\u00e0i h\u1ec7 th\u1ed1ng m\u00e1y m\u00f3c hi\u1ec7n \u0111\u1ea1i, nh\u00e0 m\u00e1y cu\u0309a Zamil Steel Vi\u00ea\u0323t Nam \u0111\u01b0\u1ee3c trang b\u1ecb m\u1ed9t d\u00e2y chuy\u1ec1n s\u1ea3n xu\u1ea5t\u00a0 k\u1ebft c\u1ea5u th\u00e9p m\u1edbi, gi\u00fap nh\u00e0 m\u00e1y c\u00f3 kh\u1ea3 n\u0103ng ch\u1ebf t\u1ea1o, s\u1ea3n xu\u1ea5t cho c\u00e1c d\u1ef1 \u00e1n k\u1ebft c\u1ea5u th\u00e9p quy m\u00f4 l\u1edbn.<\/p>\n<p style=\"text-align: justify;\">Nha\u0300 m\u00e1y t\u1ea1i Vi\u1ec7t Nam n\u1eb1m trong h\u1ec7 th\u1ed1ng c\u01a1 s\u1edf s\u1ea3n xu\u1ea5t to\u00e0n c\u1ea7u c\u1ee7a t\u1eadp \u0111o\u00e0n Zamil Steel. Ngo\u00e0i ra, t\u1eadp \u0111o\u00e0n <a href=\"https:\/\/zamilsteel.com\">Zamil Steel<\/a> c\u00f2n v\u1eadn h\u00e0nh c\u00e1c nh\u00e0 m\u00e1y t\u1ea1i \u1ea2 R\u1eadp Saudi, \u1ea4n \u0110\u1ed9 va\u0300 Ai C\u1eadp, gi\u00fap ch\u00fang t\u00f4i tr\u1edf th\u00e0nh m\u1ed9t trong nh\u1eefng nh\u00e0 s\u1ea3n xu\u1ea5t nh\u00e0 th\u00e9p ti\u1ec1n ch\u1ebf v\u00e0 k\u1ebft c\u1ea5u th\u00e9p l\u1edbn nh\u1ea5t th\u1ebf gi\u1edbi v\u1edbi\u00a0 10 c\u01a1 s\u1edf s\u1ea3n xu\u1ea5t hi\u1ec7n \u0111\u1ea1i tr\u00ean to\u00e0n c\u1ea7u va\u0300 t\u00f4\u0309ng c\u00f4ng su\u00e2\u0301t toa\u0300n c\u00e2\u0300u \u0111a\u0323t t\u01a1\u0301i 500,000 MT\/n\u0103m<\/p>\n<p>[\/vc_column_text][\/vc_column][\/vc_row][vc_row][vc_column][vc_empty_space height=&#8221;30px&#8221;][\/vc_column][\/vc_row][vc_row][vc_column][vc_column_text]<\/p>\n<p style=\"text-align: justify;\"><strong>KI\u1ec2M \u0110\u1ecaNH CH\u1ea4T L\u01af\u1ee2NG<\/strong><\/p>\n<div id=\"attachment_4350\" style=\"width: 310px\" class=\"wp-caption alignright\"><img loading=\"lazy\" decoding=\"async\" aria-describedby=\"caption-attachment-4350\" class=\"wp-image-4350 size-medium\" title=\"Nh\u00e0 th\u00e9p ti\u1ec1n ch\u1ebf Zamil, k\u1ebft c\u1ea5u th\u00e9p, QC, qu\u1ea3n l\u00fd ch\u1ea5t l\u01b0\u1ee3ng\" src=\"https:\/\/zamilsteel.com.vn\/wp-content\/uploads\/2016\/06\/vlcsnap-2016-07-18-11h27m00s201_Y-300x169.jpg\" alt=\"C\u00e1n b\u1ed9 ki\u1ec3m \u0111\u1ecbnh ch\u1ea5t l\u01b0\u1ee3ng c\u1ee7a Zamil Steel\" width=\"300\" height=\"169\" srcset=\"https:\/\/zamilsteel.com.vn\/wp-content\/uploads\/2016\/06\/vlcsnap-2016-07-18-11h27m00s201_Y-300x169.jpg 300w, https:\/\/zamilsteel.com.vn\/wp-content\/uploads\/2016\/06\/vlcsnap-2016-07-18-11h27m00s201_Y-768x432.jpg 768w, https:\/\/zamilsteel.com.vn\/wp-content\/uploads\/2016\/06\/vlcsnap-2016-07-18-11h27m00s201_Y-1024x576.jpg 1024w, https:\/\/zamilsteel.com.vn\/wp-content\/uploads\/2016\/06\/vlcsnap-2016-07-18-11h27m00s201_Y-370x208.jpg 370w, https:\/\/zamilsteel.com.vn\/wp-content\/uploads\/2016\/06\/vlcsnap-2016-07-18-11h27m00s201_Y.jpg 1200w, https:\/\/zamilsteel.com.vn\/wp-content\/uploads\/2016\/06\/vlcsnap-2016-07-18-11h27m00s201_Y-360x203.jpg 360w\" sizes=\"auto, (max-width: 300px) 100vw, 300px\" \/><p id=\"caption-attachment-4350\" class=\"wp-caption-text\">C\u00e1n b\u1ed9 ki\u1ec3m \u0111\u1ecbnh ch\u1ea5t l\u01b0\u1ee3ng c\u1ee7a Zamil Steel<\/p><\/div>\n<p style=\"text-align: justify;\">Zamil Steel Buildings Vi\u1ec7t Nam th\u1ef1c hi\u1ec7n theo ch\u01b0\u01a1ng tr\u00ecnh qu\u1ea3n l\u00fd ch\u1ea5t l\u01b0\u1ee3ng nghi\u00eam ng\u1eb7t \u1edf m\u1ed7i giai \u0111o\u1ea1n trong qu\u00e1 tr\u00ecnh s\u1ea3n xu\u1ea5t c\u1ee7a m\u00ecnh. C\u00f4ng ty c\u00f3 m\u1ed9t Ph\u00f2ng Qu\u1ea3n l\u00fd Ch\u1ea5t l\u01b0\u1ee3ng n\u1ed9i b\u1ed9, ph\u1ed1i\u00a0 h\u1ee3p v\u1edbi c\u00e1c b\u1ed9 ph\u1eadn kh\u00e1c \u0111\u1ec3 \u0111\u1ea3m b\u1ea3o r\u1eb1ng:<\/p>\n<ul style=\"text-align: justify;\">\n<li>Nguy\u00ean li\u1ec7u th\u00f4, v\u1eadt t\u01b0, v\u00e0 h\u00e0ng l\u01b0u kho \u0111\u01b0\u1ee3c nh\u1eadn theo ti\u00eau chu\u1ea9n ch\u1ea5t l\u01b0\u1ee3ng quy \u0111\u1ecbnh.<\/li>\n<li>T\u1ea5t c\u1ea3 c\u00e1c s\u1ea3n ph\u1ea9m \u0111\u01b0\u1ee3c s\u1ea3n xu\u1ea5t theo quy tr\u00ecnh \u0111\u01b0\u1ee3c ph\u00ea duy\u1ec7t \u0111\u1ec3 \u0111\u00e1p \u1ee9ng Ti\u00eau chu\u1ea9n ch\u1ea5t l\u01b0\u1ee3ng y\u00eau c\u1ea7u.<\/li>\n<li>Th\u00e0nh ph\u1ea9m \u0111\u01b0\u1ee3c b\u1ea3o qu\u1ea3n v\u00e0 v\u1eadn chuy\u1ec3n \u1edf \u0111i\u1ec1u ki\u1ec7n an to\u00e0n v\u00e0 \u0111\u1ea3m b\u1ea3o.<\/li>\n<\/ul>\n<p>&nbsp;<\/p>\n<div class=\"mceTemp\"><\/div>\n<p style=\"text-align: justify;\">Zamil Steel Buildings Vi\u1ec7t Nam kh\u00f4ng ng\u1eebng n\u1ed7 l\u1ef1c \u0111\u1ec3 c\u1ea3i thi\u1ec7n s\u1ea3n ph\u1ea9m v\u00e0 quy tr\u00ecnh th\u00f4ng qua vi\u1ec7c gi\u00e1m s\u00e1t th\u1ed1ng k\u00ea nh\u1eefng tr\u01b0\u1eddng h\u1ee3p kh\u00f4ng \u0111\u1ea1t y\u00eau c\u1ea7u trong qu\u00e1 tr\u00ecnh s\u1ea3n xu\u1ea5t n\u1ed9i b\u1ed9 v\u00e0 nh\u1eefng khi\u1ebfu n\u1ea1i c\u1ee7a kh\u00e1ch h\u00e0ng. M\u1ed9t \u0111\u1ed9i ng\u0169 Chuy\u00ean vi\u00ean ki\u1ec3m \u0111\u1ecbnh ch\u1ea5t l\u01b0\u1ee3ng c\u00f3 tr\u00e1ch nhi\u1ec7m theo d\u00f5i ch\u1eb7t ch\u1ebd t\u1eebng ho\u1ea1t \u0111\u1ed9ng ngay t\u1eeb kh\u00e2u \u0111\u00e1nh gi\u00e1 b\u1ea3n v\u1ebd thi c\u00f4ng \u0111\u1ebfn giai \u0111o\u1ea1n ch\u1ebf t\u1ea1o, h\u00e0n, chu\u1ea9n b\u1ecb b\u1ec1 m\u1eb7t, s\u01a1n v\u00e0 v\u1eadn chuy\u1ec3n c\u1ee7a quy tr\u00ecnh s\u1ea3n xu\u1ea5t.<\/p>\n<div id=\"attachment_1524\" style=\"width: 310px\" class=\"wp-caption alignright\"><a href=\"https:\/\/zamilsteel.com.vn\/wp-content\/uploads\/2016\/06\/Manu-Noibai2.png\"><img loading=\"lazy\" decoding=\"async\" aria-describedby=\"caption-attachment-1524\" class=\"wp-image-1524 size-medium\" title=\"Ki\u1ec3m \u0111\u1ecbnh ch\u1ea5t l\u01b0\u1ee3ng k\u1ebft c\u1ea5u th\u00e9p Zamil \" src=\"https:\/\/zamilsteel.com.vn\/wp-content\/uploads\/2016\/06\/Manu-Noibai2-300x216.png\" alt=\"Ki\u1ec3m \u0111\u1ecbnh ch\u1ea5t l\u01b0\u1ee3ng nh\u00e0 th\u00e9p ti\u1ec1n ch\u1ebf Zamil\" width=\"300\" height=\"216\" srcset=\"https:\/\/zamilsteel.com.vn\/wp-content\/uploads\/2016\/06\/Manu-Noibai2-300x216.png 300w, https:\/\/zamilsteel.com.vn\/wp-content\/uploads\/2016\/06\/Manu-Noibai2-370x267.png 370w, https:\/\/zamilsteel.com.vn\/wp-content\/uploads\/2016\/06\/Manu-Noibai2-360x259.png 360w, https:\/\/zamilsteel.com.vn\/wp-content\/uploads\/2016\/06\/Manu-Noibai2-554x400.png 554w, https:\/\/zamilsteel.com.vn\/wp-content\/uploads\/2016\/06\/Manu-Noibai2.png 555w\" sizes=\"auto, (max-width: 300px) 100vw, 300px\" \/><\/a><p id=\"caption-attachment-1524\" class=\"wp-caption-text\">C\u00e1n b\u1ed9 ki\u1ec3m \u0111\u1ecbnh ch\u1ea5t l\u01b0\u1ee3ng c\u1ee7a Zamil Steel<\/p><\/div>\n<p style=\"text-align: justify;\">Quy tr\u00ecnh ki\u1ec3m \u0111\u1ecbnh \u0111\u01b0\u1ee3c x\u00e1c \u0111\u1ecbnh v\u00e0 kh\u1ea3o ch\u1ee9ng nghi\u00eam ng\u1eb7t theo B\u1ea3n K\u1ebf Ho\u1ea1ch ch\u1ea5t l\u01b0\u1ee3ng, d\u1ef1a tr\u00ean khuy\u1ebfn ngh\u1ecb c\u1ee7a ISO 9001(2008). H\u1ed3 s\u01a1 ki\u1ec3m \u0111\u1ecbnh \u0111\u01b0\u1ee3c l\u01b0u tr\u1eef hai n\u0103m \u0111\u1ec3 theo d\u00f5i v\u00e0 c\u00f3 th\u1ec3 l\u00e0 l\u00e2u h\u01a1n n\u1ebfu c\u00f3 y\u00eau c\u1ea7u c\u1ee5 th\u1ec3 trong h\u1ee3p \u0111\u1ed3ng.<\/p>\n<p style=\"text-align: justify;\">Zamil Steel Buildings Vi\u1ec7t Nam \u0111\u00e3 trang b\u1ecb c\u01a1 s\u1edf v\u1eadt ch\u1ea5t hi\u1ec7n \u0111\u1ea1i \u0111\u1ec3 ki\u1ec3m \u0111\u1ecbnh s\u1ea3n ph\u1ea9m v\u1ec1 \u0110\u1ed9 c\u1ee9ng, Si\u00eau \u00e2m, (UT), Ki\u1ec3m tra H\u1ea1t t\u1eeb t\u00ednh (MPT), Ki\u1ec3m tra M\u1ee9c th\u1ea5m ch\u1ea5t l\u1ecfng (PT). Ki\u1ec3m tra C\u01a1 h\u1ecdc, H\u00f3a h\u1ecdc v\u00e0 X-quang \u0111\u01b0\u1ee3c th\u1ecfa thu\u1eadn th\u00eam theo m\u1ed9t s\u1ed1 c\u01a1 quan ki\u1ec3m tra qu\u1ed1c t\u1ebf \u0111\u1eb7t t\u1ea1i \u0111\u1ecba ph\u01b0\u01a1ng nh\u01b0 IBST, QUATEST 1&amp;3, SGS, v\u00e0 APAVE v.v.\u00a0C\u00e1c chuy\u00ean vi\u00ean ki\u1ec3m \u0111\u1ecbnh ch\u1ea5t l\u01b0\u1ee3ng c\u1ee7a Zamil Steel Vi\u1ec7t Nam l\u00e0 nh\u1eefng ng\u01b0\u1eddi c\u00f3 tr\u00ecnh \u0111\u1ed9 v\u00e0 \u0111\u01b0\u1ee3c \u0111\u00e0o t\u1ea1o b\u00e0i b\u1ea3n theo y\u00eau c\u1ea7u c\u1ee7a Hi\u1ec7p h\u1ed9i Th\u1eed nghi\u1ec7m Kh\u00f4ng ph\u00e1 h\u1ee7y M\u1ef9 M\u1ee9c II, III.\u00a0T\u1ea5t c\u1ea3 c\u00e1c th\u1ee3 h\u00e0n t\u1ea1i Zamil Steel Vi\u1ec7t Nam c\u00f3 \u0111\u1ee7 tr\u00ecnh \u0111\u1ed9 \u0111\u1ec3 th\u1ef1c hi\u1ec7n theo quy tr\u00ecnh h\u00e0n \u0111\u01b0\u1ee3c duy\u1ec7t theo Quy chu\u1ea9n c\u1ee7a Hi\u1ec7p h\u1ed9i H\u00e0n M\u1ef9 AWS D1.1 (2008).<\/p>\n<p style=\"text-align: justify;\">Ph\u00f2ng Qu\u1ea3n l\u00fd Ch\u1ea5t l\u01b0\u1ee3ng c\u0169ng ti\u1ebfn h\u00e0nh ki\u1ec3m tra \u0111\u1ecbnh k\u1ef3, theo c\u00e1c y\u00eau c\u1ea7u ISO 9001 v\u1ec1:<\/p>\n<ol>\n<li style=\"text-align: justify;\">Ki\u1ec3m tra v\u1eadt li\u1ec7u \u0111\u1ea7u v\u00e0o<\/li>\n<li style=\"text-align: justify;\">Ki\u1ec3m tra k\u00edch th\u01b0\u1edbc<\/li>\n<li style=\"text-align: justify;\">Ki\u1ec3m tra h\u00e0n<\/li>\n<li style=\"text-align: justify;\">Th\u1eed nghi\u1ec7m si\u00eau \u00e2m<\/li>\n<li style=\"text-align: justify;\">Th\u1eed nghi\u1ec7m h\u1ea1t t\u1eeb t\u00ednh<\/li>\n<li style=\"text-align: justify;\">Th\u1eed nghi\u1ec7m th\u1ea5m ch\u1ea5t l\u1ecfng<\/li>\n<li style=\"text-align: justify;\">Ki\u1ec3m tra chu\u1ea9n b\u1ecb b\u1ec1 m\u1eb7t<\/li>\n<li style=\"text-align: justify;\">Ki\u1ec3m tra s\u01a1n<\/li>\n<li style=\"text-align: justify;\">Ki\u1ec3m tra ho\u00e0n thi\u1ec7n<\/li>\n<\/ol>\n<p>[\/vc_column_text][\/vc_column][\/vc_row]<\/p>\n","protected":false},"excerpt":{"rendered":"<p>[vc_row][vc_column][vc_column_text]C\u01a0 S\u1ede V\u1eacT CH\u1ea4T V\u00c0 M\u00c1Y M\u00d3C THI\u1ebeT B\u1eca Zamil Steel Buildings Vi\u1ec7t Nam (ZSV) v\u1eadn h\u00e0nh m\u00f4\u0323t nh\u00e0 m\u00e1y s\u1ea3n xu\u1ea5t t\u1ea1i\u00a0 \u0110\u00f4\u0300ng Nai, Vi\u1ec7t Nam, chuy\u00ean s\u1ea3n xu\u1ea5t Nh\u00e0 th\u00e9p ti\u1ec1n ch\u1ebf, Th\u00e9p k\u1ebft c\u1ea5u v\u00e0 c\u00e1c c\u1ea5u&#8230;<\/p>\n","protected":false},"author":1,"featured_media":0,"parent":1903,"menu_order":0,"comment_status":"closed","ping_status":"closed","template":"","meta":{"footnotes":""},"yst_prominent_words":[3850,817,818,7993,824,816,293,280,508,815,829,511,7145,185,830,828],"class_list":["post-1913","page","type-page","status-publish","hentry"],"_links":{"self":[{"href":"https:\/\/zamilsteel.com.vn\/vi\/wp-json\/wp\/v2\/pages\/1913","targetHints":{"allow":["GET"]}}],"collection":[{"href":"https:\/\/zamilsteel.com.vn\/vi\/wp-json\/wp\/v2\/pages"}],"about":[{"href":"https:\/\/zamilsteel.com.vn\/vi\/wp-json\/wp\/v2\/types\/page"}],"author":[{"embeddable":true,"href":"https:\/\/zamilsteel.com.vn\/vi\/wp-json\/wp\/v2\/users\/1"}],"replies":[{"embeddable":true,"href":"https:\/\/zamilsteel.com.vn\/vi\/wp-json\/wp\/v2\/comments?post=1913"}],"version-history":[{"count":2,"href":"https:\/\/zamilsteel.com.vn\/vi\/wp-json\/wp\/v2\/pages\/1913\/revisions"}],"predecessor-version":[{"id":24722,"href":"https:\/\/zamilsteel.com.vn\/vi\/wp-json\/wp\/v2\/pages\/1913\/revisions\/24722"}],"up":[{"embeddable":true,"href":"https:\/\/zamilsteel.com.vn\/vi\/wp-json\/wp\/v2\/pages\/1903"}],"wp:attachment":[{"href":"https:\/\/zamilsteel.com.vn\/vi\/wp-json\/wp\/v2\/media?parent=1913"}],"wp:term":[{"taxonomy":"yst_prominent_words","embeddable":true,"href":"https:\/\/zamilsteel.com.vn\/vi\/wp-json\/wp\/v2\/yst_prominent_words?post=1913"}],"curies":[{"name":"wp","href":"https:\/\/api.w.org\/{rel}","templated":true}]}}