{"id":1911,"date":"2016-06-24T09:52:33","date_gmt":"2016-06-24T09:52:33","guid":{"rendered":"https:\/\/stage.zamilsteel.com.vn\/vi\/services\/installation-construction\/"},"modified":"2021-10-19T08:39:38","modified_gmt":"2021-10-19T01:39:38","slug":"lap-dat-bao-duong","status":"publish","type":"page","link":"https:\/\/zamilsteel.com.vn\/vi\/dich-vu\/lap-dat-bao-duong\/","title":{"rendered":"L\u1eafp \u0110\u1eb7t &#038; B\u1ea3o D\u01b0\u1ee1ng"},"content":{"rendered":"<p>[vc_row][vc_column][vc_row_inner][vc_column_inner width=&#8221;1\/2&#8243;][vc_single_image image=&#8221;1500&#8243; img_size=&#8221;full&#8221; alignment=&#8221;center&#8221;][\/vc_column_inner][vc_column_inner width=&#8221;1\/2&#8243;][vc_single_image image=&#8221;1502&#8243; img_size=&#8221;full&#8221; alignment=&#8221;center&#8221;][\/vc_column_inner][\/vc_row_inner][vc_empty_space][\/vc_column][\/vc_row][vc_row][vc_column][vc_tta_tabs shape=&#8221;square&#8221; spacing=&#8221;35&#8243; gap=&#8221;35&#8243; active_section=&#8221;1&#8243;][vc_tta_section title=&#8221;GI\u00c1M S\u00c1T &#8221; tab_id=&#8221;1476693461989-c74fd9c6-c275&#8243;][vc_column_text]<\/p>\n<h2 style=\"text-align: justify;\"><strong>NH\u00c0 TH\u00c9P TI\u1ec0N CH\u1ebe | GI\u00c1M S\u00c1T T\u1ea0I C\u00d4NG TR\u01af\u1edcNG<\/strong><\/h2>\n<p style=\"text-align: justify;\"><a href=\"https:\/\/zamilsteel.com.vn\/\">Zamil Steel Buildings Vi\u1ec7t Nam<\/a> cung c\u1ea5p d\u1ecbch v\u1ee5\u00a0 l\u1eafp d\u1ef1ng cho t\u1ea5t c\u1ea3 c\u00e1c s\u1ea3n ph\u1ea9m cung c\u1ea5p b\u1edfi Zamil Steel, bao g\u1ed3m: nh\u00e0 th\u00e9p ti\u1ec1n ch\u1ebf, th\u00e9p k\u1ebft c\u1ea5u v\u00e0 h\u1ec7 th\u1ed1ng m\u00e1i l\u1ee3p MaxSEAM. Zamil Steel s\u1edf h\u1eefu m\u1ed9t \u0111\u1ed9i ng\u0169 \u0111i\u1ec1u ph\u1ed1i vi\u00ean l\u1eafp d\u1ef1ng (EC) c\u00f3 nhi\u1ec7m v\u1ee5 gi\u00e1m s\u00e1t c\u00f4ng tr\u01b0\u1eddng d\u1ef1 \u00e1n v\u1edbi m\u1ecdi quy m\u00f4 v\u00e0 \u0111\u1ecba \u0111i\u1ec3m.<\/p>\n<p style=\"text-align: justify;\">\u0110\u1ed9i ng\u0169 EC c\u1ee7a ch\u00fang t\u00f4i s\u1ebd h\u1ed7 tr\u1ee3 kh\u00e1ch h\u00e0ng, kh\u00f4ng ch\u1ec9 trong vi\u1ec7c nh\u1eadn v\u1eadt li\u1ec7u t\u1ea1i c\u00f4ng tr\u01b0\u1eddng, m\u00e0 c\u00f2n gi\u00e1m s\u00e1t to\u00e0n b\u1ed9 vi\u1ec7c quy ho\u1ea1ch v\u00e0 th\u1ef1c hi\u1ec7n quy tr\u00ecnh \u0111\u1ec3 \u0111\u1ea3m b\u1ea3o r\u1eb1ng c\u00f4ng tr\u00ecnh nh\u00e0 th\u00e9p ti\u1ec1n ch\u1ebf c\u1ee7a kh\u00e1ch h\u00e0ng \u0111\u01b0\u1ee3c l\u1eafp d\u1ef1ng theo ti\u00eau chu\u1ea9n an to\u00e0n &amp; ch\u1ea5t l\u01b0\u1ee3ng qu\u1ed1c t\u1ebf c\u1ee7a Zamil Steel.<\/p>\n<p style=\"text-align: justify;\">Ph\u1ea1m vi c\u00f4ng vi\u1ec7c c\u1ee7a ch\u00fang t\u00f4i bao g\u1ed3m:<\/p>\n<ol style=\"text-align: justify;\">\n<li>Nh\u1eadn v\u00e0 ph\u00e2n t\u00edch t\u00e0i li\u1ec7u k\u1ef9 thu\u1eadt<\/li>\n<li>Ki\u1ec3m tra tr\u01b0\u1edbc khi l\u1eafp d\u1ef1ng<\/li>\n<li>D\u1ee1 container &amp; nh\u1eadn v\u1eadt li\u1ec7u t\u1ea1i c\u00f4ng tr\u01b0\u1eddng, ki\u1ec3m tra s\u1ed1 l\u01b0\u1ee3ng v\u00e0 ch\u1ea5t l\u01b0\u1ee3ng v\u1eadt li\u1ec7u<\/li>\n<li>L\u1eafp d\u1ef1ng nh\u00e0 th\u00e9p theo ti\u00eau chu\u1ea9n an to\u00e0n &amp; ch\u1ea5t l\u01b0\u1ee3ng qu\u1ed1c t\u1ebf c\u1ee7a Zamil Steel. To\u00e0n b\u1ed9 quy tr\u00ecnh tu\u00e2n theo Quy tr\u00ecnh L\u1eafp d\u1ef1ng chu\u1ea9n c\u1ee7a Zamil Steel<\/li>\n<li>Ch\u01b0\u01a1ng tr\u00ecnh ki\u1ec3m tra v\u00e0 ki\u1ec3m \u0111\u1ecbnh<\/li>\n<li>L\u1eadp h\u1ed3 s\u01a1, b\u00e1o c\u00e1o v\u00e0 b\u00e0n giao cho kh\u00e1ch h\u00e0ng<\/li>\n<li>K\u1ebf ho\u1ea1ch b\u1ea3o d\u01b0\u1ee1ng<\/li>\n<\/ol>\n<p>[\/vc_column_text][\/vc_tta_section][vc_tta_section title=&#8221;QLCL C\u00d4NG TR\u00ccNH&#8221; tab_id=&#8221;1476693462483-26232af6-22ee&#8221;][vc_column_text]<\/p>\n<h2 style=\"text-align: justify;\"><strong>NH\u00c0 TH\u00c9P TI\u1ec0N CH\u1ebe | QU\u1ea2N L\u00dd CH\u1ea4T L\u01af\u1ee2NG<\/strong><\/h2>\n<p style=\"text-align: justify;\">S\u1ef1 an to\u00e0n v\u00e0 ch\u1ea5t l\u01b0\u1ee3ng c\u1ee7a c\u00f4ng t\u00e1c l\u1eafp d\u1ef1ng c\u1ee7a ch\u00fang t\u00f4i \u0111\u01b0\u1ee3c \u0111\u1ea3m b\u1ea3o nh\u1edd \u0111\u1ed9i ng\u0169 K\u1ef9 s\u01b0, Gi\u00e1m s\u00e1t, c\u00e1n b\u1ed9 K\u1ef9 thu\u1eadt c\u00f3 kinh nghi\u1ec7m v\u00e0 tr\u00ecnh \u0111\u1ed9.<\/p>\n<p style=\"text-align: justify;\">Quy tr\u00ecnh Qu\u1ea3n l\u00fd ch\u1ea5t l\u01b0\u1ee3ng \u0111\u01b0\u1ee3c th\u1ef1c hi\u1ec7n \u1edf nhi\u1ec1u giai \u0111o\u1ea1n l\u1eafp d\u1ef1ng, t\u1eeb ki\u1ec3m tra ti\u1ebfp nh\u1eadn \u0111\u1ebfn khi b\u00e0n giao cu\u1ed1i c\u00f9ng. \u0110\u1ec3 \u0111\u1ea3m b\u1ea3o \u0111i\u1ec1u n\u00e0y, ch\u00fang t\u00f4i ph\u1ea3i tu\u00e2n th\u1ee7 theo Ch\u01b0\u01a1ng tr\u00ecnh Ki\u1ec3m tra, Ki\u1ec3m \u0111\u1ecbnh chu\u1ea9n (ITP) \/ k\u1ebf ho\u1ea1ch Ch\u1ea5t l\u01b0\u1ee3ng (ho\u1eb7c) Ch\u01b0\u01a1ng tr\u00ecnh Ki\u1ec3m tra, Ki\u1ec3m \u0111\u1ecbnh chu\u1ea9n (ITP) \/ k\u1ebf ho\u1ea1ch Ch\u1ea5t l\u01b0\u1ee3ng theo d\u1ef1 \u00e1n.<\/p>\n<p style=\"text-align: justify;\">K\u1ebf ho\u1ea1ch ch\u1ea5t l\u01b0\u1ee3ng t\u1ed1i thi\u1ec3u ph\u1ea3i c\u00f3 c\u00e1c n\u1ed9i dung sau:<\/p>\n<ol style=\"text-align: justify;\">\n<li>ITP \u2013 Ch\u01b0\u01a1ng tr\u00ecnh Ki\u1ec3m tra v\u00e0 Ki\u1ec3m \u0111\u1ecbnh<\/li>\n<li>Danh s\u00e1ch Ki\u1ec3m tra L\u1eafp d\u1ef1ng (EICL)<\/li>\n<li>B\u00e1o c\u00e1o ph\u01b0\u01a1ng ph\u00e1p<\/li>\n<li>Quy tr\u00ecnh v\u00e0 M\u1eabu ki\u1ec3m tra trong ITP<\/li>\n<li>Quy tr\u00ecnh ch\u1ed1t bu l\u00f4ng<\/li>\n<li>Quy tr\u00ecnh s\u01a1n s\u1eeda<\/li>\n<li>S\u01a1 \u0111\u1ed3 t\u1ed5 ch\u1ee9c c\u00f4ng tr\u01b0\u1eddng bao g\u1ed3m m\u1ed9t ng\u01b0\u1eddi c\u00f3 tr\u00ecnh \u0111\u1ed9 v\u00e0 nhi\u1ec7t t\u00ecnh \u0111\u1ec3 qu\u1ea3n l\u00fd ch\u1ea5t l\u01b0\u1ee3ng v\u00e0 an to\u00e0n<\/li>\n<\/ol>\n<p style=\"text-align: justify;\">L\u1eafp d\u1ef1ng s\u1ebd kh\u00f4ng \u0111\u01b0\u1ee3c th\u1ef1c hi\u1ec7n n\u1ebfu kh\u00f4ng c\u00f3:<\/p>\n<ul>\n<li style=\"text-align: justify;\">B\u1ea3n K\u1ebf ho\u1ea1ch Ch\u1ea5t l\u01b0\u1ee3ng<\/li>\n<li style=\"text-align: justify;\">Ch\u1ec9 \u0111\u1ecbnh ng\u01b0\u1eddi \u0111\u1ea3m b\u1ea3o Ch\u1ea5t l\u01b0\u1ee3ng v\u00e0 An to\u00e0n<\/li>\n<li style=\"text-align: justify;\">Th\u1ef1c hi\u1ec7n H\u1ecdp tr\u01b0\u1edbc khi ki\u1ec3m tra \u2013 PIM<\/li>\n<\/ul>\n<p>[\/vc_column_text][\/vc_tta_section][vc_tta_section title=&#8221;AN TO\u00c0N &#8221; tab_id=&#8221;1476693741882-1aa17dee-6352&#8243;][vc_column_text]<\/p>\n<h2 style=\"text-align: justify;\"><strong>NH\u00c0 TH\u00c9P TI\u1ec0N CH\u1ebe | M\u00d4I TR\u01af\u1edcNG, AN TO\u00c0N V\u00c0 S\u1ee8C KHO\u1eba (EHS)<\/strong><\/h2>\n<p style=\"text-align: justify;\">C\u00e1c nh\u00e2n t\u1ed1 m\u00f4i tr\u01b0\u1eddng, an to\u00e0n v\u00e0 s\u1ee9c kho\u1ebb c\u00f3 \u00fd ngh\u0129a thi\u1ebft y\u1ebfu \u0111\u1ed1i v\u1edbi Zamil Steel Vi\u1ec7t Nam.<\/p>\n<p style=\"text-align: justify;\">Ch\u00fang t\u00f4i tin r\u1eb1ng m\u1ed9t m\u00f4i tr\u01b0\u1eddng l\u00e0m vi\u1ec7c v\u1edbi nh\u1eefng ti\u00eau chu\u1ea9n cao v\u1ec1 v\u1ec7 sinh, an to\u00e0n v\u00e0 s\u1ee9c kho\u1ebb s\u1ebd gi\u00fap gi\u1ea3m thi\u1ec3u r\u1ee7i ro trong c\u00f4ng vi\u1ec7c cho ng\u01b0\u1eddi lao \u0111\u1ed9ng, \u0111\u1ed3ng th\u1eddi th\u00fac \u0111\u1ea9y s\u00e1ng t\u1ea1o v\u00e0 c\u00e1c c\u01a1 h\u1ed9i kinh doanh.<\/p>\n<p style=\"text-align: justify;\">\u0110\u1ed1i v\u1edbi Zamil Steel Vi\u1ec7t Nam, nh\u1eefng r\u1ee7i ro g\u1eb7p ph\u1ea3i v\u1ec1 M\u00f4i tr\u01b0\u1eddng, an to\u00e0n v\u00e0 s\u1ee9c kho\u1ebb ho\u00e0n to\u00e0n c\u00f3 th\u1ec3 ph\u00f2ng ng\u1eeba v\u00e0 ch\u00fang t\u00f4i \u0111ang l\u00e0m t\u1ed1t c\u00f4ng vi\u1ec7c n\u00e0y t\u1ea1i c\u00e1c tr\u1ee5 s\u1edf, v\u0103n ph\u00f2ng, c\u00e1c nh\u00e0 m\u00e1y v\u00e0 c\u00f4ng tr\u01b0\u1eddng c\u1ee7a ch\u00fang t\u00f4i tr\u00ean kh\u1eafp th\u1ebf gi\u1edbi.<\/p>\n<p style=\"text-align: justify;\">\u0110\u1ed9i ng\u0169 c\u1ee7a ch\u00fang t\u00f4i tu\u00e2n th\u1ee7 nghi\u00eam ng\u1eb7t c\u00e1c quy tr\u00ecnh v\u1ec1 an to\u00e0n v\u00e0 qu\u1ea3n l\u00fd an to\u00e0n lao \u0111\u1ed9ng t\u1ea1i c\u00f4ng tr\u01b0\u1eddng c\u1ee7a ch\u00ednh ch\u00fang t\u00f4i v\u00e0 c\u1ee7a kh\u00e1ch h\u00e0ng. Ch\u00fang t\u00f4i c\u0169ng c\u00f3 m\u1ed9t ch\u1ebf \u0111\u1ed9 ki\u1ec3m so\u00e1t an to\u00e0n nghi\u00eam ng\u1eb7t khi tham quan c\u00e1c c\u00f4ng tr\u01b0\u1eddng c\u1ee7a kh\u00e1ch h\u00e0ng.<\/p>\n<p style=\"text-align: justify;\">Ch\u00fang t\u00f4i \u0111\u1ea3m b\u1ea3o r\u1eb1ng c\u00e1c nh\u00e0 th\u1ea7u, c\u00e1c nh\u00e0 x\u00e2y d\u1ef1ng v\u00e0 \u0111i\u1ec1u ph\u1ed1i vi\u00ean d\u1ef1 \u00e1n \u0111\u01b0\u1ee3c l\u1ef1a ch\u1ecdn b\u1edfi Zamil Steel \u0111\u1ec3 x\u00e2y d\u1ef1ng c\u00e1c c\u00f4ng tr\u00ecnh nh\u00e0 th\u00e9p \u0111\u1ec1u tu\u00e2n th\u1ee7 c\u00e1c quy \u0111\u1ecbnh nghi\u00eam ng\u1eb7t v\u00e0 to\u00e0n di\u1ec7n v\u1ec1 m\u00f4i tr\u01b0\u1eddng , an to\u00e0n v\u00e0 s\u1ee9c kho\u1ebb.<\/p>\n<p style=\"text-align: justify;\">M\u1ee5c ti\u00eau c\u1ee7a ch\u00fang t\u00f4i l\u00e0 h\u01b0\u1edbng t\u1edbi vi\u1ec7c kh\u00f4ng x\u1ea3y ra b\u1ea5t c\u1ee9 r\u1ee7i ro n\u00e0o v\u1ec1 m\u00f4i tr\u01b0\u1eddng, an to\u00e0n v\u00e0 s\u1ee9c kho\u1ebb t\u1ea1i n\u01a1i l\u00e0m vi\u1ec7c c\u1ee7a ch\u00fang t\u00f4i v\u00e0 c\u1ee7a kh\u00e1ch h\u00e0ng.<\/p>\n<p style=\"text-align: justify;\">M\u1eb7t kh\u00e1c, ch\u00fang t\u00f4i hi\u1ec3u r\u1eb1ng th\u00e9p l\u00e0 m\u1ed9t s\u1ea3n ph\u1ea9m c\u00f3 th\u1ec3 t\u00e1i s\u1eed d\u1ee5ng v\u00e0 lu\u00f4n c\u1ed1 g\u1eafng gi\u1ea3m thi\u1ec3u nh\u1eefng r\u1ee7i ro v\u1ec1 s\u1ea3n ph\u1ea9m cho kh\u00e1ch h\u00e0ng, \u0111\u1ed3ng th\u1eddi c\u1ed1 g\u1eafng t\u00e1i s\u1eed d\u1ee5ng c\u00e1c s\u1ea3n ph\u1ea9m th\u00e9p th\u1eeba trong qu\u00e1 tr\u00ecnh s\u1ea3n xu\u1ea5t.<\/p>\n<p>[\/vc_column_text][\/vc_tta_section][vc_tta_section title=&#8221;B\u1ea2O D\u01af\u1ee0NG&#8221; tab_id=&#8221;1476693744000-95bd93dc-1121&#8243;][vc_column_text]<\/p>\n<h2 style=\"text-align: justify;\"><strong>NH\u00c0 TH\u00c9P TI\u1ec0N CH\u1ebe | B\u1ea2O D\u01af\u1ee0NG C\u00d4NG TR\u00ccNH<\/strong><\/h2>\n<p style=\"text-align: justify;\">Khi c\u00f4ng tr\u00ecnh \u0111\u00e3 ho\u00e0n thi\u1ec7n, Zamil Steel khuy\u1ebfn c\u00e1o kh\u00e1ch h\u00e0ng n\u00ean th\u1ef1c hi\u1ec7n theo quy tr\u00ecnh b\u1ea3o d\u01b0\u1ee1ng c\u1ee7a ch\u00fang t\u00f4i. B\u1eb1ng c\u00e1ch th\u1ef1c hi\u1ec7n nh\u01b0 tr\u00ean, kh\u00e1ch h\u00e0ng c\u00f3 th\u1ec3 t\u0103ng c\u01b0\u1eddng \u0111\u00e1ng k\u1ec3 tu\u1ed5i th\u1ecd c\u1ee7a c\u00f4ng tr\u00ecnh<\/p>\n<p style=\"text-align: justify;\">T\u1ea7n su\u1ea5t b\u1ea3o d\u01b0\u1ee1ng ph\u1ee5 thu\u1ed9c v\u00e0o m\u00f4i tr\u01b0\u1eddng khu v\u1ef1c l\u1eafp d\u1ef1ng c\u00f4ng tr\u00ecnh. C\u00f3 th\u1ec3 bao g\u1ed3m:<\/p>\n<ul style=\"text-align: justify;\">\n<li>B\u1ea3o d\u01b0\u1ee1ng b\u00ean ngo\u00e0i<\/li>\n<li>B\u1ea3o d\u01b0\u1ee1ng ph\u1ee5 ki\u1ec7n (c\u1ea7n tr\u1ee5c, c\u1eeda, qu\u1ea1t ngu\u1ed3n, v.v)<\/li>\n<\/ul>\n<p style=\"text-align: justify;\">Kh\u00e1ch h\u00e0ng n\u00ean gi\u1eef S\u1ed5 B\u1ea3o d\u01b0\u1ee1ng \u0111\u1ecbnh k\u1ef3, trong \u0111\u00f3 c\u00e1c ng\u00e0y b\u1ea3o d\u01b0\u1ee1ng \u0111\u01b0\u1ee3c ghi l\u1ea1i v\u00e0 c\u00f3 ch\u1eef k\u00fd c\u1ee7a nh\u00e2n vi\u00ean b\u1ea3o d\u01b0\u1ee1ng c\u1ee7a ch\u00fang t\u00f4i.<\/p>\n<p>[\/vc_column_text][\/vc_tta_section][\/vc_tta_tabs][\/vc_column][\/vc_row]<\/p>\n","protected":false},"excerpt":{"rendered":"<p>[vc_row][vc_column][vc_row_inner][vc_column_inner width=&#8221;1\/2&#8243;][vc_single_image image=&#8221;1500&#8243; img_size=&#8221;full&#8221; alignment=&#8221;center&#8221;][\/vc_column_inner][vc_column_inner width=&#8221;1\/2&#8243;][vc_single_image image=&#8221;1502&#8243; img_size=&#8221;full&#8221; alignment=&#8221;center&#8221;][\/vc_column_inner][\/vc_row_inner][vc_empty_space][\/vc_column][\/vc_row][vc_row][vc_column][vc_tta_tabs shape=&#8221;square&#8221; spacing=&#8221;35&#8243; gap=&#8221;35&#8243; active_section=&#8221;1&#8243;][vc_tta_section title=&#8221;GI\u00c1M S\u00c1T &#8221; tab_id=&#8221;1476693461989-c74fd9c6-c275&#8243;][vc_column_text] NH\u00c0 TH\u00c9P TI\u1ec0N CH\u1ebe | GI\u00c1M S\u00c1T T\u1ea0I C\u00d4NG TR\u01af\u1edcNG Zamil Steel Buildings Vi\u1ec7t Nam cung c\u1ea5p d\u1ecbch v\u1ee5\u00a0 l\u1eafp d\u1ef1ng cho t\u1ea5t&#8230;<\/p>\n","protected":false},"author":1,"featured_media":0,"parent":1903,"menu_order":0,"comment_status":"closed","ping_status":"closed","template":"","meta":{"footnotes":""},"yst_prominent_words":[821,320,887,314,886,324,819,892,888,884,289,280,290,891,883,889,885,890,893,3818],"class_list":["post-1911","page","type-page","status-publish","hentry"],"_links":{"self":[{"href":"https:\/\/zamilsteel.com.vn\/vi\/wp-json\/wp\/v2\/pages\/1911","targetHints":{"allow":["GET"]}}],"collection":[{"href":"https:\/\/zamilsteel.com.vn\/vi\/wp-json\/wp\/v2\/pages"}],"about":[{"href":"https:\/\/zamilsteel.com.vn\/vi\/wp-json\/wp\/v2\/types\/page"}],"author":[{"embeddable":true,"href":"https:\/\/zamilsteel.com.vn\/vi\/wp-json\/wp\/v2\/users\/1"}],"replies":[{"embeddable":true,"href":"https:\/\/zamilsteel.com.vn\/vi\/wp-json\/wp\/v2\/comments?post=1911"}],"version-history":[{"count":0,"href":"https:\/\/zamilsteel.com.vn\/vi\/wp-json\/wp\/v2\/pages\/1911\/revisions"}],"up":[{"embeddable":true,"href":"https:\/\/zamilsteel.com.vn\/vi\/wp-json\/wp\/v2\/pages\/1903"}],"wp:attachment":[{"href":"https:\/\/zamilsteel.com.vn\/vi\/wp-json\/wp\/v2\/media?parent=1911"}],"wp:term":[{"taxonomy":"yst_prominent_words","embeddable":true,"href":"https:\/\/zamilsteel.com.vn\/vi\/wp-json\/wp\/v2\/yst_prominent_words?post=1911"}],"curies":[{"name":"wp","href":"https:\/\/api.w.org\/{rel}","templated":true}]}}