{"id":1903,"date":"2014-11-11T11:13:51","date_gmt":"2014-11-11T11:13:51","guid":{"rendered":"https:\/\/stage.zamilsteel.com.vn\/vi\/services\/"},"modified":"2021-10-18T11:45:37","modified_gmt":"2021-10-18T04:45:37","slug":"dich-vu","status":"publish","type":"page","link":"https:\/\/zamilsteel.com.vn\/vi\/dich-vu\/","title":{"rendered":"D\u1ecbch V\u1ee5"},"content":{"rendered":"<p>[vc_row][vc_column][vc_custom_heading text=&#8221;D\u1ecbch V\u1ee5&#8221; el_class=&#8221;my-custom-title&#8221;][vc_empty_space][vc_row_inner][vc_column_inner width=&#8221;1\/3&#8243;][vc_single_image image=&#8221;1447&#8243; img_size=&#8221;full&#8221;]<h5 class='' ><span>Thi\u1ebft K\u1ebf &amp; L\u1eafp D\u1ef1ng<\/span><\/h5>[vc_column_text]V\u1edbi \u0111\u1ed9i ng\u0169 k\u1ef9 s\u01b0 gi\u00e0u kinh nghi\u1ec7m, Zamil Steel \u0111\u01b0a ra c\u00e1c gi\u1ea3i ph\u00e1p thi\u1ebft k\u1ebf nh\u00e0 th\u00e9p ti\u1ec1n ch\u1ebf, th\u00e9p k\u1ebft c\u1ea5u, t\u00f2a nh\u00e0 cao t\u1ea7ng, c\u00e1c d\u1ea7m v\u00e0 s\u00e0n th\u00e9p m\u1edf[\/vc_column_text][vc_empty_space height=&#8221;10px&#8221;]<a target=\"_self\" href=\"\/vi\/services\/designing-engineering\/\" class=\"btn btn-sm style-4\" id=\"custom-id-0\" style=\"\">XEM TH\u00caM<\/a>[\/vc_column_inner][vc_column_inner width=&#8221;1\/3&#8243;][vc_single_image image=&#8221;1453&#8243; img_size=&#8221;full&#8221;]<h5 class='' ><span>S\u1ea3n Xu\u1ea5t<\/span><\/h5>[vc_column_text]Zamil Steel Vi\u1ec7t Nam (ZSV) v\u1eadn h\u00e0nh hai nh\u00e0 m\u00e1y s\u1ea3n xu\u1ea5t t\u1ea1i Vi\u1ec7t Nam, chuy\u00ean s\u1ea3n xu\u1ea5t Nh\u00e0 th\u00e9p ti\u1ec1n ch\u1ebf, Th\u00e9p k\u1ebft c\u1ea5u v\u00e0 c\u00e1c c\u1ea5u ki\u1ec7n kh\u00e1c.[\/vc_column_text][vc_empty_space height=&#8221;10px&#8221;]<a target=\"_self\" href=\"\/vi\/services\/manufacturing\/\" class=\"btn btn-sm style-4\" id=\"custom-id-1\" style=\"\">XEM TH\u00caM<\/a>[\/vc_column_inner][vc_column_inner width=&#8221;1\/3&#8243;][vc_single_image image=&#8221;1451&#8243; img_size=&#8221;full&#8221;]<h5 class='' ><span>Kho V\u1eadn<\/span><\/h5>[vc_column_text]Ch\u00fang t\u00f4i am hi\u1ec3u c\u00e1ch th\u1ee9c c\u00e1c l\u00f4 h\u00e0ng \u0111\u01b0\u1ee3c v\u1eadn chuy\u1ec3n b\u1eb1ng \u0111\u01b0\u1eddng bi\u1ec3n ra c\u00e1c c\u1ea3ng n\u01b0\u1edbc ngo\u00e0i v\u00e0 kh\u1ea3 n\u0103ng h\u1ecfng h\u00f3c trong qu\u00e1 tr\u00ecnh v\u1eadn chuy\u1ec3n, v\u00e0 lu\u00f4n t\u00ecm c\u00e1ch gi\u1ea3m thi\u1ec3u t\u1ed5n th\u1ea5t cho kh\u00e1ch h\u00e0ng[\/vc_column_text][vc_empty_space height=&#8221;10px&#8221;]<a target=\"_self\" href=\"\/vi\/services\/logistics\/\" class=\"btn btn-sm style-4\" id=\"custom-id-2\" style=\"\">XEM TH\u00caM<\/a>[\/vc_column_inner][\/vc_row_inner][vc_row_inner][vc_column_inner width=&#8221;1\/3&#8243;][vc_single_image image=&#8221;1449&#8243; img_size=&#8221;full&#8221;]<h5 class='' ><span>L\u1eafp \u0110\u1eb7t &amp; B\u1ea3o D\u01b0\u1ee1ng<\/span><\/h5>[vc_column_text]Zamil Steel Vi\u1ec7t Nam cung c\u1ea5p d\u1ecbch v\u1ee5 l\u1eafp \u0111\u1eb7t v\u00e0 l\u1eafp d\u1ef1ng cho t\u1ea5t c\u1ea3 c\u00e1c s\u1ea3n ph\u1ea9m, v\u1edbi \u0111\u1ed9i ng\u0169 \u0111i\u1ec1u ph\u1ed1i vi\u00ean l\u1eafp d\u1ef1ng (EC) \u0111\u01b0\u1ee3c \u0111i\u1ec1u \u0111\u1ed9ng \u0111\u1ec3 gi\u00e1m s\u00e1t c\u00f4ng tr\u01b0\u1eddng d\u1ef1 \u00e1n v\u1edbi m\u1ecdi quy m\u00f4 v\u00e0 \u0111\u1ecba \u0111i\u1ec3m.[\/vc_column_text][vc_empty_space height=&#8221;10px&#8221;]<a target=\"_self\" href=\"\/vi\/services\/installation-construction\/\" class=\"btn btn-sm style-4\" id=\"custom-id-3\" style=\"\">XEM TH\u00caM<\/a>[\/vc_column_inner][\/vc_row_inner][\/vc_column][\/vc_row]<\/p>\n","protected":false},"excerpt":{"rendered":"<p>[vc_row][vc_column][vc_custom_heading text=&#8221;D\u1ecbch V\u1ee5&#8221; el_class=&#8221;my-custom-title&#8221;][vc_empty_space][vc_row_inner][vc_column_inner width=&#8221;1\/3&#8243;][vc_single_image image=&#8221;1447&#8243; img_size=&#8221;full&#8221;][vc_column_text]V\u1edbi \u0111\u1ed9i ng\u0169 k\u1ef9 s\u01b0 gi\u00e0u kinh nghi\u1ec7m, Zamil Steel \u0111\u01b0a ra c\u00e1c gi\u1ea3i ph\u00e1p thi\u1ebft k\u1ebf nh\u00e0 th\u00e9p ti\u1ec1n ch\u1ebf, th\u00e9p k\u1ebft c\u1ea5u, t\u00f2a nh\u00e0 cao t\u1ea7ng, c\u00e1c d\u1ea7m v\u00e0 s\u00e0n th\u00e9p m\u1edf[\/vc_column_text][vc_empty_space&#8230;<\/p>\n","protected":false},"author":1,"featured_media":0,"parent":0,"menu_order":0,"comment_status":"open","ping_status":"open","template":"","meta":{"footnotes":""},"yst_prominent_words":[7188,7185,288,289,280,7183,652,914,385,290,7187,7184,833,384,7189,7186,7182,295],"class_list":["post-1903","page","type-page","status-publish","hentry"],"_links":{"self":[{"href":"https:\/\/zamilsteel.com.vn\/vi\/wp-json\/wp\/v2\/pages\/1903","targetHints":{"allow":["GET"]}}],"collection":[{"href":"https:\/\/zamilsteel.com.vn\/vi\/wp-json\/wp\/v2\/pages"}],"about":[{"href":"https:\/\/zamilsteel.com.vn\/vi\/wp-json\/wp\/v2\/types\/page"}],"author":[{"embeddable":true,"href":"https:\/\/zamilsteel.com.vn\/vi\/wp-json\/wp\/v2\/users\/1"}],"replies":[{"embeddable":true,"href":"https:\/\/zamilsteel.com.vn\/vi\/wp-json\/wp\/v2\/comments?post=1903"}],"version-history":[{"count":0,"href":"https:\/\/zamilsteel.com.vn\/vi\/wp-json\/wp\/v2\/pages\/1903\/revisions"}],"wp:attachment":[{"href":"https:\/\/zamilsteel.com.vn\/vi\/wp-json\/wp\/v2\/media?parent=1903"}],"wp:term":[{"taxonomy":"yst_prominent_words","embeddable":true,"href":"https:\/\/zamilsteel.com.vn\/vi\/wp-json\/wp\/v2\/yst_prominent_words?post=1903"}],"curies":[{"name":"wp","href":"https:\/\/api.w.org\/{rel}","templated":true}]}}