{"id":1897,"date":"2016-06-27T09:47:38","date_gmt":"2016-06-27T09:47:38","guid":{"rendered":"https:\/\/stage.zamilsteel.com.vn\/vi\/resource-center\/"},"modified":"2018-10-24T04:38:42","modified_gmt":"2018-10-24T04:38:42","slug":"tai-lieu","status":"publish","type":"page","link":"https:\/\/zamilsteel.com.vn\/vi\/tai-lieu\/","title":{"rendered":"T\u00e0i Li\u1ec7u Tham Kh\u1ea3o"},"content":{"rendered":"<p>T\u00e0i li\u1ec7u tham kh\u1ea3o v\u1ec1 s\u1ea3n ph\u1ea9m k\u1ebft c\u1ea5u th\u00e9p, nh\u00e0 th\u00e9p ti\u1ec1n ch\u1ebf<\/p>\n","protected":false},"excerpt":{"rendered":"<p>T\u00e0i li\u1ec7u tham kh\u1ea3o v\u1ec1 s\u1ea3n ph\u1ea9m k\u1ebft c\u1ea5u th\u00e9p, nh\u00e0 th\u00e9p ti\u1ec1n ch\u1ebf<\/p>\n","protected":false},"author":1,"featured_media":0,"parent":0,"menu_order":0,"comment_status":"closed","ping_status":"closed","template":"","meta":{"footnotes":""},"yst_prominent_words":[3753],"class_list":["post-1897","page","type-page","status-publish","hentry"],"_links":{"self":[{"href":"https:\/\/zamilsteel.com.vn\/vi\/wp-json\/wp\/v2\/pages\/1897","targetHints":{"allow":["GET"]}}],"collection":[{"href":"https:\/\/zamilsteel.com.vn\/vi\/wp-json\/wp\/v2\/pages"}],"about":[{"href":"https:\/\/zamilsteel.com.vn\/vi\/wp-json\/wp\/v2\/types\/page"}],"author":[{"embeddable":true,"href":"https:\/\/zamilsteel.com.vn\/vi\/wp-json\/wp\/v2\/users\/1"}],"replies":[{"embeddable":true,"href":"https:\/\/zamilsteel.com.vn\/vi\/wp-json\/wp\/v2\/comments?post=1897"}],"version-history":[{"count":0,"href":"https:\/\/zamilsteel.com.vn\/vi\/wp-json\/wp\/v2\/pages\/1897\/revisions"}],"wp:attachment":[{"href":"https:\/\/zamilsteel.com.vn\/vi\/wp-json\/wp\/v2\/media?parent=1897"}],"wp:term":[{"taxonomy":"yst_prominent_words","embeddable":true,"href":"https:\/\/zamilsteel.com.vn\/vi\/wp-json\/wp\/v2\/yst_prominent_words?post=1897"}],"curies":[{"name":"wp","href":"https:\/\/api.w.org\/{rel}","templated":true}]}}