{"id":1887,"date":"2016-06-24T08:55:10","date_gmt":"2016-06-24T08:55:10","guid":{"rendered":"https:\/\/stage.zamilsteel.com.vn\/vi\/privacy-policy\/"},"modified":"2017-04-17T01:22:43","modified_gmt":"2017-04-17T01:22:43","slug":"privacy-policy","status":"publish","type":"page","link":"https:\/\/zamilsteel.com.vn\/vi\/privacy-policy\/","title":{"rendered":"Ch\u00ednh S\u00e1ch B\u1ea3o M\u1eadt"},"content":{"rendered":"<p>[vc_row][vc_column][vc_custom_heading text=&#8221;Ch\u00ednh S\u00e1ch B\u1ea3o M\u1eadt&#8221; el_class=&#8221;my-custom-title&#8221;][vc_empty_space][vc_column_text]Zamil Steel x\u00e2y d\u1ef1ng ch\u00ednh s\u00e1ch b\u1ea3o m\u1eadt n\u00e0y \u0111\u1ec3 th\u1ec3 hi\u1ec7n s\u1ef1 t\u00f4n tr\u1ecdng \u0111\u1ed1i v\u1edbi s\u1ef1 ri\u00eang t\u01b0 c\u1ee7a <strong>kh\u00e1ch h\u00e0ng<\/strong> tr\u1ef1c tuy\u1ebfn c\u1ee7a ch\u00fang t\u00f4i. Ph\u1ea7n d\u01b0\u1edbi \u0111\u00e2y ti\u1ebft l\u1ed9 c\u00e1c th\u00f4ng tin thu th\u1eadp v\u00e0 ph\u1ed5 bi\u1ebfn c\u00e1c th\u1ef1c h\u00e0nh \u0111\u01b0\u1ee3c s\u1eed d\u1ee5ng tr\u00ean trang web n\u00e0y (\u201cTrang web\u201d) thay m\u1eb7t cho Zamil Steel v\u00e0 nh\u1eefng chi nh\u00e1nh c\u1ee7a Zamil Steel.<\/p>\n<p>M\u1eabu th\u00f4ng tin tr\u00ean trang web c\u1ee7a ch\u00fang t\u00f4i cho ph\u00e9p qu\u00fd v\u1ecb cung c\u1ea5p cho ch\u00fang t\u00f4i m\u1ed9t s\u1ed1 th\u00f4ng tin c\u00e1 nh\u00e2n (nh\u01b0 t\u00ean, c\u00f4ng ty\/t\u1ed5 ch\u1ee9c, \u0111\u1ecba ch\u1ec9, s\u1ed1 \u0111i\u1ec7n tho\u1ea1i v\u00e0 \u0111\u1ecba ch\u1ec9 email c\u1ee7a qu\u00fd v\u1ecb). Ngo\u00e0i ra, trang web c\u1ee7a ch\u00fang t\u00f4i cho ph\u00e9p qu\u00fd v\u1ecb y\u00eau c\u1ea7u th\u00f4ng tin t\u1eeb ch\u00fang t\u00f4i v\u1ec1 r\u1ea5t nhi\u1ec1u v\u1ea5n \u0111\u1ec1, nh\u1eb1m cung c\u1ea5p cho ch\u00fang t\u00f4i th\u00f4ng tin v\u1ec1 b\u1ea5t k\u1ef3 d\u1ef1 \u00e1n x\u00e2y d\u1ef1ng hi\u1ec7n t\u1ea1i n\u00e0o c\u1ee7a qu\u00fd v\u1ecb, x\u00e1c \u0111\u1ecbnh lo\u1ea1i h\u00ecnh c\u00f4ng ty m\u00e0 qu\u00fd v\u1ecb l\u00e0m vi\u1ec7c, cho ch\u00fang t\u00f4i bi\u1ebft c\u00e1ch th\u1ee9c qu\u00fd v\u1ecb t\u00ecm hi\u1ec3u v\u1ec1 c\u00f4ng ty c\u1ee7a ch\u00fang t\u00f4i v\u00e0 trang web n\u00e0y, v\u00e0 cung c\u1ea5p cho ch\u00fang t\u00f4i b\u1ea5t k\u1ef3 th\u00f4ng tin t\u01b0\u01a1ng t\u1ef1 ho\u1eb7c \u00fd ki\u1ebfn m\u00e0 qu\u00fd v\u1ecb c\u00f3 th\u1ec3 c\u00f3. Ch\u00fang t\u00f4i c\u0169ng c\u00f3 th\u1ec3 thu th\u1eadp th\u00f4ng tin kh\u00f4ng nh\u1eadn d\u1ea1ng c\u00e1 nh\u00e2n nh\u1ea5t \u0111\u1ecbnh khi qu\u00fd v\u1ecb truy c\u1eadp trang web c\u1ee7a ch\u00fang t\u00f4i nh\u01b0 lo\u1ea1i tr\u00ecnh duy\u1ec7t qu\u00fd v\u1ecb \u0111ang s\u1eed d\u1ee5ng, lo\u1ea1i h\u1ec7 \u0111i\u1ec1u h\u00e0nh qu\u00fd v\u1ecb \u0111ang s\u1eed d\u1ee5ng, v\u00e0 t\u00ean mi\u1ec1n c\u1ee7a nh\u00e0 cung c\u1ea5p d\u1ecbch v\u1ee5 Internet c\u1ee7a qu\u00fd v\u1ecb.<\/p>\n<p>Zamil Steel kh\u00f4ng chia s\u1ebb b\u1ea5t k\u1ef3 th\u00f4ng tin c\u00e1 nh\u00e2n n\u00e0o c\u1ee7a qu\u00fd v\u1ecb v\u1edbi c\u00e1c b\u00ean th\u1ee9 ba cho m\u1ee5c \u0111\u00edch ti\u1ebfp th\u1ecb m\u00e0 kh\u00f4ng c\u00f3 s\u1ef1 \u0111\u1ed3ng \u00fd tr\u01b0\u1edbc c\u1ee7a qu\u00fd v\u1ecb. Zamil Steel c\u00f3 th\u1ec3 s\u1eed d\u1ee5ng nh\u1eefng th\u00f4ng tin qu\u00fd v\u1ecb cung c\u1ea5p v\u1ec1 b\u1ea3n th\u00e2n v\u00e0 c\u00f4ng ty c\u1ee7a qu\u00fd v\u1ecb \u0111\u1ec3 th\u1ef1c hi\u1ec7n \u0111\u1ea7y \u0111\u1ee7 c\u00e1c y\u00eau c\u1ea7u c\u1ee7a qu\u00fd v\u1ecb \u0111\u1ed1i v\u1edbi s\u1ea3n ph\u1ea9m, ch\u01b0\u01a1ng tr\u00ecnh v\u00e0 d\u1ecbch v\u1ee5 c\u1ee7a Zamil Steel, \u0111\u00e1p \u1ee9ng v\u1edbi y\u00eau c\u1ea7u c\u1ee7a qu\u00fd v\u1ecb v\u1ec1 c\u00e1c d\u1ecbch v\u1ee5 c\u1ee7a ch\u00fang t\u00f4i, v\u00e0 cung c\u1ea5p cho qu\u00fd v\u1ecb c\u00e1c s\u1ea3n ph\u1ea9m, c\u00e1c ch\u01b0\u01a1ng tr\u00ecnh ho\u1eb7c d\u1ecbch v\u1ee5 kh\u00e1c m\u00e0 ch\u00fang t\u00f4i cho r\u1eb1ng qu\u00fd v\u1ecb c\u00f3 th\u1ec3 quan t\u00e2m. \u0110\u00f4i khi ch\u00fang t\u00f4i s\u1eed d\u1ee5ng th\u00f4ng tin n\u00e0y \u0111\u1ec3 li\u00ean l\u1ea1c v\u1edbi qu\u00fd v\u1ecb. Ngo\u00e0i ra, ch\u00fang t\u00f4i c\u00f3 th\u1ec3 nh\u00e2n ti\u1ec7n k\u1ebft h\u1ee3p th\u00f4ng tin ch\u00fang t\u00f4i nh\u1eadn \u0111\u01b0\u1ee3c tr\u1ef1c tuy\u1ebfn v\u1edbi c\u00e1c h\u1ed3 s\u01a1 b\u00ean ngo\u00e0i \u0111\u1ec3 t\u0103ng c\u01b0\u1eddng kh\u1ea3 n\u0103ng c\u1ee7a ch\u00fang t\u00f4i trong vi\u1ec7c ti\u1ebfp th\u1ecb cho qu\u00fd v\u1ecb nh\u1eefng s\u1ea3n ph\u1ea9m v\u00e0 d\u1ecbch v\u1ee5 qu\u00fd v\u1ecb c\u00f3 th\u1ec3 quan t\u00e2m.<\/p>\n<p>\u0110\u00f4i khi ch\u00fang t\u00f4i c\u00f3 th\u1ec3 s\u1eed d\u1ee5ng c\u00e1c th\u00f4ng tin kh\u00f4ng nh\u1eadn d\u1ea1ng c\u00e1 nh\u00e2n ch\u00fang t\u00f4i thu th\u1eadp \u0111\u01b0\u1ee3c \u0111\u1ec3 c\u1ea3i thi\u1ec7n thi\u1ebft k\u1ebf v\u00e0 n\u1ed9i dung c\u1ee7a trang web c\u1ee7a ch\u00fang t\u00f4i v\u00e0 cho ph\u00e9p ch\u00fang t\u00f4i c\u00e1 nh\u00e2n ho\u00e1 tr\u1ea3i nghi\u1ec7m Internet c\u1ee7a qu\u00fd v\u1ecb. Ch\u00fang t\u00f4i c\u0169ng c\u00f3 th\u1ec3 s\u1eed d\u1ee5ng th\u00f4ng tin n\u00e0y t\u1ed5ng h\u1ee3p \u0111\u1ec3 ph\u00e2n t\u00edch vi\u1ec7c s\u1eed d\u1ee5ng trang web, c\u0169ng nh\u01b0 cung c\u1ea5p cho qu\u00fd v\u1ecb c\u00e1c s\u1ea3n ph\u1ea9m, c\u00e1c ch\u01b0\u01a1ng tr\u00ecnh ho\u1eb7c d\u1ecbch v\u1ee5. Ngo\u00e0i ra, ch\u00fang t\u00f4i c\u00f3 th\u1ec3 s\u1eed d\u1ee5ng t\u00ean mi\u1ec1n \u0111\u01b0\u1ee3c \u01b0a th\u00edch \u0111\u1ec3 gi\u00fap d\u1ef1 \u0111o\u00e1n c\u00e1c v\u1ea5n \u0111\u1ec1 v\u1edbi m\u00e1y ch\u1ee7 c\u1ee7a ch\u00fang t\u00f4i, nh\u1eb1m qu\u1ea3n tr\u1ecb trang web c\u1ee7a ch\u00fang t\u00f4i, v\u00e0 gi\u00fap nh\u1eadn di\u1ec7n qu\u00fd v\u1ecb v\u00e0 thu th\u1eadp th\u00f4ng tin nh\u00e2n kh\u1ea9u di\u1ec7n r\u1ed9ng.<\/p>\n<p>Khi s\u1eed d\u1ee5ng trang web n\u00e0y v\u00e0 cung c\u1ea5p th\u00f4ng tin cho ch\u00fang t\u00f4i, qu\u00fd v\u1ecb cho ph\u00e9p Zamil Steel s\u1eed d\u1ee5ng th\u00f4ng tin \u0111\u00f3 trong n\u1ed9i b\u1ed9 cho c\u00e1c m\u1ee5c \u0111\u00edch kinh doanh h\u1ee3p ph\u00e1p c\u1ee7a ch\u00fang t\u00f4i bao g\u1ed3m, nh\u01b0ng kh\u00f4ng gi\u1edbi h\u1ea1n, k\u1ebft n\u1ed1i v\u1edbi b\u1ea5t k\u1ef3 d\u1ecbch v\u1ee5 tr\u1ef1c tuy\u1ebfn ho\u1eb7c ngo\u1ea1i tuy\u1ebfn ho\u1eb7c b\u1ea5t k\u1ef3 d\u1ecbch v\u1ee5 th\u01b0 \u0111i\u1ec7n t\u1eed n\u00e0o c\u1ee7a Zamil Steel g\u1eedi t\u1edbi qu\u00fd v\u1ecb. Khi s\u1eed d\u1ee5ng trang web n\u00e0y v\u00e0 cung c\u1ea5p th\u00f4ng tin cho ch\u00fang t\u00f4i, qu\u00fd v\u1ecb ti\u1ebfp t\u1ee5c cho ph\u00e9p ch\u00fang t\u00f4i s\u1eed d\u1ee5ng \u0111\u1ecba ch\u1ec9 e-mail c\u1ee7a qu\u00fd v\u1ecb li\u00ean quan v\u1edbi b\u1ea5t k\u1ef3 d\u1ecbch v\u1ee5 ho\u1eb7c chi\u1ebfn d\u1ecbch n\u00e0o nh\u01b0 v\u1eady.<\/p>\n<p>M\u1eb7c d\u00f9 ch\u00fang t\u00f4i c\u00f3 c\u00e1c bi\u1ec7n ph\u00e1p th\u00edch h\u1ee3p \u0111\u1ec3 b\u1ea3o v\u1ec7 ch\u1ed1ng l\u1ea1i vi\u1ec7c ti\u1ebft l\u1ed9 th\u00f4ng tin tr\u00e1i ph\u00e9p, ch\u00fang t\u00f4i kh\u00f4ng th\u1ec3 \u0111\u1ea3m b\u1ea3o v\u1edbi qu\u00fd v\u1ecb r\u1eb1ng th\u00f4ng tin c\u00e1 nh\u00e2n m\u00e0 ch\u00fang t\u00f4i thu th\u1eadp s\u1ebd kh\u00f4ng bao gi\u1edd \u0111\u01b0\u1ee3c ti\u1ebft l\u1ed9 theo c\u00e1ch th\u1ee9c kh\u00f4ng ph\u00f9 h\u1ee3p v\u1edbi ch\u00ednh s\u00e1ch b\u1ea3o m\u1eadt. Vi\u1ec7c c\u1ed1 t\u00ecnh ti\u1ebft l\u1ed9 c\u00f3 th\u1ec3 d\u1eabn t\u1edbi, ch\u1eb3ng h\u1ea1n nh\u01b0 khi c\u00e1c b\u00ean th\u1ee9 ba xuy\u00ean t\u1ea1c danh t\u00ednh c\u1ee7a h\u1ecd khi y\u00eau c\u1ea7u trang web cho ph\u00e9p truy c\u1eadp v\u00e0o th\u00f4ng tin c\u00e1 nh\u00e2n v\u1ec1 h\u1ecd \u0111\u1ec3 s\u1eeda l\u1ed7i th\u1ef1c t\u1ebf c\u00f3 th\u1ec3 c\u00f3 trong d\u1eef li\u1ec7u. Ch\u00fang t\u00f4i s\u1ebd duy tr\u00ec bi\u1ec7n ph\u00e1p b\u1ea3o v\u1ec7 th\u00edch h\u1ee3p \u0111\u1ec3 \u0111\u1ea3m b\u1ea3o an ninh, to\u00e0n v\u1eb9n v\u00e0 b\u1ea3o m\u1eadt c\u1ee7a nh\u1eefng th\u00f4ng tin ch\u00fang t\u00f4i nh\u1eadn \u0111\u01b0\u1ee3c ho\u1eb7c thu th\u1eadp t\u1ea1i trang web c\u1ee7a ch\u00fang t\u00f4i.<\/p>\n<p><strong>Th\u01b0\u01a1ng hi\u1ec7u c\u1ee7a b\u00ean th\u1ee9 ba <\/strong><\/p>\n<p>Th\u01b0\u01a1ng hi\u1ec7u c\u1ee7a b\u00ean th\u1ee9 ba, t\u00ean th\u01b0\u01a1ng m\u1ea1i, t\u00ean s\u1ea3n ph\u1ea9m, bi\u1ec3u t\u01b0\u1ee3ng, c\u00f3 trong trang web n\u00e0y c\u00f3 th\u1ec3 l\u00e0 c\u00e1c nh\u00e3n hi\u1ec7u ho\u1eb7c nh\u00e3n hi\u1ec7u \u0111\u00e3 \u0111\u0103ng k\u00fd c\u00e1c c\u1ee7a ch\u1ee7 s\u1edf h\u1eefu t\u01b0\u01a1ng \u1ee9ng.<\/p>\n<p>H\u01b0\u1edbng d\u1eabn s\u1eed d\u1ee5ng th\u01b0\u01a1ng hi\u1ec7u<\/p>\n<p>Qu\u00fd v\u1ecb kh\u00f4ng \u0111\u01b0\u1ee3c s\u1eed d\u1ee5ng b\u1ea5t k\u1ef3 logo Zamil Steel n\u00e0o (bao g\u1ed3m c\u1ea3 c\u00e1c n\u00fat v\u00e0 c\u00e1c bi\u1ec3u t\u01b0\u1ee3ng \u0111\u1ed3 h\u1ecda).<\/p>\n<p>Qu\u00fd v\u1ecb kh\u00f4ng \u0111\u01b0\u1ee3c s\u1ea3n xu\u1ea5t, b\u00e1n, ho\u1eb7c b\u1ecf \u0111i b\u1ea5t k\u1ef3 h\u00e0ng h\u00f3a n\u00e0o, ch\u1eb3ng h\u1ea1n nh\u01b0 M\u0169, \u00c1o ng\u1eafn tay v\u00e0 c\u1ed1c c\u00e0 ph\u00ea ho\u1eb7c b\u1ea5t k\u1ef3 v\u1eadt b\u1ecf \u0111i n\u00e0o mang logo c\u1ee7a Zamil Steel.<\/p>\n<p>Qu\u00fd v\u1ecb kh\u00f4ng \u0111\u01b0\u1ee3c s\u1eed d\u1ee5ng ho\u1eb7c b\u1eaft ch\u01b0\u1edbc b\u1ea5t c\u1ee9 m\u1ed9t kh\u1ea9u hi\u1ec7u n\u00e0o c\u1ee7a Zamil Steel.<\/p>\n<p>Th\u00f4ng tin li\u00ean h\u1ec7 ph\u00e1p l\u00fd<\/p>\n<p>N\u1ebfu qu\u00fd v\u1ecb c\u00f3 b\u1ea5t k\u1ef3 c\u00e2u h\u1ecfi n\u00e0o v\u1ec1 \u0111i\u1ec1u kho\u1ea3n s\u1eed d\u1ee5ng, xin vui l\u00f2ng li\u00ean h\u1ec7 v\u1edbi Zamil Steel t\u1ea1i \u0111\u1ecba ch\u1ec9 sau \u0111\u00e2y:<\/p>\n<p>G\u1eedi:<br \/>\nPh\u00f2ng Marketing<br \/>\nC\u00f4ng ty TNHH Nh\u00e0 th\u00e9p ti\u1ec1n ch\u1ebf Zamil Steel<br \/>\nT\u1ea7ng 14, t\u00f2a nh\u00e0 Keangnam H\u00e0 N\u1ed9i,<br \/>\n\u0110\u01b0\u1eddng Ph\u1ea1m H\u00f9ng, Qu\u1eadn Nam T\u1eeb Li\u00eam, H\u00e0 N\u1ed9i, Vi\u1ec7t Nam<\/p>\n<p>Email: <a href=\"https:\/\/zamilsteel.com.vn\/vi\/lien-he\/\">Click here<\/a>[\/vc_column_text][\/vc_column][\/vc_row]<\/p>\n","protected":false},"excerpt":{"rendered":"<p>[vc_row][vc_column][vc_custom_heading text=&#8221;Ch\u00ednh S\u00e1ch B\u1ea3o M\u1eadt&#8221; el_class=&#8221;my-custom-title&#8221;][vc_empty_space][vc_column_text]Zamil Steel x\u00e2y d\u1ef1ng ch\u00ednh s\u00e1ch b\u1ea3o m\u1eadt n\u00e0y \u0111\u1ec3 th\u1ec3 hi\u1ec7n s\u1ef1 t\u00f4n tr\u1ecdng \u0111\u1ed1i v\u1edbi s\u1ef1 ri\u00eang t\u01b0 c\u1ee7a kh\u00e1ch h\u00e0ng tr\u1ef1c tuy\u1ebfn c\u1ee7a ch\u00fang t\u00f4i. Ph\u1ea7n d\u01b0\u1edbi \u0111\u00e2y ti\u1ebft l\u1ed9 c\u00e1c th\u00f4ng&#8230;<\/p>\n","protected":false},"author":1,"featured_media":0,"parent":0,"menu_order":0,"comment_status":"closed","ping_status":"closed","template":"","meta":{"footnotes":""},"yst_prominent_words":[540,541,537,542,314,536,529,534,401,528,535,526,539,531,527,533,538,530,532,3818],"class_list":["post-1887","page","type-page","status-publish","hentry"],"_links":{"self":[{"href":"https:\/\/zamilsteel.com.vn\/vi\/wp-json\/wp\/v2\/pages\/1887","targetHints":{"allow":["GET"]}}],"collection":[{"href":"https:\/\/zamilsteel.com.vn\/vi\/wp-json\/wp\/v2\/pages"}],"about":[{"href":"https:\/\/zamilsteel.com.vn\/vi\/wp-json\/wp\/v2\/types\/page"}],"author":[{"embeddable":true,"href":"https:\/\/zamilsteel.com.vn\/vi\/wp-json\/wp\/v2\/users\/1"}],"replies":[{"embeddable":true,"href":"https:\/\/zamilsteel.com.vn\/vi\/wp-json\/wp\/v2\/comments?post=1887"}],"version-history":[{"count":0,"href":"https:\/\/zamilsteel.com.vn\/vi\/wp-json\/wp\/v2\/pages\/1887\/revisions"}],"wp:attachment":[{"href":"https:\/\/zamilsteel.com.vn\/vi\/wp-json\/wp\/v2\/media?parent=1887"}],"wp:term":[{"taxonomy":"yst_prominent_words","embeddable":true,"href":"https:\/\/zamilsteel.com.vn\/vi\/wp-json\/wp\/v2\/yst_prominent_words?post=1887"}],"curies":[{"name":"wp","href":"https:\/\/api.w.org\/{rel}","templated":true}]}}