{"id":1864,"date":"2014-11-11T11:09:47","date_gmt":"2014-11-11T11:09:47","guid":{"rendered":"https:\/\/stage.zamilsteel.com.vn\/vi\/home\/"},"modified":"2022-07-07T09:34:28","modified_gmt":"2022-07-07T02:34:28","slug":"trang-chu-2","status":"publish","type":"page","link":"https:\/\/zamilsteel.com.vn\/vi\/","title":{"rendered":"Trang Ch\u1ee7"},"content":{"rendered":"<p>[vc_row has_content=&#8221;true&#8221; el_class=&#8221;slide-revo&#8221;][vc_column][vc_column_text]<script type=\"text\/javascript\">\r\ndocument.addEventListener(\"DOMContentLoaded\", function(event) { \r\n\tjQuery( '#slider-pro-3-14664' ).sliderPro({\r\n\t\t\/\/width\r\n\t\t\t\tforceSize: 'fullWidth',\r\n\t\t\t\t\r\n\t\t\/\/height\r\n\t\t\t\tautoHeight: true,\r\n\t\t\t\t\r\n\t\t\/\/auto play\r\n\t\t\t\tautoplay:  true,\r\n\t\tautoplayOnHover: 'none',\r\n\t\t\t\t\t\t\t\tautoplayDelay: 17000,\r\n\t\t\r\n\t\t\r\n\t\tarrows: false,\r\n\t\tbuttons: false,\r\n\t\tsmallSize: 500,\r\n\t\tmediumSize: 1000,\r\n\t\tlargeSize: 3000,\r\n\t\tfade: true,\r\n\t\t\r\n\t\t\/\/thumbnail\r\n\t\tthumbnailArrows: true,\r\n\t\tthumbnailWidth: 120,\r\n\t\tthumbnailHeight: 120,\r\n\t\t\t\t\t\t\t\tthumbnailPointer: true, \r\n\t\t\t\tcenterImage: true,\r\n\t\timageScaleMode: 'cover',\r\n\t\tallowScaleUp: true,\r\n\t\t\t\tstartSlide: 0,\r\n\t\tloop: true,\r\n\t\tslideDistance: 5,\r\n\t\tautoplayDirection: 'normal',\r\n\t\ttouchSwipe: true,\r\n\t\tfullScreen: false,\r\n\t});\r\n});\r\n<\/script>\r\n<style>\r\n\/* Layout 3 *\/\r\n\/* border *\/\r\n\r\n\/* font + color *\/\r\n.title-in  {\r\n\tfont-family: Arial !important;\r\n\tcolor: #FFFFFF !important;\r\n\tbackground-color: #000000 !important;\r\n\topacity: 0.7 !important;\r\n}\r\n.desc-in  {\r\n\tfont-family: Arial !important;\r\n\tcolor: #FFFFFF !important;\r\n\tbackground-color: #00000 !important;\r\n\topacity: 0.7 !important;\r\n}\r\n\r\n\/* bullets color *\/\r\n.sp-button  {\r\n\tborder: 2px solid #000000 !important;\r\n}\r\n.sp-selected-button  {\r\n\tbackground-color: #000000 !important;\r\n}\r\n\r\n\/* pointer color - bottom *\/\r\n\r\n\/* pointer color - top *\/\r\n\r\n\/* full screen icon *\/\r\n.sp-full-screen-button::before {\r\n    color: #FFFFFF !important;\r\n}\r\n\r\n\/* hover navigation icon color *\/\r\n.sp-next-arrow::after, .sp-next-arrow::before {\r\n\tbackground-color: #FFFFFF !important;\r\n}\r\n.sp-previous-arrow::after, .sp-previous-arrow::before {\r\n\tbackground-color: #FFFFFF !important;\r\n}\r\n\r\n#slider-pro-3-14664 .title-in {\r\n\tcolor: #FFFFFF !important;\r\n\tfont-weight: bolder;\r\n\ttext-align: center;\r\n}\r\n\r\n#slider-pro-3-14664 .title-in-bg {\r\n\tbackground: rgba(255, 255, 255, 0.7); !important;\r\n\twhite-space: unset !important;\r\n\tmax-width: 90%;\r\n\tmin-width: 40%;\r\n\ttransform: initial !important;\r\n\t-webkit-transform: initial !important;\r\n\tfont-size: 14px !important;\r\n}\r\n\r\n#slider-pro-3-14664 .desc-in {\r\n\tcolor: #FFFFFF !important;\r\n\ttext-align: center;\r\n}\r\n#slider-pro-3-14664 .desc-in-bg {\r\n\tbackground: rgba(#00000, 0.7) !important;\r\n\twhite-space: unset !important;\r\n\twidth: 80% !important;\r\n\tmin-width: 30%;\r\n\ttransform: initial !important;\r\n\t-webkit-transform: initial !important;\r\n\tfont-size: 13px !important;\r\n}\r\n\r\n@media (max-width: 640px) {\r\n\t#slider-pro-3-14664 .hide-small-screen {\r\n\t\tdisplay: none;\r\n\t}\r\n}\r\n\r\n@media (max-width: 860px) {\r\n\t#slider-pro-3-14664 .sp-layer {\r\n\t\tfont-size: 18px;\r\n\t}\r\n\t\r\n\t#slider-pro-3-14664 .hide-medium-screen {\r\n\t\tdisplay: none;\r\n\t}\r\n}\r\n.slides-not-found {\r\n\tbackground-color: #a92929;\r\n\tborder-radius: 5px;\r\n\tcolor: #fff;\r\n\tfont-family: initial;\r\n\ttext-align: center;\r\n\tpadding:12px;\r\n}\r\n\/* Custom CSS *\/\r\n<\/style>\r\n\t\t<div id=\"slider-pro-3-14664\" class=\"slider-pro\">\r\n\t\t\t<!---- slides div start ---->\r\n\t\t\t<div class=\"sp-slides\">\r\n\t\t\t\t\t\t\t\t\t\t<div class=\"sp-slide\">\r\n\t\t\t\t\t\t\t<img decoding=\"async\" class=\"sp-image\" loading=\"lazy\" alt=\"Untitled-1\" src=\"https:\/\/zamilsteel.com.vn\/wp-content\/plugins\/ultimate-responsive-image-slider\/assets\/css\/images\/blank.gif\" data-src=\"https:\/\/zamilsteel.com.vn\/wp-content\/uploads\/2020\/06\/Untitled-1.jpg\" \/>\r\n\r\n\t\t\t\t\t\t\t\r\n\t\t\t\t\t\t\t\t\t\t\t\t\t<\/div>\r\n\t\t\t\t\t\t\t\t\t\t\t\t<div class=\"sp-slide\">\r\n\t\t\t\t\t\t\t<img decoding=\"async\" class=\"sp-image\" loading=\"lazy\" alt=\"z-5-1920-738\" src=\"https:\/\/zamilsteel.com.vn\/wp-content\/plugins\/ultimate-responsive-image-slider\/assets\/css\/images\/blank.gif\" data-src=\"https:\/\/zamilsteel.com.vn\/wp-content\/uploads\/2020\/06\/z-5-1920-738.jpg\" \/>\r\n\r\n\t\t\t\t\t\t\t\r\n\t\t\t\t\t\t\t\t\t\t\t\t\t<\/div>\r\n\t\t\t\t\t\t\t\t\t\t\t\t<div class=\"sp-slide\">\r\n\t\t\t\t\t\t\t<img decoding=\"async\" class=\"sp-image\" loading=\"lazy\" alt=\"z-6-1920-738\" src=\"https:\/\/zamilsteel.com.vn\/wp-content\/plugins\/ultimate-responsive-image-slider\/assets\/css\/images\/blank.gif\" data-src=\"https:\/\/zamilsteel.com.vn\/wp-content\/uploads\/2020\/06\/z-6-1920-738.jpg\" \/>\r\n\r\n\t\t\t\t\t\t\t\r\n\t\t\t\t\t\t\t\t\t\t\t\t\t<\/div>\r\n\t\t\t\t\t\t\t\t\t\t\t\t<div class=\"sp-slide\">\r\n\t\t\t\t\t\t\t<img decoding=\"async\" class=\"sp-image\" loading=\"lazy\" alt=\"z-7-1920-738\" src=\"https:\/\/zamilsteel.com.vn\/wp-content\/plugins\/ultimate-responsive-image-slider\/assets\/css\/images\/blank.gif\" data-src=\"https:\/\/zamilsteel.com.vn\/wp-content\/uploads\/2020\/06\/z-7-1920-738-1.jpg\" \/>\r\n\r\n\t\t\t\t\t\t\t\r\n\t\t\t\t\t\t\t\t\t\t\t\t\t<\/div>\r\n\t\t\t\t\t\t\t\t\t\t\t\t<div class=\"sp-slide\">\r\n\t\t\t\t\t\t\t<img decoding=\"async\" class=\"sp-image\" loading=\"lazy\" alt=\"\" src=\"https:\/\/zamilsteel.com.vn\/wp-content\/plugins\/ultimate-responsive-image-slider\/assets\/css\/images\/blank.gif\" data-src=\"https:\/\/zamilsteel.com.vn\/wp-content\/uploads\/2020\/06\/z-1-1920-738.jpg\" \/>\r\n\r\n\t\t\t\t\t\t\t\r\n\t\t\t\t\t\t\t\t\t\t\t\t\t<\/div>\r\n\t\t\t\t\t\t\t\t\t\t\t\t<div class=\"sp-slide\">\r\n\t\t\t\t\t\t\t<img decoding=\"async\" class=\"sp-image\" loading=\"lazy\" alt=\"\" src=\"https:\/\/zamilsteel.com.vn\/wp-content\/plugins\/ultimate-responsive-image-slider\/assets\/css\/images\/blank.gif\" data-src=\"https:\/\/zamilsteel.com.vn\/wp-content\/uploads\/2020\/06\/z-2-1920-738.jpg\" \/>\r\n\r\n\t\t\t\t\t\t\t\r\n\t\t\t\t\t\t\t\t\t\t\t\t\t<\/div>\r\n\t\t\t\t\t\t\t\t\t<\/div>\r\n\t\t\t\r\n\t\t\t<!---- slides div end ---->\r\n\t\t\t\t\t\t<!-- slides thumbnails div end -->\r\n\t\t<\/div>\r\n[\/vc_column_text][\/vc_column][\/vc_row][vc_row full_width=&#8221;stretch_row&#8221; css=&#8221;.vc_custom_1657161293881{margin-top: 40px !important;padding-top: 30px !important;padding-bottom: 30px !important;background-color: #ffffff !important;}&#8221; has_content=&#8221;inside&#8221; el_class=&#8221;carousel carousel-home&#8221;][vc_column][vc_column_text]<span style=\"font-family: arial, helvetica, sans-serif;\"><strong><span style=\"font-size: 27pt;\">S\u1ea3n Ph\u1ea9m<\/span><\/strong><\/span><\/p>\n<p><img loading=\"lazy\" decoding=\"async\" class=\"alignnone size-full\" src=\"https:\/\/zamilsteel.com.vn\/wp-content\/themes\/transport-child\/images\/line-title.png\" width=\"100\" height=\"2\" \/>[\/vc_column_text]<ul class='portfolio isotope classic'><li class='isotope-item nh\u00e0-th\u00e9p-ti\u1ec1n-ch\u1ebf-pebs col-xs-12 col-md-4'><article class='inner'><div class='item-img'><div class='img-container'><div class='overlay'><\/div><div class='border-attachment'><\/div><img loading=\"lazy\" decoding=\"async\" width=\"360\" height=\"267\" src=\"https:\/\/zamilsteel.com.vn\/wp-content\/uploads\/2016\/10\/PRE-ENGINEERED-BUILDINGS-360x267.jpg\" class=\"attachment-post-thumb size-post-thumb wp-post-image\" alt=\"nh\u00e0 th\u00e9p ti\u1ec1n ch\u1ebf zamil\" \/><\/div><\/article><div class='item-hover '><div class='item-info item item-type-line'><div class='headline'><h3><a class='' href=https:\/\/zamilsteel.com.vn\/vi\/portfolio\/nha-thep-tien-che-zamil\/>Nh\u00e0 th\u00e9p ti\u1ec1n ch\u1ebf (PEB)<\/a><\/h3><p class='item-summary'>M\u1ed9t h\u1ec7 th\u1ed1ng nh\u00e0 \u0111a n\u0103ng ph\u00f9 h\u1ee3p v\u1edbi nhi\u1ec1u m\u1ee5c \u0111\u00edch s\u1eed d\u1ee5ng, l\u00e0 gi\u1ea3i ph\u00e1p x\u00e2y d\u1ef1ng l\u00fd t\u01b0\u1edfng cho c\u00e1c c\u00f4ng tr\u00ecnh nh\u00e0 m\u00e1y, nh\u00e0 x\u01b0\u1edfng, si\u00eau th\u1ecb,...\n<\/p><a class='btn btn-sm' href=https:\/\/zamilsteel.com.vn\/vi\/portfolio\/nha-thep-tien-che-zamil\/>Read more<\/a><\/div><\/div><\/div><\/li><li class='isotope-item th\u00e9p-k\u1ebft-c\u1ea5u-ss col-xs-12 col-md-4'><article class='inner'><div class='item-img'><div class='img-container'><div class='overlay'><\/div><div class='border-attachment'><\/div><img loading=\"lazy\" decoding=\"async\" width=\"360\" height=\"267\" src=\"https:\/\/zamilsteel.com.vn\/wp-content\/uploads\/2016\/09\/SS-360x267.jpg\" class=\"attachment-post-thumb size-post-thumb wp-post-image\" alt=\"th\u00e9p k\u1ebft c\u1ea5u - c\u00f4ng tr\u00ecnh k\u1ebft c\u1ea5u th\u00e9p c\u1ee7a Nh\u00e0 th\u00e9p ti\u1ec1n ch\u1ebf Zamil Steel\" \/><\/div><\/article><div class='item-hover '><div class='item-info item item-type-line'><div class='headline'><h3><a class='' href=https:\/\/zamilsteel.com.vn\/vi\/portfolio\/thep-ket-cau-ss\/>Th\u00e9p k\u1ebft c\u1ea5u (SS)<\/a><\/h3><p class='item-summary'>V\u1edbi kinh nghi\u1ec7m ch\u1ebf t\u1ea1o th\u00e9p k\u1ebft c\u1ea5u g\u1ea7n 40 n\u0103m, ch\u00fang t\u00f4i \u0111em l\u1ea1i cho kh\u00e1ch h\u00e0ng m\u1ed9t gi\u1ea3i ph\u00e1p nh\u00e0 th\u00e9p t\u1ed5ng th\u1ec3 v\u01b0\u1ee3t ngo\u00e0i s\u1ef1 mong \u0111\u1ee3i v\u1ec1 ch\u1ea5t l\u01b0\u1ee3ng v\u00e0 ch\u1ee9c n\u0103ng.\n<\/p><a class='btn btn-sm' href=https:\/\/zamilsteel.com.vn\/vi\/portfolio\/thep-ket-cau-ss\/>Read more<\/a><\/div><\/div><\/div><\/li><li class='isotope-item h\u1ec7-th\u1ed1ng-m\u00e1i-l\u1ee3p-maxseam col-xs-12 col-md-4'><article class='inner'><div class='item-img'><div class='img-container'><div class='overlay'><\/div><div class='border-attachment'><\/div><img loading=\"lazy\" decoding=\"async\" width=\"360\" height=\"267\" src=\"https:\/\/zamilsteel.com.vn\/wp-content\/uploads\/2016\/08\/MaxSEAM-360x267.jpg\" class=\"attachment-post-thumb size-post-thumb wp-post-image\" alt=\"MaxSEAM\u00ae Roof System\" \/><\/div><\/article><div class='item-hover '><div class='item-info item item-type-line'><div class='headline'><h3><a class='' href=https:\/\/zamilsteel.com.vn\/vi\/portfolio\/he-thong-mai-lop-maxseam\/>H\u1ec7 th\u1ed1ng m\u00e1i l\u1ee3p MaxSEAM\u00ae<\/a><\/h3><p class='item-summary'>H\u1ec7 th\u1ed1ng m\u00e1i MaxSEAM\u00ae c\u1ee7a Zamil Steel l\u00e0 m\u1ed9t trong nh\u1eefng h\u1ec7 th\u1ed1ng m\u00e1i m\u1ed1i \u0111\u1ee9ng c\u00f3 kh\u1ea3 n\u0103ng ch\u1ecbu th\u1eddi ti\u1ebft t\u1ed1t nh\u1ea5t v\u00e0 ch\u1eafc ch\u1eafn nh\u1ea5t trong ng\u00e0nh nh\u00e0 th\u00e9p ti\u1ec1n ch\u1ebf.\n<\/p><a class='btn btn-sm' href=https:\/\/zamilsteel.com.vn\/vi\/portfolio\/he-thong-mai-lop-maxseam\/>Read more<\/a><\/div><\/div><\/div><\/li><\/ul>[\/vc_column][\/vc_row][vc_row full_width=&#8221;stretch_row&#8221; css=&#8221;.vc_custom_1468297557743{padding-top: 30px !important;padding-bottom: 30px !important;background-image: url(\/wp-content\/uploads\/2016\/07\/bg-recent-news.png?id=1427) !important;}&#8221; has_content=&#8221;true&#8221;][vc_column width=&#8221;7\/12&#8243; el_class=&#8221;recent-news&#8221;]        <div class=\"vc-recent-news\">\n            <h1 class=\"my-custom-title vc-recent-news-title\">Tin t\u1ee9c m\u1edbi<\/h1>\n                        <ul class=\"vc-recent-news-list-news\">\n                                    <li>\n                        <div class=\"img-container left\">\n                            <a href=\"https:\/\/zamilsteel.com.vn\/vi\/zamil-steel-du-an-nha-kho-lon-philippines\/\" title=\"Zamil Steel ho\u00e0n th\u00e0nh nh\u00e0 kho l\u1edbn v\u01a1\u0301i di\u00ea\u0323n ti\u0301ch x\u00e2y d\u01b0\u0323ng kh\u00f4ng theo quy t\u0103\u0301c (irregular shaped) t\u1ea1i Philippines\">\n                                <div class=\"overlay\"><\/div>\n                                <img decoding=\"async\" class=\"size-full\" src=\"https:\/\/zamilsteel.com.vn\/wp-content\/uploads\/2025\/10\/N3-6695-Philippines-1-700x700.jpg\" alt=\"Zamil Steel ho\u00e0n th\u00e0nh nh\u00e0 kho l\u1edbn v\u01a1\u0301i di\u00ea\u0323n ti\u0301ch x\u00e2y d\u01b0\u0323ng kh\u00f4ng theo quy t\u0103\u0301c (irregular shaped) t\u1ea1i Philippines\">\n                            <\/a>\n                        <\/div>\n                        <div class=\"info\">\n                            <h2><a href=\"https:\/\/zamilsteel.com.vn\/vi\/zamil-steel-du-an-nha-kho-lon-philippines\/\" title=\"Zamil Steel ho\u00e0n th\u00e0nh nh\u00e0 kho l\u1edbn v\u01a1\u0301i di\u00ea\u0323n ti\u0301ch x\u00e2y d\u01b0\u0323ng kh\u00f4ng theo quy t\u0103\u0301c (irregular shaped) t\u1ea1i Philippines\">Zamil Steel Ho\u00e0n Th\u00e0nh Nh\u00e0 Kho L\u1edbn V\u01a1\u0301i Di\u00ea\u0323n Ti\u0301ch X\u00e2y D\u01b0\u0323ng Kh\u00f4ng Theo Quy T\u0103\u0301c (irregular Shaped) T\u1ea1i Philippines<\/a><\/h2>\n                            <span class=\"vc-recent-news-date\">|\n                                Th\u00e1ng 10 31, 2025                            <\/span>\n                            <p class=\"vc-recent-news-excerpt\">\n                                Zamil Steel Buildings Vi\u1ec7t Nam\u00a0 \u0111\u00e3 ho\u00e0n th\u00e0nh th\u00e0nh c\u00f4ng d\u1ef1 \u00e1n nh\u00e0 kho l\u1edbn v\u01a1\u0301i di\u00ea\u0323n ti\u0301ch x\u00e2y d\u01b0\u0323ng kh\u00f4ng theo quy t\u0103\u0301c (irregular shaped)\u00a0 t\u1ea1i Philippines. L\u00e0 nh\u00e0 cung c\u1ea5p k\u1ebft c\u1ea5u th\u00e9p h\u00e0ng \u0111\u1ea7u t\u1ea1i Vi\u1ec7t Nam,...                            <\/p>\n                            <!--<p style=\"text-align: right\">\n                                <a class=\"vc-recent-news-read-more\" href=\"\"><\/a>\n                            <\/p>-->\n                        <\/div>\n\n                    <\/li>\n                                    <li>\n                        <div class=\"img-container left\">\n                            <a href=\"https:\/\/zamilsteel.com.vn\/vi\/zamil-steel-viet-nam-ban-giao-du-an-nha-may-hoa-chat-6000-tan-tai-bangladesh\/\" title=\"Zamil Steel Buildings Vi\u1ec7t Nam b\u00e0n giao d\u1ef1 \u00e1n nh\u00e0 m\u00e1y h\u00f3a ch\u1ea5t 6000 t\u1ea5n t\u1ea1i Bangladesh\">\n                                <div class=\"overlay\"><\/div>\n                                <img decoding=\"async\" class=\"size-full\" src=\"https:\/\/zamilsteel.com.vn\/wp-content\/uploads\/2025\/10\/ZR-0137-Bangladesh-1-700x603.jpg\" alt=\"Zamil Steel Buildings Vi\u1ec7t Nam b\u00e0n giao d\u1ef1 \u00e1n nh\u00e0 m\u00e1y h\u00f3a ch\u1ea5t 6000 t\u1ea5n t\u1ea1i Bangladesh\">\n                            <\/a>\n                        <\/div>\n                        <div class=\"info\">\n                            <h2><a href=\"https:\/\/zamilsteel.com.vn\/vi\/zamil-steel-viet-nam-ban-giao-du-an-nha-may-hoa-chat-6000-tan-tai-bangladesh\/\" title=\"Zamil Steel Buildings Vi\u1ec7t Nam b\u00e0n giao d\u1ef1 \u00e1n nh\u00e0 m\u00e1y h\u00f3a ch\u1ea5t 6000 t\u1ea5n t\u1ea1i Bangladesh\">Zamil Steel Buildings Vi\u1ec7t Nam B\u00e0n Giao D\u1ef1 \u00e1n Nh\u00e0 M\u00e1y H\u00f3a Ch\u1ea5t 6000 T\u1ea5n T\u1ea1i Bangladesh<\/a><\/h2>\n                            <span class=\"vc-recent-news-date\">|\n                                Th\u00e1ng 10 24, 2025                            <\/span>\n                            <p class=\"vc-recent-news-excerpt\">\n                                Zamil Steel Buildings Vi\u1ec7t Nam t\u1ef1 h\u00e0o ho\u00e0n th\u00e0nh d\u1ef1 \u00e1n nh\u00e0 m\u00e1y h\u00f3a ch\u1ea5t l\u1edbn t\u1ea1i Bangladesh, minh ch\u1ee9ng cho n\u0103ng l\u1ef1c v\u1eefng ch\u1eafc\u00a0 v\u1edbi t\u01b0 c\u00e1ch l\u00e0 nh\u00e0 cung c\u1ea5p k\u1ebft c\u1ea5u th\u00e9p h\u00e0ng \u0111\u1ea7u t\u1ea1i Vi\u1ec7t Nam,...                            <\/p>\n                            <!--<p style=\"text-align: right\">\n                                <a class=\"vc-recent-news-read-more\" href=\"\"><\/a>\n                            <\/p>-->\n                        <\/div>\n\n                    <\/li>\n                                    <li>\n                        <div class=\"img-container left\">\n                            <a href=\"https:\/\/zamilsteel.com.vn\/vi\/giai-thuong-rong-vang-2023-2024\/\" title=\"GI\u1ea2I TH\u01af\u1edeNG R\u1ed2NG V\u00c0NG 2023-2024\">\n                                <div class=\"overlay\"><\/div>\n                                <img decoding=\"async\" class=\"size-full\" src=\"https:\/\/zamilsteel.com.vn\/wp-content\/uploads\/2024\/04\/z5336439162950_43275dc262e41122f975876bae2f66e5-1-700x700.jpg\" alt=\"GI\u1ea2I TH\u01af\u1edeNG R\u1ed2NG V\u00c0NG 2023-2024\">\n                            <\/a>\n                        <\/div>\n                        <div class=\"info\">\n                            <h2><a href=\"https:\/\/zamilsteel.com.vn\/vi\/giai-thuong-rong-vang-2023-2024\/\" title=\"GI\u1ea2I TH\u01af\u1edeNG R\u1ed2NG V\u00c0NG 2023-2024\">GI\u1ea2I TH\u01af\u1edeNG R\u1ed2NG V\u00c0NG 2023-2024<\/a><\/h2>\n                            <span class=\"vc-recent-news-date\">|\n                                Th\u00e1ng 4 12, 2024                            <\/span>\n                            <p class=\"vc-recent-news-excerpt\">\n                                H\u1ea3i Ph\u00f2ng, ng\u00e0y 10\/04\/2024, Zamil Steel Buildings Vi\u1ec7t Nam \u0111\u00e3 \u0111\u01b0\u1ee3c vinh danh l\u00e0 m\u1ed9t trong nh\u1eefng \u0111\u01a1n v\u1ecb \u0111o\u1ea1t gi\u1ea3i th\u01b0\u1edfng R\u1ed3ng V\u00e0ng danh gi\u00e1 2023-2024. \u0110\u1ea1i di\u1ec7n c\u1ee7a Zamil Steel Buildings Vietnam nh\u1eadn gi\u1ea3i t\u1ea1i L\u1ec5 trao gi\u1ea3i...                            <\/p>\n                            <!--<p style=\"text-align: right\">\n                                <a class=\"vc-recent-news-read-more\" href=\"\"><\/a>\n                            <\/p>-->\n                        <\/div>\n\n                    <\/li>\n                                    <li>\n                        <div class=\"img-container left\">\n                            <a href=\"https:\/\/zamilsteel.com.vn\/vi\/lanh-dao-tap-doan-zamil-gap-thu-tuong-viet-nam-tai-riyadh\/\" title=\"L\u00e3nh \u0111\u1ea1o Zamil Group g\u1eb7p Th\u1ee7 t\u01b0\u1edbng n\u01b0\u1edbc C\u1ed9ng h\u00f2a x\u00e3 h\u1ed9i ch\u1ee7 ngh\u0129a Vi\u1ec7t Nam\">\n                                <div class=\"overlay\"><\/div>\n                                <img decoding=\"async\" class=\"size-full\" src=\"https:\/\/zamilsteel.com.vn\/wp-content\/uploads\/2023\/10\/z4798074554876_df96d89a7fc1a33a4418b26879fedb9d-1-700x582.jpg\" alt=\"L\u00e3nh \u0111\u1ea1o Zamil Group g\u1eb7p Th\u1ee7 t\u01b0\u1edbng n\u01b0\u1edbc C\u1ed9ng h\u00f2a x\u00e3 h\u1ed9i ch\u1ee7 ngh\u0129a Vi\u1ec7t Nam\">\n                            <\/a>\n                        <\/div>\n                        <div class=\"info\">\n                            <h2><a href=\"https:\/\/zamilsteel.com.vn\/vi\/lanh-dao-tap-doan-zamil-gap-thu-tuong-viet-nam-tai-riyadh\/\" title=\"L\u00e3nh \u0111\u1ea1o Zamil Group g\u1eb7p Th\u1ee7 t\u01b0\u1edbng n\u01b0\u1edbc C\u1ed9ng h\u00f2a x\u00e3 h\u1ed9i ch\u1ee7 ngh\u0129a Vi\u1ec7t Nam\">L\u00e3nh \u0111\u1ea1o Zamil Group G\u1eb7p Th\u1ee7 T\u01b0\u1edbng N\u01b0\u1edbc C\u1ed9ng H\u00f2a X\u00e3 H\u1ed9i Ch\u1ee7 Ngh\u0129a Vi\u1ec7t Nam<\/a><\/h2>\n                            <span class=\"vc-recent-news-date\">|\n                                Th\u00e1ng 10 31, 2023                            <\/span>\n                            <p class=\"vc-recent-news-excerpt\">\n                                Ng\u00e0y 18\/10\/2023, L\u00e3nh \u0111\u1ea1o T\u1eadp \u0111o\u00e0n Zamil Group g\u1eb7p Th\u1ee7 t\u01b0\u1edbng n\u01b0\u1edbc C\u1ed9ng h\u00f2a x\u00e3 h\u1ed9i ch\u1ee7 ngh\u0129a Vi\u1ec7t Nam t\u1ea1i Riyadh, \u1ea2 R\u1eadp Saudi Nh\u1eadn l\u1eddi m\u1eddi c\u1ee7a Qu\u1ed1c v\u01b0\u01a1ng Salman bin Abdulaziz Al Saud, Th\u1ee7 t\u01b0\u1edbng n\u01b0\u1edbc C\u1ed9ng...                            <\/p>\n                            <!--<p style=\"text-align: right\">\n                                <a class=\"vc-recent-news-read-more\" href=\"\"><\/a>\n                            <\/p>-->\n                        <\/div>\n\n                    <\/li>\n                            <\/ul>\n                    <\/div>\n\n[\/vc_column][vc_column width=&#8221;5\/12&#8243; el_class=&#8221;news-featured&#8221;][vc_raw_html]JTNDaWZyYW1lJTIwc3JjJTNEJTI3aHR0cHMlM0ElMkYlMkZ3d3cuc29jaWFibGVraXQuY29tJTJGYXBwJTJGZW1iZWQlMkY0NDgzOSUyNyUyMGZyYW1lYm9yZGVyJTNEJTI3MCUyNyUyMHdpZHRoJTNEJTI3MTAwJTI1JTI3JTIwaGVpZ2h0JTNEJTI3NDgwcHglMjclM0UlM0MlMkZpZnJhbWUlM0U=[\/vc_raw_html][\/vc_column][\/vc_row]<\/p>\n","protected":false},"excerpt":{"rendered":"<p>[vc_row has_content=&#8221;true&#8221; el_class=&#8221;slide-revo&#8221;][vc_column][vc_column_text][\/vc_column_text][\/vc_column][\/vc_row][vc_row full_width=&#8221;stretch_row&#8221; css=&#8221;.vc_custom_1657161293881{margin-top: 40px !important;padding-top: 30px !important;padding-bottom: 30px !important;background-color: #ffffff !important;}&#8221; has_content=&#8221;inside&#8221; el_class=&#8221;carousel carousel-home&#8221;][vc_column][vc_column_text]S\u1ea3n Ph\u1ea9m [\/vc_column_text][\/vc_column][\/vc_row][vc_row full_width=&#8221;stretch_row&#8221; css=&#8221;.vc_custom_1468297557743{padding-top: 30px !important;padding-bottom: 30px !important;background-image: url(\/wp-content\/uploads\/2016\/07\/bg-recent-news.png?id=1427) !important;}&#8221; has_content=&#8221;true&#8221;][vc_column width=&#8221;7\/12&#8243; el_class=&#8221;recent-news&#8221;][\/vc_column][vc_column width=&#8221;5\/12&#8243; el_class=&#8221;news-featured&#8221;][vc_raw_html]JTNDaWZyYW1lJTIwc3JjJTNEJTI3aHR0cHMlM0ElMkYlMkZ3d3cuc29jaWFibGVraXQuY29tJTJGYXBwJTJGZW1iZWQlMkY0NDgzOSUyNyUyMGZyYW1lYm9yZGVyJTNEJTI3MCUyNyUyMHdpZHRoJTNEJTI3MTAwJTI1JTI3JTIwaGVpZ2h0JTNEJTI3NDgwcHglMjclM0UlM0MlMkZpZnJhbWUlM0U=[\/vc_raw_html][\/vc_column][\/vc_row]<\/p>\n","protected":false},"author":1,"featured_media":0,"parent":0,"menu_order":0,"comment_status":"open","ping_status":"open","template":"","meta":{"footnotes":""},"yst_prominent_words":[],"class_list":["post-1864","page","type-page","status-publish","hentry"],"_links":{"self":[{"href":"https:\/\/zamilsteel.com.vn\/vi\/wp-json\/wp\/v2\/pages\/1864","targetHints":{"allow":["GET"]}}],"collection":[{"href":"https:\/\/zamilsteel.com.vn\/vi\/wp-json\/wp\/v2\/pages"}],"about":[{"href":"https:\/\/zamilsteel.com.vn\/vi\/wp-json\/wp\/v2\/types\/page"}],"author":[{"embeddable":true,"href":"https:\/\/zamilsteel.com.vn\/vi\/wp-json\/wp\/v2\/users\/1"}],"replies":[{"embeddable":true,"href":"https:\/\/zamilsteel.com.vn\/vi\/wp-json\/wp\/v2\/comments?post=1864"}],"version-history":[{"count":0,"href":"https:\/\/zamilsteel.com.vn\/vi\/wp-json\/wp\/v2\/pages\/1864\/revisions"}],"wp:attachment":[{"href":"https:\/\/zamilsteel.com.vn\/vi\/wp-json\/wp\/v2\/media?parent=1864"}],"wp:term":[{"taxonomy":"yst_prominent_words","embeddable":true,"href":"https:\/\/zamilsteel.com.vn\/vi\/wp-json\/wp\/v2\/yst_prominent_words?post=1864"}],"curies":[{"name":"wp","href":"https:\/\/api.w.org\/{rel}","templated":true}]}}