{"id":1833,"date":"2016-06-28T03:13:03","date_gmt":"2016-06-28T03:13:03","guid":{"rendered":"https:\/\/stage.zamilsteel.com.vn\/vi\/project-gallery\/"},"modified":"2021-10-18T11:58:04","modified_gmt":"2021-10-18T04:58:04","slug":"du-an","status":"publish","type":"page","link":"https:\/\/zamilsteel.com.vn\/vi\/du-an\/","title":{"rendered":"D\u1ef1 \u00c1n"},"content":{"rendered":"<p>[vc_row full_width=&#8221;stretch_row&#8221; el_class=&#8221;product-detail&#8221;][vc_column][vc_custom_heading text=&#8221;Nh\u1eefng d\u1ef1 \u00e1n n\u1ed5i b\u1eadt&#8221; use_theme_fonts=&#8221;yes&#8221; el_class=&#8221;my-custom-title&#8221;][vc_empty_space][vc_column_text]<\/p>\n<p style=\"text-align: justify;\">T\u1eeb n\u0103m 1993, Zamil Steel \u0111\u00e3 cung c\u1ea5p h\u01a1n 6.000 nh\u00e0 th\u00e9p ti\u1ec1n ch\u1ebf v\u00e0 k\u1ebft c\u1ea5u th\u00e9p cho th\u1ecb tr\u01b0\u1eddng Vi\u1ec7t Nam, \u0110\u00f4ng Nam \u00c1, ch\u00e2u \u00c1- Th\u00e1i B\u00ecnh D\u01b0\u01a1ng c\u0169ng nh\u01b0 c\u00e1c khu v\u1ef1c kh\u00e1c c\u1ee7a v\u00f9ng Vi\u1ec5n \u0110\u00f4ng nh\u01b0 M\u00f4ng C\u1ed5, Nh\u1eadt B\u1ea3n, \u0111\u1ea3o Fiji, v.v&#8230; th\u00f4ng qua c\u00e1c \u0111\u1ea1i l\u00fd v\u00e0 nh\u00e0 ph\u00e2n ph\u1ed1i.<\/p>\n<p style=\"text-align: justify;\">T\u1eeb n\u0103m 1977, \u00a0t\u1eadp \u0111o\u00e0n Zamil Steel \u0111\u00e3 cung c\u1ea5p h\u01a1n 90.000 nh\u00e0 th\u00e9p ti\u1ec1n ch\u1ebf t\u1edbi h\u01a1n 90 n\u01b0\u1edbc tr\u00ean th\u1ebf gi\u1edbi &#8211; t\u1eeb Mexico, Panama, UAE, \u1ea4n \u0110\u1ed9 \u0111\u1ebfn Nh\u1eadt B\u1ea3n, H\u00e0n Qu\u1ed1c, ch\u00e2u \u00c1 Th\u00e1i B\u00ecnh D\u01b0\u01a1ng, Hoa K\u1ef3, v.v&#8230;<\/p>\n<p style=\"text-align: justify;\">Kh\u00e1ch h\u00e0ng c\u1ee7a ch\u00fang t\u00f4i bao g\u1ed3m nh\u1eefng t\u1eadp \u0111o\u00e0n\u00a0\u0111a qu\u1ed1c gia nh\u01b0 ABB, Procter &amp; Gamble, General Electric, Canon, Coca Cola, Pepsi Cola, Nestle, Parson, Toyota, BMW, Honda, Nestl\u00e9, Volkswagen, Mitsui, Mitsubishi, Sanyo, Toshiba, Panasonic, Unilever, Fuji Film, Isuzu, LG, Daimler Chrysler, Bechtel Corp., Saudi Aramco&#8230;<\/p>\n<p style=\"text-align: justify;\">Xin tham kh\u1ea3o th\u01b0 vi\u1ec7n \u1ea3nh c\u00e1c d\u1ef1 \u00e1n l\u1edbn tr\u00ean kh\u1eafp th\u1ebf gi\u1edbi c\u1ee7a Zamil Steel theo danh s\u00e1ch b\u00ean d\u01b0\u1edbi. Ngo\u00e0i ra, n\u1ebfu c\u1ea7n th\u00eam th\u00f4ng tin v\u1ec1 c\u00e1c d\u1ef1 \u00e1n nh\u00e0 th\u00e9p ti\u1ec1n ch\u1ebf v\u00e0 k\u1ebft c\u1ea5u th\u00e9p\u00a0 m\u00e0 Zamil Steel \u0111\u00e3 th\u1ef1c hi\u1ec7n, xin vui l\u00f2ng li\u00ean l\u1ea1c ph\u00f2ng Marketing qua email <em><strong>&#122;&#x73;v&#46;&#x6d;a&#x72;&#x6b;&#101;&#x74;i&#110;&#x67;&#64;&#122;&#x61;&#109;&#x69;l&#115;&#x74;e&#101;&#x6c;&#46;&#x63;&#x6f;&#109;<\/strong><\/em> ho\u1eb7c v\u0103n ph\u00f2ng kinh doanh g\u1ea7n nh\u1ea5t c\u1ee7a ch\u00fang t\u00f4i theo \u0111\u1ecba ch\u1ec9 li\u00ean l\u1ea1c trong <a href=\"https:\/\/zamilsteel.com.vn\/vi\/lien-he\/\"><span style=\"color: #0000ff;\"><strong>m\u1ee5c n\u00e0y<\/strong><\/span><\/a><\/p>\n<p>[\/vc_column_text][vc_empty_space height=&#8221;25px&#8221;][vc_custom_heading text=&#8221;L\u1ef1a ch\u1ecdn lo\u1ea1i c\u00f4ng tr\u00ecnh&#8221; font_container=&#8221;tag:h2|font_size:20|text_align:left&#8221; use_theme_fonts=&#8221;yes&#8221;][vc_empty_space height=&#8221;25px&#8221;][vc_row_inner content_placement=&#8221;middle&#8221; gap=&#8221;2&#8243;][vc_column_inner width=&#8221;1\/3&#8243;][vc_single_image image=&#8221;3264&#8243; img_size=&#8221;full&#8221; alignment=&#8221;center&#8221; onclick=&#8221;custom_link&#8221; title=&#8221;Nh\u00e0 Th\u00e9p Ti\u1ec1n Ch\u1ebf (PEB)&#8221; link=&#8221;\/vi\/building_types\/peb-vi\/&#8221;][\/vc_column_inner][vc_column_inner width=&#8221;1\/3&#8243;][vc_single_image image=&#8221;3157&#8243; img_size=&#8221;1024&#215;724&#8243; alignment=&#8221;center&#8221; onclick=&#8221;custom_link&#8221; title=&#8221;Th\u00e9p K\u1ebft C\u1ea5u (SS)&#8221; link=&#8221;\/vi\/building_types\/ss-vi\/&#8221;][\/vc_column_inner][\/vc_row_inner][\/vc_column][\/vc_row][vc_row][vc_column][\/vc_column][\/vc_row]<\/p>\n","protected":false},"excerpt":{"rendered":"<p>[vc_row full_width=&#8221;stretch_row&#8221; el_class=&#8221;product-detail&#8221;][vc_column][vc_custom_heading text=&#8221;Nh\u1eefng d\u1ef1 \u00e1n n\u1ed5i b\u1eadt&#8221; use_theme_fonts=&#8221;yes&#8221; el_class=&#8221;my-custom-title&#8221;][vc_empty_space][vc_column_text] T\u1eeb n\u0103m 1993, Zamil Steel \u0111\u00e3 cung c\u1ea5p h\u01a1n 6.000 nh\u00e0 th\u00e9p ti\u1ec1n ch\u1ebf v\u00e0 k\u1ebft c\u1ea5u th\u00e9p cho th\u1ecb tr\u01b0\u1eddng Vi\u1ec7t Nam, \u0110\u00f4ng Nam \u00c1, ch\u00e2u \u00c1- Th\u00e1i B\u00ecnh&#8230;<\/p>\n","protected":false},"author":1,"featured_media":0,"parent":0,"menu_order":0,"comment_status":"closed","ping_status":"closed","template":"","meta":{"footnotes":""},"yst_prominent_words":[7394,7395,7392,901,289,280,508,7144,899,897,290,511,902,900,898],"class_list":["post-1833","page","type-page","status-publish","hentry"],"_links":{"self":[{"href":"https:\/\/zamilsteel.com.vn\/vi\/wp-json\/wp\/v2\/pages\/1833","targetHints":{"allow":["GET"]}}],"collection":[{"href":"https:\/\/zamilsteel.com.vn\/vi\/wp-json\/wp\/v2\/pages"}],"about":[{"href":"https:\/\/zamilsteel.com.vn\/vi\/wp-json\/wp\/v2\/types\/page"}],"author":[{"embeddable":true,"href":"https:\/\/zamilsteel.com.vn\/vi\/wp-json\/wp\/v2\/users\/1"}],"replies":[{"embeddable":true,"href":"https:\/\/zamilsteel.com.vn\/vi\/wp-json\/wp\/v2\/comments?post=1833"}],"version-history":[{"count":0,"href":"https:\/\/zamilsteel.com.vn\/vi\/wp-json\/wp\/v2\/pages\/1833\/revisions"}],"wp:attachment":[{"href":"https:\/\/zamilsteel.com.vn\/vi\/wp-json\/wp\/v2\/media?parent=1833"}],"wp:term":[{"taxonomy":"yst_prominent_words","embeddable":true,"href":"https:\/\/zamilsteel.com.vn\/vi\/wp-json\/wp\/v2\/yst_prominent_words?post=1833"}],"curies":[{"name":"wp","href":"https:\/\/api.w.org\/{rel}","templated":true}]}}