{"id":1831,"date":"2016-06-24T09:45:03","date_gmt":"2016-06-24T09:45:03","guid":{"rendered":"https:\/\/stage.zamilsteel.com.vn\/vi\/our-products\/"},"modified":"2021-10-18T13:30:16","modified_gmt":"2021-10-18T06:30:16","slug":"san-pham","status":"publish","type":"page","link":"https:\/\/zamilsteel.com.vn\/vi\/san-pham\/","title":{"rendered":"S\u1ea3n Ph\u1ea9m"},"content":{"rendered":"<p>[vc_row][vc_column][vc_custom_heading text=&#8221;S\u1ea3n Ph\u1ea9m&#8221; el_class=&#8221;my-custom-title&#8221;]<ul class='filter style-1'><i style=\"color: #000000;\" class=\"fa fa-filter\"><\/i><li class=\"filter-item filter-item-all\"><button style=\"color: #000000;\" data-filter=\"*\">All<\/button><\/li><span style=\"color: #000000;\">\/<\/span><li class=\"filter-item filter-item-1\"><button style=\"color: #000000;\" data-filter=\"ph\u1ee5-ki\u1ec7n\">Ph\u1ee5 Ki\u1ec7n<\/button><\/li><span style=\"color: #000000;\">\/<\/span><li class=\"filter-item filter-item-2\"><button style=\"color: #000000;\" data-filter=\"h\u1ec7-th\u1ed1ng-m\u00e1i-l\u1ee3p-maxseam\">H\u1ec7 Th\u1ed1ng M\u00e1i L\u1ee3p MaxSEAM<\/button><\/li><span style=\"color: #000000;\">\/<\/span><li class=\"filter-item filter-item-3\"><button style=\"color: #000000;\" data-filter=\"nh\u00e0-th\u00e9p-ti\u1ec1n-ch\u1ebf-pebs\">Nh\u00e0 Th\u00e9p Ti\u1ec1n Ch\u1ebf (PEBs)<\/button><\/li><span style=\"color: #000000;\">\/<\/span><li class=\"filter-item filter-item-4\"><button style=\"color: #000000;\" data-filter=\"th\u00e9p-k\u1ebft-c\u1ea5u-ss\">Th\u00e9p K\u1ebft C\u1ea5u (SS)<\/button><\/li><\/ul><ul class='portfolio isotope classic'><li class='isotope-item nh\u00e0-th\u00e9p-ti\u1ec1n-ch\u1ebf-pebs col-xs-6 col-md-3'><article class='inner'><div class='item-img'><div class='img-container'><div class='overlay'><\/div><div class='border-attachment'><\/div><img loading=\"lazy\" decoding=\"async\" width=\"360\" height=\"267\" src=\"https:\/\/zamilsteel.com.vn\/wp-content\/uploads\/2016\/10\/PRE-ENGINEERED-BUILDINGS-360x267.jpg\" class=\"attachment-post-thumb size-post-thumb wp-post-image\" alt=\"nh\u00e0 th\u00e9p ti\u1ec1n ch\u1ebf zamil\" \/><\/div><\/article><div class='item-hover '><div class='item-info item item-type-line'><div class='headline'><h3><a class='' href=https:\/\/zamilsteel.com.vn\/vi\/portfolio\/nha-thep-tien-che-zamil\/>Nh\u00e0 th\u00e9p ti\u1ec1n ch\u1ebf (PEB)<\/a><\/h3><p class='item-summary'>M\u1ed9t h\u1ec7 th\u1ed1ng nh\u00e0 \u0111a n\u0103ng ph\u00f9 h\u1ee3p v\u1edbi nhi\u1ec1u m\u1ee5c \u0111\u00edch s\u1eed d\u1ee5ng, l\u00e0 gi\u1ea3i ph\u00e1p x\u00e2y d\u1ef1ng l\u00fd t\u01b0\u1edfng cho c\u00e1c c\u00f4ng tr\u00ecnh nh\u00e0 m\u00e1y, nh\u00e0 x\u01b0\u1edfng, si\u00eau th\u1ecb,...\n<\/p><a class='btn btn-sm' href=https:\/\/zamilsteel.com.vn\/vi\/portfolio\/nha-thep-tien-che-zamil\/>Read more<\/a><\/div><\/div><\/div><\/li><li class='isotope-item th\u00e9p-k\u1ebft-c\u1ea5u-ss col-xs-6 col-md-3'><article class='inner'><div class='item-img'><div class='img-container'><div class='overlay'><\/div><div class='border-attachment'><\/div><img loading=\"lazy\" decoding=\"async\" width=\"360\" height=\"267\" src=\"https:\/\/zamilsteel.com.vn\/wp-content\/uploads\/2016\/09\/SS-360x267.jpg\" class=\"attachment-post-thumb size-post-thumb wp-post-image\" alt=\"th\u00e9p k\u1ebft c\u1ea5u - c\u00f4ng tr\u00ecnh k\u1ebft c\u1ea5u th\u00e9p c\u1ee7a Nh\u00e0 th\u00e9p ti\u1ec1n ch\u1ebf Zamil Steel\" \/><\/div><\/article><div class='item-hover '><div class='item-info item item-type-line'><div class='headline'><h3><a class='' href=https:\/\/zamilsteel.com.vn\/vi\/portfolio\/thep-ket-cau-ss\/>Th\u00e9p k\u1ebft c\u1ea5u (SS)<\/a><\/h3><p class='item-summary'>V\u1edbi kinh nghi\u1ec7m ch\u1ebf t\u1ea1o th\u00e9p k\u1ebft c\u1ea5u g\u1ea7n 40 n\u0103m, ch\u00fang t\u00f4i \u0111em l\u1ea1i cho kh\u00e1ch h\u00e0ng m\u1ed9t gi\u1ea3i ph\u00e1p nh\u00e0 th\u00e9p t\u1ed5ng th\u1ec3 v\u01b0\u1ee3t ngo\u00e0i s\u1ef1 mong \u0111\u1ee3i v\u1ec1 ch\u1ea5t l\u01b0\u1ee3ng v\u00e0 ch\u1ee9c n\u0103ng.\n<\/p><a class='btn btn-sm' href=https:\/\/zamilsteel.com.vn\/vi\/portfolio\/thep-ket-cau-ss\/>Read more<\/a><\/div><\/div><\/div><\/li><li class='isotope-item h\u1ec7-th\u1ed1ng-m\u00e1i-l\u1ee3p-maxseam col-xs-6 col-md-3'><article class='inner'><div class='item-img'><div class='img-container'><div class='overlay'><\/div><div class='border-attachment'><\/div><img loading=\"lazy\" decoding=\"async\" width=\"360\" height=\"267\" src=\"https:\/\/zamilsteel.com.vn\/wp-content\/uploads\/2016\/08\/MaxSEAM-360x267.jpg\" class=\"attachment-post-thumb size-post-thumb wp-post-image\" alt=\"MaxSEAM\u00ae Roof System\" \/><\/div><\/article><div class='item-hover '><div class='item-info item item-type-line'><div class='headline'><h3><a class='' href=https:\/\/zamilsteel.com.vn\/vi\/portfolio\/he-thong-mai-lop-maxseam\/>H\u1ec7 th\u1ed1ng m\u00e1i l\u1ee3p MaxSEAM\u00ae<\/a><\/h3><p class='item-summary'>H\u1ec7 th\u1ed1ng m\u00e1i MaxSEAM\u00ae c\u1ee7a Zamil Steel l\u00e0 m\u1ed9t trong nh\u1eefng h\u1ec7 th\u1ed1ng m\u00e1i m\u1ed1i \u0111\u1ee9ng c\u00f3 kh\u1ea3 n\u0103ng ch\u1ecbu th\u1eddi ti\u1ebft t\u1ed1t nh\u1ea5t v\u00e0 ch\u1eafc ch\u1eafn nh\u1ea5t trong ng\u00e0nh nh\u00e0 th\u00e9p ti\u1ec1n ch\u1ebf.\n<\/p><a class='btn btn-sm' href=https:\/\/zamilsteel.com.vn\/vi\/portfolio\/he-thong-mai-lop-maxseam\/>Read more<\/a><\/div><\/div><\/div><\/li><li class='isotope-item ph\u1ee5-ki\u1ec7n col-xs-6 col-md-3'><article class='inner'><div class='item-img'><div class='img-container'><div class='overlay'><\/div><div class='border-attachment'><\/div><img loading=\"lazy\" decoding=\"async\" width=\"360\" height=\"267\" src=\"https:\/\/zamilsteel.com.vn\/wp-content\/uploads\/2016\/07\/Building-Components-360x267.jpg\" class=\"attachment-post-thumb size-post-thumb wp-post-image\" alt=\"\" \/><\/div><\/article><div class='item-hover '><div class='item-info item item-type-line'><div class='headline'><h3><a class='' href=https:\/\/zamilsteel.com.vn\/vi\/portfolio\/phu-kien-nha-thep\/>Ph\u1ee5 Ki\u1ec7n<\/a><\/h3><p class='item-summary'>Zamil Steel Vi\u1ec7t Nam cung c\u1ea5p c\u00e1c c\u1ea5u ki\u1ec7n c\u1ee7a nh\u00e0 th\u00e9p ti\u1ec1n ch\u1ebf, \u0111\u01b0\u1ee3c thi\u1ebft k\u1ebf v\u00e0 s\u1ea3n xu\u1ea5t tu\u00e2n theo ti\u00eau chu\u1ea9n c\u1ee7a Zamil Steel v\u1edbi ch\u1ea5t l\u01b0\u1ee3ng t\u1ed1t, th\u1ea9m m\u1ef9 cao, b\u1ec1n ch\u1eafc v\u00e0 \u0111a d\u1ea1ng.\n<\/p><a class='btn btn-sm' href=https:\/\/zamilsteel.com.vn\/vi\/portfolio\/phu-kien-nha-thep\/>Read more<\/a><\/div><\/div><\/div><\/li><\/ul>[\/vc_column][\/vc_row]<\/p>\n","protected":false},"excerpt":{"rendered":"<p>[vc_row][vc_column][vc_custom_heading text=&#8221;S\u1ea3n Ph\u1ea9m&#8221; el_class=&#8221;my-custom-title&#8221;][\/vc_column][\/vc_row]<\/p>\n","protected":false},"author":1,"featured_media":0,"parent":0,"menu_order":0,"comment_status":"closed","ping_status":"closed","template":"templates\/page-product.php","meta":{"footnotes":""},"yst_prominent_words":[],"class_list":["post-1831","page","type-page","status-publish","hentry"],"_links":{"self":[{"href":"https:\/\/zamilsteel.com.vn\/vi\/wp-json\/wp\/v2\/pages\/1831","targetHints":{"allow":["GET"]}}],"collection":[{"href":"https:\/\/zamilsteel.com.vn\/vi\/wp-json\/wp\/v2\/pages"}],"about":[{"href":"https:\/\/zamilsteel.com.vn\/vi\/wp-json\/wp\/v2\/types\/page"}],"author":[{"embeddable":true,"href":"https:\/\/zamilsteel.com.vn\/vi\/wp-json\/wp\/v2\/users\/1"}],"replies":[{"embeddable":true,"href":"https:\/\/zamilsteel.com.vn\/vi\/wp-json\/wp\/v2\/comments?post=1831"}],"version-history":[{"count":0,"href":"https:\/\/zamilsteel.com.vn\/vi\/wp-json\/wp\/v2\/pages\/1831\/revisions"}],"wp:attachment":[{"href":"https:\/\/zamilsteel.com.vn\/vi\/wp-json\/wp\/v2\/media?parent=1831"}],"wp:term":[{"taxonomy":"yst_prominent_words","embeddable":true,"href":"https:\/\/zamilsteel.com.vn\/vi\/wp-json\/wp\/v2\/yst_prominent_words?post=1831"}],"curies":[{"name":"wp","href":"https:\/\/api.w.org\/{rel}","templated":true}]}}