{"id":1824,"date":"2016-06-28T08:18:52","date_gmt":"2016-06-28T08:18:52","guid":{"rendered":"https:\/\/stage.zamilsteel.com.vn\/vi\/faq\/"},"modified":"2018-10-11T08:29:41","modified_gmt":"2018-10-11T08:29:41","slug":"faq","status":"publish","type":"page","link":"https:\/\/zamilsteel.com.vn\/vi\/faq\/","title":{"rendered":"C\u00e2u H\u1ecfi Th\u01b0\u1eddng G\u1eb7p"},"content":{"rendered":"<p>[vc_row][vc_column el_class=&#8221;my-main-content no-ico-download&#8221;][vc_custom_heading text=&#8221;C\u00e2u h\u1ecfi th\u01b0\u1eddng g\u1eb7p&#8221; font_container=&#8221;tag:h2|font_size:20|text_align:left&#8221; use_theme_fonts=&#8221;yes&#8221; el_class=&#8221;my-custom-title&#8221;][vc_empty_space]<div class=\"panel-group\" id=\"accordion1\"><div class=\"panel\">\n                <div class=\"panel-heading\">\n                    <h4 class=\"panel-title\">\n                        <a data-toggle=\"collapse\"  href=\"#collapse1\">A.1 - Nh\u00e0 th\u00e9p ti\u1ec1n ch\u1ebf l\u00e0 g\u00ec ?<\/a>\n                    <\/h4>\n                <\/div>\n                <div id=\"collapse1\" class=\"panel-collapse collapse in\">\n                    <div class=\"panel-body\">[vc_column_text]<\/p>\n<blockquote><p><a href=\"https:\/\/zamilsteel.com.vn\/vi\/portfolio\/nha-thep-tien-che-zamil\/\" target=\"_blank\" rel=\"noopener\"><b>Nh\u00e0 th\u00e9p ti\u1ec1n ch\u1ebf<\/b><\/a>\u00a0l\u00e0 lo\u1ea1i\u00a0nh\u00e0\u00a0l\u00e0m b\u1eb1ng c\u00e1c c\u1ea5u ki\u1ec7n b\u1eb1ng\u00a0th\u00e9p\u00a0v\u00e0 \u0111\u01b0\u1ee3c\u00a0ch\u1ebf t\u1ea1o\u00a0v\u00e0 l\u1eafp \u0111\u1eb7t theo b\u1ea3n v\u1ebd ki\u1ebfn tr\u00fac v\u00e0 k\u1ef9 thu\u1eadt \u0111\u00e3 ch\u1ec9 \u0111\u1ecbnh s\u1eb5n. Qu\u00e1 tr\u00ecnh l\u00e0m ra s\u1ea3n ph\u1ea9m ho\u00e0n ch\u1ec9nh (c\u00f3 k\u1ebft h\u1ee3p c\u00e1c b\u01b0\u1edbc ki\u1ec3m tra v\u00e0 qu\u1ea3n l\u00fd ch\u1ea5t l\u01b0\u1ee3ng) \u0111\u01b0\u1ee3c tr\u1ea3i qua 3 giai \u0111o\u1ea1n ch\u00ednh:\u00a0<a title=\"Thi\u1ebft k\u1ebf\" href=\"https:\/\/zamilsteel.com.vn\/vi\/dich-vu\/thiet-ke\/\" data-aalisten=\"1\">Thi\u1ebft k\u1ebf<\/a>, gia c\u00f4ng c\u1ea5u ki\u1ec7n v\u00e0 l\u1eafp d\u1ef1ng t\u1ea1i\u00a0c\u00f4ng tr\u00ecnh. To\u00e0n b\u1ed9\u00a0<a title=\"K\u1ebft c\u1ea5u th\u00e9p\" href=\"https:\/\/zamilsteel.com.vn\/vi\/portfolio\/thep-ket-cau-ss\/\" data-aalisten=\"1\">k\u1ebft c\u1ea5u th\u00e9p<\/a>\u00a0c\u00f3 th\u1ec3 s\u1ea3n xu\u1ea5t \u0111\u1ed3ng b\u1ed9 s\u1eb5n r\u1ed3i \u0111\u01b0a ra c\u00f4ng tr\u01b0\u1eddng l\u1eafp d\u1ef1ng trong th\u1eddi gian kh\u00e1 ng\u1eafn.\u00a0<em>(Theo wikipedia)<\/em><\/p>\n<p>Nh\u1eefng c\u00f4ng tr\u00ecnh ki\u1ebfn tr\u00fac th\u01b0\u1eddng s\u1eed d\u1ee5ng lo\u1ea1i nh\u00e0 n\u00e0y g\u1ed3m:\u00a0<em><strong>nh\u00e0 x\u01b0\u1edfng, nh\u00e0 kho, nh\u00e0 tr\u01b0ng b\u00e0y,\u00a0si\u00eau th\u1ecb, c\u00f4ng tr\u00ecnh th\u01b0\u01a1ng m\u1ea1i, nh\u00e0 cao t\u1ea7ng,\u2026<\/strong><\/em><\/p>\n<p>\u0110\u1ecdc th\u00eam t\u1ea1i \u0111\u00e2y: <strong><a href=\"https:\/\/zamilsteel.com.vn\/vi\/khai-quat-ve-nha-thep\/\" target=\"_blank\" rel=\"noopener\">Kh\u00e1i Qu\u00e1t V\u1ec1 Nh\u00e0 Th\u00e9p<\/a><\/strong><\/p>\n<p>&nbsp;<\/p><\/blockquote>\n<p>[\/vc_column_text]<\/div>\n                <\/div>\n            <\/div><div class=\"panel\">\n                <div class=\"panel-heading\">\n                    <h4 class=\"panel-title\">\n                        <a data-toggle=\"collapse\"  class='collapsed' href=\"#collapse2\">A.2 - T\u1ea1i sao l\u1ef1a ch\u1ecdn Zamil Steel Vi\u1ec7t Nam ?<\/a>\n                    <\/h4>\n                <\/div>\n                <div id=\"collapse2\" class=\"panel-collapse collapse\">\n                    <div class=\"panel-body\">[vc_column_text]<\/p>\n<ul>\n<li>C\u00f4ng ngh\u1ec7 hi\u1ec7n \u0111\u1ea1i v\u00e0 lu\u00f4n c\u1ea3i ti\u1ebfn.<\/li>\n<li>Uy t\u00edn v\u00e0 Ch\u1ea5t l\u01b0\u1ee3ng \u0111\u01b0\u1ee3c \u0111\u1eb7t l\u00ean h\u00e0ng \u0111\u1ea7u.<\/li>\n<li>T\u01b0 v\u1ea5n chi ti\u1ebft, \u0111\u01b0a ra gi\u1ea3i ph\u00e1p t\u1ed1i \u01b0u cho kh\u00e1ch h\u00e0ng<\/li>\n<li>H\u01a1n <strong>41 n\u0103m kinh nghi\u1ec7m to\u00e0n c\u1ea7u, 21 n\u0103m th\u1ecb tr\u01b0\u1eddng Vi\u1ec7t Nam<\/strong> &amp; Ch\u00e2u \u00c1 Th\u00e1i B\u00ecnh D\u01b0\u01a1ng.<\/li>\n<li>X\u00e2y d\u1ef1ng h\u01a1n\u00a0<em><strong>6000 nh\u00e0 th\u00e9p<\/strong><\/em>\u00a0trong khu v\u1ef1c.<\/li>\n<li>H\u1ec7 th\u1ed1ng ch\u1ea5t l\u01b0\u1ee3ng nghi\u00eam ng\u1eb7t v\u1edbi\u00a0<a href=\"https:\/\/zamilsteel.com.vn\/vi\/tieu-chuan-zamil-steel\/\" data-aalisten=\"1\">ti\u00eau chu\u1ea9n Zamil Steel<\/a>.<\/li>\n<li>D\u1ecbch v\u1ee5 sau b\u00e1n h\u00e0ng chu\u1ea9n qu\u1ed1c t\u1ebf.<\/li>\n<\/ul>\n<p>[\/vc_column_text]<\/div>\n                <\/div>\n            <\/div><div class=\"panel\">\n                <div class=\"panel-heading\">\n                    <h4 class=\"panel-title\">\n                        <a data-toggle=\"collapse\"  class='collapsed' href=\"#collapse3\">A.3 - T\u00f4i c\u1ea7n c\u00e1c t\u00e0i li\u1ec7u qu\u1ea3ng c\u00e1o S\u1ea3n ph\u1ea9m c\u1ee7a Zamil Steel:<\/a>\n                    <\/h4>\n                <\/div>\n                <div id=\"collapse3\" class=\"panel-collapse collapse\">\n                    <div class=\"panel-body\">[vc_column_text]Zamil Steel Vi\u1ec7t Nam cung c\u1ea5p c\u00e1c t\u00e0i li\u1ec7u marketing v\u1ec1 c\u00e1c s\u1ea3n ph\u1ea9m nh\u00e0 th\u00e9p ti\u1ec1n ch\u1ebf c\u1ee7a Zamil Steel. Ch\u00fang t\u00f4i s\u1ebd c\u1ed1 g\u1eafng c\u1eadp nh\u1eadt t\u00e0i li\u1ec7u n\u00e0y th\u01b0\u1eddng xuy\u00ean.<\/p>\n<p>T\u00e0i li\u1ec7u marketing c\u1ee7a Zamil Steel \u0111\u01b0\u1ee3c cung c\u1ea5p d\u1ea1ng t\u1eadp tin PDF c\u00f3 th\u1ec3 t\u1ea3i v\u1ec1 <a href=\"https:\/\/zamilsteel.com.vn\/resource-center\/brochures\/\"><strong><u>t\u1ea1i \u0111\u00e2y<\/u><\/strong><\/a>[\/vc_column_text]<\/div>\n                <\/div>\n            <\/div><div class=\"panel\">\n                <div class=\"panel-heading\">\n                    <h4 class=\"panel-title\">\n                        <a data-toggle=\"collapse\"  class='collapsed' href=\"#collapse4\">A.4 - T\u00f4i kh\u00f4ng th\u1ea5y c\u00e2u tr\u1ea3 l\u1eddi cho c\u00e2u h\u1ecfi c\u1ee7a m\u00ecnh:<\/a>\n                    <\/h4>\n                <\/div>\n                <div id=\"collapse4\" class=\"panel-collapse collapse\">\n                    <div class=\"panel-body\">[vc_column_text]<\/p>\n<div id=\"1467102408819-eb505e05-1e5e\" class=\"vc_tta-panel vc_active\" data-vc-content=\".vc_tta-panel-body\">\n<div class=\"vc_tta-panel-body\">\n<div class=\"wpb_text_column wpb_content_element \">\n<div class=\"wpb_wrapper\">\n<p>S\u1eed d\u1ee5ng li\u00ean k\u1ebft \u1edf trang <a href=\"https:\/\/zamilsteel.com.vn\/vi\/lien-he\/\">Li\u00ean h\u1ec7 v\u1edbi ch\u00fang t\u00f4i<\/a>\u00a0\u0111\u1ec3 \u0111\u1eb7t c\u00e2u h\u1ecfi v\u00e0 ch\u00fang t\u00f4i s\u1ebd c\u1ed1 g\u1eafng \u0111\u1ec3 tr\u1ea3 l\u1eddi s\u1edbm h\u1ebft m\u1ee9c c\u00f3 th\u1ec3.<\/p>\n<\/div>\n<\/div>\n<\/div>\n<\/div>\n<div id=\"1467102408907-8c31554e-f945\" class=\"vc_tta-panel\" data-vc-content=\".vc_tta-panel-body\"><\/div>\n<p>[\/vc_column_text]<\/div>\n                <\/div>\n            <\/div><\/div>[\/vc_column][\/vc_row]<\/p>\n","protected":false},"excerpt":{"rendered":"<p>[vc_row][vc_column el_class=&#8221;my-main-content no-ico-download&#8221;][vc_custom_heading text=&#8221;C\u00e2u h\u1ecfi th\u01b0\u1eddng g\u1eb7p&#8221; font_container=&#8221;tag:h2|font_size:20|text_align:left&#8221; use_theme_fonts=&#8221;yes&#8221; el_class=&#8221;my-custom-title&#8221;][vc_empty_space][\/vc_column][\/vc_row]<\/p>\n","protected":false},"author":1,"featured_media":0,"parent":0,"menu_order":0,"comment_status":"closed","ping_status":"closed","template":"","meta":{"footnotes":""},"yst_prominent_words":[881,7331,872,861,857,312,288,289,280,7332,870,869,290,7333,7334,871,863,185,651,287],"class_list":["post-1824","page","type-page","status-publish","hentry"],"_links":{"self":[{"href":"https:\/\/zamilsteel.com.vn\/vi\/wp-json\/wp\/v2\/pages\/1824","targetHints":{"allow":["GET"]}}],"collection":[{"href":"https:\/\/zamilsteel.com.vn\/vi\/wp-json\/wp\/v2\/pages"}],"about":[{"href":"https:\/\/zamilsteel.com.vn\/vi\/wp-json\/wp\/v2\/types\/page"}],"author":[{"embeddable":true,"href":"https:\/\/zamilsteel.com.vn\/vi\/wp-json\/wp\/v2\/users\/1"}],"replies":[{"embeddable":true,"href":"https:\/\/zamilsteel.com.vn\/vi\/wp-json\/wp\/v2\/comments?post=1824"}],"version-history":[{"count":0,"href":"https:\/\/zamilsteel.com.vn\/vi\/wp-json\/wp\/v2\/pages\/1824\/revisions"}],"wp:attachment":[{"href":"https:\/\/zamilsteel.com.vn\/vi\/wp-json\/wp\/v2\/media?parent=1824"}],"wp:term":[{"taxonomy":"yst_prominent_words","embeddable":true,"href":"https:\/\/zamilsteel.com.vn\/vi\/wp-json\/wp\/v2\/yst_prominent_words?post=1824"}],"curies":[{"name":"wp","href":"https:\/\/api.w.org\/{rel}","templated":true}]}}