{"id":1808,"date":"2016-07-08T07:11:57","date_gmt":"2016-07-08T00:11:57","guid":{"rendered":"https:\/\/stage.zamilsteel.com.vn\/vi\/employment\/"},"modified":"2025-07-21T09:03:15","modified_gmt":"2025-07-21T02:03:15","slug":"tuyen-dung","status":"publish","type":"page","link":"https:\/\/zamilsteel.com.vn\/vi\/tuyen-dung\/","title":{"rendered":"Tuy\u1ec3n D\u1ee5ng"},"content":{"rendered":"<p>[vc_row][vc_column][vc_custom_heading text=&#8221;Tuy\u1ec3n d\u1ee5ng&#8221; use_theme_fonts=&#8221;yes&#8221; el_class=&#8221;my-custom-title&#8221;][vc_empty_space][vc_column_text]<\/p>\n<p style=\"text-align: justify;\"><em>\u00a0\u201cNh\u00e2n vi\u00ean t\u1ed1t s\u1ebd t\u1ea1o n\u00ean m\u1ed9t c\u00f4ng ty t\u1ed1t.&#8221;<\/em><\/p>\n<p style=\"text-align: justify;\">\u0110\u1eb7c tr\u01b0ng trong nguy\u00ean t\u1eafc tuy\u1ec3n d\u1ee5ng c\u1ee7a Zamil Steel Vietnam l\u00e0 s\u1ef1 chuy\u00ean nghi\u1ec7p v\u00e0 Zamil Steel cam k\u1ebft s\u1ebd \u0111em \u0111\u1ebfn cho kh\u00e1ch h\u00e0ng d\u1ecbch v\u1ee5 tuy\u1ec7t v\u1eddi \u2013 c\u1ea3 trong v\u00e0 ngo\u00e0i n\u01b0\u1edbc.<\/p>\n<p style=\"text-align: justify;\">M\u1ed7i nh\u00e2n vi\u00ean c\u1ee7a Zamil Steel Vi\u1ec7t Nam (ZSV) l\u00e0 \u0111\u1ea1i di\u1ec7n cho h\u00ecnh \u1ea3nh c\u1ee7a ch\u00fang t\u00f4i tr\u01b0\u1edbc kh\u00e1ch h\u00e0ng, nh\u00e0 cung c\u1ea5p, kh\u00e1ch tham quan, x\u00e3 h\u1ed9i v\u00e0 c\u1ed9ng \u0111\u1ed3ng n\u00f3i chung. Ch\u00fang t\u00f4i tin t\u01b0\u1edfng v\u00e0o vi\u1ec7c tu\u00e2n th\u1ee7 ph\u00e1p lu\u1eadt hi\u1ec7n h\u00e0nh v\u00e0 t\u00f4n tr\u1ecdng t\u1eadp qu\u00e1n,t\u00f4n gi\u00e1o trong c\u00e1c v\u00f9ng l\u00e3nh th\u1ed5 m\u00e0 ZSV th\u1ef1c hi\u1ec7n ho\u1ea1t \u0111\u1ed9ng kinh doanh.<\/p>\n<p style=\"text-align: justify;\">Ch\u00fang t\u00f4i cam k\u1ebft c\u00e1c ti\u00eau chu\u1ea9n sau:<\/p>\n<ul style=\"text-align: justify;\">\n<li>Duy tr\u00ec l\u1eadp tr\u01b0\u1eddng trung th\u1ef1c v\u00e0 th\u1ed1ng nh\u1ea5t.<\/li>\n<li>Tr\u00e1nh m\u00e2u thu\u1eabn l\u1ee3i \u00edch.<\/li>\n<li>T\u00f4n tr\u1ecdng nh\u00e2n ph\u1ea9m v\u00e0 gi\u00e1 tr\u1ecb c\u1ee7a m\u1ecdi c\u00e1 nh\u00e2n.<\/li>\n<li>Th\u00fac \u0111\u1ea9y s\u00e1ng ki\u1ebfn v\u00e0 s\u1ef1 \u0111\u1ed5i m\u1edbi c\u1ee7a c\u00e1 nh\u00e2n.<\/li>\n<li>Duy tr\u00ec m\u00f4i tr\u01b0\u1eddng l\u00e0m vi\u1ec7c an to\u00e0n.<\/li>\n<li>B\u1ea3o v\u1ec7 m\u00f4i tr\u01b0\u1eddng.<\/li>\n<\/ul>\n<p style=\"text-align: justify;\">M\u1eb7c d\u00f9 quy \u0111\u1ecbnh c\u1ee7a m\u1ed7i v\u00f9ng mi\u1ec1n c\u00f3 th\u1ec3 kh\u00e1c nhau, nh\u01b0ng Zamil Steel Vi\u1ec7t Nam hy v\u1ecdng \u0111\u1ed9i ng\u0169 nh\u00e2n vi\u00ean v\u00e0 nh\u1eefng ng\u01b0\u1eddi thay m\u1eb7t cho c\u00f4ng ty tu\u00e2n theo m\u1ecdi quy \u0111\u1ecbnh ph\u00e1p l\u00fd v\u00e0 ch\u00ednh s\u00e1ch c\u1ee7a ZSV. Nh\u1eefng nh\u00e2n vi\u00ean vi ph\u1ea1m quy \u0111\u1ecbnh lu\u1eadt ph\u00e1p ho\u1eb7c ch\u00ednh s\u00e1ch Doanh nghi\u1ec7p\/Qu\u1ea3n l\u00fd v\u00e0 Nh\u00e2n s\u1ef1 c\u1ee7a Zamil Steel Vi\u1ec7t Nam s\u1ebd ph\u1ea3i ch\u1ecbu h\u00ecnh th\u1ee9c k\u1ef7 lu\u1eadt th\u00edch \u0111\u00e1ng, cao nh\u1ea5t l\u00e0 cho ngh\u1ec9 vi\u1ec7c.<\/p>\n<p style=\"text-align: justify;\"><em>\u201cTh\u00e0nh t\u1ef1u c\u1ee7a c\u00f4ng ty l\u00e0 s\u1ef1 \u0111\u00f3ng g\u00f3p c\u1ee7a m\u1ed7i nh\u00e2n vi\u00ean\u201d <\/em><\/p>\n<p style=\"text-align: justify;\">Ch\u00fang t\u00f4i tin r\u1eb1ng m\u1ecdi nh\u00e2n vi\u00ean \u0111\u1ec1u \u0111\u00e3 v\u00e0 \u0111ang \u0111\u00f3ng g\u00f3p v\u00e0o s\u1ef1 th\u00e0nh c\u00f4ng c\u1ee7a Zamil Steel Vi\u1ec7t Nam.<\/p>\n<p style=\"text-align: justify;\">V\u00ec v\u1eady, Zamil Steel Vi\u1ec7t Nam lu\u00f4n c\u1ed1 g\u1eafng \u0111\u1ec3 t\u1ea1o ra m\u1ed9t m\u00f4i tr\u01b0\u1eddng l\u00e0m vi\u1ec7c t\u00edch c\u1ef1c, n\u0103ng \u0111\u1ed9ng, \u00a0\u0111\u1ed3ng th\u1eddi th\u00fac \u0111\u1ea9y s\u1ef1 c\u00e2n b\u1eb1ng gi\u1eef c\u00f4ng vi\u1ec7c v\u00e0 cu\u1ed9c s\u1ed1ng, trong \u0111\u00f3 nh\u00e2n vi\u00ean c\u00f3 th\u1ec3 ph\u00e1t tri\u1ec3n k\u1ef9 n\u0103ng c\u1ee7a m\u00ecnh m\u1ed9t c\u00e1ch t\u1ed1t nh\u1ea5t c\u00f3 th\u1ec3.<\/p>\n<p style=\"text-align: justify;\">M\u1ecdi c\u00f4ng vi\u1ec7c \u0111\u1ec1u quan tr\u1ecdng nh\u01b0 nhau, v\u00e0 th\u00e0nh t\u1ef1u c\u00f4ng vi\u1ec7c c\u1ee7a m\u1ed7i nh\u00e2n vi\u00ean \u0111\u1ec1u \u0111\u00f3ng g\u00f3p v\u00e0o th\u00e0nh t\u1ef1u chung c\u1ee7a ZSV.<\/p>\n<p>[\/vc_column_text][vc_custom_heading text=&#8221;C\u01a1 h\u1ed9i vi\u1ec7c l\u00e0m&#8221; use_theme_fonts=&#8221;yes&#8221; el_class=&#8221;my-custom-title&#8221;][vc_empty_space][vc_column_text]<\/p>\n<table style=\"width: 101.514%; height: 80px;\" border=\"1\">\n<tbody>\n<tr style=\"height: 56px;\">\n<td style=\"width: 49.375%; height: 56px;\">\n<ul>\n<li><a href=\"https:\/\/www.zamilsteel.com.vn\/design-engineer-hcmc\/\"><b>2025 &#8211; Ky\u0303 s\u01b0 thi\u00ea\u0301t k\u00ea\u0301 &#8211; HCMC<\/b><\/a><\/li>\n<\/ul>\n<\/td>\n<td style=\"width: 28.2341%; text-align: center; height: 56px;\"><b><img loading=\"lazy\" decoding=\"async\" class=\"alignnone size-medium\" src=\"https:\/\/zamilsteel.com.vn\/job\/clock.gif\" width=\"12\" height=\"12\" \/><span style=\"vertical-align: inherit;\"><span style=\"vertical-align: inherit;\">th\u00e1ng 8 n\u0103m 2025<\/span><\/span><\/b><\/td>\n<\/tr>\n<tr style=\"height: 24px;\">\n<td style=\"width: 49.375%; height: 24px;\">\n<ul>\n<li><a href=\"https:\/\/zamilsteel.com.vn\/employment\/sales-manager-hn\/\"><b>2025 &#8211; Sales Manager &#8211; Hanoi Office<\/b><\/a><\/li>\n<\/ul>\n<\/td>\n<td style=\"width: 28.2341%; text-align: center; height: 24px;\"><b><img loading=\"lazy\" decoding=\"async\" class=\"alignnone size-medium\" src=\"https:\/\/zamilsteel.com.vn\/job\/clock.gif\" width=\"12\" height=\"12\" \/><span style=\"vertical-align: inherit;\">th\u00e1ng 8 n\u0103m 2025<\/span><\/b><\/td>\n<\/tr>\n<tr>\n<td style=\"width: 49.375%;\">\n<ul>\n<li><a href=\"https:\/\/zamilsteel.com.vn\/employment\/sr-ome-hn\/\"><b>2025 &#8211; Sr Order Management Engineer &#8211; Hanoi Office<\/b><\/a><\/li>\n<\/ul>\n<\/td>\n<td style=\"width: 28.2341%; text-align: center;\"><b><img loading=\"lazy\" decoding=\"async\" class=\"alignnone size-medium\" src=\"https:\/\/zamilsteel.com.vn\/job\/clock.gif\" width=\"12\" height=\"12\" \/><span style=\"vertical-align: inherit;\">th\u00e1ng 8 n\u0103m 2025<\/span><\/b><\/td>\n<\/tr>\n<\/tbody>\n<\/table>\n<p style=\"text-align: center;\"><!-- DivTable.com --><\/p>\n<p>[\/vc_column_text][\/vc_column][\/vc_row]<\/p>\n","protected":false},"excerpt":{"rendered":"<p>[vc_row][vc_column][vc_custom_heading text=&#8221;Tuy\u1ec3n d\u1ee5ng&#8221; use_theme_fonts=&#8221;yes&#8221; el_class=&#8221;my-custom-title&#8221;][vc_empty_space][vc_column_text] \u00a0\u201cNh\u00e2n vi\u00ean t\u1ed1t s\u1ebd t\u1ea1o n\u00ean m\u1ed9t c\u00f4ng ty t\u1ed1t.&#8221; \u0110\u1eb7c tr\u01b0ng trong nguy\u00ean t\u1eafc tuy\u1ec3n d\u1ee5ng c\u1ee7a Zamil Steel Vietnam l\u00e0 s\u1ef1 chuy\u00ean nghi\u1ec7p v\u00e0 Zamil Steel cam k\u1ebft s\u1ebd \u0111em \u0111\u1ebfn cho kh\u00e1ch&#8230;<\/p>\n","protected":false},"author":1,"featured_media":0,"parent":0,"menu_order":0,"comment_status":"closed","ping_status":"closed","template":"","meta":{"footnotes":""},"yst_prominent_words":[1010,1011,1005,312,811,808,1006,1009,1004,1003,1007,652,1008,295,185,651,287],"class_list":["post-1808","page","type-page","status-publish","hentry"],"_links":{"self":[{"href":"https:\/\/zamilsteel.com.vn\/vi\/wp-json\/wp\/v2\/pages\/1808","targetHints":{"allow":["GET"]}}],"collection":[{"href":"https:\/\/zamilsteel.com.vn\/vi\/wp-json\/wp\/v2\/pages"}],"about":[{"href":"https:\/\/zamilsteel.com.vn\/vi\/wp-json\/wp\/v2\/types\/page"}],"author":[{"embeddable":true,"href":"https:\/\/zamilsteel.com.vn\/vi\/wp-json\/wp\/v2\/users\/1"}],"replies":[{"embeddable":true,"href":"https:\/\/zamilsteel.com.vn\/vi\/wp-json\/wp\/v2\/comments?post=1808"}],"version-history":[{"count":3,"href":"https:\/\/zamilsteel.com.vn\/vi\/wp-json\/wp\/v2\/pages\/1808\/revisions"}],"predecessor-version":[{"id":24556,"href":"https:\/\/zamilsteel.com.vn\/vi\/wp-json\/wp\/v2\/pages\/1808\/revisions\/24556"}],"wp:attachment":[{"href":"https:\/\/zamilsteel.com.vn\/vi\/wp-json\/wp\/v2\/media?parent=1808"}],"wp:term":[{"taxonomy":"yst_prominent_words","embeddable":true,"href":"https:\/\/zamilsteel.com.vn\/vi\/wp-json\/wp\/v2\/yst_prominent_words?post=1808"}],"curies":[{"name":"wp","href":"https:\/\/api.w.org\/{rel}","templated":true}]}}