{"id":6621,"date":"2016-07-08T07:11:57","date_gmt":"2016-07-08T07:11:57","guid":{"rendered":"https:\/\/zamilsteel.com.vn\/fr\/employment\/"},"modified":"2021-10-19T16:05:07","modified_gmt":"2021-10-19T09:05:07","slug":"emploi-2-2","status":"publish","type":"page","link":"https:\/\/zamilsteel.com.vn\/fr\/emploi-2-2\/","title":{"rendered":"Emploi"},"content":{"rendered":"<p>[vc_row][vc_column][vc_custom_heading text=\u00a0\u00bbVie au travail\u00a0\u00bb use_theme_fonts=\u00a0\u00bbyes\u00a0\u00bb el_class=\u00a0\u00bbmy-custom-title\u00a0\u00bb][vc_empty_space][vc_column_text]La philosophie de travail de Zamil Steel Buildings Vietnam se caract\u00e9rise par le professionnalisme et par l\u2019excellence du service \u00e0 ses clients \u2013 tant internes qu\u2019externes.<\/p>\n<p><em>\u201cUne entreprise ne vaut que ce que valent ses collaborateurs\u201d.<\/em><\/p>\n<p>Chaque collaborateur repr\u00e9sente Zamil Steel Buildings Vietnam (ZSV) aupr\u00e8s de nos clients, fournisseurs et du public en g\u00e9n\u00e9ral. Nous nous engageons \u00e0 respecter les lois en vigueur et \u00e0 respecter les coutumes et les religions dans les territoires o\u00f9 ZSV exerce ses activit\u00e9s.<\/p>\n<p>Nous nous engageons \u00e0 respecter les pratiques suivantes\u00a0:<\/p>\n<ul>\n<li>Agir avec honn\u00eatet\u00e9 et int\u00e9grit\u00e9 en toutes circonstances.<\/li>\n<li>\u00c9viter les conflits d\u2019int\u00e9r\u00eat.<\/li>\n<li>Respecter la dignit\u00e9 et la valeur de chaque personne.<\/li>\n<li>Promouvoir les initiatives individuelles et l\u2019innovation.<\/li>\n<li>Assurer la s\u00e9curit\u00e9 sur les lieux de travail.<\/li>\n<li>Prot\u00e9ger l\u2019environnement.<\/li>\n<\/ul>\n<p>Sachant que les r\u00e9glementations peuvent varier d\u2019un territoire a un autre, Zamil Steel Buildings Vietnam attend de ses collaborateurs et des autres personnes qui la repr\u00e9sentent, qu\u2019elles se conforment \u00e0 toutes les lois en vigueur et aux politiques de ZSV. Le collaborateur qui violerait une loi ou les politiques de ressources humaines et de gestion du personnel de Zamil Steel Buildings Vietnam serait soumis \u00e0 des mesures disciplinaires appropri\u00e9es, allant jusqu\u2019\u00e0 et incluant la cessation de son activit\u00e9.<\/p>\n<p><em>\u00a0<\/em><\/p>\n<p><em>\u201cChaque collaborateur joue un r\u00f4le positif\u201d<\/em><\/p>\n<p>Nous pensons que chaque collaborateur contribue au succ\u00e8s de Zamil Steel Buildings Vietnam.<\/p>\n<p>Pour cette raison, Zamil Steel Buildings Vietnam s\u2019efforce de promouvoir un juste \u00e9quilibre entre vie professionnelle et vie priv\u00e9e, ainsi qu\u2019un environnement de travail dans lequel nos collaborateurs peuvent d\u00e9velopper leurs comp\u00e9tences de la meilleure mani\u00e8re possible.[\/vc_column_text][vc_custom_heading text=\u00a0\u00bbOPPORTUNIT\u00c9S DE CARRI\u00c8RE\u00a0\u00bb font_container=\u00a0\u00bbtag:h2|text_align:left|color:%23303030&Prime; use_theme_fonts=\u00a0\u00bbyes\u00a0\u00bb el_class=\u00a0\u00bbmy-custom-title\u00a0\u00bb][vc_empty_space height=\u00a0\u00bb45px\u00a0\u00bb][vc_column_text]<\/p>\n<table style=\"width: 100%;\" border=\"1\">\n<tbody>\n<tr>\n<td style=\"width: 65%;\"><\/td>\n<td style=\"width: 15.3774%;\"><\/td>\n<td style=\"width: 13.6226%; text-align: center;\"><b><img loading=\"lazy\" decoding=\"async\" class=\"alignnone size-medium\" src=\"https:\/\/zamilsteel.com.vn\/job\/clock.gif\" width=\"12\" height=\"12\" \/>\u00a031st July, 2019<\/b><\/td>\n<\/tr>\n<tr>\n<td style=\"width: 65%;\"><\/td>\n<td style=\"width: 12.3774%;\"><\/td>\n<td style=\"width: 16.6226%; text-align: center;\"><b><img loading=\"lazy\" decoding=\"async\" class=\"alignnone size-medium\" src=\"https:\/\/zamilsteel.com.vn\/job\/clock.gif\" width=\"12\" height=\"12\" \/>\u00a031st July, 2019<\/b><\/td>\n<\/tr>\n<tr>\n<td style=\"width: 65%;\"><\/td>\n<td style=\"width: 15.3774%;\"><\/td>\n<td style=\"width: 13.6226%; text-align: center;\"><b><img loading=\"lazy\" decoding=\"async\" class=\"alignnone size-medium\" src=\"https:\/\/zamilsteel.com.vn\/job\/clock.gif\" width=\"12\" height=\"12\" \/>\u00a031st July, 2019<\/b><\/td>\n<\/tr>\n<\/tbody>\n<\/table>\n<p style=\"text-align: center;\"><!-- DivTable.com --><\/p>\n<p>[\/vc_column_text][\/vc_column][\/vc_row]<\/p>\n","protected":false},"excerpt":{"rendered":"<p>[vc_row][vc_column][vc_custom_heading text=\u00a0\u00bbVie au travail\u00a0\u00bb use_theme_fonts=\u00a0\u00bbyes\u00a0\u00bb el_class=\u00a0\u00bbmy-custom-title\u00a0\u00bb][vc_empty_space][vc_column_text]La philosophie de travail de Zamil Steel Buildings Vietnam se caract\u00e9rise par le professionnalisme et par l\u2019excellence du service \u00e0 ses clients \u2013 tant internes qu\u2019externes. \u201cUne entreprise ne vaut que ce que valent ses&#8230;<\/p>\n","protected":false},"author":1,"featured_media":0,"parent":0,"menu_order":0,"comment_status":"closed","ping_status":"closed","template":"","meta":{"footnotes":""},"yst_prominent_words":[7939,1844,3844,3851,1113,1835,1120,1840,1841,1838,1842,1843,1836,5044,1839,1837,3948,3841,3836,3861,3822,3819,3834,3828,5043],"class_list":["post-6621","page","type-page","status-publish","hentry"],"_links":{"self":[{"href":"https:\/\/zamilsteel.com.vn\/fr\/wp-json\/wp\/v2\/pages\/6621","targetHints":{"allow":["GET"]}}],"collection":[{"href":"https:\/\/zamilsteel.com.vn\/fr\/wp-json\/wp\/v2\/pages"}],"about":[{"href":"https:\/\/zamilsteel.com.vn\/fr\/wp-json\/wp\/v2\/types\/page"}],"author":[{"embeddable":true,"href":"https:\/\/zamilsteel.com.vn\/fr\/wp-json\/wp\/v2\/users\/1"}],"replies":[{"embeddable":true,"href":"https:\/\/zamilsteel.com.vn\/fr\/wp-json\/wp\/v2\/comments?post=6621"}],"version-history":[{"count":0,"href":"https:\/\/zamilsteel.com.vn\/fr\/wp-json\/wp\/v2\/pages\/6621\/revisions"}],"wp:attachment":[{"href":"https:\/\/zamilsteel.com.vn\/fr\/wp-json\/wp\/v2\/media?parent=6621"}],"wp:term":[{"taxonomy":"yst_prominent_words","embeddable":true,"href":"https:\/\/zamilsteel.com.vn\/fr\/wp-json\/wp\/v2\/yst_prominent_words?post=6621"}],"curies":[{"name":"wp","href":"https:\/\/api.w.org\/{rel}","templated":true}]}}