{"id":6458,"date":"2016-07-12T04:34:16","date_gmt":"2016-07-12T04:34:16","guid":{"rendered":"https:\/\/zamilsteel.com.vn\/fr\/site-map\/"},"modified":"2017-11-27T09:36:45","modified_gmt":"2017-11-27T09:36:45","slug":"plan-du-site","status":"publish","type":"page","link":"https:\/\/zamilsteel.com.vn\/fr\/plan-du-site\/","title":{"rendered":"Plan du Site &#8211; Zamil Steel Buildings Vietnam Co., Ltd"},"content":{"rendered":"<p>[vc_row][vc_column][vc_custom_heading text=\u00a0\u00bbPLAN DU SITE\u00a0\u00bb el_class=\u00a0\u00bbmy-custom-title\u00a0\u00bb][vc_empty_space][vc_row_inner][vc_column_inner width=\u00a0\u00bb1\/3&Prime;][vc_column_text]<\/p>\n<p style=\"margin: 0in; margin-bottom: .0001pt; background: white;\"><span lang=\"FR\" style=\"font-size: 10.5pt; font-family: 'Arial',sans-serif;\">POURQUOI CHOISIR ZAMIL STEEL<\/span><\/p>\n<ul>\n<li><a href=\"https:\/\/zamilsteel.com.vn\/fr\/qui-sommes-nous\/\">Qui Sommes-Nous\u00a0?<\/a><\/li>\n<li><a href=\"https:\/\/zamilsteel.com.vn\/fr\/le-guide-de-la-construction-metallique\/\">Le Guide de la Construction M\u00e9tallique<\/a>\n<ul>\n<li><u>Utilisations<\/u><\/li>\n<li>Combien cela co\u00fbte-t-il\u00a0?<\/li>\n<li>Est-ce S\u00dbR\u00a0?<\/li>\n<\/ul>\n<\/li>\n<li><a href=\"https:\/\/zamilsteel.com.vn\/fr\/les-normes-et-standards-de-zamil-steel\/\">Les Standards de Zamil Steel<\/a>\n<ul>\n<li>Notre qualit\u00e9<\/li>\n<li>Notre vision<\/li>\n<li>Certifications &amp; R\u00e9compenses<\/li>\n<\/ul>\n<\/li>\n<\/ul>\n<p><a href=\"https:\/\/zamilsteel.com.vn\/fr\/produits\/\">NOS PRODUITS<\/a><\/p>\n<ul>\n<li><a href=\"https:\/\/zamilsteel.com.vn\/fr\/portfolio\/batiment-prefabriques\/\">B\u00e2timents Pr\u00e9-Fabriqu\u00e9s \u00e0 Ossature M\u00e9tallique<\/a>\n<ul>\n<li><u>Caract\u00e9ristiques &amp; Avantages<\/u><\/li>\n<li><u>Utilisations<\/u><\/li>\n<li>R\u00e9f\u00e9rences de Chantiers<\/li>\n<\/ul>\n<\/li>\n<li><a href=\"https:\/\/zamilsteel.com.vn\/fr\/portfolio\/charpentes-metalliques\/\">Charpentes M\u00e9talliques<\/a>\n<ul>\n<li>Caract\u00e9ristiques &amp; Avantages<\/li>\n<li><u>Utilisations<\/u><\/li>\n<li>R\u00e9f\u00e9rences de Chantiers<\/li>\n<\/ul>\n<\/li>\n<li><a href=\"https:\/\/zamilsteel.com.vn\/fr\/portfolio\/le-systeme-de-toiture-maxseam\/\">Syst\u00e8me de toiture MaxSEAM\u00ae<\/a>\n<ul>\n<li>Caract\u00e9ristiques &amp; Avantages<\/li>\n<li><u>Utilisations<\/u><\/li>\n<li>R\u00e9f\u00e9rences de Chantiers<\/li>\n<\/ul>\n<\/li>\n<li><a href=\"https:\/\/zamilsteel.com.vn\/fr\/portfolio\/composants-accessoires-du-batiment\/\">Composants des B\u00e2timents<\/a>\n<ul>\n<li>Caract\u00e9ristiques &amp; Avantages<\/li>\n<li><u>Utilisations<\/u><\/li>\n<li>R\u00e9f\u00e9rences de Chantiers<\/li>\n<\/ul>\n<\/li>\n<\/ul>\n<p>[\/vc_column_text][\/vc_column_inner][vc_column_inner width=\u00a0\u00bb1\/3&Prime;][vc_column_text]<a href=\"https:\/\/zamilsteel.com.vn\/fr\/services\/\">NOS\u00a0SERVICES<\/a><\/p>\n<ul>\n<li><a href=\"https:\/\/zamilsteel.com.vn\/fr\/services\/conception-ingenierie\/\">Conception &amp; Ing\u00e9nierie<\/a><\/li>\n<li><a href=\"https:\/\/zamilsteel.com.vn\/fr\/services\/production\/\">Production<\/a><\/li>\n<li><a href=\"https:\/\/zamilsteel.com.vn\/fr\/services\/logistique\/\">Logistique<\/a><\/li>\n<li><a href=\"https:\/\/zamilsteel.com.vn\/fr\/services\/montage-construction\/\">Montage &amp; Construction<\/a><\/li>\n<\/ul>\n<p><a href=\"https:\/\/zamilsteel.com.vn\/fr\/zamil-steel-references-de-chantiers\/\">PHOTOS DE PROJETS R\u00c9ALIS\u00c9S<\/a><\/p>\n<ul>\n<li>Types de b\u00e2timents\n<ul>\n<li>B\u00e2timents Pr\u00e9fabriqu\u00e9s clos couverts<\/li>\n<li>Charpentes M\u00e9talliques<\/li>\n<\/ul>\n<\/li>\n<li>Domaines d\u2019utilisation des b\u00e2timents\n<ul>\n<li>Aviation<\/li>\n<li>Commercial<\/li>\n<li>Agriculture<\/li>\n<li>Industrie<\/li>\n<li>Institutions<\/li>\n<\/ul>\n<\/li>\n<li>Localisation\n<ul>\n<li>Vietnam<\/li>\n<li>Laos<\/li>\n<li>Cambodge<\/li>\n<li>Thailande<\/li>\n<li>Singapour<\/li>\n<li>Malaisie<\/li>\n<li>Indon\u00e9sie<\/li>\n<li>Philippines<\/li>\n<li>Myanmar (Birmanie)<\/li>\n<li>Bangladesh<\/li>\n<li>Autres<\/li>\n<\/ul>\n<\/li>\n<\/ul>\n<p>[\/vc_column_text][\/vc_column_inner][vc_column_inner width=\u00a0\u00bb1\/3&Prime;][vc_column_text]<a href=\"https:\/\/zamilsteel.com.vn\/fr\/videos-documents\/brochures-2\/\">CENTRE DE RESSOURCES<\/a><\/p>\n<ul>\n<li><a href=\"https:\/\/zamilsteel.com.vn\/fr\/videos-documents\/brochures-2\/\">Brochures<\/a>\n<ul>\n<li>Vietnamien<\/li>\n<li>Anglais<\/li>\n<li>Autres langues<\/li>\n<\/ul>\n<\/li>\n<li><a href=\"https:\/\/zamilsteel.com.vn\/fr\/videos-documents\/videos\/\">Vid\u00e9os<\/a><\/li>\n<li><a href=\"https:\/\/zamilsteel.com.vn\/fr\/videos-documents\/communiques-de-presse\/\">Informations &amp; Communiqu\u00e9s de presse<\/a><\/li>\n<\/ul>\n<p><a href=\"https:\/\/zamilsteel.com.vn\/fr\/demander-un-devis\/\">DEMANDEZ UN DEVIS<\/a><\/p>\n<p style=\"margin: 0in; margin-bottom: .0001pt; background: white;\"><span lang=\"FR\" style=\"font-size: 10.5pt; font-family: 'Arial',sans-serif; color: #292929;\">INFORMATIONS G\u00c9N\u00c9RALES<\/span><\/p>\n<ul>\n<li><a href=\"https:\/\/zamilsteel.com.vn\/fr\/contactez-nous-2\/\">Contactez-Nous<\/a><\/li>\n<li><a href=\"https:\/\/zamilsteel.com.vn\/fr\/politique-de-confidentialite\/\">Politique de Confidentialit\u00e9<\/a><\/li>\n<li><a href=\"https:\/\/zamilsteel.com.vn\/fr\/rubrique-faq\/\">FAQ (Foire Aux Questions)<\/a><\/li>\n<li><a href=\"https:\/\/zamilsteel.com.vn\/fr\/emploi-2-2\/\">Recrutement<\/a><\/li>\n<li><a href=\"https:\/\/zamilsteel.com.vn\/fr\/conditions-dutilisation-informations-legales\/\">Conditions d\u2019utilisation<\/a><\/li>\n<li><a href=\"https:\/\/zamilsteel.com.vn\/fr\/zamil-steel-references-de-chantiers\/\">Centre de Ressources<\/a><\/li>\n<li><a href=\"https:\/\/zamilsteel.com.vn\/fr\/plan-du-site\/\">Plan du Site<\/a><\/li>\n<\/ul>\n<p>[\/vc_column_text][\/vc_column_inner][\/vc_row_inner][\/vc_column][\/vc_row]<\/p>\n","protected":false},"excerpt":{"rendered":"<p>[vc_row][vc_column][vc_custom_heading text=\u00a0\u00bbPLAN DU SITE\u00a0\u00bb el_class=\u00a0\u00bbmy-custom-title\u00a0\u00bb][vc_empty_space][vc_row_inner][vc_column_inner width=\u00a0\u00bb1\/3&Prime;][vc_column_text] POURQUOI CHOISIR ZAMIL STEEL Qui Sommes-Nous\u00a0? Le Guide de la Construction M\u00e9tallique Utilisations Combien cela co\u00fbte-t-il\u00a0? Est-ce S\u00dbR\u00a0? Les Standards de Zamil Steel Notre qualit\u00e9 Notre vision Certifications &amp; R\u00e9compenses NOS PRODUITS B\u00e2timents Pr\u00e9-Fabriqu\u00e9s&#8230;<\/p>\n","protected":false},"author":1,"featured_media":0,"parent":0,"menu_order":0,"comment_status":"closed","ping_status":"closed","template":"templates\/page-sitemap.php","meta":{"footnotes":""},"yst_prominent_words":[3789,1819,1806,1817,1815,1824,1822,1818,3788,3766,1813,1823,1443,3767,192,1814,1812,3790,1816,185],"class_list":["post-6458","page","type-page","status-publish","hentry"],"_links":{"self":[{"href":"https:\/\/zamilsteel.com.vn\/fr\/wp-json\/wp\/v2\/pages\/6458","targetHints":{"allow":["GET"]}}],"collection":[{"href":"https:\/\/zamilsteel.com.vn\/fr\/wp-json\/wp\/v2\/pages"}],"about":[{"href":"https:\/\/zamilsteel.com.vn\/fr\/wp-json\/wp\/v2\/types\/page"}],"author":[{"embeddable":true,"href":"https:\/\/zamilsteel.com.vn\/fr\/wp-json\/wp\/v2\/users\/1"}],"replies":[{"embeddable":true,"href":"https:\/\/zamilsteel.com.vn\/fr\/wp-json\/wp\/v2\/comments?post=6458"}],"version-history":[{"count":0,"href":"https:\/\/zamilsteel.com.vn\/fr\/wp-json\/wp\/v2\/pages\/6458\/revisions"}],"wp:attachment":[{"href":"https:\/\/zamilsteel.com.vn\/fr\/wp-json\/wp\/v2\/media?parent=6458"}],"wp:term":[{"taxonomy":"yst_prominent_words","embeddable":true,"href":"https:\/\/zamilsteel.com.vn\/fr\/wp-json\/wp\/v2\/yst_prominent_words?post=6458"}],"curies":[{"name":"wp","href":"https:\/\/api.w.org\/{rel}","templated":true}]}}