{"id":6448,"date":"2014-11-11T11:13:51","date_gmt":"2014-11-11T11:13:51","guid":{"rendered":"https:\/\/zamilsteel.com.vn\/fr\/services\/"},"modified":"2017-09-25T02:04:21","modified_gmt":"2017-09-25T02:04:21","slug":"services","status":"publish","type":"page","link":"https:\/\/zamilsteel.com.vn\/fr\/services\/","title":{"rendered":"Services"},"content":{"rendered":"<p>[vc_row][vc_column][vc_custom_heading text=\u00a0\u00bbNos Services\u00a0\u00bb el_class=\u00a0\u00bbmy-custom-title\u00a0\u00bb][vc_empty_space][vc_row_inner][vc_column_inner width=\u00a0\u00bb1\/3&Prime;][vc_single_image image=\u00a0\u00bb1447&Prime; img_size=\u00a0\u00bbfull\u00a0\u00bb]<h5 class='' ><span>Conception &amp; Ing\u00e9nierie<\/span><\/h5>[vc_column_text]<\/p>\n<p style=\"text-align: justify;\">Avec une \u00e9quipe d&rsquo;ing\u00e9nieurs concepteurs hautement qualifi\u00e9s et exp\u00e9riment\u00e9s, Zamil Steel r\u00e9alise la conception de b\u00e2timents pr\u00e9fabriqu\u00e9s \u00e0 cossature m\u00e9tallique, de charpentes m\u00e9talliques, de structures d&rsquo;acier et de b\u00e2timents \u00e0 \u00e9tages.<\/p>\n<p>[\/vc_column_text][vc_empty_space height=\u00a0\u00bb10px\u00a0\u00bb]<a target=\"_self\" href=\"\/services\/designing-engineering\/\" class=\"btn btn-sm style-4\" id=\"custom-id-0\" style=\"\">LIRE LA SUITE<\/a>[\/vc_column_inner][vc_column_inner width=\u00a0\u00bb1\/3&Prime;][vc_single_image image=\u00a0\u00bb1453&Prime; img_size=\u00a0\u00bbfull\u00a0\u00bb]<h5 class='' ><span>Production<\/span><\/h5>[vc_column_text]Zamil Steel Buildings Vietnam produit les b\u00e2timents pr\u00e9fabriqu\u00e9s \u00e0 ossature m\u00e9tallique et les autres composants du b\u00e2timent dans ses deux usines vietnamiennes.[\/vc_column_text][vc_empty_space height=\u00a0\u00bb10px\u00a0\u00bb]<a target=\"_self\" href=\"\/services\/manufacturing\/\" class=\"btn btn-sm style-4\" id=\"custom-id-1\" style=\"\">LIRE LA SUITE<\/a>[\/vc_column_inner][vc_column_inner width=\u00a0\u00bb1\/3&Prime;][vc_single_image image=\u00a0\u00bb1451&Prime; img_size=\u00a0\u00bbfull\u00a0\u00bb]<h5 class='' ><span>Logistique<\/span><\/h5>[vc_column_text]La livraison par voie maritime vers des ports d\u2019autres pays peut augmenter le risque de d\u00e9t\u00e9rioration pendant les op\u00e9rations chargement\/d\u00e9chargement, c&rsquo;est pourquoi nous nous effor\u00e7ons de r\u00e9duire le chargement en vrac afin d&rsquo;\u00e9viter tout d\u00e9sagr\u00e9ment \u00e0 nos clients.[\/vc_column_text][vc_empty_space height=\u00a0\u00bb10px\u00a0\u00bb]<a target=\"_self\" href=\"\/services\/logistics\/\" class=\"btn btn-sm style-4\" id=\"custom-id-2\" style=\"\">LIRE LA SUITE<\/a>[\/vc_column_inner][\/vc_row_inner][vc_row_inner][vc_column_inner width=\u00a0\u00bb1\/3&Prime;][vc_single_image image=\u00a0\u00bb1449&Prime; img_size=\u00a0\u00bbfull\u00a0\u00bb]<h5 class='' ><span>Montage &amp; Construction<\/span><\/h5>[vc_column_text]Zamil Steel Buildings Vietnam fournit des services de montage complets de nos b\u00e2timents et structures m\u00e9talliques, avec des Superviseurs de Chantier professionnels d\u00e9di\u00e9s \u00e0 la supervision du montage, quels que soient le lieu et la taille du chantier de nos clients.[\/vc_column_text][vc_empty_space height=\u00a0\u00bb10px\u00a0\u00bb]<a target=\"_self\" href=\"\/installation-construction\/\" class=\"btn btn-sm style-4\" id=\"custom-id-3\" style=\"\">LIRE LA SUITE<\/a>[\/vc_column_inner][\/vc_row_inner][\/vc_column][\/vc_row]<\/p>\n","protected":false},"excerpt":{"rendered":"<p>[vc_row][vc_column][vc_custom_heading text=\u00a0\u00bbNos Services\u00a0\u00bb el_class=\u00a0\u00bbmy-custom-title\u00a0\u00bb][vc_empty_space][vc_row_inner][vc_column_inner width=\u00a0\u00bb1\/3&Prime;][vc_single_image image=\u00a0\u00bb1447&Prime; img_size=\u00a0\u00bbfull\u00a0\u00bb][vc_column_text] Avec une \u00e9quipe d&rsquo;ing\u00e9nieurs concepteurs hautement qualifi\u00e9s et exp\u00e9riment\u00e9s, Zamil Steel r\u00e9alise la conception de b\u00e2timents pr\u00e9fabriqu\u00e9s \u00e0 cossature m\u00e9tallique, de charpentes m\u00e9talliques, de structures d&rsquo;acier et de b\u00e2timents \u00e0 \u00e9tages. [\/vc_column_text][vc_empty_space height=\u00a0\u00bb10px\u00a0\u00bb][\/vc_column_inner][vc_column_inner&#8230;<\/p>\n","protected":false},"author":1,"featured_media":0,"parent":0,"menu_order":0,"comment_status":"open","ping_status":"open","template":"","meta":{"footnotes":""},"yst_prominent_words":[1806,1252,1246,3844,445,3766,1249,1235,3764,3777,3746,3748,4203,3775,3749,4206,4204,4202,3767,1809,1251,3774,3948,226,3841,219,4207,3861,3822,3819,185],"class_list":["post-6448","page","type-page","status-publish","hentry"],"_links":{"self":[{"href":"https:\/\/zamilsteel.com.vn\/fr\/wp-json\/wp\/v2\/pages\/6448","targetHints":{"allow":["GET"]}}],"collection":[{"href":"https:\/\/zamilsteel.com.vn\/fr\/wp-json\/wp\/v2\/pages"}],"about":[{"href":"https:\/\/zamilsteel.com.vn\/fr\/wp-json\/wp\/v2\/types\/page"}],"author":[{"embeddable":true,"href":"https:\/\/zamilsteel.com.vn\/fr\/wp-json\/wp\/v2\/users\/1"}],"replies":[{"embeddable":true,"href":"https:\/\/zamilsteel.com.vn\/fr\/wp-json\/wp\/v2\/comments?post=6448"}],"version-history":[{"count":0,"href":"https:\/\/zamilsteel.com.vn\/fr\/wp-json\/wp\/v2\/pages\/6448\/revisions"}],"wp:attachment":[{"href":"https:\/\/zamilsteel.com.vn\/fr\/wp-json\/wp\/v2\/media?parent=6448"}],"wp:term":[{"taxonomy":"yst_prominent_words","embeddable":true,"href":"https:\/\/zamilsteel.com.vn\/fr\/wp-json\/wp\/v2\/yst_prominent_words?post=6448"}],"curies":[{"name":"wp","href":"https:\/\/api.w.org\/{rel}","templated":true}]}}