{"id":6444,"date":"2016-06-27T09:48:59","date_gmt":"2016-06-27T09:48:59","guid":{"rendered":"https:\/\/zamilsteel.com.vn\/fr\/videos-documents\/video\/"},"modified":"2025-12-19T15:01:29","modified_gmt":"2025-12-19T08:01:29","slug":"videos","status":"publish","type":"page","link":"https:\/\/zamilsteel.com.vn\/fr\/videos-documents\/videos\/","title":{"rendered":"Vid\u00e9os"},"content":{"rendered":"<p>[vc_row][vc_column][vc_column_text]Apr\u00e8s avoir d\u00e9marr\u00e9 la vid\u00e9o, pour s\u00e9lectionner la langue des sous-titres, veuillez s\u00e9lectionner le bouton \u201cSettings\u201d en bas \u00e0 droite de la fen\u00eatre.<\/p>\n<p>Les sous-titres sont disponibles en Fran\u00e7ais, Anglais, Chinois, Japonais, Cor\u00e9en, Indon\u00e9sien (Bahasa), Tha\u00eflandais, Cambodgien, Birman (Myanmar)[\/vc_column_text][\/vc_column][\/vc_row][vc_row][vc_column][vc_empty_space height=\u00a0\u00bb22px\u00a0\u00bb][\/vc_column][\/vc_row][vc_row][vc_column][vc_raw_html]JTNDaWZyYW1lJTIwd2lkdGglM0QlMjI1NjAlMjIlMjBoZWlnaHQlM0QlMjIzMTUlMjIlMjBzcmMlM0QlMjJodHRwcyUzQSUyRiUyRnd3dy55b3V0dWJlLmNvbSUyRmVtYmVkJTJGa05XbW8xRWNiTGclM0ZzaSUzRFFXalQ1VHNxeGRkZE5LNVclMjIlMjBmcmFtZWJvcmRlciUzRCUyMjAlMjIlMjBnZXN0dXJlJTNEJTIybWVkaWElMjIlMjBhbGxvdyUzRCUyMmVuY3J5cHRlZC1tZWRpYSUyMiUyMGFsbG93ZnVsbHNjcmVlbiUzRSUzQyUyRmlmcmFtZSUzRQ==[\/vc_raw_html][\/vc_column][\/vc_row][vc_row][vc_column][vc_empty_space height=\u00a0\u00bb22px\u00a0\u00bb][\/vc_column][\/vc_row][vc_row][vc_column][vc_raw_html]JTNDaWZyYW1lJTIwd2lkdGglM0QlMjI1NjAlMjIlMjBoZWlnaHQlM0QlMjIzMTUlMjIlMjBzcmMlM0QlMjJodHRwcyUzQSUyRiUyRnd3dy55b3V0dWJlLmNvbSUyRmVtYmVkJTJGVjBpaUlMcEpqSDQlM0ZyZWwlM0QwJTIyJTIwZnJhbWVib3JkZXIlM0QlMjIwJTIyJTIwZ2VzdHVyZSUzRCUyMm1lZGlhJTIyJTIwYWxsb3clM0QlMjJlbmNyeXB0ZWQtbWVkaWElMjIlMjBhbGxvd2Z1bGxzY3JlZW4lM0UlM0MlMkZpZnJhbWUlM0U=[\/vc_raw_html][\/vc_column][\/vc_row]<\/p>\n","protected":false},"excerpt":{"rendered":"<p>[vc_row][vc_column][vc_column_text]Apr\u00e8s avoir d\u00e9marr\u00e9 la vid\u00e9o, pour s\u00e9lectionner la langue des sous-titres, veuillez s\u00e9lectionner le bouton \u201cSettings\u201d en bas \u00e0 droite de la fen\u00eatre. Les sous-titres sont disponibles en Fran\u00e7ais, Anglais, Chinois, Japonais, Cor\u00e9en, Indon\u00e9sien (Bahasa), Tha\u00eflandais, Cambodgien, Birman (Myanmar)[\/vc_column_text][\/vc_column][\/vc_row][vc_row][vc_column][vc_empty_space height=\u00a0\u00bb22px\u00a0\u00bb][\/vc_column][\/vc_row][vc_row][vc_column][vc_raw_html]JTNDaWZyYW1lJTIwd2lkdGglM0QlMjI1NjAlMjIlMjBoZWlnaHQlM0QlMjIzMTUlMjIlMjBzcmMlM0QlMjJodHRwcyUzQSUyRiUyRnd3dy55b3V0dWJlLmNvbSUyRmVtYmVkJTJGa05XbW8xRWNiTGclM0ZzaSUzRFFXalQ1VHNxeGRkZE5LNVclMjIlMjBmcmFtZWJvcmRlciUzRCUyMjAlMjIlMjBnZXN0dXJlJTNEJTIybWVkaWElMjIlMjBhbGxvdyUzRCUyMmVuY3J5cHRlZC1tZWRpYSUyMiUyMGFsbG93ZnVsbHNjcmVlbiUzRSUzQyUyRmlmcmFtZSUzRQ==[\/vc_raw_html][\/vc_column][\/vc_row][vc_row][vc_column][vc_empty_space&#8230;<\/p>\n","protected":false},"author":1,"featured_media":0,"parent":6435,"menu_order":0,"comment_status":"closed","ping_status":"closed","template":"","meta":{"footnotes":""},"yst_prominent_words":[3762,3748,1238,1805],"class_list":["post-6444","page","type-page","status-publish","hentry"],"_links":{"self":[{"href":"https:\/\/zamilsteel.com.vn\/fr\/wp-json\/wp\/v2\/pages\/6444","targetHints":{"allow":["GET"]}}],"collection":[{"href":"https:\/\/zamilsteel.com.vn\/fr\/wp-json\/wp\/v2\/pages"}],"about":[{"href":"https:\/\/zamilsteel.com.vn\/fr\/wp-json\/wp\/v2\/types\/page"}],"author":[{"embeddable":true,"href":"https:\/\/zamilsteel.com.vn\/fr\/wp-json\/wp\/v2\/users\/1"}],"replies":[{"embeddable":true,"href":"https:\/\/zamilsteel.com.vn\/fr\/wp-json\/wp\/v2\/comments?post=6444"}],"version-history":[{"count":2,"href":"https:\/\/zamilsteel.com.vn\/fr\/wp-json\/wp\/v2\/pages\/6444\/revisions"}],"predecessor-version":[{"id":24930,"href":"https:\/\/zamilsteel.com.vn\/fr\/wp-json\/wp\/v2\/pages\/6444\/revisions\/24930"}],"up":[{"embeddable":true,"href":"https:\/\/zamilsteel.com.vn\/fr\/wp-json\/wp\/v2\/pages\/6435"}],"wp:attachment":[{"href":"https:\/\/zamilsteel.com.vn\/fr\/wp-json\/wp\/v2\/media?parent=6444"}],"wp:term":[{"taxonomy":"yst_prominent_words","embeddable":true,"href":"https:\/\/zamilsteel.com.vn\/fr\/wp-json\/wp\/v2\/yst_prominent_words?post=6444"}],"curies":[{"name":"wp","href":"https:\/\/api.w.org\/{rel}","templated":true}]}}