{"id":6439,"date":"2016-06-27T09:49:33","date_gmt":"2016-06-27T09:49:33","guid":{"rendered":"https:\/\/zamilsteel.com.vn\/fr\/videos-documents\/news-media-release\/"},"modified":"2017-06-06T07:01:20","modified_gmt":"2017-06-06T07:01:20","slug":"communiques-de-presse","status":"publish","type":"page","link":"https:\/\/zamilsteel.com.vn\/fr\/videos-documents\/communiques-de-presse\/","title":{"rendered":"Informations &#038; Communiqu\u00e9s de Presse"},"content":{"rendered":"<p>[vc_row full_width=\u00a0\u00bbstretch_row\u00a0\u00bb el_class=\u00a0\u00bbproduct-detail\u00a0\u00bb][vc_column]<div><article class='post style-2'><div class='article-left'><header><a href='https:\/\/zamilsteel.com.vn\/fr\/prix-dragon-dor-2023-2024\/'><img loading=\"lazy\" decoding=\"async\" width=\"1200\" height=\"722\" src=\"https:\/\/zamilsteel.com.vn\/wp-content\/uploads\/2024\/04\/z5336439162950_43275dc262e41122f975876bae2f66e5-1-1200x722.jpg\" class=\"attachment-blog-full size-blog-full wp-post-image\" alt=\"\" srcset=\"https:\/\/zamilsteel.com.vn\/wp-content\/uploads\/2024\/04\/z5336439162950_43275dc262e41122f975876bae2f66e5-1-1200x722.jpg 1200w, https:\/\/zamilsteel.com.vn\/wp-content\/uploads\/2024\/04\/z5336439162950_43275dc262e41122f975876bae2f66e5-1-768x462.jpg 768w, https:\/\/zamilsteel.com.vn\/wp-content\/uploads\/2024\/04\/z5336439162950_43275dc262e41122f975876bae2f66e5-1-370x223.jpg 370w, https:\/\/zamilsteel.com.vn\/wp-content\/uploads\/2024\/04\/z5336439162950_43275dc262e41122f975876bae2f66e5-1-360x217.jpg 360w, https:\/\/zamilsteel.com.vn\/wp-content\/uploads\/2024\/04\/z5336439162950_43275dc262e41122f975876bae2f66e5-1.jpg 1280w\" sizes=\"auto, (max-width: 1200px) 100vw, 1200px\" \/><\/a><\/header><\/div><div class='article-right'><a href='https:\/\/zamilsteel.com.vn\/fr\/prix-dragon-dor-2023-2024\/' title='PRIX DRAGON D&rsquo;OR 2023-2024'><h1>PRIX DRAGON D&rsquo;OR 2023-2024<\/h1><\/a><div class='post-meta'><ul><li class='post-meta-categories'><i class='hovercolor fa fa-folder-o'><\/i><a href='https:\/\/zamilsteel.com.vn\/fr\/category\/communiques-de-presse\/'>COMMUNIQU\u00c9S DE PRESSE<\/a>, <a href='https:\/\/zamilsteel.com.vn\/fr\/category\/press-releases-fr\/'>Press Releases<\/a><\/li><li class='post-meta-author'><i class='hovercolor fa fa-user'><\/i>posted by <a href='https:\/\/zamilsteel.com.vn\/fr\/author\/admin\/' class='author'>ZamilSteel Vietnam<\/a><\/li><li class='post-meta-date'><i class='hovercolor fa fa-calendar'><\/i>juillet 16, 2024<\/li><\/ul><\/div><\/div><div class='clearfix'><\/div><div class='post-info'><div class='post-content'><p>Hai Phong, 10 avril, Zamil Steel Buildings Vietnam a \u00e9t\u00e9 reconnu comme l&rsquo;un des laur\u00e9ats des prestigieux Golden Dragon Awards 2023-2024. Les repr\u00e9sentants de Zamil Steel Buildings Vietnam ont re\u00e7u le prix lors de la c\u00e9r\u00e9monie du Golden Dragon Award&#8230;<\/p>\n<\/div><a class=\"btn btn-sm style-4\" href=\"https:\/\/zamilsteel.com.vn\/fr\/prix-dragon-dor-2023-2024\/\">Read more<\/a><\/div><\/article><article class='post style-2'><div class='article-left'><header><a href='https:\/\/zamilsteel.com.vn\/fr\/zamil-steel-voyage-de-charite-vers-son-la\/'><img loading=\"lazy\" decoding=\"async\" width=\"500\" height=\"333\" src=\"https:\/\/zamilsteel.com.vn\/wp-content\/uploads\/2018\/01\/charity-zamil.jpg\" class=\"attachment-blog-full size-blog-full wp-post-image\" alt=\"zamil steel charity 2017\" srcset=\"https:\/\/zamilsteel.com.vn\/wp-content\/uploads\/2018\/01\/charity-zamil.jpg 500w, https:\/\/zamilsteel.com.vn\/wp-content\/uploads\/2018\/01\/charity-zamil-300x200.jpg 300w, https:\/\/zamilsteel.com.vn\/wp-content\/uploads\/2018\/01\/charity-zamil-370x246.jpg 370w, https:\/\/zamilsteel.com.vn\/wp-content\/uploads\/2018\/01\/charity-zamil-360x240.jpg 360w\" sizes=\"auto, (max-width: 500px) 100vw, 500px\" \/><\/a><\/header><\/div><div class='article-right'><a href='https:\/\/zamilsteel.com.vn\/fr\/zamil-steel-voyage-de-charite-vers-son-la\/' title='Vietnam &#8211; RSO | Voyage de charit\u00e9 vers Suoi Lenh, Bac Yen, Son La, Vietnam'><h1>Vietnam &#8211; RSO | Voyage de charit\u00e9 vers Suoi Lenh, Bac Yen, Son La, Vietnam<\/h1><\/a><div class='post-meta'><ul><li class='post-meta-categories'><i class='hovercolor fa fa-folder-o'><\/i><a href='https:\/\/zamilsteel.com.vn\/fr\/category\/communiques-de-presse\/'>COMMUNIQU\u00c9S DE PRESSE<\/a>, <a href='https:\/\/zamilsteel.com.vn\/fr\/category\/press-releases-fr\/'>Press Releases<\/a><\/li><li class='post-meta-author'><i class='hovercolor fa fa-user'><\/i>posted by <a href='https:\/\/zamilsteel.com.vn\/fr\/author\/admin\/' class='author'>ZamilSteel Vietnam<\/a><\/li><li class='post-meta-date'><i class='hovercolor fa fa-calendar'><\/i>janvier 16, 2018<\/li><\/ul><\/div><\/div><div class='clearfix'><\/div><div class='post-info'><div class='post-content'><p>Son La, Vietnam du nord, 16\/12 &amp; 17\/12\/2017 \u2014 Zamil Steel Buildings Vietnam a rendu visite aux enfants d\u00e9favoris\u00e9s de l\u2019\u00e9cole maternelle de Mang Non dans le village recul\u00e9 de Suoi Lenh village, ville de Bac Yen, province de Son&#8230;<\/p>\n<\/div><a class=\"btn btn-sm style-4\" href=\"https:\/\/zamilsteel.com.vn\/fr\/zamil-steel-voyage-de-charite-vers-son-la\/\">Read more<\/a><\/div><\/article><article class='post style-2'><div class='article-left'><header><a href='https:\/\/zamilsteel.com.vn\/fr\/cambodge-sommet-et-salon-de-lindustrie-du-batiment-2017\/'><img loading=\"lazy\" decoding=\"async\" width=\"500\" height=\"375\" src=\"https:\/\/zamilsteel.com.vn\/wp-content\/uploads\/2017\/12\/1-e1513217209650.jpg\" class=\"attachment-blog-full size-blog-full wp-post-image\" alt=\"Campuchia - Tri\u1ec3n l\u00e3m ng\u00e0nh x\u00e2y d\u1ef1ng 2017\" \/><\/a><\/header><\/div><div class='article-right'><a href='https:\/\/zamilsteel.com.vn\/fr\/cambodge-sommet-et-salon-de-lindustrie-du-batiment-2017\/' title='Cambodge &#8211; Sommet et Salon de l\u2019Industrie du B\u00e2timent 2017'><h1>Cambodge &#8211; Sommet et Salon de l\u2019Industrie du B\u00e2timent 2017<\/h1><\/a><div class='post-meta'><ul><li class='post-meta-categories'><i class='hovercolor fa fa-folder-o'><\/i><a href='https:\/\/zamilsteel.com.vn\/fr\/category\/communiques-de-presse\/'>COMMUNIQU\u00c9S DE PRESSE<\/a>, <a href='https:\/\/zamilsteel.com.vn\/fr\/category\/press-releases-fr\/'>Press Releases<\/a><\/li><li class='post-meta-author'><i class='hovercolor fa fa-user'><\/i>posted by <a href='https:\/\/zamilsteel.com.vn\/fr\/author\/admin\/' class='author'>ZamilSteel Vietnam<\/a><\/li><li class='post-meta-date'><i class='hovercolor fa fa-calendar'><\/i>d\u00e9cembre 14, 2017<\/li><\/ul><\/div><\/div><div class='clearfix'><\/div><div class='post-info'><div class='post-content'><p>Phnom Penh, \u00a030\/11\/2017\u201302\/12\/2017 \u2014 Zamil Steel Buildings Vietnam \u00e9tait pr\u00e9sente au Koh Pich Exhibition Center de Phnom Penh pour participer au Sommet et Salon de l\u2019Industrie du B\u00e2timent du Cambodge 2017. Organis\u00e9 par le \u201cCambodia Construction Asssociation\u201d (CCA), le Sommet&#8230;<\/p>\n<\/div><a class=\"btn btn-sm style-4\" href=\"https:\/\/zamilsteel.com.vn\/fr\/cambodge-sommet-et-salon-de-lindustrie-du-batiment-2017\/\">Read more<\/a><\/div><\/article><article class='post style-2'><div class='article-left'><header><a href='https:\/\/zamilsteel.com.vn\/fr\/zamil-steel-buildings-vietnam-usine-canon-2010\/'><img loading=\"lazy\" decoding=\"async\" width=\"600\" height=\"281\" src=\"https:\/\/zamilsteel.com.vn\/wp-content\/uploads\/2017\/07\/L1-4785-Canon-Electronic-Vietnam-in-Hung-Yen-Province.jpg\" class=\"attachment-blog-full size-blog-full wp-post-image\" alt=\"Zamil Steel Buildings Vietnam | Projet d&#039;usine Canon Electronics 2010\" srcset=\"https:\/\/zamilsteel.com.vn\/wp-content\/uploads\/2017\/07\/L1-4785-Canon-Electronic-Vietnam-in-Hung-Yen-Province.jpg 600w, https:\/\/zamilsteel.com.vn\/wp-content\/uploads\/2017\/07\/L1-4785-Canon-Electronic-Vietnam-in-Hung-Yen-Province-300x141.jpg 300w, https:\/\/zamilsteel.com.vn\/wp-content\/uploads\/2017\/07\/L1-4785-Canon-Electronic-Vietnam-in-Hung-Yen-Province-370x173.jpg 370w, https:\/\/zamilsteel.com.vn\/wp-content\/uploads\/2017\/07\/L1-4785-Canon-Electronic-Vietnam-in-Hung-Yen-Province-360x169.jpg 360w\" sizes=\"auto, (max-width: 600px) 100vw, 600px\" \/><\/a><\/header><\/div><div class='article-right'><a href='https:\/\/zamilsteel.com.vn\/fr\/zamil-steel-buildings-vietnam-usine-canon-2010\/' title='Zamil Steel Buildings Vietnam | Projet d&rsquo;usine Canon Electronics 2010'><h1>Zamil Steel Buildings Vietnam | Projet d&rsquo;usine Canon Electronics 2010<\/h1><\/a><div class='post-meta'><ul><li class='post-meta-categories'><i class='hovercolor fa fa-folder-o'><\/i><a href='https:\/\/zamilsteel.com.vn\/fr\/category\/communiques-de-presse\/'>COMMUNIQU\u00c9S DE PRESSE<\/a>, <a href='https:\/\/zamilsteel.com.vn\/fr\/category\/press-releases-fr\/'>Press Releases<\/a><\/li><li class='post-meta-author'><i class='hovercolor fa fa-user'><\/i>posted by <a href='https:\/\/zamilsteel.com.vn\/fr\/author\/admin\/' class='author'>ZamilSteel Vietnam<\/a><\/li><li class='post-meta-date'><i class='hovercolor fa fa-calendar'><\/i>octobre 20, 2017<\/li><\/ul><\/div><\/div><div class='clearfix'><\/div><div class='post-info'><div class='post-content'><p>Zamil Steel Buildings Vietnam | Projet d&rsquo;usine Canon Electronics 2010 A l\u2019occasion de la finalisation du projet d\u2019usine No. 3 de Canon Electronics Vietnam, Zamil Steel Buildings Vietnam a re\u00e7u une lettre de remerciements sp\u00e9ciale de Monsieur Hideo Matsumoto \u2013&#8230;<\/p>\n<\/div><a class=\"btn btn-sm style-4\" href=\"https:\/\/zamilsteel.com.vn\/fr\/zamil-steel-buildings-vietnam-usine-canon-2010\/\">Read more<\/a><\/div><\/article><\/div><ul class='page-numbers'>\n\t<li><span aria-current=\"page\" class=\"page-numbers current\">1<\/span><\/li>\n\t<li><a class=\"page-numbers\" href=\"https:\/\/zamilsteel.com.vn\/fr\/wp-json\/wp\/v2\/pages\/6439\/page\/2\/\">2<\/a><\/li>\n\t<li><a class=\"page-numbers\" href=\"https:\/\/zamilsteel.com.vn\/fr\/wp-json\/wp\/v2\/pages\/6439\/page\/3\/\">3<\/a><\/li>\n\t<li><span class=\"page-numbers dots\">\u2026<\/span><\/li>\n\t<li><a class=\"page-numbers\" href=\"https:\/\/zamilsteel.com.vn\/fr\/wp-json\/wp\/v2\/pages\/6439\/page\/19\/\">19<\/a><\/li>\n\t<li><a class=\"next page-numbers\" href=\"https:\/\/zamilsteel.com.vn\/fr\/wp-json\/wp\/v2\/pages\/6439\/page\/2\/\"><\/a><\/li>\n<\/ul>\n[\/vc_column][\/vc_row]<\/p>\n","protected":false},"excerpt":{"rendered":"<p>[vc_row full_width=\u00a0\u00bbstretch_row\u00a0\u00bb el_class=\u00a0\u00bbproduct-detail\u00a0\u00bb][vc_column][\/vc_column][\/vc_row]<\/p>\n","protected":false},"author":1,"featured_media":0,"parent":6435,"menu_order":0,"comment_status":"closed","ping_status":"closed","template":"","meta":{"footnotes":""},"yst_prominent_words":[1803,1799,1172,1801,1797,1802,1804,1800,1798,1177,1178,1176],"class_list":["post-6439","page","type-page","status-publish","hentry"],"_links":{"self":[{"href":"https:\/\/zamilsteel.com.vn\/fr\/wp-json\/wp\/v2\/pages\/6439","targetHints":{"allow":["GET"]}}],"collection":[{"href":"https:\/\/zamilsteel.com.vn\/fr\/wp-json\/wp\/v2\/pages"}],"about":[{"href":"https:\/\/zamilsteel.com.vn\/fr\/wp-json\/wp\/v2\/types\/page"}],"author":[{"embeddable":true,"href":"https:\/\/zamilsteel.com.vn\/fr\/wp-json\/wp\/v2\/users\/1"}],"replies":[{"embeddable":true,"href":"https:\/\/zamilsteel.com.vn\/fr\/wp-json\/wp\/v2\/comments?post=6439"}],"version-history":[{"count":0,"href":"https:\/\/zamilsteel.com.vn\/fr\/wp-json\/wp\/v2\/pages\/6439\/revisions"}],"up":[{"embeddable":true,"href":"https:\/\/zamilsteel.com.vn\/fr\/wp-json\/wp\/v2\/pages\/6435"}],"wp:attachment":[{"href":"https:\/\/zamilsteel.com.vn\/fr\/wp-json\/wp\/v2\/media?parent=6439"}],"wp:term":[{"taxonomy":"yst_prominent_words","embeddable":true,"href":"https:\/\/zamilsteel.com.vn\/fr\/wp-json\/wp\/v2\/yst_prominent_words?post=6439"}],"curies":[{"name":"wp","href":"https:\/\/api.w.org\/{rel}","templated":true}]}}