{"id":6431,"date":"2016-06-27T09:48:17","date_gmt":"2016-06-27T09:48:17","guid":{"rendered":"https:\/\/zamilsteel.com.vn\/fr\/brochures\/"},"modified":"2025-12-16T11:21:18","modified_gmt":"2025-12-16T04:21:18","slug":"brochures-2","status":"publish","type":"page","link":"https:\/\/zamilsteel.com.vn\/fr\/videos-documents\/brochures-2\/","title":{"rendered":"Brochures"},"content":{"rendered":"<p>[vc_row][vc_column][vc_column_text]<\/p>\n<h4 style=\"text-align: center;\"><strong>Cliquez sur les images pour t\u00e9l\u00e9charger les derni\u00e8res versions de nos brochures<\/strong><\/h4>\n<p>[\/vc_column_text][\/vc_column][\/vc_row][vc_row][vc_column][vc_empty_space][\/vc_column][\/vc_row][vc_row][vc_column][vc_tta_tabs][vc_tta_section title=\u00a0\u00bbAnglais\u00a0\u00bb tab_id=\u00a0\u00bb1476755156576-afa25f32-b826&Prime;]<div class=\"panel-group\" id=\"accordion1\"><div class=\"panel\">\n                <div class=\"panel-heading\">\n                    <h4 class=\"panel-title\">\n                        <a data-toggle=\"collapse\"  href=\"#collapse1\">Brochure de nos produits<\/a>\n                    <\/h4>\n                <\/div>\n                <div id=\"collapse1\" class=\"panel-collapse collapse in\">\n                    <div class=\"panel-body\">[vc_row_inner][vc_column_inner width=\u00a0\u00bb1\/6&Prime;][vc_column_text]<\/p>\n<div id=\"attachment_6956\" style=\"width: 81px\" class=\"wp-caption aligncenter\"><a href=\"https:\/\/www.zamilsteel.com.vn\/wp-content\/uploads\/2025\/12\/ZSVN-6page-brochure-2025.pdf\"><img loading=\"lazy\" decoding=\"async\" aria-describedby=\"caption-attachment-6956\" class=\"wp-image-6956\" src=\"https:\/\/zamilsteel.com.vn\/wp-content\/uploads\/2017\/07\/Product-Brochure-150x150.jpg\" alt=\"\" width=\"71\" height=\"102\" srcset=\"https:\/\/zamilsteel.com.vn\/wp-content\/uploads\/2017\/07\/Product-Brochure-209x300.jpg 209w, https:\/\/zamilsteel.com.vn\/wp-content\/uploads\/2017\/07\/Product-Brochure-250x360.jpg 250w, https:\/\/zamilsteel.com.vn\/wp-content\/uploads\/2017\/07\/Product-Brochure-360x518.jpg 360w, https:\/\/zamilsteel.com.vn\/wp-content\/uploads\/2017\/07\/Product-Brochure.jpg 443w\" sizes=\"auto, (max-width: 71px) 100vw, 71px\" \/><\/a><p id=\"caption-attachment-6956\" class=\"wp-caption-text\">Brochure de nos produits<\/p><\/div>\n<p>[\/vc_column_text][\/vc_column_inner][vc_column_inner width=\u00a0\u00bb1\/6&Prime;][\/vc_column_inner][vc_column_inner width=\u00a0\u00bb1\/6&Prime;][\/vc_column_inner][vc_column_inner width=\u00a0\u00bb1\/6&Prime;][\/vc_column_inner][\/vc_row_inner]<\/div>\n                <\/div>\n            <\/div><\/div>[\/vc_tta_section][vc_tta_section title=\u00a0\u00bbVietnamien\u00a0\u00bb tab_id=\u00a0\u00bb1476755542706-c658e9b4-e660&Prime;]<div class=\"panel-group\" id=\"accordion2\"><div class=\"panel\">\n                <div class=\"panel-heading\">\n                    <h4 class=\"panel-title\">\n                        <a data-toggle=\"collapse\"  href=\"#collapse2\">S\u00e1ch gi\u1edbi thi\u1ec7u s\u1ea3n ph\u1ea9m<\/a>\n                    <\/h4>\n                <\/div>\n                <div id=\"collapse2\" class=\"panel-collapse collapse in\">\n                    <div class=\"panel-body\">[vc_row_inner][vc_column_inner width=\u00a0\u00bb1\/6&Prime;][vc_column_text]<\/p>\n<div id=\"attachment_6963\" style=\"width: 81px\" class=\"wp-caption aligncenter\"><a href=\"https:\/\/www.zamilsteel.com.vn\/wp-content\/uploads\/2025\/12\/ZSVN-6page-brochure-2025.pdf\"><img loading=\"lazy\" decoding=\"async\" aria-describedby=\"caption-attachment-6963\" class=\"wp-image-6963\" src=\"https:\/\/zamilsteel.com.vn\/wp-content\/uploads\/2017\/07\/sach-gt-sanpham-207x300.jpg\" alt=\"\" width=\"71\" height=\"103\" srcset=\"https:\/\/zamilsteel.com.vn\/wp-content\/uploads\/2017\/07\/sach-gt-sanpham-207x300.jpg 207w, https:\/\/zamilsteel.com.vn\/wp-content\/uploads\/2017\/07\/sach-gt-sanpham-249x360.jpg 249w, https:\/\/zamilsteel.com.vn\/wp-content\/uploads\/2017\/07\/sach-gt-sanpham-360x521.jpg 360w, https:\/\/zamilsteel.com.vn\/wp-content\/uploads\/2017\/07\/sach-gt-sanpham.jpg 440w\" sizes=\"auto, (max-width: 71px) 100vw, 71px\" \/><\/a><p id=\"caption-attachment-6963\" class=\"wp-caption-text\">S\u00e1ch gi\u1edbi thi\u1ec7u SP<\/p><\/div>\n<p>[\/vc_column_text][\/vc_column_inner][vc_column_inner width=\u00a0\u00bb1\/6&Prime;][\/vc_column_inner][vc_column_inner width=\u00a0\u00bb1\/6&Prime;][\/vc_column_inner][vc_column_inner width=\u00a0\u00bb1\/6&Prime;][\/vc_column_inner][vc_column_inner width=\u00a0\u00bb1\/6&Prime;][\/vc_column_inner][\/vc_row_inner]<\/div>\n                <\/div>\n            <\/div><\/div>[\/vc_tta_section][\/vc_tta_tabs][\/vc_column][\/vc_row]<\/p>\n","protected":false},"excerpt":{"rendered":"<p>[vc_row][vc_column][vc_column_text] Cliquez sur les images pour t\u00e9l\u00e9charger les derni\u00e8res versions de nos brochures [\/vc_column_text][\/vc_column][\/vc_row][vc_row][vc_column][vc_empty_space][\/vc_column][\/vc_row][vc_row][vc_column][vc_tta_tabs][vc_tta_section title=\u00a0\u00bbAnglais\u00a0\u00bb tab_id=\u00a0\u00bb1476755156576-afa25f32-b826&Prime;][\/vc_tta_section][vc_tta_section title=\u00a0\u00bbVietnamien\u00a0\u00bb tab_id=\u00a0\u00bb1476755542706-c658e9b4-e660&Prime;][\/vc_tta_section][\/vc_tta_tabs][\/vc_column][\/vc_row]<\/p>\n","protected":false},"author":1,"featured_media":0,"parent":6435,"menu_order":0,"comment_status":"closed","ping_status":"closed","template":"","meta":{"footnotes":""},"yst_prominent_words":[3766,1235,3749,3767],"class_list":["post-6431","page","type-page","status-publish","hentry"],"_links":{"self":[{"href":"https:\/\/zamilsteel.com.vn\/fr\/wp-json\/wp\/v2\/pages\/6431","targetHints":{"allow":["GET"]}}],"collection":[{"href":"https:\/\/zamilsteel.com.vn\/fr\/wp-json\/wp\/v2\/pages"}],"about":[{"href":"https:\/\/zamilsteel.com.vn\/fr\/wp-json\/wp\/v2\/types\/page"}],"author":[{"embeddable":true,"href":"https:\/\/zamilsteel.com.vn\/fr\/wp-json\/wp\/v2\/users\/1"}],"replies":[{"embeddable":true,"href":"https:\/\/zamilsteel.com.vn\/fr\/wp-json\/wp\/v2\/comments?post=6431"}],"version-history":[{"count":2,"href":"https:\/\/zamilsteel.com.vn\/fr\/wp-json\/wp\/v2\/pages\/6431\/revisions"}],"predecessor-version":[{"id":24908,"href":"https:\/\/zamilsteel.com.vn\/fr\/wp-json\/wp\/v2\/pages\/6431\/revisions\/24908"}],"up":[{"embeddable":true,"href":"https:\/\/zamilsteel.com.vn\/fr\/wp-json\/wp\/v2\/pages\/6435"}],"wp:attachment":[{"href":"https:\/\/zamilsteel.com.vn\/fr\/wp-json\/wp\/v2\/media?parent=6431"}],"wp:term":[{"taxonomy":"yst_prominent_words","embeddable":true,"href":"https:\/\/zamilsteel.com.vn\/fr\/wp-json\/wp\/v2\/yst_prominent_words?post=6431"}],"curies":[{"name":"wp","href":"https:\/\/api.w.org\/{rel}","templated":true}]}}