{"id":6407,"date":"2016-06-24T09:45:03","date_gmt":"2016-06-24T09:45:03","guid":{"rendered":"https:\/\/zamilsteel.com.vn\/fr\/product\/"},"modified":"2017-06-06T04:33:10","modified_gmt":"2017-06-06T04:33:10","slug":"produits","status":"publish","type":"page","link":"https:\/\/zamilsteel.com.vn\/fr\/produits\/","title":{"rendered":"Nos Produits"},"content":{"rendered":"<p>[vc_row full_width=\u00a0\u00bbstretch_row\u00a0\u00bb el_class=\u00a0\u00bbproduct-detail\u00a0\u00bb][vc_column][vc_custom_heading text=\u00a0\u00bbNos Produits\u00a0\u00bb el_class=\u00a0\u00bbmy-custom-title\u00a0\u00bb]<ul class='filter style-1'><i style=\"color: #000000;\" class=\"fa fa-filter\"><\/i><li class=\"filter-item filter-item-all\"><button style=\"color: #000000;\" data-filter=\"*\">All<\/button><\/li><span style=\"color: #000000;\">\/<\/span><li class=\"filter-item filter-item-1\"><button style=\"color: #000000;\" data-filter=\"b\u00e2timents-pr\u00e9fabriqu\u00e9s-peb\">B\u00e2timents Pr\u00e9fabriqu\u00e9s (PEB)<\/button><\/li><span style=\"color: #000000;\">\/<\/span><li class=\"filter-item filter-item-2\"><button style=\"color: #000000;\" data-filter=\"charpentes-m\u00e9talliques\">Charpentes m\u00e9talliques<\/button><\/li><span style=\"color: #000000;\">\/<\/span><li class=\"filter-item filter-item-3\"><button style=\"color: #000000;\" data-filter=\"toiture-maxseam\u00ae\">Toiture MaxSEAM\u00ae<\/button><\/li><span style=\"color: #000000;\">\/<\/span><li class=\"filter-item filter-item-4\"><button style=\"color: #000000;\" data-filter=\"composants\">Composants<\/button><\/li><\/ul><ul class='portfolio isotope classic'><li class='isotope-item b\u00e2timents-pr\u00e9fabriqu\u00e9s-peb col-xs-6 col-md-4'><article class='inner'><div class='item-img'><div class='img-container'><div class='overlay'><\/div><div class='border-attachment'><\/div><img loading=\"lazy\" decoding=\"async\" width=\"360\" height=\"267\" src=\"https:\/\/zamilsteel.com.vn\/wp-content\/uploads\/2016\/10\/PRE-ENGINEERED-BUILDINGS-360x267.jpg\" class=\"attachment-post-thumb size-post-thumb wp-post-image\" alt=\"PEB-PRE-ENGINEERED BUILDINGS\" \/><\/div><\/article><div class='item-hover '><div class='item-info item item-type-line'><div class='headline'><h3><a class='' href=https:\/\/zamilsteel.com.vn\/fr\/portfolio\/batiment-prefabriques\/>B\u00c2TIMENTS PR\u00c9FABRIQU\u00c9S CLOS COUVERTS \u00c0 OSSATURE M\u00c9TALLIQUE<\/a><\/h3><p class='item-summary'>Un syst\u00e8me de construction modulable qui convient \u00e0 des utilisations vari\u00e9es\n<\/p><a class='btn btn-sm' href=https:\/\/zamilsteel.com.vn\/fr\/portfolio\/batiment-prefabriques\/>Read more<\/a><\/div><\/div><\/div><\/li><li class='isotope-item charpentes-m\u00e9talliques col-xs-6 col-md-4'><article class='inner'><div class='item-img'><div class='img-container'><div class='overlay'><\/div><div class='border-attachment'><\/div><img loading=\"lazy\" decoding=\"async\" width=\"360\" height=\"267\" src=\"https:\/\/zamilsteel.com.vn\/wp-content\/uploads\/2016\/09\/SS-360x267.jpg\" class=\"attachment-post-thumb size-post-thumb wp-post-image\" alt=\"Structural Steel (SS)\" \/><\/div><\/article><div class='item-hover '><div class='item-info item item-type-line'><div class='headline'><h3><a class='' href=https:\/\/zamilsteel.com.vn\/fr\/portfolio\/charpentes-metalliques\/>CHARPENTES M\u00c9TALLIQUES<\/a><\/h3><p class='item-summary'>Un investissement \u00e0 faible risque et \u00e0 l'\u00e9preuve du temps pour des solutions de construction durables\n<\/p><a class='btn btn-sm' href=https:\/\/zamilsteel.com.vn\/fr\/portfolio\/charpentes-metalliques\/>Read more<\/a><\/div><\/div><\/div><\/li><li class='isotope-item toiture-maxseam\u00ae col-xs-6 col-md-4'><article class='inner'><div class='item-img'><div class='img-container'><div class='overlay'><\/div><div class='border-attachment'><\/div><img loading=\"lazy\" decoding=\"async\" width=\"360\" height=\"267\" src=\"https:\/\/zamilsteel.com.vn\/wp-content\/uploads\/2016\/08\/MaxSEAM-360x267.jpg\" class=\"attachment-post-thumb size-post-thumb wp-post-image\" alt=\"MaxSEAM\u00ae Roof System\" \/><\/div><\/article><div class='item-hover '><div class='item-info item item-type-line'><div class='headline'><h3><a class='' href=https:\/\/zamilsteel.com.vn\/fr\/portfolio\/le-systeme-de-toiture-maxseam\/>Le syst\u00e8me de toiture MaxSEAM\u00ae<\/a><\/h3><p class='item-summary'>Le plus r\u00e9sistant et le plus \u00e9tanche des syst\u00e8mes de toiture \u00e0 joint debout\n<\/p><a class='btn btn-sm' href=https:\/\/zamilsteel.com.vn\/fr\/portfolio\/le-systeme-de-toiture-maxseam\/>Read more<\/a><\/div><\/div><\/div><\/li><li class='isotope-item composants col-xs-6 col-md-4'><article class='inner'><div class='item-img'><div class='img-container'><div class='overlay'><\/div><div class='border-attachment'><\/div><img loading=\"lazy\" decoding=\"async\" width=\"360\" height=\"267\" src=\"https:\/\/zamilsteel.com.vn\/wp-content\/uploads\/2016\/07\/Building-Components-360x267.jpg\" class=\"attachment-post-thumb size-post-thumb wp-post-image\" alt=\"\" \/><\/div><\/article><div class='item-hover '><div class='item-info item item-type-line'><div class='headline'><h3><a class='' href=https:\/\/zamilsteel.com.vn\/fr\/portfolio\/composants-accessoires-du-batiment\/>Composants &#038; Accessoires du b\u00e2timent<\/a><\/h3><p class='item-summary'>\u00c9ventail d\u2019accessoires disponibles\n<\/p><a class='btn btn-sm' href=https:\/\/zamilsteel.com.vn\/fr\/portfolio\/composants-accessoires-du-batiment\/>Read more<\/a><\/div><\/div><\/div><\/li><\/ul>[\/vc_column][\/vc_row]<\/p>\n","protected":false},"excerpt":{"rendered":"<p>[vc_row full_width=\u00a0\u00bbstretch_row\u00a0\u00bb el_class=\u00a0\u00bbproduct-detail\u00a0\u00bb][vc_column][vc_custom_heading text=\u00a0\u00bbNos Produits\u00a0\u00bb el_class=\u00a0\u00bbmy-custom-title\u00a0\u00bb][\/vc_column][\/vc_row]<\/p>\n","protected":false},"author":1,"featured_media":0,"parent":0,"menu_order":0,"comment_status":"closed","ping_status":"closed","template":"templates\/page-product.php","meta":{"footnotes":""},"yst_prominent_words":[3843,3766,1401,1474,3764,3777,3746,3775,1778,3899,3779,3774,3776,1440,1779,3778],"class_list":["post-6407","page","type-page","status-publish","hentry"],"_links":{"self":[{"href":"https:\/\/zamilsteel.com.vn\/fr\/wp-json\/wp\/v2\/pages\/6407","targetHints":{"allow":["GET"]}}],"collection":[{"href":"https:\/\/zamilsteel.com.vn\/fr\/wp-json\/wp\/v2\/pages"}],"about":[{"href":"https:\/\/zamilsteel.com.vn\/fr\/wp-json\/wp\/v2\/types\/page"}],"author":[{"embeddable":true,"href":"https:\/\/zamilsteel.com.vn\/fr\/wp-json\/wp\/v2\/users\/1"}],"replies":[{"embeddable":true,"href":"https:\/\/zamilsteel.com.vn\/fr\/wp-json\/wp\/v2\/comments?post=6407"}],"version-history":[{"count":0,"href":"https:\/\/zamilsteel.com.vn\/fr\/wp-json\/wp\/v2\/pages\/6407\/revisions"}],"wp:attachment":[{"href":"https:\/\/zamilsteel.com.vn\/fr\/wp-json\/wp\/v2\/media?parent=6407"}],"wp:term":[{"taxonomy":"yst_prominent_words","embeddable":true,"href":"https:\/\/zamilsteel.com.vn\/fr\/wp-json\/wp\/v2\/yst_prominent_words?post=6407"}],"curies":[{"name":"wp","href":"https:\/\/api.w.org\/{rel}","templated":true}]}}