{"id":6275,"date":"2016-06-23T03:38:14","date_gmt":"2016-06-23T03:38:14","guid":{"rendered":"https:\/\/zamilsteel.com.vn\/fr\/the-zamil-steel-standards\/"},"modified":"2026-04-02T15:34:09","modified_gmt":"2026-04-02T08:34:09","slug":"les-normes-et-standards-de-zamil-steel","status":"publish","type":"page","link":"https:\/\/zamilsteel.com.vn\/fr\/les-normes-et-standards-de-zamil-steel\/","title":{"rendered":"Les normes et standards de Zamil Steel"},"content":{"rendered":"<p>[vc_row full_width=\u00a0\u00bbstretch_row\u00a0\u00bb el_class=\u00a0\u00bbpage-detail product-detail\u00a0\u00bb][vc_column][vc_custom_heading text=\u00a0\u00bbLES NORMES ET STANDARDS DE ZAMIL STEEL\u00a0\u00bb el_class=\u00a0\u00bbmy-custom-title\u00a0\u00bb][vc_empty_space height=\u00a0\u00bb20px\u00a0\u00bb]<blockquote class=\"style-1\"><p>Chez Zamil Steel, nous ne cherchons pas \u00e0 \u00e9tablir une relation de court terme avec vous mais \u00e0 cr\u00e9er avec vous un v\u00e9ritable partenariat. Nous vous assurons que vos int\u00e9r\u00eats sont bien compris par nos \u00e9quipes, \u00e0 tous les niveaux, et qu&rsquo;ils sont aussi importants pour nous qu&rsquo;ils le sont pour vous. Notre but est de gagner votre confiance, votre fid\u00e9lit\u00e9 pour vos futurs projets. Nous vous invitons \u00e0 travailler avec nous.<\/p><\/blockquote>[vc_column_text]<\/p>\n<p style=\"text-align: right;\"><em><strong>(Les fondateurs de Zamil Steel)<\/strong><\/em><\/p>\n<p>[\/vc_column_text][vc_empty_space][vc_tta_tabs][vc_tta_section title=\u00a0\u00bbQualit\u00e9\u00a0\u00bb tab_id=\u00a0\u00bb1467965875422-84083357-338b\u00a0\u00bb][vc_column_text]<strong>Notre souci de la qualit\u00e9 s&rsquo;exprime le mieux par les termes suivants :<\/strong><\/p>\n<p style=\"text-align: justify;\"><span style=\"color: #006bb6;\"><strong>\u21d2 RAPIDE<\/strong><\/span><\/p>\n<ul style=\"text-align: justify;\">\n<li><strong>R\u00e9ponse imm\u00e9diate<\/strong><\/li>\n<\/ul>\n<p style=\"padding-left: 30px;\">Pour toutes vos demandes<\/p>\n<ul style=\"text-align: justify;\">\n<li><strong>5 jours ouvrables<\/strong><\/li>\n<\/ul>\n<p style=\"padding-left: 30px;\">Pour \u00e9tablir vos devis<\/p>\n<ul style=\"text-align: justify;\">\n<li><strong>Livraison en moins de 8 semaines dans 95% des cas<\/strong><\/li>\n<\/ul>\n<p style=\"padding-left: 30px;\">Incluant la conception, le dimensionnement et les calculs, la fabrication et l\u2019exp\u00e9dition depuis nos usines<\/p>\n<p style=\"text-align: justify;\"><span style=\"color: #006bb6;\"><strong>\u21d2 FLEXIBLE<\/strong><\/span><\/p>\n<ul style=\"text-align: justify;\">\n<li><strong>Sur-mesure<\/strong><\/li>\n<\/ul>\n<p style=\"padding-left: 30px;\">En fonction de vos besoins, de l\u2019usage futur de votre b\u0203timent<\/p>\n<ul style=\"text-align: justify;\">\n<li><strong>Plans personnalis\u00e9s<\/strong><\/li>\n<\/ul>\n<p style=\"padding-left: 30px;\">Fournis avec un devis pour veiller au bon traitement de votre commande selon vos besoins.<\/p>\n<ul style=\"text-align: justify;\">\n<li><strong>Syst\u00e8me de tarification comp\u00e9titif<\/strong><\/li>\n<\/ul>\n<p style=\"padding-left: 30px;\">Pour un investissement \u00e0 l&rsquo;\u00e9preuve du temps et \u00e0 faible risque avec les solutions de construction les plus durables<\/p>\n<p style=\"text-align: justify;\"><span style=\"color: #3366ff;\"><strong>\u21d2\u00a0<\/strong><strong>EFFICACE<\/strong><\/span><\/p>\n<ul style=\"text-align: justify;\">\n<li><strong>Principaux codes internationaux du b\u0203timent<\/strong><\/li>\n<\/ul>\n<p style=\"padding-left: 30px;\">Am\u00e9ricain (MBMA, AISC, AISI, AWS), Anglais (BS 5950, CP3), Australien\/N\u00e9oz\u00e9landais (AS 4100, AS\/NZS 1170.0 to 4), Normes Europ\u00e9ennes &amp; autres (IBC, SEI\/ASCE-7)<\/p>\n<ul style=\"text-align: justify;\">\n<li><strong>Conception r\u00e9duisant le tonnage jusqu&rsquo;\u00e0 30%<\/strong><\/li>\n<\/ul>\n<p style=\"padding-left: 30px;\">Gr\u00e2ce \u00e0 notre expertise dans les calculs de limites de r\u00e9sistance et de conception des charpentes m\u00e9talliques<\/p>\n<ul style=\"text-align: justify;\">\n<li><strong>Haute qualit\u00e9 de nos mati\u00e8res premi\u00e8res<\/strong><\/li>\n<\/ul>\n<p style=\"padding-left: 30px;\">Stock\u00e9es dans nos usines pour r\u00e9duire les d\u00e9lais d&rsquo;ex\u00e9cution de vos projets<\/p>\n<ul style=\"text-align: justify;\">\n<li><strong>Qualit\u00e9 certifi\u00e9e selon la norme ISO 9001<\/strong><\/li>\n<\/ul>\n<p style=\"padding-left: 30px;\">Pour tous les composants produits dans nos usines. Notre d\u00e9partement \u00ab\u00a0Contr\u00f4le Interne de la Qualit\u00e9\u00a0\u00bb s\u2019assure que toutes nos constructions m\u00e9talliques sont fabriqu\u00e9es rigoureusement conform\u00e9ment aux normes et sp\u00e9cifications internationales.<\/p>\n<p style=\"text-align: justify;\"><span style=\"color: #006bb6;\"><strong>\u21d2 SOUS LE M\u00caME TOIT, DES SOLUTIONS COMPL\u00c8TES DE CONSTRUCTION M\u00c9TALLIQUE<\/strong><\/span><\/p>\n<ul style=\"text-align: justify;\">\n<li><strong>Un r\u00e9seau \u00e9tendu de responsables de zone<\/strong><\/li>\n<\/ul>\n<p style=\"padding-left: 30px;\">Une commande ? Besoin d\u2019une cotation ? Des questions techniques ? Ils sont \u00e0 votre service !<\/p>\n<ul>\n<li><strong>Superviseur de montage sur chantier<\/strong><\/li>\n<\/ul>\n<p style=\"padding-left: 30px;\">R\u00e9ception des mat\u00e9riaux sur chantier, v\u00e9rification de la bonne mise en \u0153uvre des proc\u00e9dures de planification et d&rsquo;installation. Nous assurons que votre construction m\u00e9tallique sera install\u00e9e selon les normes internationales de qualit\u00e9 et de s\u00e9curit\u00e9 suivies par Zamil Steel.<\/p>\n<p style=\"text-align: justify;\"><span style=\"color: #006bb6;\"><strong>\u21d2 PR\u00c9SENCE INTERNATIONALE<\/strong><\/span><\/p>\n<ul style=\"text-align: justify;\">\n<li><strong>Exp\u00e9rience internationale<\/strong><\/li>\n<\/ul>\n<p style=\"padding-left: 30px; text-align: justify;\">Depuis 1977; avec 65 000 constructions m\u00e9talliques dans plus de 90 pays<\/p>\n<ul style=\"text-align: justify;\">\n<li><strong>60 bureaux de ventes dans 36 pays<\/strong><\/li>\n<\/ul>\n<p style=\"padding-left: 30px;\">Pour des contacts faciles localement<\/p>\n<p>[\/vc_column_text][\/vc_tta_section][vc_tta_section title=\u00a0\u00bbVision\u00a0\u00bb tab_id=\u00a0\u00bb1467965875544-63d3a564-8bf0&Prime;][vc_column_text]<\/p>\n<div id=\"attachment_24778\" style=\"width: 380px\" class=\"wp-caption alignright\"><img loading=\"lazy\" decoding=\"async\" aria-describedby=\"caption-attachment-24778\" class=\"wp-image-24778 size-team-3\" title=\"Zamil Steel Buildings Vietnam Co., Ltd \u2013 Usine de Noi Bai\" src=\"https:\/\/www.zamilsteel.com.vn\/wp-content\/uploads\/2025\/12\/Dong-Nai-370x278.jpg\" alt=\"\" width=\"370\" height=\"278\" srcset=\"https:\/\/zamilsteel.com.vn\/wp-content\/uploads\/2025\/12\/Dong-Nai-370x278.jpg 370w, https:\/\/zamilsteel.com.vn\/wp-content\/uploads\/2025\/12\/Dong-Nai-768x576.jpg 768w, https:\/\/zamilsteel.com.vn\/wp-content\/uploads\/2025\/12\/Dong-Nai-1536x1152.jpg 1536w, https:\/\/zamilsteel.com.vn\/wp-content\/uploads\/2025\/12\/Dong-Nai-2048x1536.jpg 2048w, https:\/\/zamilsteel.com.vn\/wp-content\/uploads\/2025\/12\/Dong-Nai-1200x900.jpg 1200w, https:\/\/zamilsteel.com.vn\/wp-content\/uploads\/2025\/12\/Dong-Nai-360x270.jpg 360w\" sizes=\"auto, (max-width: 370px) 100vw, 370px\" \/><p id=\"caption-attachment-24778\" class=\"wp-caption-text\">Zamil Steel Vietnam&rsquo;s Factory<\/p><\/div>\n<p><strong>Notre vision<\/strong> est de devenir le fournisseur des solutions et des services les plus fiables et les plus innovants au monde dans l&rsquo;industrie de la construction<\/p>\n<p>Pour cette raison, Zamil Steel vise \u00e0 fournir \u00e0 ses clients de tous les pays des b\u00e2timents et des structures en acier de haute qualit\u00e9, des services et des solutions, fond\u00e9s sur l&rsquo;utilisation de technologies innovantes et la contribution d&#8217;employ\u00e9s motiv\u00e9s, concentr\u00e9s sur l&rsquo;am\u00e9lioration continue, les normes de construction les plus exigeantes, l&rsquo;\u00e9thique professionnelle et la citoyennet\u00e9 de l&rsquo;entreprise, la valeur ajout\u00e9e pour ses clients et un retour sur investissement durable pour ses actionnaires.<\/p>\n<p>Avec plus de 40 ans d&rsquo;exp\u00e9rience dans l&rsquo;industrie et une forte confiance dans le d\u00e9veloppement \u00e9conomique de la r\u00e9gion, Zamil Steel s&rsquo;est install\u00e9e au Vietnam et elle est devenue le leader dans l&rsquo;industrie de la construction m\u00e9tallique dans la r\u00e9gion Asie-Pacifique. Notre \u00e9quipe internationale de professionnels est pr\u00eate \u00e0 r\u00e9pondre \u00e0 toutes vos demandes de charpentes m\u00e9talliques, qu&rsquo;elles soient courantes ou sp\u00e9cifiques.[\/vc_column_text][\/vc_tta_section][vc_tta_section title=\u00a0\u00bbCertifications et R\u00e9compenses\u00a0\u00bb tab_id=\u00a0\u00bb1470134032088-9e967f3b-45dd\u00a0\u00bb][vc_empty_space height=\u00a0\u00bb42px\u00a0\u00bb][vc_row_inner][vc_column_inner el_class=\u00a0\u00bbno-border\u00a0\u00bb width=\u00a0\u00bb1\/3&Prime;][vc_column_text]<\/p>\n<p style=\"text-align: center;\"><a href=\"https:\/\/www.zamilsteel.com.vn\/wp-content\/uploads\/2026\/03\/ISO-9001-17-03-2026.jpg\"><img loading=\"lazy\" decoding=\"async\" class=\"alignnone wp-image-25088\" src=\"https:\/\/www.zamilsteel.com.vn\/wp-content\/uploads\/2026\/03\/ISO-9001-17-03-2026.jpg\" alt=\"\" width=\"211\" height=\"298\" srcset=\"https:\/\/zamilsteel.com.vn\/wp-content\/uploads\/2026\/03\/ISO-9001-17-03-2026.jpg 1810w, https:\/\/zamilsteel.com.vn\/wp-content\/uploads\/2026\/03\/ISO-9001-17-03-2026-768x1086.jpg 768w, https:\/\/zamilsteel.com.vn\/wp-content\/uploads\/2026\/03\/ISO-9001-17-03-2026-1086x1536.jpg 1086w, https:\/\/zamilsteel.com.vn\/wp-content\/uploads\/2026\/03\/ISO-9001-17-03-2026-1448x2048.jpg 1448w, https:\/\/zamilsteel.com.vn\/wp-content\/uploads\/2026\/03\/ISO-9001-17-03-2026-255x360.jpg 255w, https:\/\/zamilsteel.com.vn\/wp-content\/uploads\/2026\/03\/ISO-9001-17-03-2026-1200x1697.jpg 1200w, https:\/\/zamilsteel.com.vn\/wp-content\/uploads\/2026\/03\/ISO-9001-17-03-2026-360x509.jpg 360w\" sizes=\"auto, (max-width: 211px) 100vw, 211px\" \/><\/a><\/p>\n<p style=\"text-align: center;\"><strong>ISO 9001:2015<\/strong><\/p>\n<p>[\/vc_column_text][vc_empty_space][\/vc_column_inner][vc_column_inner el_class=\u00a0\u00bbno-border\u00a0\u00bb width=\u00a0\u00bb1\/3&Prime;][vc_column_text]<\/p>\n<p style=\"text-align: center;\"><strong><img loading=\"lazy\" decoding=\"async\" class=\"alignnone wp-image-24783\" src=\"https:\/\/www.zamilsteel.com.vn\/wp-content\/uploads\/2025\/12\/ISO-14001-new.jpg\" alt=\"\" width=\"212\" height=\"300\" srcset=\"https:\/\/zamilsteel.com.vn\/wp-content\/uploads\/2025\/12\/ISO-14001-new.jpg 1810w, https:\/\/zamilsteel.com.vn\/wp-content\/uploads\/2025\/12\/ISO-14001-new-768x1086.jpg 768w, https:\/\/zamilsteel.com.vn\/wp-content\/uploads\/2025\/12\/ISO-14001-new-1086x1536.jpg 1086w, https:\/\/zamilsteel.com.vn\/wp-content\/uploads\/2025\/12\/ISO-14001-new-1448x2048.jpg 1448w, https:\/\/zamilsteel.com.vn\/wp-content\/uploads\/2025\/12\/ISO-14001-new-255x360.jpg 255w, https:\/\/zamilsteel.com.vn\/wp-content\/uploads\/2025\/12\/ISO-14001-new-1200x1697.jpg 1200w, https:\/\/zamilsteel.com.vn\/wp-content\/uploads\/2025\/12\/ISO-14001-new-360x509.jpg 360w\" sizes=\"auto, (max-width: 212px) 100vw, 212px\" \/><\/strong><\/p>\n<p style=\"text-align: center;\"><strong>ISO\u00a014001:2015\u00a0<\/strong><\/p>\n<p>[\/vc_column_text][vc_empty_space][\/vc_column_inner][vc_column_inner el_class=\u00a0\u00bbno-border\u00a0\u00bb width=\u00a0\u00bb1\/3&Prime;][vc_column_text]<\/p>\n<p style=\"text-align: center;\"><strong><a href=\"https:\/\/www.zamilsteel.com.vn\/wp-content\/uploads\/2026\/03\/ISO-45001-2018-17-03-2026.jpg\"><img loading=\"lazy\" decoding=\"async\" class=\"alignnone wp-image-25092\" src=\"https:\/\/www.zamilsteel.com.vn\/wp-content\/uploads\/2026\/03\/ISO-45001-2018-17-03-2026.jpg\" alt=\"\" width=\"211\" height=\"298\" srcset=\"https:\/\/zamilsteel.com.vn\/wp-content\/uploads\/2026\/03\/ISO-45001-2018-17-03-2026.jpg 1810w, https:\/\/zamilsteel.com.vn\/wp-content\/uploads\/2026\/03\/ISO-45001-2018-17-03-2026-768x1086.jpg 768w, https:\/\/zamilsteel.com.vn\/wp-content\/uploads\/2026\/03\/ISO-45001-2018-17-03-2026-1086x1536.jpg 1086w, https:\/\/zamilsteel.com.vn\/wp-content\/uploads\/2026\/03\/ISO-45001-2018-17-03-2026-1448x2048.jpg 1448w, https:\/\/zamilsteel.com.vn\/wp-content\/uploads\/2026\/03\/ISO-45001-2018-17-03-2026-255x360.jpg 255w, https:\/\/zamilsteel.com.vn\/wp-content\/uploads\/2026\/03\/ISO-45001-2018-17-03-2026-1200x1697.jpg 1200w, https:\/\/zamilsteel.com.vn\/wp-content\/uploads\/2026\/03\/ISO-45001-2018-17-03-2026-360x509.jpg 360w\" sizes=\"auto, (max-width: 211px) 100vw, 211px\" \/><\/a><\/strong><\/p>\n<p style=\"text-align: center;\"><strong>ISO 45001:2018<\/strong><\/p>\n<p>[\/vc_column_text][vc_empty_space][\/vc_column_inner][\/vc_row_inner][vc_empty_space height=\u00a0\u00bb42px\u00a0\u00bb][vc_row_inner][vc_column_inner el_class=\u00a0\u00bbno-border\u00a0\u00bb width=\u00a0\u00bb1\/3&Prime;][vc_column_text]<\/p>\n<p style=\"text-align: center;\"><a href=\"https:\/\/www.zamilsteel.com.vn\/wp-content\/uploads\/2026\/01\/3fa451c4992f16714f3e.jpg\"><img loading=\"lazy\" decoding=\"async\" class=\"alignnone wp-image-24973\" src=\"https:\/\/www.zamilsteel.com.vn\/wp-content\/uploads\/2026\/01\/3fa451c4992f16714f3e.jpg\" alt=\"\" width=\"212\" height=\"300\" srcset=\"https:\/\/zamilsteel.com.vn\/wp-content\/uploads\/2026\/01\/3fa451c4992f16714f3e.jpg 1810w, https:\/\/zamilsteel.com.vn\/wp-content\/uploads\/2026\/01\/3fa451c4992f16714f3e-768x1086.jpg 768w, https:\/\/zamilsteel.com.vn\/wp-content\/uploads\/2026\/01\/3fa451c4992f16714f3e-1086x1536.jpg 1086w, https:\/\/zamilsteel.com.vn\/wp-content\/uploads\/2026\/01\/3fa451c4992f16714f3e-1448x2048.jpg 1448w, https:\/\/zamilsteel.com.vn\/wp-content\/uploads\/2026\/01\/3fa451c4992f16714f3e-255x360.jpg 255w, https:\/\/zamilsteel.com.vn\/wp-content\/uploads\/2026\/01\/3fa451c4992f16714f3e-1200x1697.jpg 1200w, https:\/\/zamilsteel.com.vn\/wp-content\/uploads\/2026\/01\/3fa451c4992f16714f3e-360x509.jpg 360w\" sizes=\"auto, (max-width: 212px) 100vw, 212px\" \/><\/a><\/p>\n<p style=\"text-align: center;\"><b>CIDB &#8211; Malaysia<\/b><\/p>\n<p>[\/vc_column_text][vc_empty_space][\/vc_column_inner][vc_column_inner el_class=\u00a0\u00bbno-border\u00a0\u00bb width=\u00a0\u00bb1\/3&Prime;][vc_column_text]<\/p>\n<p style=\"text-align: center;\"><a href=\"https:\/\/www.zamilsteel.com.vn\/wp-content\/uploads\/2026\/01\/AISC-Certificate_Valid-28-Feb-2027-1.jpg\"><img loading=\"lazy\" decoding=\"async\" class=\"alignnone wp-image-25002\" src=\"https:\/\/www.zamilsteel.com.vn\/wp-content\/uploads\/2026\/01\/AISC-Certificate_Valid-28-Feb-2027-1.jpg\" alt=\"\" width=\"212\" height=\"274\" srcset=\"https:\/\/zamilsteel.com.vn\/wp-content\/uploads\/2026\/01\/AISC-Certificate_Valid-28-Feb-2027-1.jpg 1700w, https:\/\/zamilsteel.com.vn\/wp-content\/uploads\/2026\/01\/AISC-Certificate_Valid-28-Feb-2027-1-768x994.jpg 768w, https:\/\/zamilsteel.com.vn\/wp-content\/uploads\/2026\/01\/AISC-Certificate_Valid-28-Feb-2027-1-1187x1536.jpg 1187w, https:\/\/zamilsteel.com.vn\/wp-content\/uploads\/2026\/01\/AISC-Certificate_Valid-28-Feb-2027-1-1583x2048.jpg 1583w, https:\/\/zamilsteel.com.vn\/wp-content\/uploads\/2026\/01\/AISC-Certificate_Valid-28-Feb-2027-1-278x360.jpg 278w, https:\/\/zamilsteel.com.vn\/wp-content\/uploads\/2026\/01\/AISC-Certificate_Valid-28-Feb-2027-1-1200x1553.jpg 1200w, https:\/\/zamilsteel.com.vn\/wp-content\/uploads\/2026\/01\/AISC-Certificate_Valid-28-Feb-2027-1-360x466.jpg 360w\" sizes=\"auto, (max-width: 212px) 100vw, 212px\" \/><\/a><\/p>\n<p style=\"text-align: center;\"><strong>American Institute of Steel Construction<\/strong><\/p>\n<p style=\"text-align: center;\"><strong>AISC<\/strong><\/p>\n<p>[\/vc_column_text][vc_empty_space][\/vc_column_inner][vc_column_inner el_class=\u00a0\u00bbno-border\u00a0\u00bb width=\u00a0\u00bb1\/3&Prime;][vc_column_text]<\/p>\n<p style=\"text-align: center;\"><a href=\"https:\/\/www.zamilsteel.com.vn\/wp-content\/uploads\/2026\/04\/Zamil-AS-NZS-5131-Certification-scaled.jpg\"><img loading=\"lazy\" decoding=\"async\" class=\"alignnone wp-image-25129\" src=\"https:\/\/www.zamilsteel.com.vn\/wp-content\/uploads\/2026\/04\/Zamil-AS-NZS-5131-Certification-scaled.jpg\" alt=\"\" width=\"232\" height=\"300\" srcset=\"https:\/\/zamilsteel.com.vn\/wp-content\/uploads\/2026\/04\/Zamil-AS-NZS-5131-Certification-scaled.jpg 1978w, https:\/\/zamilsteel.com.vn\/wp-content\/uploads\/2026\/04\/Zamil-AS-NZS-5131-Certification-768x994.jpg 768w, https:\/\/zamilsteel.com.vn\/wp-content\/uploads\/2026\/04\/Zamil-AS-NZS-5131-Certification-1187x1536.jpg 1187w, https:\/\/zamilsteel.com.vn\/wp-content\/uploads\/2026\/04\/Zamil-AS-NZS-5131-Certification-1583x2048.jpg 1583w, https:\/\/zamilsteel.com.vn\/wp-content\/uploads\/2026\/04\/Zamil-AS-NZS-5131-Certification-278x360.jpg 278w, https:\/\/zamilsteel.com.vn\/wp-content\/uploads\/2026\/04\/Zamil-AS-NZS-5131-Certification-1200x1553.jpg 1200w, https:\/\/zamilsteel.com.vn\/wp-content\/uploads\/2026\/04\/Zamil-AS-NZS-5131-Certification-360x466.jpg 360w\" sizes=\"auto, (max-width: 232px) 100vw, 232px\" \/><\/a><\/p>\n<p style=\"text-align: center;\"><strong>AS\/NZS 5131:2016<\/strong><\/p>\n<p>[\/vc_column_text][vc_empty_space][\/vc_column_inner][\/vc_row_inner][\/vc_tta_section][\/vc_tta_tabs][\/vc_column][\/vc_row]<\/p>\n","protected":false},"excerpt":{"rendered":"<p>[vc_row full_width=\u00a0\u00bbstretch_row\u00a0\u00bb el_class=\u00a0\u00bbpage-detail product-detail\u00a0\u00bb][vc_column][vc_custom_heading text=\u00a0\u00bbLES NORMES ET STANDARDS DE ZAMIL STEEL\u00a0\u00bb el_class=\u00a0\u00bbmy-custom-title\u00a0\u00bb][vc_empty_space height=\u00a0\u00bb20px\u00a0\u00bb][vc_column_text] (Les fondateurs de Zamil Steel) [\/vc_column_text][vc_empty_space][vc_tta_tabs][vc_tta_section title=\u00a0\u00bbQualit\u00e9\u00a0\u00bb tab_id=\u00a0\u00bb1467965875422-84083357-338b\u00a0\u00bb][vc_column_text]Notre souci de la qualit\u00e9 s&rsquo;exprime le mieux par les termes suivants : \u21d2 RAPIDE R\u00e9ponse imm\u00e9diate Pour toutes vos&#8230;<\/p>\n","protected":false},"author":1,"featured_media":0,"parent":0,"menu_order":0,"comment_status":"closed","ping_status":"closed","template":"","meta":{"footnotes":""},"yst_prominent_words":[1423,6302,6301,6299,1408,1421,1420,1139,1138,1409,3764,3746,6303,6300,3748,3749,1424,3747,1422,185],"class_list":["post-6275","page","type-page","status-publish","hentry"],"_links":{"self":[{"href":"https:\/\/zamilsteel.com.vn\/fr\/wp-json\/wp\/v2\/pages\/6275","targetHints":{"allow":["GET"]}}],"collection":[{"href":"https:\/\/zamilsteel.com.vn\/fr\/wp-json\/wp\/v2\/pages"}],"about":[{"href":"https:\/\/zamilsteel.com.vn\/fr\/wp-json\/wp\/v2\/types\/page"}],"author":[{"embeddable":true,"href":"https:\/\/zamilsteel.com.vn\/fr\/wp-json\/wp\/v2\/users\/1"}],"replies":[{"embeddable":true,"href":"https:\/\/zamilsteel.com.vn\/fr\/wp-json\/wp\/v2\/comments?post=6275"}],"version-history":[{"count":7,"href":"https:\/\/zamilsteel.com.vn\/fr\/wp-json\/wp\/v2\/pages\/6275\/revisions"}],"predecessor-version":[{"id":25133,"href":"https:\/\/zamilsteel.com.vn\/fr\/wp-json\/wp\/v2\/pages\/6275\/revisions\/25133"}],"wp:attachment":[{"href":"https:\/\/zamilsteel.com.vn\/fr\/wp-json\/wp\/v2\/media?parent=6275"}],"wp:term":[{"taxonomy":"yst_prominent_words","embeddable":true,"href":"https:\/\/zamilsteel.com.vn\/fr\/wp-json\/wp\/v2\/yst_prominent_words?post=6275"}],"curies":[{"name":"wp","href":"https:\/\/api.w.org\/{rel}","templated":true}]}}