{"id":6269,"date":"2016-06-23T03:33:19","date_gmt":"2016-06-23T03:33:19","guid":{"rendered":"https:\/\/zamilsteel.com.vn\/fr\/the-steel-building-guide\/"},"modified":"2017-10-23T02:03:19","modified_gmt":"2017-10-23T02:03:19","slug":"le-guide-de-la-construction-metallique","status":"publish","type":"page","link":"https:\/\/zamilsteel.com.vn\/fr\/le-guide-de-la-construction-metallique\/","title":{"rendered":"Le guide de la construction m\u00e9tallique"},"content":{"rendered":"<p>[vc_row][vc_column]<h1 class='style-3 my-custom-title' ><span>LE GUIDE DE LA CONSTRUCTION M\u00c9TALLIQUE<\/span><\/h1>[vc_empty_space][\/vc_column][\/vc_row][vc_row full_width=\u00a0\u00bbstretch_row\u00a0\u00bb el_class=\u00a0\u00bbpage-detail product-detail\u00a0\u00bb][vc_column][vc_column_text]<\/p>\n<div id=\"attachment_4285\" style=\"width: 310px\" class=\"wp-caption alignright\"><img loading=\"lazy\" decoding=\"async\" aria-describedby=\"caption-attachment-4285\" class=\"wp-image-4285 size-medium\" title=\"LE GUIDE DE LA CONSTRUCTION METALLIQUE\" src=\"https:\/\/zamilsteel.com.vn\/wp-content\/uploads\/2016\/06\/The-Steel-Building-Guide-Banner-300x200.jpg\" alt=\"LE GUIDE DE LA CONSTRUCTION METALLIQUE\" width=\"300\" height=\"200\" \/><p id=\"caption-attachment-4285\" class=\"wp-caption-text\">Un exemple typique de b\u00e2timent pr\u00e9fabriqu\u00e9 \u00e0 ossature m\u00e9tallique<\/p><\/div>\n<p>La premi\u00e8re utilisation de la construction m\u00e9tallique remonte \u00e0 la fin du 19<sup>\u00e8me<\/sup> si\u00e8cle, lorsque les meilleurs constructeurs de Chicago, de Paris et de Londres recherchent une solution aux graves probl\u00e8mes de fissuration des b\u00e2timents en briques, en pierres et en terre cuite partout en Europe et en Am\u00e9rique du Nord. Depuis lors, les constructions m\u00e9talliques se sont r\u00e9v\u00e9l\u00e9es \u00eatre d&rsquo;excellentes alternatives aux solutions de construction conventionnelles, devenues de plus en plus co\u00fbteuses et g\u00e9n\u00e9ratrices de d\u00e9sordres.<\/p>\n<p>Le 20<sup>\u00e8me<\/sup> si\u00e8cle a vu le d\u00e9veloppement de l&rsquo;industrie m\u00e9tallurgique, avec une grande disponibilit\u00e9 d\u2019acier sur le march\u00e9, conduisant \u00e0 la pr\u00e9valence des constructions m\u00e9talliques, surtout apr\u00e8s la seconde guerre mondiale. L&rsquo;utilisation des constructions m\u00e9talliques a alors consid\u00e9rablement augment\u00e9 en raison de leur souplesse et de leur bon rapport co\u00fbt-efficacit\u00e9. Elle est devenue la tendance dans la construction d\u00e8s le milieu du 20<sup>\u00e8me<\/sup> si\u00e8cle.<\/p>\n<p><strong>Les b\u00e2timents pr\u00e9fabriqu\u00e9s clos et couverts<\/strong> ont d&rsquo;abord \u00e9t\u00e9 introduits dans les ann\u00e9es 1960, lorsque les fabricants ont eu l&rsquo;id\u00e9e de pr\u00e9fabriquer tous les composants, y compris la toiture, le plancher, les \u00e9l\u00e9ments muraux, les contreventements, etc. Les constructeurs n&rsquo;ont plus qu&rsquo;\u00e0 assembler ces pi\u00e8ces pour installer les b\u00e2timents. Le premier logiciel de conception assist\u00e9e par ordinateur pour la construction m\u00e9tallique est \u00e9galement cr\u00e9\u00e9 dans les ann\u00e9es 1960, permettant aux constructions m\u00e9talliques d\u2019offrir une grande vari\u00e9t\u00e9 de mod\u00e8les, de caract\u00e9ristiques, de formes et de tailles, et surtout de permettre une construction plus s\u00fbre et plus rapide.<\/p>\n<p>&nbsp;<\/p>\n<p>L\u2019ossature m\u00e9tallique est la solution la plus flexible dans le monde moderne de la construction, gr\u00e2ce aux <strong>avantages<\/strong> qu\u2019elle a d\u00e9montr\u00e9s\u00a0:<\/p>\n<ul>\n<li>Con\u00e7ue, fabriqu\u00e9e et install\u00e9e plus rapidement qu\u2019un b\u00e2timent conventionnel<\/li>\n<li>R\u00e9sistance aux changements climatiques et aux catastrophes naturelles<\/li>\n<li>L\u00e9g\u00e8re, mais plus r\u00e9sistante \u00e0 la traction, et elle peut \u00eatre combin\u00e9e avec d\u2019autres mat\u00e9riaux de construction<\/li>\n<li>Offre plus de vari\u00e9t\u00e9 dans le design et plus de possibilit\u00e9s d\u2019applications<\/li>\n<li>\u00c9conomique, r\u00e9duction des co\u00fbts<\/li>\n<li>\u00c9cologique et Z\u00c9RO D\u00c9CHET<\/li>\n<\/ul>\n<p>[\/vc_column_text][vc_empty_space][vc_tta_tabs][vc_tta_section title=\u00a0\u00bbUTILISATIONS\u00a0\u00bb tab_id=\u00a0\u00bb1467966273512-1afd4e3b-32d7&Prime;][vc_column_text]<strong>UTILISATIONS DES CONSTRUCTIONS M\u00c9TALLIQUES<\/strong><\/p>\n<p>&nbsp;<\/p>\n<p>L&rsquo;utilisation des constructions m\u00e9talliques a augment\u00e9 au cours des ann\u00e9es avec le d\u00e9veloppement des capacit\u00e9s mondiales d&rsquo;ing\u00e9nierie et d&rsquo;innovation de l&rsquo;industrie m\u00e9tallurgique. Les ing\u00e9nieurs d&rsquo;aujourd&rsquo;hui peuvent concevoir des constructions m\u00e9talliques convenant \u00e0 divers emplois gr\u00e2ce \u00e0 la disponibilit\u00e9 de logiciels de conception assist\u00e9e par ordinateur.<\/p>\n<p>&nbsp;<\/p>\n<p>Il y a trois types courants de constructions m\u00e9talliques : Des b\u00e2timents arrondis, \u00e0 murs rectilignes et \u00e0 port\u00e9es libres.<\/p>\n<ul>\n<li><strong>B\u00e2timent arrondi (en arc) :\u00a0<\/strong>Principalement utilis\u00e9 dans l&rsquo;industrie agricole pour la construction d&rsquo;unit\u00e9s de stockage. La structure de ce type de b\u00e2timent est habituellement tr\u00e8s robuste et durable.<\/li>\n<li><strong>B\u00e2timent \u00e0 murs rectilignes :\u00a0<\/strong>Moins robuste par rapport \u00e0 un b\u00e2timent arrondi, mais fournissant plus d&rsquo;espace utilisable \u00e0 l&rsquo;int\u00e9rieur. Ce type de b\u00e2timent est \u00e9galement facile \u00e0 ins\u00e9rer dans l&rsquo;architecture environnante, ce qui est id\u00e9al pour des constructions de type commercial, industriel et autres.<\/li>\n<li><strong>B\u00e2timent \u00e0 port\u00e9es libres :\u00a0<\/strong>Ils utilisent de grandes poutres suspendues au lieu de piliers int\u00e9rieurs. Cela offre un espace int\u00e9rieur large et ouvert, vous permettant d\u2019organiser facilement les plans des \u00e9tages en fonction de vos besoins. Les b\u00e2timents \u00e0 port\u00e9es libres constituent un excellent choix pour les usines, les hangars de stockage, les entrep\u00f4ts, \u00a0les hangars d&rsquo;avions&#8230;<\/li>\n<\/ul>\n<p>&nbsp;<\/p>\n<p><a href=\"https:\/\/zamilsteel.com.vn\/fr\/produits\/\"><strong><u>Parcourez<\/u><\/strong><\/a> les diff\u00e9rentes utilisations des solutions ZAMIL STEEL.[\/vc_column_text][\/vc_tta_section][vc_tta_section title=\u00a0\u00bbCOMBIEN CELA CO\u00dbTE-T-IL ?\u00a0\u00bb tab_id=\u00a0\u00bb1467966273610-b5aa1d28-86c6&Prime;][vc_column_text]<strong>COMBIEN CELA CO\u00dbTE-T-IL ?<\/strong><\/p>\n<p>&nbsp;<\/p>\n<p>Calculer le co\u00fbt d&rsquo;une construction m\u00e9tallique peut sembler difficile parce qu\u2019il faut tenir compte de nombreux facteurs.<\/p>\n<p>En fait, il n&rsquo;y a pas que les mat\u00e9riaux qui entrent en jeu. Le prix d&rsquo;une construction m\u00e9tallique peut varier en fonction de la taille, de la conception, de la disponibilit\u00e9 des mati\u00e8res premi\u00e8res et d&rsquo;autres facteurs tels que le d\u00e9lai de livraison, le lieu d&rsquo;exp\u00e9dition, etc.<\/p>\n<p>Pour \u00e9valuer combien co\u00fbte une construction m\u00e9tallique, analysons-en les grands constituants<\/p>\n<ul>\n<li><strong>Principaux facteurs<\/strong>\n<ul>\n<li>La dimension de votre b\u00e2timent (Longueur x Largeur) et son emplacement<\/li>\n<li>La hauteur: combien de niveaux \/ \u00e9tages (les immeubles de grande hauteur sont souvent plus co\u00fbteux)<\/li>\n<li>Les sp\u00e9cifications de conception (Ex. : les codes de conception, les charges nominales, etc.)<\/li>\n<li>La m\u00e9thode de montage : par vos soins ou par une entreprise<\/li>\n<li>Les d\u00e9lais de livraison souhait\u00e9s pour vos b\u00e2timents<\/li>\n<\/ul>\n<\/li>\n<\/ul>\n<ul>\n<li><strong>Autres facteurs<\/strong>\n<ul>\n<li>Votre choix des mat\u00e9riaux (ex. : la nuance de l&rsquo;acier)<\/li>\n<li>Les conditions du site (par exemple, un terrain pentu peut g\u00e9n\u00e9rer plus d&rsquo;heures de main-d&rsquo;\u0153uvre)<\/li>\n<li>La m\u00e9t\u00e9o (ex. : pluie abondante; vent violent, neige ou canicule peuvent affecter la dur\u00e9e d&rsquo;installation)<\/li>\n<li>La complexit\u00e9 de la structure (plus la structure est complexe, plus il y a besoin de temps, de mat\u00e9riaux et de main-d&rsquo;\u0153uvre)<\/li>\n<li>La largeur de la port\u00e9e libre<\/li>\n<\/ul>\n<\/li>\n<\/ul>\n<p>Une fois que vous avez consid\u00e9r\u00e9 tous ces facteurs, <a href=\"https:\/\/zamilsteel.com.vn\/fr\/contactez-nous-2\/\"><strong><u>contactez notre \u00e9quipe<\/u><\/strong><\/a> pour obtenir un devis dans les plus brefs d\u00e9lais[\/vc_column_text][\/vc_tta_section][vc_tta_section title=\u00a0\u00bbEst-ce S\u00dbR ?\u00a0\u00bb tab_id=\u00a0\u00bb1467966520727-c39192ec-b629&Prime;][vc_column_text]La r\u00e9ponse est OUI.<\/p>\n<p>L&rsquo;utilisation de l&rsquo;acier comme mat\u00e9riau de construction est fortement recommand\u00e9e pour sa durabilit\u00e9, sa r\u00e9sistance et sa r\u00e9silience.<\/p>\n<ul>\n<li><strong>R\u00e9sistance aux catastrophes naturelles<\/strong><\/li>\n<\/ul>\n<p>Dans certaines r\u00e9gions, des catastrophes naturelles telles que des s\u00e9ismes, des cyclones ou des ouragans peuvent survenir n&rsquo;importe quand. Les structures en b\u00e9ton demandent, elles, une maintenance r\u00e9guli\u00e8re, et peuvent aussi causer de lourdes de pertes lorsque ces structures sont endommag\u00e9es ou effondr\u00e9es. Dans de tels cas, les constructions m\u00e9talliques sont plus r\u00e9silientes.<\/p>\n<ul>\n<li><strong>Moins de fumigation est n\u00e9cessaire<\/strong><\/li>\n<\/ul>\n<p>En raison du fait que les termites, les rongeurs et les insectes ne peuvent pas infester les structures m\u00e9talliques.<\/p>\n<ul>\n<li><strong>L&rsquo;acier est un PRODUIT \u00ab\u00a0VERT\u00a0\u00bb<\/strong><\/li>\n<\/ul>\n<p>Alors que le b\u00e9ton et le bois ne peuvent pas \u00eatre r\u00e9utilis\u00e9s, une construction m\u00e9tallique peut \u00eatre r\u00e9install\u00e9e, d\u00e9plac\u00e9e \u00e0 d&rsquo;autres endroits ou recycl\u00e9e de nombreuses fois. Les composants peuvent \u00eatre d\u00e9plac\u00e9s d&rsquo;un endroit \u00e0 un autre sans difficult\u00e9s, et permettent un agrandissement des structures selon vos besoins futurs.<\/p>\n<p>COMPARAISON ENTRE LES CONSTRUCTIONS M\u00c9TALLIQUES ET LES CONSTRUCTIONS EN B\u00c9TON<\/p>\n<p><em>Vous vous demandez toujours si vous allez opter pour les constructions m\u00e9talliques ?<\/em><\/p>\n<table class=\"table table-striped\">\n<tbody>\n<tr>\n<td style=\"text-align: center;\"><span style=\"color: #3366ff;\"><strong>\u00a0<\/strong><\/span><\/td>\n<td style=\"text-align: center;\"><span style=\"color: #3366ff;\"><strong>Construction en b\u00e9ton<\/strong><\/span><\/td>\n<td style=\"text-align: center;\"><span style=\"color: #3366ff;\"><strong>Construction m\u00e9tallique<\/strong><\/span><\/td>\n<\/tr>\n<tr>\n<td><span style=\"color: #3366ff;\"><strong>Temps de construction<\/strong><\/span><\/td>\n<td>\n<ul>\n<li>Temps de construction plus long<\/li>\n<\/ul>\n<\/td>\n<td>\n<ul>\n<li>R\u00e9duction du temps de construction gr\u00e2ce \u00e0 la conception faite par le bureau d&rsquo;\u00e9tudes, la pr\u00e9fabrication des composants et le montage sur site de la structure m\u00e9tallique<\/li>\n<\/ul>\n<\/td>\n<\/tr>\n<tr>\n<td><span style=\"color: #3366ff;\"><strong>Qualit\u00e9<\/strong><\/span><\/td>\n<td>\n<ul>\n<li>Le coulage du b\u00e9ton sur site d\u00e9pend des conditions m\u00e9t\u00e9orologiques et requiert une main-d&rsquo;\u0153uvre abondante, ce qui peut affecter la qualit\u00e9 des constructions<\/li>\n<\/ul>\n<\/td>\n<td>\n<ul>\n<li>Les membrures en acier peuvent \u00eatre assembl\u00e9es en usine, fournissant un meilleur contr\u00f4le de la qualit\u00e9<\/li>\n<\/ul>\n<\/td>\n<\/tr>\n<tr>\n<td><span style=\"color: #3366ff;\"><strong>Conception<\/strong><\/span><\/td>\n<td>\n<ul>\n<li>Flexibilit\u00e9 et fonctionnalit\u00e9 \u00e9lev\u00e9es lorsque les m\u00e9thodes de conception sont ad\u00e9quates<\/li>\n<li>Poids \u00e9lev\u00e9<\/li>\n<\/ul>\n<\/td>\n<td>\n<ul>\n<li>Les structures en acier permettent de longues port\u00e9es, ce qui offre plus d&rsquo;espaces libres entre les poteaux et une flexibilit\u00e9 dans l&rsquo;am\u00e9nagement de l&rsquo;espace. Les tuyaux et les conduits peuvent traverser ais\u00e9ment les membrures m\u00e9talliques et peuvent donc \u00eatre plus facilement v\u00e9rifi\u00e9s lors des op\u00e9rations de maintenance.<\/li>\n<li>Poids tr\u00e8s l\u00e9ger<\/li>\n<\/ul>\n<\/td>\n<\/tr>\n<tr>\n<td><span style=\"color: #3366ff;\"><strong>Recyclage et p\u00e9rennit\u00e9<\/strong><\/span><\/td>\n<td>\n<ul>\n<li>Peut \u00eatre r\u00e9utilis\u00e9 principalement sous une forme d\u00e9class\u00e9e, par exemple comme mat\u00e9riau de remplissage<\/li>\n<li>Le taux de recyclage des barres de renfort (ronds \u00e0 b\u00e9ton) utilis\u00e9es dans les armatures en b\u00e9ton arm\u00e9 est n\u00e9gligeable<\/li>\n<\/ul>\n<\/td>\n<td>\n<ul>\n<li>L&rsquo;acier peut \u00eatre recycl\u00e9 et retrouver son \u00e9tat initial ou tr\u00e8s proche. Environ 86% des profil\u00e9s en acier sont recycl\u00e9s pour cr\u00e9er d&rsquo;autres produits en acier et 13% sont r\u00e9utilis\u00e9s sous leur forme initiale.<\/li>\n<li>La cl\u00e9 de la p\u00e9rennit\u00e9 des constructions m\u00e9talliques r\u00e9side dans leur conception. Elles peuvent \u00eatre ais\u00e9ment d\u00e9mont\u00e9es. Les assemblages boulonn\u00e9s sont pr\u00e9f\u00e9rables aux assemblages soud\u00e9s.<\/li>\n<\/ul>\n<\/td>\n<\/tr>\n<tr>\n<td><span style=\"color: #3366ff;\"><strong>S\u00e9curit\u00e9<\/strong><\/span><\/td>\n<td>\n<ul>\n<li>Le b\u00e9ton arm\u00e9 est r\u00e9sistant \u00e0 l&rsquo;explosion et \u00e0 l&rsquo;impact. Il r\u00e9siste aux hautes temp\u00e9ratures d&rsquo;un feu pendant longtemps sans perte d&rsquo;int\u00e9grit\u00e9 de la structure.<\/li>\n<\/ul>\n<\/td>\n<td>\n<ul>\n<li>Les constructions m\u00e9talliques sont plus r\u00e9sistantes aux catastrophes naturelles telles que les ouragans, les s\u00e9ismes, les typhons ou cyclones.<\/li>\n<\/ul>\n<\/td>\n<\/tr>\n<tr>\n<td><span style=\"color: #3366ff;\"><strong>R\u00e9duction des co\u00fbts<\/strong><\/span><\/td>\n<td>\n<ul>\n<li>Les b\u0203timents en b\u00e9ton sont beaucoup plus lourds, seulement quelques parties de la construction peuvent \u00eatre r\u00e9utilisables, tandis que leur construction demande plus de main-d&rsquo;\u0153uvre et de temps.<\/li>\n<\/ul>\n<\/td>\n<td>\n<ul>\n<li>Mati\u00e8re premi\u00e8re bon march\u00e9<\/li>\n<li>Les constructions m\u00e9talliques sont moins lourdes, recyclables et demandent un temps de construction plus court, ce qui permet de gagner du temps et de l&rsquo;argent<\/li>\n<\/ul>\n<\/td>\n<\/tr>\n<\/tbody>\n<\/table>\n<p>[\/vc_column_text][\/vc_tta_section][\/vc_tta_tabs][\/vc_column][\/vc_row]<\/p>\n","protected":false},"excerpt":{"rendered":"<p>[vc_row][vc_column][vc_empty_space][\/vc_column][\/vc_row][vc_row full_width=\u00a0\u00bbstretch_row\u00a0\u00bb el_class=\u00a0\u00bbpage-detail product-detail\u00a0\u00bb][vc_column][vc_column_text] La premi\u00e8re utilisation de la construction m\u00e9tallique remonte \u00e0 la fin du 19\u00e8me si\u00e8cle, lorsque les meilleurs constructeurs de Chicago, de Paris et de Londres recherchent une solution aux graves probl\u00e8mes de fissuration des b\u00e2timents en&#8230;<\/p>\n","protected":false},"author":1,"featured_media":0,"parent":0,"menu_order":0,"comment_status":"closed","ping_status":"closed","template":"","meta":{"footnotes":""},"yst_prominent_words":[1388,1383,1390,1394,1349,1403,1377,1384,1401,1139,1138,1419,3764,1391,1381,1140,1400,1396,1397,1398,1399,1402,1386],"class_list":["post-6269","page","type-page","status-publish","hentry"],"_links":{"self":[{"href":"https:\/\/zamilsteel.com.vn\/fr\/wp-json\/wp\/v2\/pages\/6269","targetHints":{"allow":["GET"]}}],"collection":[{"href":"https:\/\/zamilsteel.com.vn\/fr\/wp-json\/wp\/v2\/pages"}],"about":[{"href":"https:\/\/zamilsteel.com.vn\/fr\/wp-json\/wp\/v2\/types\/page"}],"author":[{"embeddable":true,"href":"https:\/\/zamilsteel.com.vn\/fr\/wp-json\/wp\/v2\/users\/1"}],"replies":[{"embeddable":true,"href":"https:\/\/zamilsteel.com.vn\/fr\/wp-json\/wp\/v2\/comments?post=6269"}],"version-history":[{"count":0,"href":"https:\/\/zamilsteel.com.vn\/fr\/wp-json\/wp\/v2\/pages\/6269\/revisions"}],"wp:attachment":[{"href":"https:\/\/zamilsteel.com.vn\/fr\/wp-json\/wp\/v2\/media?parent=6269"}],"wp:term":[{"taxonomy":"yst_prominent_words","embeddable":true,"href":"https:\/\/zamilsteel.com.vn\/fr\/wp-json\/wp\/v2\/yst_prominent_words?post=6269"}],"curies":[{"name":"wp","href":"https:\/\/api.w.org\/{rel}","templated":true}]}}