{"id":6265,"date":"2016-06-24T09:52:33","date_gmt":"2016-06-24T09:52:33","guid":{"rendered":"https:\/\/zamilsteel.com.vn\/fr\/installation-construction\/"},"modified":"2017-09-01T06:46:50","modified_gmt":"2017-09-01T06:46:50","slug":"montage-construction","status":"publish","type":"page","link":"https:\/\/zamilsteel.com.vn\/fr\/services\/montage-construction\/","title":{"rendered":"Montage &#038; Construction"},"content":{"rendered":"<p>[vc_row][vc_column width=\u00a0\u00bb1\/2&Prime;][vc_single_image image=\u00a0\u00bb1500&Prime; img_size=\u00a0\u00bblarge\u00a0\u00bb][\/vc_column][vc_column width=\u00a0\u00bb1\/2&Prime;][vc_single_image image=\u00a0\u00bb1502&Prime; img_size=\u00a0\u00bblarge\u00a0\u00bb][\/vc_column][\/vc_row][vc_row][vc_column][vc_empty_space][\/vc_column][\/vc_row][vc_row][vc_column][vc_tta_tabs spacing=\u00a0\u00bb35&Prime; gap=\u00a0\u00bb35&Prime; active_section=\u00a0\u00bb1&Prime;][vc_tta_section title=\u00a0\u00bbSUPERVISION DES CHANTIERS\u00a0\u00bb tab_id=\u00a0\u00bb1476694683213-c03eb696-2f96&Prime;][vc_column_text]<strong>SUPERVISION DES CHANTIERS<\/strong><\/p>\n<p style=\"text-align: justify;\"><a href=\"https:\/\/zamilsteel.com.vn\/\"><strong>Zamil Steel Buildings Vietnam<\/strong><\/a> fournit des services de montage complets de nos b\u00e2timents et structures m\u00e9talliques, avec des Superviseurs de Chantier professionnels d\u00e9di\u00e9s \u00e0 la supervision du montage, quels que soient le lieu et la taille du chantier de nos clients.<\/p>\n<p>Nos Superviseurs de Chantier vous assisteront, non seulement en r\u00e9ceptionnant le mat\u00e9riel sur place, mais en supervisant le calendrier complet et l&rsquo;ex\u00e9cution des proc\u00e9dures pour garantir que votre b\u00e2timent est \u00e9rig\u00e9 en accord avec les normes internationales de qualit\u00e9 et de s\u00e9curit\u00e9 respect\u00e9s par Zamil Steel.<\/p>\n<p>Nos prestations comprennent :<\/p>\n<ol>\n<li>R\u00e9ception et analyse des documents du bureau d\u2019\u00e9tudes<\/li>\n<li>Contr\u00f4les de pr\u00e9-montage<\/li>\n<li>Proc\u00e9dures de d\u00e9chargement des containers et de r\u00e9ception des mat\u00e9riaux sur place, contr\u00f4le de la qualit\u00e9 et de la quantit\u00e9 des mat\u00e9riaux<\/li>\n<li>Montage des constructions m\u00e9talliques en accord avec les normes internationnales de s\u00e9curit\u00e9 et de qualit\u00e9 suivies par Zamil Steel. Le processus est conforme \u00e0 nos Proc\u00e9dures de Montage standard<\/li>\n<li>Programme d&rsquo;inspection et de test<\/li>\n<li>Remise des documents, des rapports et livraison du b\u00e2timent \u00e0 nos clients<\/li>\n<li>Plan de maintenance si demand\u00e9<\/li>\n<\/ol>\n<p>[\/vc_column_text][\/vc_tta_section][vc_tta_section title=\u00a0\u00bbCONTR\u00d4LE DE LA QUALIT\u00c9\u00a0\u00bb tab_id=\u00a0\u00bb1476694683497-0266a555-25cd\u00a0\u00bb][vc_column_text]La s\u00e9curit\u00e9 et la qualit\u00e9 de nos travaux de montage sont garanties par l&rsquo;engagement d&rsquo;ing\u00e9nieurs de superviseurs et de techniciens exp\u00e9riment\u00e9s et qualifi\u00e9s.<\/p>\n<p>Le contr\u00f4le qualit\u00e9 est effectu\u00e9 aux diff\u00e9rentes \u00e9tapes du montage, depuis l&rsquo;inspection des mat\u00e9riaux \u00e0 r\u00e9ception sur chantier jusqu&rsquo;\u00e0 la livraison du b\u00e2timent. Pour ce faire, un Plan d\u2019Inspection et d\u2019Essais (PIE) \/ Plan Qualit\u00e9 standard ou sp\u00e9cifique est suivi.<\/p>\n<p>Le Plan Qualit\u00e9 contient par d\u00e9faut\u00a0:<\/p>\n<ol>\n<li>PIE &#8211; Plan d\u2019inspection et d\u2019essai (Pi\u00e8ce jointe I, 2 pages)<\/li>\n<li>Liste de contr\u00f4le du Montage (Pi\u00e8ce jointe II, 3 pages)<\/li>\n<li>M\u00e9thodologie<\/li>\n<li>Proc\u00e9dures et formulaires d\u2019inspection mentionnes dans le PIE (Erect.03.03.R1)<\/li>\n<li>Proc\u00e9dure de serrage des boulons (Pi\u00e8ce jointe III, 3 pages)<\/li>\n<li>Proc\u00e9dure de retouche des peintures (Erect.03.03.R1)<\/li>\n<li>Organigramme du management du chantier incluant une personne qualifi\u00e9e pour le contr\u00f4le qualit\u00e9 et la s\u00e9curit\u00e9 34<\/li>\n<\/ol>\n<p>Le montage ne doit pas d\u00e9marrer si les conditions suivantes ne sont pas r\u00e9unies :<\/p>\n<ul>\n<li>Pr\u00e9sentation du Plan de Qualit\u00e9<\/li>\n<\/ul>\n<ul>\n<li>Indentification d\u2019une personne d\u00e9di\u00e9e \u00e0 la qualit\u00e9 et \u00e0 la s\u00e9curit\u00e9<\/li>\n<\/ul>\n<ul>\n<li>Tenue d\u2019une r\u00e9union pr\u00e9alable \u00e0 l\u2019inspection<\/li>\n<\/ul>\n<p>[\/vc_column_text][\/vc_tta_section][vc_tta_section title=\u00a0\u00bbS\u00c9CURIT\u00c9 AU TRAVAIL\u00a0\u00bb tab_id=\u00a0\u00bb1476694838888-5eb18282-8c48&Prime;][vc_column_text]<strong>ENVIRONNEMENT, HYGI\u00c8NE-SANT\u00c9 ET S\u00c9CURIT\u00c9 AU TRAVAIL (\u00ab\u00a0EHS\u00a0\u00bb)<\/strong><\/p>\n<p>&nbsp;<\/p>\n<p>L\u2019environnement, hygi\u00e8ne-sant\u00e9 et s\u00e9curit\u00e9 au travail sont des domaines essentiels pour Zamil Steel Buildings Vietnam Co., Ltd.<\/p>\n<p>Nous sommes convaincus du fait que des lieux de travail s\u00fbrs et sains et de grandes exigences en termes de protection de l\u2019environnement permettent de pr\u00e9venir et \u00e9liminer les dangers et les risques d\u2019accidents de travail, ainsi que de favoriser l\u2019innovation et de g\u00e9n\u00e9rer des opportunit\u00e9s d\u2019affaires.<\/p>\n<p>Nous pensons que la majorit\u00e9 des incidents et accidents li\u00e9s \u00e0 un manque de s\u00e9curit\u00e9 ou de non-respect de l\u2019environnement peuvent \u00eatre \u00e9vit\u00e9s, dans nos usines, nos lieux de travail, ainsi que sur nos chantiers de construction.<\/p>\n<p>Nos \u00e9quipes s\u2019engagent \u00e0 veiller \u00e0 leur propre s\u00e9curit\u00e9 lorsqu\u2019elles travaillent sur vos chantiers, lorsqu\u2019elles les visitent ou lorsqu\u2019elles visitent vos propres usines.<\/p>\n<p>Nos \u00e9quipes s\u2019assurent \u00e9galement que nos sous-traitants, que nos monteurs et constructeurs, lorsqu\u2019ils sont s\u00e9lectionn\u00e9s par Zamil Steel pour installer vos b\u00e2timents clos couverts et vos structures en acier, travaillent dans le respect des meilleures normes et pratiques en termes d\u2019hygi\u00e8ne-s\u00e9curit\u00e9, de s\u00e9curit\u00e9 et de respect de l\u2019environnement.<\/p>\n<p>Notre objectif est d\u2019atteindre \u00ab\u00a0z\u00e9ro incident\u00a0\u00bb sur nos propres lieux de travail et ceux de nos clients.<\/p>\n<p>L\u2019acier est un mat\u00e9riau recyclable. Nous nous engageons \u00e0 minimiser le plus possible nos d\u00e9chets de production, et \u00e0 contribuer au recyclage du maximum possible de ces d\u00e9chets.[\/vc_column_text][\/vc_tta_section][vc_tta_section title=\u00a0\u00bbMAINTENANCE \u00a0\u00bb tab_id=\u00a0\u00bb1476694840853-1c98ac88-ddba\u00a0\u00bb][vc_column_text]Une fois votre b\u00e2timent install\u00e9, Zamil Steel vous recommande de suivre nos recommandations concernant sa maintenence. De cette fa\u00e7on, vous accro\u020btrez significativement la duree de vie de votre investissement.<\/p>\n<p>La fr\u00e9quence des op\u00e9rations de maintenance d\u00e9pend des conditions environnementales de la zone dans laquelle votre b\u00e2timent se trouve. Ceci concerne\u00a0:<\/p>\n<ul>\n<li>La maintenance des parties ext\u00e9rieures du b\u00e2timent<\/li>\n<li>La maintenance des accessoires du b\u00e2timent (ponts roulants, portes, ventilateurs, extracteurs d\u2019air, etc.)<\/li>\n<li>Un livret d\u2019entretien p\u00e9riodique est propos\u00e9 \u00e0 nos clients. Les dates des op\u00e9rations de maintenance y seront consign\u00e9es et \u00e9marg\u00e9es par notre \u00e9quipe de maintenance.<\/li>\n<\/ul>\n<p>[\/vc_column_text][\/vc_tta_section][\/vc_tta_tabs][\/vc_column][\/vc_row]<\/p>\n","protected":false},"excerpt":{"rendered":"<p>[vc_row][vc_column width=\u00a0\u00bb1\/2&Prime;][vc_single_image image=\u00a0\u00bb1500&Prime; img_size=\u00a0\u00bblarge\u00a0\u00bb][\/vc_column][vc_column width=\u00a0\u00bb1\/2&Prime;][vc_single_image image=\u00a0\u00bb1502&Prime; img_size=\u00a0\u00bblarge\u00a0\u00bb][\/vc_column][\/vc_row][vc_row][vc_column][vc_empty_space][\/vc_column][\/vc_row][vc_row][vc_column][vc_tta_tabs spacing=\u00a0\u00bb35&Prime; gap=\u00a0\u00bb35&Prime; active_section=\u00a0\u00bb1&Prime;][vc_tta_section title=\u00a0\u00bbSUPERVISION DES CHANTIERS\u00a0\u00bb tab_id=\u00a0\u00bb1476694683213-c03eb696-2f96&Prime;][vc_column_text]SUPERVISION DES CHANTIERS Zamil Steel Buildings Vietnam fournit des services de montage complets de nos b\u00e2timents et structures m\u00e9talliques, avec des Superviseurs de Chantier professionnels d\u00e9di\u00e9s \u00e0&#8230;<\/p>\n","protected":false},"author":1,"featured_media":0,"parent":6448,"menu_order":0,"comment_status":"closed","ping_status":"closed","template":"","meta":{"footnotes":""},"yst_prominent_words":[1353,1367,3784,3781,1371,1355,1354,1352,1070,3786,3782,3787,3783,3780,1368,3767,1356,3785,3841,3819,3828],"class_list":["post-6265","page","type-page","status-publish","hentry"],"_links":{"self":[{"href":"https:\/\/zamilsteel.com.vn\/fr\/wp-json\/wp\/v2\/pages\/6265","targetHints":{"allow":["GET"]}}],"collection":[{"href":"https:\/\/zamilsteel.com.vn\/fr\/wp-json\/wp\/v2\/pages"}],"about":[{"href":"https:\/\/zamilsteel.com.vn\/fr\/wp-json\/wp\/v2\/types\/page"}],"author":[{"embeddable":true,"href":"https:\/\/zamilsteel.com.vn\/fr\/wp-json\/wp\/v2\/users\/1"}],"replies":[{"embeddable":true,"href":"https:\/\/zamilsteel.com.vn\/fr\/wp-json\/wp\/v2\/comments?post=6265"}],"version-history":[{"count":0,"href":"https:\/\/zamilsteel.com.vn\/fr\/wp-json\/wp\/v2\/pages\/6265\/revisions"}],"up":[{"embeddable":true,"href":"https:\/\/zamilsteel.com.vn\/fr\/wp-json\/wp\/v2\/pages\/6448"}],"wp:attachment":[{"href":"https:\/\/zamilsteel.com.vn\/fr\/wp-json\/wp\/v2\/media?parent=6265"}],"wp:term":[{"taxonomy":"yst_prominent_words","embeddable":true,"href":"https:\/\/zamilsteel.com.vn\/fr\/wp-json\/wp\/v2\/yst_prominent_words?post=6265"}],"curies":[{"name":"wp","href":"https:\/\/api.w.org\/{rel}","templated":true}]}}