{"id":6255,"date":"2016-06-28T03:13:03","date_gmt":"2016-06-28T03:13:03","guid":{"rendered":"https:\/\/zamilsteel.com.vn\/fr\/zamil-steelproject-gallery\/"},"modified":"2017-11-23T07:59:51","modified_gmt":"2017-11-23T07:59:51","slug":"zamil-steel-references-de-chantiers","status":"publish","type":"page","link":"https:\/\/zamilsteel.com.vn\/fr\/zamil-steel-references-de-chantiers\/","title":{"rendered":"R\u00e9f\u00e9rences De Chantiers"},"content":{"rendered":"<p>[vc_row full_width=\u00a0\u00bbstretch_row\u00a0\u00bb el_class=\u00a0\u00bbproduct-detail\u00a0\u00bb][vc_column][vc_custom_heading text=\u00a0\u00bbCHANTIERS LES PLUS IMPORTANTS\u00a0\u00bb use_theme_fonts=\u00a0\u00bbyes\u00a0\u00bb el_class=\u00a0\u00bbmy-custom-title\u00a0\u00bb][vc_empty_space][vc_column_text]Depuis 1993, <a href=\"https:\/\/zamilsteel.com.vn\/\"><strong>Zamil Steel<\/strong><\/a> a livr\u00e9 plus de 6 000 constructions m\u00e9talliques au Vietnam, en Asie du Sud-est et dans la r\u00e9gion Asie-Pacifique, ainsi que dans d\u2019autres march\u00e9s plus \u00e9loign\u00e9s comme la Mongolie.<\/p>\n<p>Depuis 1977, le groupe <a href=\"https:\/\/www.zamilsteel.com\/\"><strong>Zamil Steel<\/strong><\/a> a livr\u00e9 plus de 65 000 constructions m\u00e9talliques dans plus de 90 pays, du Mexique et Panama \u00e0 la Cor\u00e9e du Sud et au Japon en passant par les \u00c9mirats Arabes Unis et l\u2019Inde.<\/p>\n<p>Le panel de nos clients comporte des entreprises de taille mondiale telles que ABB, Procter &amp; Gamble, General Electric, Canon, Coca Cola, Pepsi Cola, Nestl\u00e9, Parson, Toyota, BMW, Honda, Volkswagen, Mitsui, Mitsubishi, Sanyo, Toshiba, Panasonic, Unilever, Fuji Film, Isuzu, LG, Daimler Chrysler, Bechtel Corp., Saudi Aramco\u2026, pour n\u2019en citer que quelques-unes.<\/p>\n<p>Vous pouvez visualiser certaines de nos r\u00e9f\u00e9rences \u00e0 partir de la liste d\u00e9roulante suivante, en les triant selon les crit\u00e8res de votre choix.[\/vc_column_text][vc_empty_space height=\u00a0\u00bb30px\u00a0\u00bb][vc_custom_heading text=\u00a0\u00bbTriez par type de constructions\u00a0\u00bb font_container=\u00a0\u00bbtag:h2|font_size:20|text_align:left\u00a0\u00bb use_theme_fonts=\u00a0\u00bbyes\u00a0\u00bb][vc_empty_space height=\u00a0\u00bb30px\u00a0\u00bb][vc_row_inner equal_height=\u00a0\u00bbyes\u00a0\u00bb gap=\u00a0\u00bb4&Prime;][vc_column_inner width=\u00a0\u00bb1\/3&Prime;][vc_single_image image=\u00a0\u00bb3263&Prime; img_size=\u00a0\u00bbfull\u00a0\u00bb alignment=\u00a0\u00bbcenter\u00a0\u00bb onclick=\u00a0\u00bbcustom_link\u00a0\u00bb title=\u00a0\u00bbB\u00e2timents pr\u00e9fabriqu\u00e9s (PEB)\u00a0\u00bb link=\u00a0\u00bbhttps:\/\/zamilsteel.com.vn\/fr\/project-search\/?building_types%5B%5D=1847&Prime;][\/vc_column_inner][vc_column_inner width=\u00a0\u00bb1\/3&Prime;][vc_single_image image=\u00a0\u00bb3160&Prime; img_size=\u00a0\u00bb1024&#215;724&Prime; alignment=\u00a0\u00bbcenter\u00a0\u00bb onclick=\u00a0\u00bbcustom_link\u00a0\u00bb title=\u00a0\u00bbCharpentes M\u00e9talliques\u00a0\u00bb link=\u00a0\u00bbhttps:\/\/zamilsteel.com.vn\/fr\/project-search\/?building_types%5B%5D=1848&Prime;][\/vc_column_inner][\/vc_row_inner][\/vc_column][\/vc_row][vc_row][vc_column][\/vc_column][\/vc_row]<\/p>\n","protected":false},"excerpt":{"rendered":"<p>[vc_row full_width=\u00a0\u00bbstretch_row\u00a0\u00bb el_class=\u00a0\u00bbproduct-detail\u00a0\u00bb][vc_column][vc_custom_heading text=\u00a0\u00bbCHANTIERS LES PLUS IMPORTANTS\u00a0\u00bb use_theme_fonts=\u00a0\u00bbyes\u00a0\u00bb el_class=\u00a0\u00bbmy-custom-title\u00a0\u00bb][vc_empty_space][vc_column_text]Depuis 1993, Zamil Steel a livr\u00e9 plus de 6 000 constructions m\u00e9talliques au Vietnam, en Asie du Sud-est et dans la r\u00e9gion Asie-Pacifique, ainsi que dans d\u2019autres march\u00e9s plus \u00e9loign\u00e9s comme la&#8230;<\/p>\n","protected":false},"author":1,"featured_media":0,"parent":0,"menu_order":0,"comment_status":"closed","ping_status":"closed","template":"","meta":{"footnotes":""},"yst_prominent_words":[1347,1344,3844,1349,3797,3766,1235,3746,3748,3749,1348,1345,3779,1254,3817,3948,1346,1342,1340,3861,3822,3819,185,1343,1341],"class_list":["post-6255","page","type-page","status-publish","hentry"],"_links":{"self":[{"href":"https:\/\/zamilsteel.com.vn\/fr\/wp-json\/wp\/v2\/pages\/6255","targetHints":{"allow":["GET"]}}],"collection":[{"href":"https:\/\/zamilsteel.com.vn\/fr\/wp-json\/wp\/v2\/pages"}],"about":[{"href":"https:\/\/zamilsteel.com.vn\/fr\/wp-json\/wp\/v2\/types\/page"}],"author":[{"embeddable":true,"href":"https:\/\/zamilsteel.com.vn\/fr\/wp-json\/wp\/v2\/users\/1"}],"replies":[{"embeddable":true,"href":"https:\/\/zamilsteel.com.vn\/fr\/wp-json\/wp\/v2\/comments?post=6255"}],"version-history":[{"count":0,"href":"https:\/\/zamilsteel.com.vn\/fr\/wp-json\/wp\/v2\/pages\/6255\/revisions"}],"wp:attachment":[{"href":"https:\/\/zamilsteel.com.vn\/fr\/wp-json\/wp\/v2\/media?parent=6255"}],"wp:term":[{"taxonomy":"yst_prominent_words","embeddable":true,"href":"https:\/\/zamilsteel.com.vn\/fr\/wp-json\/wp\/v2\/yst_prominent_words?post=6255"}],"curies":[{"name":"wp","href":"https:\/\/api.w.org\/{rel}","templated":true}]}}