{"id":6189,"date":"2016-06-24T09:52:01","date_gmt":"2016-06-24T09:52:01","guid":{"rendered":"https:\/\/zamilsteel.com.vn\/fr\/logistics\/"},"modified":"2017-05-18T03:57:42","modified_gmt":"2017-05-18T03:57:42","slug":"logistique","status":"publish","type":"page","link":"https:\/\/zamilsteel.com.vn\/fr\/services\/logistique\/","title":{"rendered":"Logistique"},"content":{"rendered":"<p>[vc_row full_width=\u00a0\u00bbstretch_row\u00a0\u00bb el_class=\u00a0\u00bbproduct-detail\u00a0\u00bb][vc_column][vc_row_inner][vc_column_inner width=\u00a0\u00bb1\/2&Prime;][vc_single_image image=\u00a0\u00bb1513&Prime; img_size=\u00a0\u00bbfull\u00a0\u00bb][\/vc_column_inner][vc_column_inner width=\u00a0\u00bb1\/2&Prime;][vc_single_image image=\u00a0\u00bb1515&Prime; img_size=\u00a0\u00bbfull\u00a0\u00bb][\/vc_column_inner][\/vc_row_inner][vc_column_text]<\/p>\n<h2 style=\"text-align: justify;\"><strong>LOGISTIQUE<\/strong><\/h2>\n<p>Nos b\u00e2timents \u00e0 structure m\u00e9tallique sont exp\u00e9di\u00e9s par deux moyens : transport terrestre et transport maritime.<\/p>\n<ul style=\"text-align: justify;\">\n<li>Le transport terrestre est choisi pour les livraisons pr\u00e9vues au Vietnam et dans les autres pays facilement desservis par camions.<\/li>\n<li>Le transport maritime est utilis\u00e9 principalement pour les destinations en dehors du Vietnam, par containers de 40 pieds. Avec la praticit\u00e9 du transport maritime, nos produits peuvent atteindre pratiquement n&rsquo;importe quelle destination dans le monde.<\/li>\n<\/ul>\n<p>La livraison par voie maritime vers des ports d\u2019autres pays peut augmenter le risque de d\u00e9t\u00e9rioration pendant les op\u00e9rations chargement\/d\u00e9chargement, c&rsquo;est pourquoi nous nous effor\u00e7ons de r\u00e9duire le chargement en vrac afin d&rsquo;\u00e9viter tout d\u00e9sagr\u00e9ment \u00e0 nos clients.<\/p>\n<p>Les t\u00e2ches lourdes et r\u00e9p\u00e9titives de chargement et de d\u00e9chargement des containers connues par le pass\u00e9 ne sont plus d\u2019actualit\u00e9 gr\u00e2ce \u00e0 notre exp\u00e9rience de la logistique, et gr\u00e2ce a notre processus plus simple, plus rapide et sans dommmages.[\/vc_column_text][vc_empty_space][\/vc_column][\/vc_row]<\/p>\n","protected":false},"excerpt":{"rendered":"<p>[vc_row full_width=\u00a0\u00bbstretch_row\u00a0\u00bb el_class=\u00a0\u00bbproduct-detail\u00a0\u00bb][vc_column][vc_row_inner][vc_column_inner width=\u00a0\u00bb1\/2&Prime;][vc_single_image image=\u00a0\u00bb1513&Prime; img_size=\u00a0\u00bbfull\u00a0\u00bb][\/vc_column_inner][vc_column_inner width=\u00a0\u00bb1\/2&Prime;][vc_single_image image=\u00a0\u00bb1515&Prime; img_size=\u00a0\u00bbfull\u00a0\u00bb][\/vc_column_inner][\/vc_row_inner][vc_column_text] LOGISTIQUE Nos b\u00e2timents \u00e0 structure m\u00e9tallique sont exp\u00e9di\u00e9s par deux moyens : transport terrestre et transport maritime. Le transport terrestre est choisi pour les livraisons pr\u00e9vues au Vietnam et dans les&#8230;<\/p>\n","protected":false},"author":1,"featured_media":0,"parent":6448,"menu_order":0,"comment_status":"closed","ping_status":"closed","template":"","meta":{"footnotes":""},"yst_prominent_words":[3844,1295,1293,1289,1294,1291,1233,1288,1292,3883,1287,1290,3861],"class_list":["post-6189","page","type-page","status-publish","hentry"],"_links":{"self":[{"href":"https:\/\/zamilsteel.com.vn\/fr\/wp-json\/wp\/v2\/pages\/6189","targetHints":{"allow":["GET"]}}],"collection":[{"href":"https:\/\/zamilsteel.com.vn\/fr\/wp-json\/wp\/v2\/pages"}],"about":[{"href":"https:\/\/zamilsteel.com.vn\/fr\/wp-json\/wp\/v2\/types\/page"}],"author":[{"embeddable":true,"href":"https:\/\/zamilsteel.com.vn\/fr\/wp-json\/wp\/v2\/users\/1"}],"replies":[{"embeddable":true,"href":"https:\/\/zamilsteel.com.vn\/fr\/wp-json\/wp\/v2\/comments?post=6189"}],"version-history":[{"count":0,"href":"https:\/\/zamilsteel.com.vn\/fr\/wp-json\/wp\/v2\/pages\/6189\/revisions"}],"up":[{"embeddable":true,"href":"https:\/\/zamilsteel.com.vn\/fr\/wp-json\/wp\/v2\/pages\/6448"}],"wp:attachment":[{"href":"https:\/\/zamilsteel.com.vn\/fr\/wp-json\/wp\/v2\/media?parent=6189"}],"wp:term":[{"taxonomy":"yst_prominent_words","embeddable":true,"href":"https:\/\/zamilsteel.com.vn\/fr\/wp-json\/wp\/v2\/yst_prominent_words?post=6189"}],"curies":[{"name":"wp","href":"https:\/\/api.w.org\/{rel}","templated":true}]}}