{"id":6175,"date":"2016-06-24T09:51:14","date_gmt":"2016-06-24T09:51:14","guid":{"rendered":"https:\/\/zamilsteel.com.vn\/fr\/manufacturing\/"},"modified":"2025-12-12T10:54:01","modified_gmt":"2025-12-12T03:54:01","slug":"production","status":"publish","type":"page","link":"https:\/\/zamilsteel.com.vn\/fr\/services\/production\/","title":{"rendered":"Production"},"content":{"rendered":"<p>[vc_row full_width=\u00a0\u00bbstretch_row\u00a0\u00bb el_class=\u00a0\u00bbproduct-detail\u00a0\u00bb][vc_column][vc_column_text]<strong>USINES &amp; \u00c9QUIPEMENTS INDUSTRIELS<\/strong><\/p>\n<p>Zamil Steel Buildings Vietnam (ZSV) produit ses charpentes m\u00e9talliques, ses b\u00e2timents pr\u00e9fabriqu\u00e9s \u00e0 ossature m\u00e9tallique et leurs composants dans ses deux usines vietnamiennes.[\/vc_column_text][vc_empty_space][vc_empty_space height=\u00a0\u00bb30px\u00a0\u00bb][vc_column_text]<strong>L&rsquo;usine de Dong Nai, sud Vietnam<\/strong><\/p>\n<div id=\"attachment_4346\" style=\"width: 310px\" class=\"wp-caption alignright\"><img loading=\"lazy\" decoding=\"async\" aria-describedby=\"caption-attachment-4346\" class=\"wp-image-4346 size-medium\" src=\"https:\/\/zamilsteel.com.vn\/wp-content\/uploads\/2016\/06\/vlcsnap-2016-07-18-11h24m20s143_Y-300x169.jpg\" alt=\"L'usine de Dong Nai\" width=\"300\" height=\"169\" srcset=\"https:\/\/zamilsteel.com.vn\/wp-content\/uploads\/2016\/06\/vlcsnap-2016-07-18-11h24m20s143_Y-300x169.jpg 300w, https:\/\/zamilsteel.com.vn\/wp-content\/uploads\/2016\/06\/vlcsnap-2016-07-18-11h24m20s143_Y-768x432.jpg 768w, https:\/\/zamilsteel.com.vn\/wp-content\/uploads\/2016\/06\/vlcsnap-2016-07-18-11h24m20s143_Y-1024x576.jpg 1024w, https:\/\/zamilsteel.com.vn\/wp-content\/uploads\/2016\/06\/vlcsnap-2016-07-18-11h24m20s143_Y-370x208.jpg 370w, https:\/\/zamilsteel.com.vn\/wp-content\/uploads\/2016\/06\/vlcsnap-2016-07-18-11h24m20s143_Y.jpg 1200w, https:\/\/zamilsteel.com.vn\/wp-content\/uploads\/2016\/06\/vlcsnap-2016-07-18-11h24m20s143_Y-360x202.jpg 360w\" sizes=\"auto, (max-width: 300px) 100vw, 300px\" \/><p id=\"caption-attachment-4346\" class=\"wp-caption-text\">L&rsquo;usine de Dong Nai<\/p><\/div>\n<p>Pour servir la demande croissante de charpentes m\u00e9talliques de haute qualit\u00e9 dans la r\u00e9gion Asie-Pacifique, Zamil Steel a ouvert une seconde usine de production \u00e0 Dong Nai, au Vietnam, \u00e0 seulement 1 heure de voiture de Ho Chi Minh Ville.<\/p>\n<p>L&rsquo;usine a d\u00e9marr\u00e9 sa production en 2008 avec une capacit\u00e9 totale de 60,000 tonnes par an. En plus de nos \u00e9quipements de pointe, l&rsquo;usine de Dong Nai a aussi \u00e9t\u00e9 \u00e9quip\u00e9e d&rsquo;une nouvelle ligne de production d&rsquo;acier de charpente, lui donnant les moyens de r\u00e9pondre \u00e0 des projets de charpentes m\u00e9talliques de grande dimension.<\/p>\n<p>Notre usine vietnamienne fait partie int\u00e9grante du r\u00e9seau international d&rsquo;usines du groupe Zamil Steel. Outre le Vietnam, Zamil Steel poss\u00e8de \u00e9galement des sites de production en Arabie saoudite, en \u00c9gypte et en Inde, ce qui en fait l&rsquo;un des plus grands fournisseurs mondiaux de structures m\u00e9talliques avec un total de 10 usines de production ultramodernes \u00e0 travers le monde.[\/vc_column_text][vc_empty_space][\/vc_column][\/vc_row][vc_row][vc_column][vc_column_text]<strong>CONTR\u00d4LE DE LA QUALIT\u00c9<\/strong><\/p>\n<div id=\"attachment_4351\" style=\"width: 310px\" class=\"wp-caption alignright\"><img loading=\"lazy\" decoding=\"async\" aria-describedby=\"caption-attachment-4351\" class=\"wp-image-4351 size-medium\" src=\"https:\/\/zamilsteel.com.vn\/wp-content\/uploads\/2016\/06\/vlcsnap-2016-07-18-11h27m00s201_Y-300x169.jpg\" alt=\"Le Contr\u00f4le Qualit\u00e9\" width=\"300\" height=\"169\" srcset=\"https:\/\/zamilsteel.com.vn\/wp-content\/uploads\/2016\/06\/vlcsnap-2016-07-18-11h27m00s201_Y-300x169.jpg 300w, https:\/\/zamilsteel.com.vn\/wp-content\/uploads\/2016\/06\/vlcsnap-2016-07-18-11h27m00s201_Y-768x432.jpg 768w, https:\/\/zamilsteel.com.vn\/wp-content\/uploads\/2016\/06\/vlcsnap-2016-07-18-11h27m00s201_Y-1024x576.jpg 1024w, https:\/\/zamilsteel.com.vn\/wp-content\/uploads\/2016\/06\/vlcsnap-2016-07-18-11h27m00s201_Y-370x208.jpg 370w, https:\/\/zamilsteel.com.vn\/wp-content\/uploads\/2016\/06\/vlcsnap-2016-07-18-11h27m00s201_Y.jpg 1200w, https:\/\/zamilsteel.com.vn\/wp-content\/uploads\/2016\/06\/vlcsnap-2016-07-18-11h27m00s201_Y-360x203.jpg 360w\" sizes=\"auto, (max-width: 300px) 100vw, 300px\" \/><p id=\"caption-attachment-4351\" class=\"wp-caption-text\">Le Contr\u00f4le Qualit\u00e9<\/p><\/div>\n<p>Zamil Steel Buildings Vietnam suit un programme de contr\u00f4le de la qualit\u00e9 strict \u00e0 chaque \u00e9tape de ses proc\u00e9d\u00e9s de production. L\u2019entreprise a un d\u00e9partement de Contr\u00f4le Qualit\u00e9 ind\u00e9pendant qui travaille en lien avec les autres d\u00e9partements pour s\u2019assurer que :<\/p>\n<ul style=\"text-align: justify;\">\n<li>Les mati\u00e8res premi\u00e8res, les consommables et les accessoires sont contr\u00f4l\u00e9s a r\u00e9ception conform\u00e9ment aux normes de qualit\u00e9 d\u00e9finies<\/li>\n<li>Tous les produits sont fabriqu\u00e9s en accord avec les proc\u00e9dures approuv\u00e9es pour atteindre le niveau de qualit\u00e9 requis<\/li>\n<li>Les produits finis sont stock\u00e9s et transport\u00e9s dans de bonnes conditions et en toute s\u00e9curit\u00e9.<\/li>\n<\/ul>\n<p>&nbsp;<\/p>\n<p>&nbsp;<\/p>\n<div id=\"attachment_1523\" style=\"width: 310px\" class=\"wp-caption alignright\"><img loading=\"lazy\" decoding=\"async\" aria-describedby=\"caption-attachment-1523\" class=\"wp-image-1523 size-medium\" src=\"https:\/\/zamilsteel.com.vn\/wp-content\/uploads\/2016\/06\/Manu-Noibai2-300x216.png\" alt=\"Le Contr\u00f4le Qualit\u00e9\" width=\"300\" height=\"216\" srcset=\"https:\/\/zamilsteel.com.vn\/wp-content\/uploads\/2016\/06\/Manu-Noibai2-300x216.png 300w, https:\/\/zamilsteel.com.vn\/wp-content\/uploads\/2016\/06\/Manu-Noibai2-370x267.png 370w, https:\/\/zamilsteel.com.vn\/wp-content\/uploads\/2016\/06\/Manu-Noibai2-360x259.png 360w, https:\/\/zamilsteel.com.vn\/wp-content\/uploads\/2016\/06\/Manu-Noibai2-554x400.png 554w, https:\/\/zamilsteel.com.vn\/wp-content\/uploads\/2016\/06\/Manu-Noibai2.png 555w\" sizes=\"auto, (max-width: 300px) 100vw, 300px\" \/><p id=\"caption-attachment-1523\" class=\"wp-caption-text\">Le Contr\u00f4le Qualit\u00e9<\/p><\/div>\n<p>Zamil Steel Buildings Vietnam s&rsquo;efforce constamment d&rsquo;am\u00e9liorer ses produits et ses proc\u00e9d\u00e9s \u00e0 travers un syst\u00e8me interne de contr\u00f4le statistique des non-conformit\u00e9s et des r\u00e9clamations de ses clients. Une \u00e9quipe d\u2019inspecteurs observe avec attention chaque activit\u00e9, depuis la revue des dessins d\u2019atelier jusqu&rsquo;\u00e0 la production, le soudage, la pr\u00e9paration des surfaces, les \u00e9tapes de peinture et de chargement du processus de production et de livraison.<\/p>\n<p>Les proc\u00e9dures d&rsquo;inspection ont \u00e9t\u00e9 tr\u00e8s bien d\u00e9finies et document\u00e9es dans le Plan Qualit\u00e9, selon les recommandations de la norme ISO 9001. Le rapport d&rsquo;inspection est conserv\u00e9 pendant 2 ans, ou une plus longue p\u00e9riode si contractuellement demand\u00e9 par le client.<\/p>\n<p>Zamil Steel Buildings Vietnam est bien dot\u00e9e des \u00e9quipements qui permettent de tester la duret\u00e9 des aciers, d\u2019effectuer des contr\u00f4les ultrasoniques non-destructifs, des contr\u00f4le par particules magn\u00e9tiques, des contr\u00f4les par ressuage et des tests m\u00e9caniques. Les tests de composition chimique et par rayons X sont sous-trait\u00e9s localement \u00e0 diff\u00e9rents agences internationales de contr\u00f4le telles que IBST, QUATEST 1&amp;3, SGS, APAVE, etc.<\/p>\n<p>Les contr\u00f4leurs de la qualit\u00e9 et des soudures de Zamil Steel Buildings Vietnam sont qualifi\u00e9s et form\u00e9s par \u00ab\u00a0 l\u2019American Society for Non-Destructive Test\u00a0\u00bb (Organisation Am\u00e9ricaine des Tests Non-Destructifs), niveau II, exigences III.<\/p>\n<p>Tous les soudeurs de Zamil Steel Buildings Vietnam sont qualifi\u00e9s \u00e0 travailler selon les proc\u00e9dures de soudage approuv\u00e9es par l&rsquo;Organisation Am\u00e9ricaine du Soudage (AWS) code AWS D1.1 (2008).<\/p>\n<p>Le D\u00e9partement Contr\u00f4le Qualit\u00e9 r\u00e9alise aussi p\u00e9riodiquement des audits qualit\u00e9, conform\u00e9ment aux exigences de la norme ISO 9001.<\/p>\n<ol>\n<li style=\"text-align: justify;\">Contr\u00f4le des mat\u00e9riaux entrants<\/li>\n<li style=\"text-align: justify;\">Contr\u00f4le dimensionnel<\/li>\n<li style=\"text-align: justify;\">Contr\u00f4le des soudures<\/li>\n<li style=\"text-align: justify;\">Contr\u00f4le par ultrasons<\/li>\n<li style=\"text-align: justify;\">Inspection par particules magn\u00e9tiques<\/li>\n<li style=\"text-align: justify;\">Inspection par ressuage (liquide p\u00e9n\u00e9trant)<\/li>\n<li style=\"text-align: justify;\">Contr\u00f4le de la pr\u00e9paration de surface<\/li>\n<li style=\"text-align: justify;\">Contr\u00f4le de la peinture<\/li>\n<li style=\"text-align: justify;\">Contr\u00f4le de la duret\u00e9<\/li>\n<\/ol>\n<p>[\/vc_column_text][\/vc_column][\/vc_row]<\/p>\n","protected":false},"excerpt":{"rendered":"<p>[vc_row full_width=\u00a0\u00bbstretch_row\u00a0\u00bb el_class=\u00a0\u00bbproduct-detail\u00a0\u00bb][vc_column][vc_column_text]USINES &amp; \u00c9QUIPEMENTS INDUSTRIELS Zamil Steel Buildings Vietnam (ZSV) produit ses charpentes m\u00e9talliques, ses b\u00e2timents pr\u00e9fabriqu\u00e9s \u00e0 ossature m\u00e9tallique et leurs composants dans ses deux usines vietnamiennes.[\/vc_column_text][vc_empty_space][vc_empty_space height=\u00a0\u00bb30px\u00a0\u00bb][vc_column_text]L&rsquo;usine de Dong Nai, sud Vietnam Pour servir la demande croissante&#8230;<\/p>\n","protected":false},"author":1,"featured_media":0,"parent":6448,"menu_order":0,"comment_status":"closed","ping_status":"closed","template":"","meta":{"footnotes":""},"yst_prominent_words":[1285,1282,1279,1281,1139,1286,6417,1835,1120,1269,219,1284,185,218,212,1283],"class_list":["post-6175","page","type-page","status-publish","hentry"],"_links":{"self":[{"href":"https:\/\/zamilsteel.com.vn\/fr\/wp-json\/wp\/v2\/pages\/6175","targetHints":{"allow":["GET"]}}],"collection":[{"href":"https:\/\/zamilsteel.com.vn\/fr\/wp-json\/wp\/v2\/pages"}],"about":[{"href":"https:\/\/zamilsteel.com.vn\/fr\/wp-json\/wp\/v2\/types\/page"}],"author":[{"embeddable":true,"href":"https:\/\/zamilsteel.com.vn\/fr\/wp-json\/wp\/v2\/users\/1"}],"replies":[{"embeddable":true,"href":"https:\/\/zamilsteel.com.vn\/fr\/wp-json\/wp\/v2\/comments?post=6175"}],"version-history":[{"count":2,"href":"https:\/\/zamilsteel.com.vn\/fr\/wp-json\/wp\/v2\/pages\/6175\/revisions"}],"predecessor-version":[{"id":24860,"href":"https:\/\/zamilsteel.com.vn\/fr\/wp-json\/wp\/v2\/pages\/6175\/revisions\/24860"}],"up":[{"embeddable":true,"href":"https:\/\/zamilsteel.com.vn\/fr\/wp-json\/wp\/v2\/pages\/6448"}],"wp:attachment":[{"href":"https:\/\/zamilsteel.com.vn\/fr\/wp-json\/wp\/v2\/media?parent=6175"}],"wp:term":[{"taxonomy":"yst_prominent_words","embeddable":true,"href":"https:\/\/zamilsteel.com.vn\/fr\/wp-json\/wp\/v2\/yst_prominent_words?post=6175"}],"curies":[{"name":"wp","href":"https:\/\/api.w.org\/{rel}","templated":true}]}}