{"id":6161,"date":"2016-06-24T09:50:31","date_gmt":"2016-06-24T09:50:31","guid":{"rendered":"https:\/\/zamilsteel.com.vn\/fr\/designing-engineering-steel-buildings\/"},"modified":"2022-10-14T08:58:47","modified_gmt":"2022-10-14T01:58:47","slug":"conception-ingenierie","status":"publish","type":"page","link":"https:\/\/zamilsteel.com.vn\/fr\/services\/conception-ingenierie\/","title":{"rendered":"Conception &#038; Ing\u00e9nierie"},"content":{"rendered":"<p>[vc_row full_width=\u00a0\u00bbstretch_row\u00a0\u00bb el_class=\u00a0\u00bbproduct-detail\u00a0\u00bb][vc_column][vc_row_inner][vc_column_inner width=\u00a0\u00bb1\/2&Prime;][vc_single_image image=\u00a0\u00bb1509&Prime; img_size=\u00a0\u00bbfull\u00a0\u00bb][\/vc_column_inner][vc_column_inner width=\u00a0\u00bb1\/2&Prime;][vc_single_image image=\u00a0\u00bb1511&Prime; img_size=\u00a0\u00bbfull\u00a0\u00bb alignment=\u00a0\u00bbcenter\u00a0\u00bb][\/vc_column_inner][\/vc_row_inner][vc_column_text]<\/p>\n<h2><strong>CONCEPTION &amp; ING\u00c9NIERIE<\/strong><\/h2>\n<p>Avec une \u00e9quipe d&rsquo;ing\u00e9nieurs concepteurs hautement qualifi\u00e9s et exp\u00e9riment\u00e9s, Zamil Steel r\u00e9alise la conception de b\u00e2timents pr\u00e9fabriqu\u00e9s \u00e0 ossature m\u00e9tallique, de charpentes m\u00e9talliques, de structures d&rsquo;acier et de b\u00e2timents \u00e0 \u00e9tages. Par la mise en oeuvre des meilleures pratiques et r\u00e8gles de l\u2019art, Zamil Steel a d\u00e9j\u00e0 con\u00e7u, fabriqu\u00e9 et fourni plus de 6 000 constructions m\u00e9talliques au Vietnam et dans la r\u00e9gion Asie Pacifique.<\/p>\n<p>Nous avons deux bureaux d\u2019\u00e9tudes au Vietnam avec plus de 100 ing\u00e9nieurs concepteurs qualifi\u00e9s, professionnels et form\u00e9s. Notre \u00e9quipe utilise des logiciels de pointe pour l&rsquo;analyse structurelle et les calculs, vous assurant ainsi de la plus haute qualit\u00e9 et du meilleur rapport qualit\u00e9-prix des solutions de construction en r\u00e9ponse \u00e0 votre besoin sp\u00e9cifique. L&rsquo;\u00e9quipe internationale d&rsquo;ing\u00e9nierie de Zamil Steel sera impliqu\u00e9e en cas de conception tr\u00e8s complexe, quelles que soient la localisation et la dimension du projet.<\/p>\n<p>Tous nos ing\u00e9nieurs concepteurs sont form\u00e9s aux derni\u00e8res normes de conception, lesquelles impliquent de convertir des conceptions complexes et co\u00fbteuses de charpentes conventionnelles vers des conceptions plus simples et plus \u00e9conomiques de b\u00e2timents pr\u00e9fabriqu\u00e9s \u00e0 ossature m\u00e9tallique, sans pour autant sacrifier l&rsquo;int\u00e9grit\u00e9 structurelle ou la s\u00e9curit\u00e9 de ces b\u00e2timents. Tout le processus est informatis\u00e9, g\u00e9r\u00e9 en r\u00e9seau et supervis\u00e9 par notre syst\u00e8me de contr\u00f4le interne.<\/p>\n<p>Nos calculs de conception sont complets et faciles \u00e0 comprendre, avec les explications et les r\u00e9f\u00e9rences pr\u00e9c\u00e9dant chaque partie des calculs. Ceci permet \u00e0 vos consultants et aux autres parties prenantes de comprendre chaque d\u00e9tail et calcul du b\u00e2timent con\u00e7u.<\/p>\n<p>Chez Zamil Steel, nous avons con\u00e7u et fabriqu\u00e9 des b\u00e2timents pr\u00e9fabriqu\u00e9s \u00e0 ossature m\u00e9tallique allant par ordre de complexit\u00e9 du simple entrep\u00f4t \u00e0 des hangars d&rsquo;avions d&rsquo;une port\u00e9e sup\u00e9rieure \u00e0 100 m\u00e8tres ou des complexes d&rsquo;aci\u00e9rie-laminoir repr\u00e9sentant 4 500 tonnes de charpente.[\/vc_column_text][vc_empty_space][\/vc_column][\/vc_row][vc_row][vc_column][vc_tta_tabs][vc_tta_section title=\u00a0\u00bbNOS LOGICIELS DE CONCEPTION\u00a0\u00bb tab_id=\u00a0\u00bb1476689103079-70beb69c-e04f\u00a0\u00bb][vc_column_text]<\/p>\n<ul>\n<li style=\"text-align: justify;\">ASFAD (Advanced Steel Frame Analysis and Design)<\/li>\n<li style=\"text-align: justify;\">AGOSED (Automatic Generator of Shop and Erection Drawings)<\/li>\n<li style=\"text-align: justify;\">INTELEST (Intelligent Building Estimator)<\/li>\n<li style=\"text-align: justify;\">EZ BUILD(Automatic Generator of Design Calculation, Estimation, and Approval Drawings)<\/li>\n<li style=\"text-align: justify;\">EZ Detailer<\/li>\n<li style=\"text-align: justify;\">EZ Estimate<\/li>\n<li style=\"text-align: justify;\">Connection Design: RAM \u00a0&amp; LIM<\/li>\n<li style=\"text-align: justify;\">TEKLA<\/li>\n<li style=\"text-align: justify;\">SAP 2000<\/li>\n<li style=\"text-align: justify;\">STAAD Pro<\/li>\n<\/ul>\n<p>[\/vc_column_text][\/vc_tta_section][vc_tta_section title=\u00a0\u00bbNOS CODES DE CONCEPTION\u00a0\u00bb tab_id=\u00a0\u00bb1476689103298-b2d2af15-5137&Prime;][vc_column_text]<\/p>\n<ul>\n<li><strong><em>Codes Am\u00e9ricains<\/em><\/strong>\n<ul>\n<li>ASCE7 (American Society of Civil Engineers): minimum design loads for buildings &amp; other structures<\/li>\n<li>(MBMA) Low Rise Building Systems Manual<br \/>\nMetal Building Manufacturer\u2019s<br \/>\nAssociation, Inc.<\/li>\n<li>(AISC) Manual of Steel Construction, Allowable Stress Design<br \/>\nAmerican Institute of Steel<br \/>\nConstruction, Inc.<\/li>\n<li>(AISI) Cold Formed Steel Design Manual<br \/>\nAmerican Iron and Steel<\/li>\n<li>(AWS) Structural Welding Code-Steel<br \/>\nANSI\/AWS, D1.1-2010<br \/>\nAmerican Welding Society<\/li>\n<\/ul>\n<\/li>\n<\/ul>\n<ul>\n<li><em><strong>Codes Anglais\u00a0: (British Standard Institution)<\/strong><\/em>\n<ul>\n<li>BS 5950: Part 1: 2000 Structural use of Steelwork in Building<br \/>\nPart 1. Code of practice for design of Rolled and Welded sections.<\/li>\n<li>CP3: Chapter 5: Part 2<br \/>\nCode of basic data for the design of buildings (Wind Loads)<\/li>\n<\/ul>\n<\/li>\n<li><strong><em>Codes Europ\u00e9ens<\/em><\/strong>\n<ul>\n<li>EN1991 Eurocode 1: Actions sur les structures<\/li>\n<li>EN1993 Eurocode 3 :Calcul des structures en acier<\/li>\n<li>EN1994 Eurocode 4 : Calcul des structures mixtes acier-b\u00e9ton<\/li>\n<li>EN1998 Eurocode 8 : Calcul des structures pour leur r\u00e9sistance aux s\u00e9ismes<\/li>\n<\/ul>\n<\/li>\n<li><strong><em>Autres codes utilis\u00e9s pour l\u2019application des charges du vent et sismiques<\/em><\/strong>\n<ul>\n<li>UBC \u2013\u00a0Uniform Building\u00a0Code<\/li>\n<li>SEI\/ASCE-7 \u2013 Structural Engineering Institute\/American Society of Civil Engineers<\/li>\n<li>Code Australien<\/li>\n<li>Code N\u00e9o-z\u00e9landais<\/li>\n<li>Code Am\u00e9ricains<\/li>\n<li>ASEAN:\n<ul>\n<li>Vietnam\n<ul>\n<li>TCVN 2737-1995: Charges et effets<\/li>\n<li>TCVN 5575-2012: Calcul des structures en acier<\/li>\n<\/ul>\n<\/li>\n<li>Philippines:\n<ul>\n<li>NSCP &#8211; 2015<\/li>\n<\/ul>\n<\/li>\n<li>Indon\u00e9sie\n<ul>\n<li>Refer IBC2012<\/li>\n<\/ul>\n<\/li>\n<li>Singapour\n<ul>\n<li>EN\u00a0(ci-dessus)<\/li>\n<\/ul>\n<\/li>\n<li>Malaisie\n<ul>\n<li>EN (ci-dessus)<\/li>\n<\/ul>\n<\/li>\n<li>Bangladesh\n<ul>\n<li>BNBC 2006<\/li>\n<li>BNBC 2015<\/li>\n<li>BNBC 2020<\/li>\n<\/ul>\n<\/li>\n<\/ul>\n<\/li>\n<\/ul>\n<\/li>\n<\/ul>\n<p>[\/vc_column_text][\/vc_tta_section][\/vc_tta_tabs][\/vc_column][\/vc_row]<\/p>\n","protected":false},"excerpt":{"rendered":"<p>[vc_row full_width=\u00a0\u00bbstretch_row\u00a0\u00bb el_class=\u00a0\u00bbproduct-detail\u00a0\u00bb][vc_column][vc_row_inner][vc_column_inner width=\u00a0\u00bb1\/2&Prime;][vc_single_image image=\u00a0\u00bb1509&Prime; img_size=\u00a0\u00bbfull\u00a0\u00bb][\/vc_column_inner][vc_column_inner width=\u00a0\u00bb1\/2&Prime;][vc_single_image image=\u00a0\u00bb1511&Prime; img_size=\u00a0\u00bbfull\u00a0\u00bb alignment=\u00a0\u00bbcenter\u00a0\u00bb][\/vc_column_inner][\/vc_row_inner][vc_column_text] CONCEPTION &amp; ING\u00c9NIERIE Avec une \u00e9quipe d&rsquo;ing\u00e9nieurs concepteurs hautement qualifi\u00e9s et exp\u00e9riment\u00e9s, Zamil Steel r\u00e9alise la conception de b\u00e2timents pr\u00e9fabriqu\u00e9s \u00e0 ossature m\u00e9tallique, de charpentes m\u00e9talliques, de structures d&rsquo;acier et&#8230;<\/p>\n","protected":false},"author":1,"featured_media":0,"parent":6448,"menu_order":0,"comment_status":"closed","ping_status":"closed","template":"","meta":{"footnotes":""},"yst_prominent_words":[1217,3902,1244,1242,1261,1256,1257,1255,1248,1245,6402,3764,1262,1260,1258,1247,1243,3880,1259,3819],"class_list":["post-6161","page","type-page","status-publish","hentry"],"_links":{"self":[{"href":"https:\/\/zamilsteel.com.vn\/fr\/wp-json\/wp\/v2\/pages\/6161","targetHints":{"allow":["GET"]}}],"collection":[{"href":"https:\/\/zamilsteel.com.vn\/fr\/wp-json\/wp\/v2\/pages"}],"about":[{"href":"https:\/\/zamilsteel.com.vn\/fr\/wp-json\/wp\/v2\/types\/page"}],"author":[{"embeddable":true,"href":"https:\/\/zamilsteel.com.vn\/fr\/wp-json\/wp\/v2\/users\/1"}],"replies":[{"embeddable":true,"href":"https:\/\/zamilsteel.com.vn\/fr\/wp-json\/wp\/v2\/comments?post=6161"}],"version-history":[{"count":0,"href":"https:\/\/zamilsteel.com.vn\/fr\/wp-json\/wp\/v2\/pages\/6161\/revisions"}],"up":[{"embeddable":true,"href":"https:\/\/zamilsteel.com.vn\/fr\/wp-json\/wp\/v2\/pages\/6448"}],"wp:attachment":[{"href":"https:\/\/zamilsteel.com.vn\/fr\/wp-json\/wp\/v2\/media?parent=6161"}],"wp:term":[{"taxonomy":"yst_prominent_words","embeddable":true,"href":"https:\/\/zamilsteel.com.vn\/fr\/wp-json\/wp\/v2\/yst_prominent_words?post=6161"}],"curies":[{"name":"wp","href":"https:\/\/api.w.org\/{rel}","templated":true}]}}