{"id":6108,"date":"2016-06-28T08:18:52","date_gmt":"2016-06-28T08:18:52","guid":{"rendered":"https:\/\/zamilsteel.com.vn\/fr\/faq\/"},"modified":"2017-09-14T03:44:28","modified_gmt":"2017-09-14T03:44:28","slug":"rubrique-faq","status":"publish","type":"page","link":"https:\/\/zamilsteel.com.vn\/fr\/rubrique-faq\/","title":{"rendered":"Rubrique FAQ"},"content":{"rendered":"<p>[vc_row][vc_column el_class=\u00a0\u00bbmy-main-content no-ico-download\u00a0\u00bb][vc_custom_heading text=\u00a0\u00bbFOIRE AUX QUESTIONS\u00a0\u00bb use_theme_fonts=\u00a0\u00bbyes\u00a0\u00bb el_class=\u00a0\u00bbmy-custom-title\u00a0\u00bb][vc_empty_space]<div class=\"panel-group\" id=\"accordion1\"><div class=\"panel\">\n                <div class=\"panel-heading\">\n                    <h4 class=\"panel-title\">\n                        <a data-toggle=\"collapse\"  href=\"#collapse1\">A.1- Je nai pas trouv\u00e9 ici de r\u00e9ponse \u00e0 mes questions<\/a>\n                    <\/h4>\n                <\/div>\n                <div id=\"collapse1\" class=\"panel-collapse collapse in\">\n                    <div class=\"panel-body\">[vc_column_text]Utilisez le lien <strong><u><a href=\"https:\/\/zamilsteel.com.vn\/fr\/contactez-nous-2\/\">Contactez-Nous<\/a><\/u> <\/strong>ci-dessus pour poser votre question et nous vous r\u00e9pondrons au plus vite[\/vc_column_text]<\/div>\n                <\/div>\n            <\/div><div class=\"panel\">\n                <div class=\"panel-heading\">\n                    <h4 class=\"panel-title\">\n                        <a data-toggle=\"collapse\"  class='collapsed' href=\"#collapse2\">A.2- J\u2019ai besoin d\u2019une brochure des solutions Zamil Steel<\/a>\n                    <\/h4>\n                <\/div>\n                <div id=\"collapse2\" class=\"panel-collapse collapse\">\n                    <div class=\"panel-body\">[vc_column_text]Zamil Steel s\u2019emploie \u00e0 proposer des brochures qui contribuent \u00e0 donner l\u2019information ad\u00e9quate \u00e0 toutes les parties prenantes dans l\u2019acquisition d\u2019un b\u00e2timent pr\u00e9-fabriqu\u00e9 \u00e0 ossature m\u00e9tallique clos-couvert ou d\u2019une construction en charpente m\u00e9tallique. Tous les efforts sont faits pour mettre \u00e0 jour r\u00e9guli\u00e8rement cette documentation commerciale.<\/p>\n<p>La documentation commerciale de Zamil Steel Buildings Vietnam est disponible au t\u00e9l\u00e9chargement en format PDF. <strong><u><a href=\"https:\/\/zamilsteel.com.vn\/fr\/videos-documents\/brochures-2\/\">Cliquez ici pour t\u00e9l\u00e9charger nos brochures<\/a><\/u><\/strong>.[\/vc_column_text]<\/div>\n                <\/div>\n            <\/div><\/div>[\/vc_column][\/vc_row]<\/p>\n","protected":false},"excerpt":{"rendered":"<p>[vc_row][vc_column el_class=\u00a0\u00bbmy-main-content no-ico-download\u00a0\u00bb][vc_custom_heading text=\u00a0\u00bbFOIRE AUX QUESTIONS\u00a0\u00bb use_theme_fonts=\u00a0\u00bbyes\u00a0\u00bb el_class=\u00a0\u00bbmy-custom-title\u00a0\u00bb][vc_empty_space][\/vc_column][\/vc_row]<\/p>\n","protected":false},"author":1,"featured_media":0,"parent":0,"menu_order":0,"comment_status":"closed","ping_status":"closed","template":"","meta":{"footnotes":""},"yst_prominent_words":[3814,3945,1130,3813,3766,3764,1129,1127,3762,1131,3749,3899,3747,3948,3822,3819],"class_list":["post-6108","page","type-page","status-publish","hentry"],"_links":{"self":[{"href":"https:\/\/zamilsteel.com.vn\/fr\/wp-json\/wp\/v2\/pages\/6108","targetHints":{"allow":["GET"]}}],"collection":[{"href":"https:\/\/zamilsteel.com.vn\/fr\/wp-json\/wp\/v2\/pages"}],"about":[{"href":"https:\/\/zamilsteel.com.vn\/fr\/wp-json\/wp\/v2\/types\/page"}],"author":[{"embeddable":true,"href":"https:\/\/zamilsteel.com.vn\/fr\/wp-json\/wp\/v2\/users\/1"}],"replies":[{"embeddable":true,"href":"https:\/\/zamilsteel.com.vn\/fr\/wp-json\/wp\/v2\/comments?post=6108"}],"version-history":[{"count":0,"href":"https:\/\/zamilsteel.com.vn\/fr\/wp-json\/wp\/v2\/pages\/6108\/revisions"}],"wp:attachment":[{"href":"https:\/\/zamilsteel.com.vn\/fr\/wp-json\/wp\/v2\/media?parent=6108"}],"wp:term":[{"taxonomy":"yst_prominent_words","embeddable":true,"href":"https:\/\/zamilsteel.com.vn\/fr\/wp-json\/wp\/v2\/yst_prominent_words?post=6108"}],"curies":[{"name":"wp","href":"https:\/\/api.w.org\/{rel}","templated":true}]}}