{"id":6102,"date":"2017-05-16T08:04:37","date_gmt":"2017-05-16T08:04:37","guid":{"rendered":"https:\/\/zamilsteel.com.vn\/fr\/?page_id=6102"},"modified":"2017-10-30T12:12:22","modified_gmt":"2017-10-30T12:12:22","slug":"conditions-dutilisation-informations-legales","status":"publish","type":"page","link":"https:\/\/zamilsteel.com.vn\/fr\/conditions-dutilisation-informations-legales\/","title":{"rendered":"Conditions d\u2019utilisation &#038; Informations l\u00e9gales"},"content":{"rendered":"<h1><strong>Conditions d\u2019utilisation &amp; Informations l\u00e9gales<\/strong><\/h1>\n<hr \/>\n<h3><strong>Bienvenue sur le site internet de Zamil Steel Buildings Vietnam Co., Ltd.<\/strong><\/h3>\n<p>&nbsp;<\/p>\n<p>Le site internet de Zamil Steel Buildings Vietnam Co., Ltd. est ici d\u00e9sign\u00e9 par le mot \u201c Le Site Web\u201d.<\/p>\n<p>En acc\u00e9dant au Site, vous confirmez respecter et \u00eatre juridiquement li\u00e9 \u00e0 ces Conditions d\u2019Utilisation.<\/p>\n<ul>\n<li>Le Site Web contient des informations, des donn\u00e9es; des logos, des dessins, des images, des photographies, d\u2019autres \u00e9l\u00e9ments et des contenus (regroup\u00e9s sous le nom de \u00ab\u00a0Contenus\u00a0\u00bb) qui sont la propri\u00e9t\u00e9 et des \u0153uvres prot\u00e9g\u00e9es de Zamil Steel ou de ses tiers fournisseurs. Zamil Steel est propri\u00e9taire \u00e9galement des droits d\u2019auteur pour la s\u00e9lection des Contenus du Site Web et de leur organisation. Sauf indication contraire aux pr\u00e9sentes, vous n\u2019\u00eates pas autoris\u00e9 \u00e0 utiliser, copier, reproduire, modifier, d\u2019en d\u00e9river d\u2019autres productions, \u00e0 distribuer, r\u00e9\u00e9diter, t\u00e9l\u00e9charger, pr\u00e9senter, poster ou envoyer sous aucune forme et en aucune mani\u00e8re, incluant par des moyens \u00e9l\u00e9ctroniques, m\u00e9caniques, de photo copiage, d\u2019enregistrement ou autres moyens, tout \u00e9l\u00e9ment des Contenus sans accord pr\u00e9alable \u00e9crit de la part de Zamil Steel. Toute utilisation non autoris\u00e9e de tout \u00e9l\u00e9ment des Contenus de ce Site Web peut constituer une violation des lois et r\u00e9glementations concernant les droits de propri\u00e9t\u00e9 intellectuelle, des marques commerciales, de la vie priv\u00e9e, de la publicit\u00e9 et de la communication.<\/li>\n<li>Zamil Steel vous octroie par la pr\u00e9sente le droit de copier, imprimer et t\u00e9l\u00e9charger les Contenus de ce Site Web de mani\u00e8re ponctuelle et non fr\u00e9quente, \u00e0 condition que (1) tout avis relatif aux droits d\u2019auteur our aux autres droits de propri\u00e9t\u00e9 intellectuelle soient pr\u00e9sents dans les Contenus\u00a0; (2) l\u2019utilisation de ces Contenus ne se fasse qu\u2019\u00e0 des fins personnelles, informatives et non lucratives, et qu\u2019ils ne soient pas copi\u00e9s ou publi\u00e9s sur un ordinateur en r\u00e9seau ou dans aucun m\u00e9dia ou utilis\u00e9s \u00e0 des fins de b\u00e9n\u00e9fices commerciaux\u00a0; et (3) les Contenus ne soient modifi\u00e9s d\u2019aucune fa\u00e7on.<\/li>\n<li>Ce Site Web contient des liens vers d\u2019autres sites internet qui sont contr\u00f4l\u00e9s par d\u2019autres entit\u00e9s que Zamil Steel. Zamil Steel ne pourra en aucun cas \u00eatre tenu pour responsable pour le contenu ou l\u2019utilisation qui sera faite de ces sites internet appartenant \u00e0 des tiers. Zamil Steel ne vous propose ces liens qu&rsquo;\u00e0 titre de commodit\u00e9.<\/li>\n<li>Les marques commerciales, logos et marques de services (\u00ab\u00a0Les Marques\u00a0\u00bb) pr\u00e9sent\u00e9s sur ce Site Web sont la propri\u00e9t\u00e9 de Zamil Steel. Les autres noms de produits, noms de soci\u00e9t\u00e9s, marques, logos et symboles peuvent \u00eatre des marques commerciales appartenant \u00e0 des fournisseurs tiers our \u00e0 d\u2019autres tierces parties. Vous n\u2019\u00eates pas autoris\u00e9 \u00e0 utiliser Les Marques sans avoir obtenu au pr\u00e9alable l\u2019autorisation \u00e9crite de Zamil Steel ou de toute autre tierce partie propri\u00e9taire de ces Marques.<\/li>\n<li>Comme condition d&rsquo;utilisation de ce Site Web, vous vous engagez \u00e0 ne pas utiliser ce Site Web \u00e0 des fins ill\u00e9gales ou interdites conform\u00e9ment aux pr\u00e9sents termes, conditions et avis. Vous vous engagez \u00e0 ne pas utilser ce Ste Web d\u2019aucune mani\u00e8re qui pourrait endommager, d\u00e9sactiver, surcharger ou porter atteinte aux serveurs de Zamil Steel, ou aux r\u00e9seaux informatiques qui sont connect\u00e9s \u00e0 tout serveur de Zamil Steel, ou encore interf\u00e9rer avec la jouissance ou l\u2019utilisation du Site Web par toute autre partie. Vous vous engagez \u00e0 ne pas tenter d\u2019acc\u00e9der sans autorisation \u00e0 des services, des contenus, \u00e0 d\u2019autres comptes, syst\u00e8mes informatiques our r\u00e9seaux connect\u00e9s \u00e0 tout serveur de Zamil Steel ou \u00e0 ce Site Web, sue ce soit par des actions de piratage ou de r\u00e9cup\u00e9ration illicite de mots de passe ou par tout autre moyen. Vous vous engagez \u00e0 ne pas obtenir ou tenter d\u2019obtenir tout contenu ou information par des moyens qui ne seraient pas mis \u00e0 intentionnellement \u00e0 votre disposition sur ce Site Web. Vous confirmez \u00eatre d\u2019accord avec le fait que Zamil Steel subirait un pr\u00e9judice irr\u00e9parable par l\u2019utilisation par vous ou d\u2019autres personnes de ce Site Web ou d\u2019\u00e9quipements en rapport avec la transmission de pourriels (\u00ab\u00a0spams\u00a0\u00bb) dans des groupes de discussion ou de courriels non d\u00e9sir\u00e9s en violation des pr\u00e9sentes conditions d\u2019utilisation, et que Zamil Steel est autoris\u00e9 \u00e0 demander r\u00e9paration par voie d\u2019injonction contre de telles transmissions (en plus de tous les recours possibles pr\u00e9vus par la loi ou en \u00e9quit\u00e9).<\/li>\n<li>Zamil Steel se r\u00e9serve le droit de bloquer, filtrer, supprimer ou d\u00e9truire tout courriel non sollicit\u00e9. Vous vous engagez \u00e0 ne pas utiliser ce Site Web pour collecter des informations personnelles sure les utilisateurs ou \u00e0 transmettre par ce Site Web ou \u00e0 poster sur ce Site Web tout contenu ill\u00e9gal, mena\u00e7ant, insultant, harcelant, diffamatoire, vulgaire, obsc\u00e8ne, pornographique, blasph\u00e9matoire, haineux ou tout contenu r\u00e9pr\u00e9hensible sur le plan racial, ethnique ou autre, incluant tout contenu qui inciterait \u00e0 une conduite qui constituerait un acte criminel ou qui donnerait lieu \u00e0 une poursuite en responsabilit\u00e9 civile ou qui constituerait une violation des lois et r\u00e9glementations en vigueur.<\/li>\n<\/ul>\n<p>&nbsp;<\/p>\n<p><strong>EXCLUSIONS DE RESPONSABILIT\u00c9<\/strong><\/p>\n<p>CE SITE WEB ET TOUS SES CONTENUS SONT FOURNIS \u00ab\u00a0EN L\u2019\u00c9TAT\u00a0\u00bb, ET VOUS CONVENEZ D\u2019UTILISER CE SITE WEB ET SES CONTENUS \u00c0 VOS RISQUES EXCLUSIFS. <strong>ZAMIL STEEL<\/strong> NE RECOMMANDE PAS NI NE GARANTIT DE QUELQUE FA\u00c7ON QUE CE SOIT, EXPLICITE OU IMPLICITE, LE SITE WEB, LE FONCTIONNEMENT DU SITE WEB, LES CONTENUS OU LES RESULTATS QUI PEUVENT \u00caTRE OBTENUS PAR L\u2019UTILISATION DU SITE WEB OU QUE L\u2019UTILISATION DU SITE WEB SE FERA SANS INTERRUPTIONS OU SANS ERREURS. <strong>ZAMIL STEEL<\/strong> D\u00c9CLINE PAR LES PR\u00c9SENTES, DANS TOUTE LA MESURE PERMISE PAR LE DROIT APPLICABLE, TOUTES D\u00c9CLARATIONS EXPLICITES OU IMPLICITES, GARANTIES, INCLUANT MAIS SANS S\u2019Y LIMITER LES GARANTIES IMPLICITES DE QUALIT\u00c9 MARCHANDE, D\u2019AD\u00c9QUATION \u00c0 UN USAGE PARTICULIER ET D\u2019ABSENCE DE CONTREFA\u00c7ON.<\/p>\n<p>&nbsp;<\/p>\n<p><strong>ZAMIL STEEL <\/strong>NE FAIT AUCUNE D\u00c9CLARATION ET NE DONNE AUCUNE GARANTIE QUE TOUTE INFORMATION SUR LA TARIFICATION, LES PRODUITS OU TOUTE AUTRE INFORMATION ACCESSIBLE SUR OU VIA CE SITE WEB EST PR\u00c9CISE, COMPL\u00c8TE OU \u00c0 JOUR, ET QUE TOUTE L\u2019INFORMATION, Y COMPRIS LES PRIX ET LA DISPONIBILT\u00c9 DES PRODUITS ET SERVICES, PEUVENT \u00caTRE MODIFI\u00c9S SANS PR\u00c9AVIS DONN\u00c9 \u00c0 L\u2019UTILISATEUR ET SANS MISE \u00c0 JOUR DES INFORMATIONS SUR LE SITE WEB.<\/p>\n<p>&nbsp;<\/p>\n<p>CE SITE WEB POURRAIT CONTENIR DES INEXACTITUDES TECHNIQUES OU DES ERREURS TYPOGRAPHIQUES. DES CHANGEMENTS \u00c0 L\u2019INFORMATION CONTENUE SUR LE SITE WEB SONT FAITS P\u00c9RIODIQUEMENT. CES CHANGEMENTS SERONT INCORPOR\u00c9S DANS LES NOUVELLES VERSIONS DU SITE WEB. <strong>ZAMIL STEEL<\/strong> SE R\u00c9SERVE LE DROIT D\u2019APPORTER DES AM\u00c9LIORATIONS ET\/OU DES CHANGEMENTS \u00c0 TOUT MOMENT.<\/p>\n<p>CE SITE WEB ET SES CONTENUS SONT CONSULTABLES INTERNATIONALEMENT ET IL POURRAIT CONTENIR DES R\u00c9F\u00c9RENCES OU DES RENVOIS \u00c0 DES PRODUITS, PROGRAMMES ET SERVICES DE <strong>ZAMIL STEEL<\/strong> QUI N\u2019ONT PAS ENCORE \u00c9T\u00c9 ANNONC\u00c9S ET\/OU RENDUS DISPONIBLES DANS VOTRE PAYS. VEUILLEZ CONSULTER VOTRE BUREAU DE VENTE <strong>ZAMIL STEEL<\/strong> LOCAL OU CONTACTER LE SI\u00c8GE SOCIAL DE <strong>ZAMIL STEEL BUILDINGS VIETNAM CO., LTD<\/strong> POUR TOUTE INFORMATION CONCERNANT LES PRODUITS, PROGRAMMES ET SERVICES QUI VOUS SONT ACCESSIBLES.<\/p>\n","protected":false},"excerpt":{"rendered":"<p>Conditions d\u2019utilisation &amp; Informations l\u00e9gales Bienvenue sur le site internet de Zamil Steel Buildings Vietnam Co., Ltd. &nbsp; Le site internet de Zamil Steel Buildings Vietnam Co., Ltd. est ici d\u00e9sign\u00e9 par le mot \u201c Le Site Web\u201d. En acc\u00e9dant&#8230;<\/p>\n","protected":false},"author":1,"featured_media":0,"parent":0,"menu_order":0,"comment_status":"closed","ping_status":"closed","template":"","meta":{"footnotes":""},"yst_prominent_words":[1126,1087,1107,1121,1123,1113,1120,1117,1122,1124,1119,1081,3826,208,6657,1116,1114,1125,1118,1115,3819,185,3825,207,6655],"class_list":["post-6102","page","type-page","status-publish","hentry"],"_links":{"self":[{"href":"https:\/\/zamilsteel.com.vn\/fr\/wp-json\/wp\/v2\/pages\/6102","targetHints":{"allow":["GET"]}}],"collection":[{"href":"https:\/\/zamilsteel.com.vn\/fr\/wp-json\/wp\/v2\/pages"}],"about":[{"href":"https:\/\/zamilsteel.com.vn\/fr\/wp-json\/wp\/v2\/types\/page"}],"author":[{"embeddable":true,"href":"https:\/\/zamilsteel.com.vn\/fr\/wp-json\/wp\/v2\/users\/1"}],"replies":[{"embeddable":true,"href":"https:\/\/zamilsteel.com.vn\/fr\/wp-json\/wp\/v2\/comments?post=6102"}],"version-history":[{"count":0,"href":"https:\/\/zamilsteel.com.vn\/fr\/wp-json\/wp\/v2\/pages\/6102\/revisions"}],"wp:attachment":[{"href":"https:\/\/zamilsteel.com.vn\/fr\/wp-json\/wp\/v2\/media?parent=6102"}],"wp:term":[{"taxonomy":"yst_prominent_words","embeddable":true,"href":"https:\/\/zamilsteel.com.vn\/fr\/wp-json\/wp\/v2\/yst_prominent_words?post=6102"}],"curies":[{"name":"wp","href":"https:\/\/api.w.org\/{rel}","templated":true}]}}