{"id":6099,"date":"2017-05-16T07:55:27","date_gmt":"2017-05-16T07:55:27","guid":{"rendered":"https:\/\/zamilsteel.com.vn\/fr\/?page_id=6099"},"modified":"2017-10-30T12:09:07","modified_gmt":"2017-10-30T12:09:07","slug":"politique-de-confidentialite","status":"publish","type":"page","link":"https:\/\/zamilsteel.com.vn\/fr\/politique-de-confidentialite\/","title":{"rendered":"Politique De Confidentialit\u00e9"},"content":{"rendered":"<h1><strong>Politique De Confidentialit\u00e9<\/strong><\/h1>\n<p>Zamil Steel Buildings Vietnam a cr\u00e9\u00e9 cette Politique de Confidentialit\u00e9 dans le but de d\u00e9montrer notre respect de la vie priv\u00e9e de nos visiteurs par internet. Le texte suivant d\u00e9crit les pratiques de recueil et de diffusion des informations en rapport avec l\u2019utilisation de ce site internet (\u00ab\u00a0Le Site Web\u00a0\u00bb) au nom de Zamil Steel Buildings Vietnam et de ses Soci\u00e9t\u00e9s affili\u00e9es.<\/p>\n<p>Notre formulaire de demande d\u2019informations pr\u00e9sent sur ce Site Web vous permet de nous communiquer certaines donn\u00e9es qui permettent votre identification personnelle (telles que votre nom, le nom de votre entreprise \/ soci\u00e9t\u00e9, votre adresse, votre num\u00e9ro de t\u00e9l\u00e9phone, votre adresse email). De plus notre Site Web vous donne l\u2019occasion de demander des informations de notre part sur diff\u00e9rents sujets, de nous donner des informations sur tout projet de construction que vous auriez en main, d\u2019identifier le nom et le type d\u2019entreprise pour laquelle vous travaillez, de nous indiquer comment vous avez connu notre entreprise et son Site Web, et de nous communiquer toute information ou commentaire de nature similaire que vous auriez envie de nous communiquer. Nous nous r\u00e9servons aussi\u00a0 le droit de collecter d\u2019autres informations non personnelles quand vous visitez notre Site Web comme par exemple le type de navigateur que vous utilisez, le type de syst\u00e8me d\u2019exploitation que vous utilisez et le nom de domaine de votre fournisseur de services internet.<\/p>\n<p>Zamil Steel Buildings Vietnam ne partage aucun de vos renseignements personnels avec des tiers \u00e0 des fins commerciales sans votre consentement pr\u00e9alable. Zamil Steel Buildings Vietnam se r\u00e9serve le droit d\u2019utiliser les informations personnelles ou concernant votre entreprise que vous nous communiquez pour r\u00e9pondre \u00e0 vos questions concernant nos offres, et pour vous proposer d\u2019autres produits, des programmes ou ses services que nous pensons susceptibles de vous int\u00e9resser. Nous utilisons de temps \u00e0 autres ces informations pour communiquer avec vous. De plus, \u00e0 l\u2019occasion nous pouvons combiner les informations que nous obtenons par internet avec des renseignements ext\u00e9rieurs pour optimiser notre capacit\u00e9 \u00e0 vous proposer les produits et services susceptibles de vous int\u00e9resser.<\/p>\n<p>Il nous arrive d\u2019utiliser les informations non personnelles que nous collectons pour am\u00e9liorer le design et le contenu de notre Site Web et pour nous permettre de personnaliser votre navigation sur internet. Nous nous r\u00e9servons le droit de mani\u00e8re g\u00e9n\u00e9rale d\u2019utiliser ces informations pour analyser l\u2019utilisation qui est faite de notre Site Web, ainsi que pour vous offrir des produits, des programmes ou des services. De plus nous nous r\u00e9servons le droit d\u2019utiliser le domaine de r\u00e9f\u00e9rence pour nous aider \u00e0 diagnostiquer des probl\u00e8mes avec notre serveur, pour administrer notre Site Web, et pour nous aider \u00e0 vous identifier et \u00e0 recueillir des informations d\u00e9mographiques.<\/p>\n<p>En utilisant ce Site Web et en nous communiquant des informations, vous autorisez Zamil Steel \u00e0 utiliser en interne ces informations pour des raisons l\u00e9gitimes d\u2019ordre commercial, y compris \u2013 et sans s\u2019y limiter \u2013 pour toute offre en ligne ou hors ligne ou pour toute offre par courrier \u00e9lectronique que Zamil Steel adresserait \u00e0 votre attention. En utilisant ce Site Web et en nous fournissant des informations, vous nous autorisez en outre \u00e0 utiliser votre adresse email en lien avec une telle offre ou campagne de communication.<\/p>\n<p>&nbsp;<\/p>\n<p>Bien que nous prenions les mesures appropri\u00e9es pour \u00e9viter toute diffusion non autoris\u00e9e d\u2019informations, nous ne pouvons pas vous garantir que les donn\u00e9es \u00e0 caract\u00e8re personnel que nous collectons ne seront jamais divulgu\u00e9es de mani\u00e8re non conforme \u00e0 cette Politique de Confidentialit\u00e9. Une diffusion involontaire peut avoir lieu, par exemple, si des tiers pr\u00e9sentent une fausse identit\u00e9 lorsqu\u2019ils demandent \u00e0 acc\u00e9der sur le Site Web \u00e0 des informations \u00e0 caract\u00e8re personnel afin de corriger de potentielles erreurs dans ces donn\u00e9es. Nous maintiendrons les mesures de pr\u00e9caution pour assurer la s\u00e9curit\u00e9, l\u2019int\u00e9grit\u00e9 et le caract\u00e8re priv\u00e9 des informations que nous recevons ou collectons par notre Site Web.<\/p>\n<p>&nbsp;<\/p>\n<p><strong>Marques commerciales de tiers<\/strong><\/p>\n<p>Les marques commerciales de tiers, les noms de marques, noms de produits et logotypes contenus dans ce Site Web peuvent \u00eatre des marques commerciales ou des marques d\u00e9pos\u00e9es de leurs propri\u00e9taires respectifs.<\/p>\n<p><strong>Utilisation et directives relatives aux marques d\u00e9pos\u00e9es<\/strong><\/p>\n<ul>\n<li>Vous n\u2019\u00eates pas autoris\u00e9 \u00e0 utiliser les logos de Zamil Steel (y compris les boutons et symboles graphiques).<\/li>\n<li>Vous n\u2019\u00eates pas autoris\u00e9 \u00e0 \u00a0fabriquer, vendre ou faire cadeau d\u2019articles publicitaires, tels que des casquettes, des T-shirts et des tasses ou de tout autre cadeau publicitaire comportant l\u2019un des logos de Zamil Steel.<\/li>\n<li>Vous n\u2019\u00eates pas autoris\u00e9 \u00e0 utiliser ou \u00e0 imiter les slogans ou des identifiants de Zamil Steel.<\/li>\n<\/ul>\n<p><strong>Obtenir de l\u2019information juridique<\/strong><\/p>\n<p>Pour toute question relative \u00e0 ces Conditions d\u2019Utilisation, veuillez contacter Zamil Steel Buildings Vietnam \u00e0 l\u2019adresse suivante\u00a0:<\/p>\n<p><strong>Attention:<\/strong><\/p>\n<p><strong>Zamil Steel Buildings Vietnam Co., Ltd<\/strong><\/p>\n<p>14<sup>th<\/sup> floor, Keangnam Hanoi Landmark Tower,<br \/>\nPham Hung Street, Nam Tu Liem District, Hanoi, Vietnam<\/p>\n<p>Email: <a href=\"https:\/\/zamilsteel.com.vn\/fr\/contactez-nous-2\/\"><strong>Cliquez ici<\/strong><\/a><\/p>\n<p>&nbsp;<\/p>\n","protected":false},"excerpt":{"rendered":"<p>Politique De Confidentialit\u00e9 Zamil Steel Buildings Vietnam a cr\u00e9\u00e9 cette Politique de Confidentialit\u00e9 dans le but de d\u00e9montrer notre respect de la vie priv\u00e9e de nos visiteurs par internet. Le texte suivant d\u00e9crit les pratiques de recueil et de diffusion&#8230;<\/p>\n","protected":false},"author":1,"featured_media":0,"parent":0,"menu_order":0,"comment_status":"closed","ping_status":"closed","template":"","meta":{"footnotes":""},"yst_prominent_words":[1107,1106,1113,1105,1110,1112,1091,1089,1088,1081,1102,1104,1090,3836,219,1103,1111,1109,3819,185,218,3834,212,3828],"class_list":["post-6099","page","type-page","status-publish","hentry"],"_links":{"self":[{"href":"https:\/\/zamilsteel.com.vn\/fr\/wp-json\/wp\/v2\/pages\/6099","targetHints":{"allow":["GET"]}}],"collection":[{"href":"https:\/\/zamilsteel.com.vn\/fr\/wp-json\/wp\/v2\/pages"}],"about":[{"href":"https:\/\/zamilsteel.com.vn\/fr\/wp-json\/wp\/v2\/types\/page"}],"author":[{"embeddable":true,"href":"https:\/\/zamilsteel.com.vn\/fr\/wp-json\/wp\/v2\/users\/1"}],"replies":[{"embeddable":true,"href":"https:\/\/zamilsteel.com.vn\/fr\/wp-json\/wp\/v2\/comments?post=6099"}],"version-history":[{"count":0,"href":"https:\/\/zamilsteel.com.vn\/fr\/wp-json\/wp\/v2\/pages\/6099\/revisions"}],"wp:attachment":[{"href":"https:\/\/zamilsteel.com.vn\/fr\/wp-json\/wp\/v2\/media?parent=6099"}],"wp:term":[{"taxonomy":"yst_prominent_words","embeddable":true,"href":"https:\/\/zamilsteel.com.vn\/fr\/wp-json\/wp\/v2\/yst_prominent_words?post=6099"}],"curies":[{"name":"wp","href":"https:\/\/api.w.org\/{rel}","templated":true}]}}